{"id":4700,"date":"2023-11-11T14:33:51","date_gmt":"2023-11-11T13:33:51","guid":{"rendered":"https:\/\/vetomshop.hu\/termek\/jo-ejt-medal\/"},"modified":"2026-03-30T09:26:44","modified_gmt":"2026-03-30T07:26:44","slug":"jo-ejt-medal","status":"publish","type":"product","link":"https:\/\/vetomshop.hu\/sk\/produkt\/jo-ejt-medal\/","title":{"rendered":"Medaila na dobr\u00fa noc"},"content":{"rendered":"<p>\u201ePr\u00edvesok \u201dGood Night\" - nesie extr\u00e9mne jemn\u00e9 sign\u00e1ly, ktor\u00e9 prispievaj\u00fa k \u013eah\u0161iemu zasp\u00e1vaniu a lep\u0161ej kvalite sp\u00e1nku.<\/p>\n<p><strong>N\u00e1vrhy na lep\u0161\u00ed sp\u00e1nok:<\/strong><\/p>\n<ul>\n<li>vyh\u00fdbajte sa kofe\u00ednov\u00fdm n\u00e1pojom, nikot\u00ednu, ve\u013ek\u00e9mu mno\u017estvu alkoholu<\/li>\n<li>chodi\u0165 \u010do najviac pe\u0161o, zaradi\u0165 cvi\u010denie do svojho \u017eivotn\u00e9ho \u0161t\u00fdlu,<\/li>\n<li>va\u0161a sp\u00e1l\u0148a by mala by\u0165 chladnej\u0161ia a mala by ma\u0165 \u010derstv\u00fd vzduch,<\/li>\n<li>nem\u00e1te dobr\u00fd sp\u00e1nok,<\/li>\n<li>nespite po\u010das d\u0148a,<\/li>\n<li>pou\u017eite pr\u00edvesok na dobr\u00fa noc.<\/li>\n<\/ul>\n<p><strong>Vplyv pr\u00edvesku:<\/strong><\/p>\n<ul>\n<li>zni\u017euje psycho-emocion\u00e1lny stres,<\/li>\n<li>zni\u017euje pocity \u00fazkosti a strachu, strach,<\/li>\n<li>pom\u00e1ha normalizova\u0165 sp\u00e1nok\/sp\u00e1nok.<\/li>\n<\/ul>","protected":false},"excerpt":{"rendered":"<p>\u201eJ\u00f3 \u00e9jt\u201d Med\u00e1l-olyan extr\u00e9m gyeng\u00e9d jeleket hordoz, melyek hozz\u00e1j\u00e1rulnak a k\u00f6nnyebb elalv\u00e1s\u00e9rt \u00e9s az alv\u00e1s jobb min\u0151s\u00e9g\u00e9\u00e9rt. Javaslatok a jobb alv\u00e1s\u00e9rt: ne fogyasszon koffein tartalm\u00fa italokat-\u00e9teleket, nikotint, nagyobb mennyis\u00e9g\u0171 alkoholt s\u00e9t\u00e1ljon min\u00e9l t\u00f6bbet, vezesse be \u00e9letm\u00f3dj\u00e1ba a mozg\u00e1st, a h\u00e1l\u00f3szob\u00e1j\u00e1ban legyen h\u0171v\u00f6sebb, \u00e9s friss leveg\u0151, ne lakjon j\u00f3l lefekv\u00e9s el\u0151tt, ne aludjon a napk\u00f6zben, haszn\u00e1lja [&hellip;]<\/p>\n","protected":false},"featured_media":4699,"comment_status":"open","ping_status":"closed","template":"","meta":[],"product_brand":[],"product_cat":[33,32],"product_tag":[],"class_list":{"0":"post-4700","1":"product","2":"type-product","3":"status-publish","4":"has-post-thumbnail","6":"product_cat-egeszseg-medalok","7":"product_cat-triomed","9":"first","10":"instock","11":"taxable","12":"shipping-taxable","13":"purchasable","14":"product-type-simple"},"_links":{"self":[{"href":"https:\/\/vetomshop.hu\/sk\/wp-json\/wp\/v2\/product\/4700","targetHints":{"allow":["GET"]}}],"collection":[{"href":"https:\/\/vetomshop.hu\/sk\/wp-json\/wp\/v2\/product"}],"about":[{"href":"https:\/\/vetomshop.hu\/sk\/wp-json\/wp\/v2\/types\/product"}],"replies":[{"embeddable":true,"href":"https:\/\/vetomshop.hu\/sk\/wp-json\/wp\/v2\/comments?post=4700"}],"wp:featuredmedia":[{"embeddable":true,"href":"https:\/\/vetomshop.hu\/sk\/wp-json\/wp\/v2\/media\/4699"}],"wp:attachment":[{"href":"https:\/\/vetomshop.hu\/sk\/wp-json\/wp\/v2\/media?parent=4700"}],"wp:term":[{"taxonomy":"product_brand","embeddable":true,"href":"https:\/\/vetomshop.hu\/sk\/wp-json\/wp\/v2\/product_brand?post=4700"},{"taxonomy":"product_cat","embeddable":true,"href":"https:\/\/vetomshop.hu\/sk\/wp-json\/wp\/v2\/product_cat?post=4700"},{"taxonomy":"product_tag","embeddable":true,"href":"https:\/\/vetomshop.hu\/sk\/wp-json\/wp\/v2\/product_tag?post=4700"}],"curies":[{"name":"wp","href":"https:\/\/api.w.org\/{rel}","templated":true}]}}