{"id":4702,"date":"2023-11-11T14:33:52","date_gmt":"2023-11-11T13:33:52","guid":{"rendered":"https:\/\/vetomshop.hu\/termek\/happy-dog-medal\/"},"modified":"2023-11-11T14:33:52","modified_gmt":"2023-11-11T13:33:52","slug":"happy-dog-medal","status":"publish","type":"product","link":"https:\/\/vetomshop.hu\/sk\/produkt\/happy-dog-medal\/","title":{"rendered":"\u0160\u0165astn\u00fd pr\u00edvesok pre psa"},"content":{"rendered":"<h4>Medaila Happy Dog pre psov<\/h4>\n<p>M\u00f4\u017ee sa pou\u017e\u00edva\u0165 na prevenciu a lie\u010dbu t\u00fdchto ochoren\u00ed:<\/p>\n<ul>\n<li>infek\u010dn\u00e9 choroby,<\/li>\n<li>alergie (vyr\u00e1\u017eky, svrbenie, vypad\u00e1vanie vlasov, dusenie)<\/li>\n<li>otrava (jedom, jedmi)<\/li>\n<li>endokrinn\u00e9 ochorenia (cukrovka, ochorenia \u0161t\u00edtnej \u017e\u013eazy)<\/li>\n<li>ochorenia k\u013abov<\/li>\n<\/ul>\n<p><strong>Plat\u00ed aj pre:<\/strong><\/p>\n<ul>\n<li>pred\u013a\u017eenie \u017eivota star\u0161\u00edch psov a zlep\u0161enie ich stavu<\/li>\n<li>zdrav\u00fd v\u00fdvoj \u0161teniat<\/li>\n<li>na r\u00fdchlu rehabilit\u00e1ciu po oper\u00e1cii alebo v\u00e1\u017enom ochoren\u00ed<\/li>\n<li>hojenie zranen\u00ed (rany, natiahnut\u00e9 svaly, zlomeniny, pop\u00e1leniny).<\/li>\n<li>pop\u00f4rodn\u00e1 rehabilit\u00e1cia<\/li>\n<\/ul>\n<p><strong>Pou\u017eitie:<\/strong><\/p>\n<p>\u201eHappyDOG\u201d<\/p>\n<p>Fyzioterapeutick\u00fd imunomodul\u00e1tor mo\u017eno pripevni\u0165 na obojok psa. Jeho pou\u017e\u00edvanie nie je obmedzen\u00e9, ale mal by sa nosi\u0165 aspo\u0148 30 min\u00fat denne.<\/p>","protected":false},"excerpt":{"rendered":"<p>Happy Dog Med\u00e1l kuty\u00e1knak Alkalmazhat\u00f3 a k\u00f6vetkez\u0151 betegs\u00e9gek megel\u0151z\u00e9s\u00e9ben \u00e9s kezel\u00e9s\u00e9ben: infekci\u00f3s betegs\u00e9gek, allergi\u00e1k (ki\u00fct\u00e9sek, viszket\u00e9s, sz\u0151rhull\u00e1s, fullad\u00e1s) m\u00e9rgez\u00e9s (\u00e9tel \u00e1ltal, m\u00e9rgekkel) endokrin megbeteged\u00e9sek (cukorbetegs\u00e9g, a pajzsmirigy betegs\u00e9gei) \u00edz\u00fcleti betegs\u00e9gek Tov\u00e1bb\u00e1 alkalmazhat\u00f3: az id\u0151s kuty\u00e1k \u00e9let\u00e9nek meghosszabb\u00edt\u00e1s\u00e1ban, \u00e1llapotuk jav\u00edt\u00e1s\u00e1ban a k\u00f6lyk\u00f6k eg\u00e9szs\u00e9ges fejl\u0151d\u00e9s\u00e9ben a gyors rehabilit\u00e1ci\u00f3ban a m\u0171t\u00e9tek vagy s\u00falyos betegs\u00e9gek ut\u00e1n s\u00e9r\u00fcl\u00e9sek gy\u00f3gy\u00edt\u00e1s\u00e1ban (sebek, [&hellip;]<\/p>\n","protected":false},"featured_media":4701,"comment_status":"open","ping_status":"closed","template":"","meta":[],"product_brand":[],"product_cat":[33,32],"product_tag":[],"class_list":{"0":"post-4702","1":"product","2":"type-product","3":"status-publish","4":"has-post-thumbnail","6":"product_cat-egeszseg-medalok","7":"product_cat-triomed","9":"first","10":"instock","11":"taxable","12":"shipping-taxable","13":"purchasable","14":"product-type-simple"},"_links":{"self":[{"href":"https:\/\/vetomshop.hu\/sk\/wp-json\/wp\/v2\/product\/4702","targetHints":{"allow":["GET"]}}],"collection":[{"href":"https:\/\/vetomshop.hu\/sk\/wp-json\/wp\/v2\/product"}],"about":[{"href":"https:\/\/vetomshop.hu\/sk\/wp-json\/wp\/v2\/types\/product"}],"replies":[{"embeddable":true,"href":"https:\/\/vetomshop.hu\/sk\/wp-json\/wp\/v2\/comments?post=4702"}],"wp:featuredmedia":[{"embeddable":true,"href":"https:\/\/vetomshop.hu\/sk\/wp-json\/wp\/v2\/media\/4701"}],"wp:attachment":[{"href":"https:\/\/vetomshop.hu\/sk\/wp-json\/wp\/v2\/media?parent=4702"}],"wp:term":[{"taxonomy":"product_brand","embeddable":true,"href":"https:\/\/vetomshop.hu\/sk\/wp-json\/wp\/v2\/product_brand?post=4702"},{"taxonomy":"product_cat","embeddable":true,"href":"https:\/\/vetomshop.hu\/sk\/wp-json\/wp\/v2\/product_cat?post=4702"},{"taxonomy":"product_tag","embeddable":true,"href":"https:\/\/vetomshop.hu\/sk\/wp-json\/wp\/v2\/product_tag?post=4702"}],"curies":[{"name":"wp","href":"https:\/\/api.w.org\/{rel}","templated":true}]}}