{"id":4704,"date":"2023-11-11T14:33:52","date_gmt":"2023-11-11T13:33:52","guid":{"rendered":"https:\/\/vetomshop.hu\/termek\/nefron-medal\/"},"modified":"2023-11-11T14:33:52","modified_gmt":"2023-11-11T13:33:52","slug":"nefron-medal","status":"publish","type":"product","link":"https:\/\/vetomshop.hu\/sk\/produkt\/nefron-medal\/","title":{"rendered":"Medaila Nefron"},"content":{"rendered":"<h4>Medaila zdravia Nefron<\/h4>\n<p><strong>Hlavn\u00e1 funkcia:<\/strong><\/p>\n<p>Podporuje \u010dinnos\u0165 obli\u010diek a mo\u010dov\u00fdch ciest, podporuje regula\u010dn\u00e9 a regenera\u010dn\u00e9 procesy.<\/p>\n<p><strong>Podporuje:<\/strong><\/p>\n<ul>\n<li>zlep\u0161enie krvn\u00e9ho obehu a metabolizmu v mo\u010dov\u00fdch cest\u00e1ch.<\/li>\n<li>reabsorpcia, filtr\u00e1cia, regul\u00e1cia i\u00f3nov, detoxik\u00e1cia, metabolick\u00e9 procesy<\/li>\n<li>oprava a regener\u00e1cia mo\u010dov\u00fdch tkan\u00edv,<\/li>\n<li>zmier\u0148uje boles\u0165, uvo\u013e\u0148uje k\u0155\u010de, zmier\u0148uje z\u00e1pal,<\/li>\n<li>prevencia sklerotick\u00fdch l\u00e9zi\u00ed obli\u010diek.<\/li>\n<\/ul>\n<p><strong>Kedy sa m\u00f4\u017ee pr\u00edvesok Nefron Health pou\u017e\u00edva\u0165?<\/strong><\/p>\n<p>Zariadenie m\u00e1 pozit\u00edvny vplyv na funk\u010dn\u00e9 fungovanie organizmu, m\u00f4\u017ee sa pou\u017e\u00edva\u0165 ako doplnkov\u00e9 zariadenie na optimaliz\u00e1ciu a korekciu funk\u010dn\u00e9ho fungovania organizmu, na prevenciu a doplnkov\u00fa lie\u010dbu t\u00fdchto ochoren\u00ed:<\/p>\n<ul>\n<li>ak\u00fatne a chronick\u00e9 z\u00e1palov\u00e9 ochorenia obli\u010diek, mo\u010dov\u00e9ho mech\u00fara a mo\u010dov\u00fdch ciest,<\/li>\n<li>metabolick\u00e9 poruchy (vr\u00e1tane ochorenia obli\u010dkov\u00fdch kame\u0148ov),<\/li>\n<li>syst\u00e9mov\u00e9 autoimunitn\u00e9 ochorenia ved\u00face k po\u0161kodeniu obli\u010diek,<\/li>\n<li>autoimunitn\u00e9 ochorenie obli\u010diek,<\/li>\n<li>toxick\u00e9 \u00fa\u010dinky na obli\u010dky,<\/li>\n<li>sklerotick\u00e9 zmeny v obli\u010dk\u00e1ch (nefroskler\u00f3za) v d\u00f4sledku cukrovky, arteri\u00e1lnej hypertenzie at\u010f.<\/li>\n<\/ul>","protected":false},"excerpt":{"rendered":"<p>Nefron Eg\u00e9szs\u00e9g Med\u00e1l F\u0151 funkci\u00f3ja: A vese \u00e9s a h\u00fagyutak m\u0171k\u00f6d\u00e9s\u00e9nek t\u00e1mogat\u00e1sa, a szab\u00e1lyz\u00f3 \u00e9s regener\u00e1ci\u00f3s folyamatok el\u0151seg\u00edt\u00e9se. T\u00e1mogatja: a h\u00fagyutak v\u00e9rkering\u00e9s\u00e9nek javul\u00e1s\u00e1t \u00e9s anyagcser\u00e9j\u00e9t. a reabszorbci\u00f3t, a sz\u0171r\u00e9st, az ionszab\u00e1lyoz\u00e1st, a m\u00e9regtelen\u00edt\u00e9st, a metabolikus folyamatokat a h\u00fagyuti sz\u00f6vetek repar\u00e1ci\u00f3j\u00e1t \u00e9s regener\u00e1ci\u00f3j\u00e1t, a f\u00e1jdalomcsillap\u00edt\u00e1st, a g\u00f6rcsold\u00e1st, a gyullad\u00e1sok cs\u00f6kkent\u00e9s\u00e9t, a vese szklerotikus elv\u00e1ltoz\u00e1sainak megel\u0151z\u00e9s\u00e9t. Mikor [&hellip;]<\/p>\n","protected":false},"featured_media":4703,"comment_status":"open","ping_status":"closed","template":"","meta":[],"product_brand":[],"product_cat":[33,32],"product_tag":[],"class_list":{"0":"post-4704","1":"product","2":"type-product","3":"status-publish","4":"has-post-thumbnail","6":"product_cat-egeszseg-medalok","7":"product_cat-triomed","9":"first","10":"instock","11":"taxable","12":"shipping-taxable","13":"purchasable","14":"product-type-simple"},"_links":{"self":[{"href":"https:\/\/vetomshop.hu\/sk\/wp-json\/wp\/v2\/product\/4704","targetHints":{"allow":["GET"]}}],"collection":[{"href":"https:\/\/vetomshop.hu\/sk\/wp-json\/wp\/v2\/product"}],"about":[{"href":"https:\/\/vetomshop.hu\/sk\/wp-json\/wp\/v2\/types\/product"}],"replies":[{"embeddable":true,"href":"https:\/\/vetomshop.hu\/sk\/wp-json\/wp\/v2\/comments?post=4704"}],"wp:featuredmedia":[{"embeddable":true,"href":"https:\/\/vetomshop.hu\/sk\/wp-json\/wp\/v2\/media\/4703"}],"wp:attachment":[{"href":"https:\/\/vetomshop.hu\/sk\/wp-json\/wp\/v2\/media?parent=4704"}],"wp:term":[{"taxonomy":"product_brand","embeddable":true,"href":"https:\/\/vetomshop.hu\/sk\/wp-json\/wp\/v2\/product_brand?post=4704"},{"taxonomy":"product_cat","embeddable":true,"href":"https:\/\/vetomshop.hu\/sk\/wp-json\/wp\/v2\/product_cat?post=4704"},{"taxonomy":"product_tag","embeddable":true,"href":"https:\/\/vetomshop.hu\/sk\/wp-json\/wp\/v2\/product_tag?post=4704"}],"curies":[{"name":"wp","href":"https:\/\/api.w.org\/{rel}","templated":true}]}}