{"id":4706,"date":"2023-11-11T14:33:52","date_gmt":"2023-11-11T13:33:52","guid":{"rendered":"https:\/\/vetomshop.hu\/termek\/odont-medal\/"},"modified":"2024-08-07T16:07:27","modified_gmt":"2024-08-07T14:07:27","slug":"odont-medal","status":"publish","type":"product","link":"https:\/\/vetomshop.hu\/sk\/produkt\/odont-medal\/","title":{"rendered":"Medaila Odont"},"content":{"rendered":"<h4>Medaila Odont<\/h4>\n<p>Je to pomocn\u00fd prostriedok na prevenciu a rehabilit\u00e1ciu parodont\u00e1lnych ochoren\u00ed a na posilnenie regenera\u010dn\u00fdch procesov.<\/p>\n<p>Periodontium - komplex tkan\u00edv obklopuj\u00facich zuby.<\/p>\n<p>Periodontium obklopuje a podopiera zuby. Periodontium poskytuje pru\u017en\u00e9 ukotvenie pre kore\u0148 zuba. Hlavn\u00e9 \u010dasti parodontu s\u00fa: \u010fasno, okostnica, cement, parodont\u00e1lny v\u00e4z. Ich p\u00f4vod a funkcia s\u00fa spolo\u010dn\u00e9.<\/p>\n<p>\u00da\u010dinok pr\u00edvesku \u201eODONT\u201d spo\u010d\u00edva v aktiv\u00e1cii obranyschopnosti organizmu, v obnoven\u00ed norm\u00e1lnych fyziologick\u00fdch procesov v bunk\u00e1ch a tkaniv\u00e1ch parodontu, v zv\u00fd\u0161en\u00ed odolnosti vo\u010di nepriazniv\u00fdm faktorom prostredia.<\/p>\n<p>Tento n\u00e1stroj m\u00e1 pozit\u00edvny vplyv na stav telesn\u00fdch funkci\u00ed a m\u00f4\u017ee sa pou\u017e\u00edva\u0165 ako optim\u00e1lny a n\u00e1pravn\u00fd n\u00e1stroj pri \u010fal\u0161\u00edch ochoreniach, ako je z\u00e1pal \u010fasien, paradent\u00f3za, paradent\u00f3za, paradent\u00f3zne l\u00e9zie, Itsenko-Cushingova choroba, Elers-Danlosova choroba, Shediak Higashi, Downov syndr\u00f3m, poruchy krvi at\u010f.<\/p>\n<div class=\"su-spoiler su-spoiler-style-defoult su-spoiler-icon-caret su-spoiler-closed\" data-scroll-offset=\"0\" data-anchor-in-url=\"no\"><div class=\"su-spoiler-title\" tabindex=\"0\" role=\"button\"><span class=\"su-spoiler-icon\"><\/span>V\u0161etky<\/div><div class=\"su-spoiler-content su-u-clearfix su-u-trim\">\n<strong>\u00da\u010dinky:<\/strong><\/p>\n<ul>\n<li>normalizuje krvn\u00fd obeh, stav imunity a metabolizmus parodontu, \u010d\u00edm zabra\u0148uje vzniku ochoren\u00ed;<\/li>\n<li>pom\u00e1ha zlep\u0161i\u0165 funkciu parodontu;<\/li>\n<li>zni\u017euje z\u00e1va\u017enos\u0165 z\u00e1palov\u00fdch a degenerat\u00edvnych javov pri ochoren\u00ed parodontu;<\/li>\n<li>pom\u00e1ha ur\u00fdchli\u0165 regener\u00e1ciu a obnovu parodontu;<\/li>\n<li>pom\u00e1ha odstra\u0148ova\u0165 z\u00e1pach z \u00fast;<\/li>\n<li>pom\u00e1ha predch\u00e1dza\u0165 patologickej pohyblivosti zubov.<\/li>\n<\/ul>\n<\/div><\/div>","protected":false},"excerpt":{"rendered":"<p>Odont Med\u00e1l Seg\u00e9deszk\u00f6z a periodont\u00e1lis betegs\u00e9gek megel\u0151z\u00e9s\u00e9re \u00e9s rehabilit\u00e1ci\u00f3j\u00e1ra, a regenerat\u00edv folyamatok fokoz\u00e1s\u00e1ra. A fog\u00e1gy (parodontium) &#8211; a fogakat k\u00f6r\u00fclvev\u0151 sz\u00f6vetek komplexuma. A parodontium k\u00f6r\u00fclveszi \u00e9s megt\u00e1masztja a fogakat. A fog\u00e1gy a fogak gy\u00f6ker\u00e9nek rugalmas elhorgonyz\u00e1s\u00e1t biztos\u00edtja. A parodontium f\u0151 r\u00e9szei: \u00edny, gy\u00f6k\u00e9rh\u00e1rtya, cement, fogmederny\u00falv\u00e1ny. Eredet\u00fck \u00e9s funkci\u00f3juk k\u00f6z\u00f6s. Az &#8222;ODONT&#8221; med\u00e1l hat\u00e1sa arra ir\u00e1nyul, [&hellip;]<\/p>\n","protected":false},"featured_media":4705,"comment_status":"open","ping_status":"closed","template":"","meta":[],"product_brand":[],"product_cat":[33,32],"product_tag":[],"class_list":{"0":"post-4706","1":"product","2":"type-product","3":"status-publish","4":"has-post-thumbnail","6":"product_cat-egeszseg-medalok","7":"product_cat-triomed","9":"first","10":"instock","11":"taxable","12":"shipping-taxable","13":"purchasable","14":"product-type-simple"},"_links":{"self":[{"href":"https:\/\/vetomshop.hu\/sk\/wp-json\/wp\/v2\/product\/4706","targetHints":{"allow":["GET"]}}],"collection":[{"href":"https:\/\/vetomshop.hu\/sk\/wp-json\/wp\/v2\/product"}],"about":[{"href":"https:\/\/vetomshop.hu\/sk\/wp-json\/wp\/v2\/types\/product"}],"replies":[{"embeddable":true,"href":"https:\/\/vetomshop.hu\/sk\/wp-json\/wp\/v2\/comments?post=4706"}],"wp:featuredmedia":[{"embeddable":true,"href":"https:\/\/vetomshop.hu\/sk\/wp-json\/wp\/v2\/media\/4705"}],"wp:attachment":[{"href":"https:\/\/vetomshop.hu\/sk\/wp-json\/wp\/v2\/media?parent=4706"}],"wp:term":[{"taxonomy":"product_brand","embeddable":true,"href":"https:\/\/vetomshop.hu\/sk\/wp-json\/wp\/v2\/product_brand?post=4706"},{"taxonomy":"product_cat","embeddable":true,"href":"https:\/\/vetomshop.hu\/sk\/wp-json\/wp\/v2\/product_cat?post=4706"},{"taxonomy":"product_tag","embeddable":true,"href":"https:\/\/vetomshop.hu\/sk\/wp-json\/wp\/v2\/product_tag?post=4706"}],"curies":[{"name":"wp","href":"https:\/\/api.w.org\/{rel}","templated":true}]}}