{"id":4710,"date":"2023-11-11T14:33:53","date_gmt":"2023-11-11T13:33:53","guid":{"rendered":"https:\/\/vetomshop.hu\/termek\/prunus-cerasus-meggy-medal\/"},"modified":"2023-11-11T14:33:53","modified_gmt":"2023-11-11T13:33:53","slug":"prunus-cerasus-meggy-medal","status":"publish","type":"product","link":"https:\/\/vetomshop.hu\/sk\/produkt\/prunus-cerasus-meggy-medal\/","title":{"rendered":"Prunus cerasus - Meggy Pendant"},"content":{"rendered":"<h4>Prunus cerasus - Meggy Medal-Streptococcus, Staphylococcus na \u010fal\u0161iu lie\u010dbu infekci\u00ed<\/h4>\n<p>Streptococcus pyogenes, zn\u00e1my aj ako streptokok typu A, je mimoriadne be\u017en\u00e1 bakt\u00e9ria: sotva kto mal niekedy bolesti hrdla bez tejto v\u00e4\u010d\u0161inou ne\u0161kodnej bakt\u00e9rie, ktor\u00e1 sa usadzuje v hrdle. T\u00e1 ist\u00e1 bakt\u00e9ria, ktor\u00e1 sa us\u00edd\u013euje v hrdle, je v\u0161ak aj pr\u00ed\u010dinou \u0161arlachu, detsk\u00e9ho ochorenia s hor\u00fa\u010dkou a vyr\u00e1\u017ekou po celom tele, a to prostredn\u00edctvom svojich tox\u00ednov vylu\u010dovan\u00fdch do krvn\u00e9ho obehu. Dlhodobo nelie\u010den\u00e9 streptokokov\u00e9 infekcie m\u00f4\u017eu vies\u0165 k reumatickej hor\u00fa\u010dke, z\u00e1va\u017en\u00e9mu ochoreniu, ktor\u00e9 nap\u00e1da k\u013aby a srdce.<\/p>\n<p>Staphylococcus aureus je podobne be\u017en\u00e1 bakt\u00e9ria, ktor\u00e1 sa vyskytuje takmer na celej na\u0161ej poko\u017eke a je jedn\u00fdm z p\u00f4vodcov pustul\u00f3zneho akn\u00e9 a p\u013euzgierov. Zatia\u013e \u010do tieto ko\u017en\u00e9 l\u00e9zie m\u00f4\u017eeme pova\u017eova\u0165 prinajlep\u0161om za nepr\u00edjemn\u00e9, \u00faporn\u00e9 ko\u017en\u00e9 ochorenia, najm\u00e4 u det\u00ed, ako napr\u00edklad vriedky alebo abscesy na r\u00f4znych \u010dastiach tela, m\u00f4\u017eu sp\u00f4sobi\u0165 v\u00e1\u017ene probl\u00e9my, nehovoriac o z\u00e1va\u017en\u00fdch a potenci\u00e1lne smrte\u013en\u00fdch infekci\u00e1ch, ako je z\u00e1pal p\u013e\u00fac, meningit\u00edda, osteomyelit\u00edda alebo perikardit\u00edda. Stafylokoky, ktor\u00e9 v\u00e4\u010d\u0161inou os\u00edd\u013euj\u00fa na\u0161u ko\u017eu, m\u00f4\u017eu sp\u00f4sobi\u0165 v\u0161etky tieto infekcie, ak dostan\u00fa pr\u00edle\u017eitos\u0165.<\/p>\n<div class=\"su-spoiler su-spoiler-style-defoult su-spoiler-icon-caret su-spoiler-closed\" data-scroll-offset=\"0\" data-anchor-in-url=\"no\"><div class=\"su-spoiler-title\" tabindex=\"0\" role=\"button\"><span class=\"su-spoiler-icon\"><\/span>V\u0161etky<\/div><div class=\"su-spoiler-content su-u-clearfix su-u-trim\">\n<h5>\u010co m\u00f4\u017eu sp\u00f4sobi\u0165 ka\u017edodenn\u00e9 mikr\u00f3by na nespr\u00e1vnom mieste?<\/h5>\n<p>Z toho vypl\u00fdva, \u017ee zdanlivo ne\u0161kodn\u00e1 bakt\u00e9ria je relat\u00edvne ne\u0161kodn\u00e1 len dovtedy, k\u00fdm sa nenach\u00e1dza na mieste, kde nem\u00e1 \u010do robi\u0165: najm\u00e4 v hlbok\u00fdch tkaniv\u00e1ch a<br \/>\ndo krvn\u00e9ho obehu. Ak sa napr\u00edklad streptokoky alebo stafylokoky dostan\u00fa cez poranenie do podko\u017en\u00fdch tkan\u00edv, m\u00f4\u017eu sa extr\u00e9mne r\u00fdchlo a de\u0161trukt\u00edvne \u0161\u00edri\u0165 pozd\u013a\u017e v\u00e4zivov\u00fdch fasci\u00ed, ktor\u00e9 obklopuj\u00fa svaly a nervy - \u013eudovo naz\u00fdvan\u00e9 \u201em\u00e4so\u017erav\u00e9\u201d. Na to, aby sa dostali cez ko\u017eu, sta\u010d\u00ed vpich ihly, u\u0161tipnutie hmyzom alebo modrina - nemus\u00ed to by\u0165 katastrof\u00e1lne, sta\u010d\u00ed sotva vidite\u013en\u00e1 rana. Zv\u00fd\u0161en\u00e9 riziko existuje, ak je ko\u017ea u\u017e poranen\u00e1 - napr\u00edklad po oper\u00e1cii, ak\u00fatnej vyr\u00e1\u017eke sp\u00f4sobenej v\u00edrusovou infekciou alebo ako komplik\u00e1cia cukrovky - alebo ak je imunitn\u00fd syst\u00e9m oslaben\u00fd.<\/p>\n<h5>\u201e\u017derie\u201d m\u00e4so\u017erav\u00e1 bakt\u00e9ria m\u00e4so?<\/h5>\n<p>\u201eM\u00e4so\u017erav\u00e9 bakt\u00e9rie\u201d netvoria desiv\u00fa a exotick\u00fa skupinu patog\u00e9nov: vo v\u00e4\u010d\u0161ine pr\u00edpadov s\u00fa pr\u00ed\u010dinou z\u00e1va\u017en\u00fdch ochoren\u00ed oby\u010dajn\u00e9 mikr\u00f3by, ktor\u00e9 sa nespr\u00e1vne umiestnili na nespr\u00e1vnom mieste.<br \/>\nproces, pri ktorom doch\u00e1dza k de\u0161trukcii tkaniva a ktor\u00fd priamo ohrozuje \u017eivot.<\/p>\n<h5>Ako tento proces prebieha?<\/h5>\n<p>\u201eM\u00e4so\u017erav\u00e1 infekcia\u201d, ofici\u00e1lne zn\u00e1ma ako nekrotizuj\u00faca fasciit\u00edda (nekrotizuj\u00faca fasciit\u00edda), sa za\u010d\u00edna nieko\u013ek\u00fdmi charakteristick\u00fdmi pr\u00edznakmi: opuchom, za\u010dervenan\u00edm, boles\u0165ou a pr\u00edpadne tvorbou p\u013euzgierov v postihnutej oblasti. Ke\u010f\u017ee ide o hlboko ulo\u017een\u00fd proces, v \u010dase, ke\u010f sa na ko\u017ei vytvoria purpurovo sfarben\u00e9 oblasti, krvav\u00e9 p\u013euzgiere, u\u017e doch\u00e1dza k mas\u00edvnej de\u0161trukcii podko\u017en\u00fdch m\u00e4kk\u00fdch tkan\u00edv.<\/p>\n<\/div><\/div>","protected":false},"excerpt":{"rendered":"<p>Prunus cerasus \u2013 Meggy Med\u00e1l-Streptococcus, Staphylococcus fert\u0151z\u00e9sek kieg\u00e9sz\u00edt\u0151 kezel\u00e9s\u00e9re A Streptococcus pyogenes, m\u00e1s nev\u00e9n az A-t\u00edpus\u00fa sztreptokokkusz rendk\u00edv\u00fcl k\u00f6z\u00f6ns\u00e9ges bakt\u00e9rium: aligha akad, akinek ne okozott volna m\u00e9g torokf\u00e1j\u00e1st ez a garatban megteleped\u0151, jobb\u00e1ra \u00e1rtalmatlan k\u00f3rokoz\u00f3. \u00c1m ugyanez a toroklak\u00f3 bakt\u00e9rium &#8211; a v\u00e9r\u00e1ramba kiv\u00e1lasztott m\u00e9reganyagai r\u00e9v\u00e9n &#8211; a skarl\u00e1t, a l\u00e1zzal \u00e9s a teljes testet [&hellip;]<\/p>\n","protected":false},"featured_media":4709,"comment_status":"open","ping_status":"closed","template":"","meta":[],"product_brand":[],"product_cat":[33,32],"product_tag":[],"class_list":{"0":"post-4710","1":"product","2":"type-product","3":"status-publish","4":"has-post-thumbnail","6":"product_cat-egeszseg-medalok","7":"product_cat-triomed","9":"first","10":"instock","11":"taxable","12":"shipping-taxable","13":"purchasable","14":"product-type-simple"},"_links":{"self":[{"href":"https:\/\/vetomshop.hu\/sk\/wp-json\/wp\/v2\/product\/4710","targetHints":{"allow":["GET"]}}],"collection":[{"href":"https:\/\/vetomshop.hu\/sk\/wp-json\/wp\/v2\/product"}],"about":[{"href":"https:\/\/vetomshop.hu\/sk\/wp-json\/wp\/v2\/types\/product"}],"replies":[{"embeddable":true,"href":"https:\/\/vetomshop.hu\/sk\/wp-json\/wp\/v2\/comments?post=4710"}],"wp:featuredmedia":[{"embeddable":true,"href":"https:\/\/vetomshop.hu\/sk\/wp-json\/wp\/v2\/media\/4709"}],"wp:attachment":[{"href":"https:\/\/vetomshop.hu\/sk\/wp-json\/wp\/v2\/media?parent=4710"}],"wp:term":[{"taxonomy":"product_brand","embeddable":true,"href":"https:\/\/vetomshop.hu\/sk\/wp-json\/wp\/v2\/product_brand?post=4710"},{"taxonomy":"product_cat","embeddable":true,"href":"https:\/\/vetomshop.hu\/sk\/wp-json\/wp\/v2\/product_cat?post=4710"},{"taxonomy":"product_tag","embeddable":true,"href":"https:\/\/vetomshop.hu\/sk\/wp-json\/wp\/v2\/product_tag?post=4710"}],"curies":[{"name":"wp","href":"https:\/\/api.w.org\/{rel}","templated":true}]}}