{"id":4716,"date":"2023-11-11T14:33:55","date_gmt":"2023-11-11T13:33:55","guid":{"rendered":"https:\/\/vetomshop.hu\/termek\/triomed-mmw\/"},"modified":"2023-11-11T14:33:55","modified_gmt":"2023-11-11T13:33:55","slug":"triomed-mmw","status":"publish","type":"product","link":"https:\/\/vetomshop.hu\/sk\/produkt\/triomed-mmw\/","title":{"rendered":"Triomed MMW"},"content":{"rendered":"<h4>TRIOMED UNIVERSAL - \u0160PECIALISTA NA CHOROBY<\/h4>\n<p>\u010co je k\u013e\u00fa\u010dom k zotaveniu? Ak\u00e9 je rie\u0161enie nespo\u010detn\u00fdch zdravotn\u00fdch probl\u00e9mov?<\/p>\n<p>Odpove\u010f je jednoduch\u00e1, ale rie\u0161enie sa na\u0161lo a\u017e v dne\u0161nom modernom svete IT vyn\u00e1lezov, ke\u010f bol vytvoren\u00fd superr\u00fdchly polovodi\u010dov\u00fd gener\u00e1tor na b\u00e1ze SiGe, ktor\u00fd generuje sign\u00e1ly identick\u00e9 so sign\u00e1lmi buniek a organizmov. T\u00e1to inov\u00e1cia umo\u017enila biologick\u00fa komunik\u00e1ciu medzi zariaden\u00edm a \u010dlovekom. T\u00e1to medic\u00ednska inov\u00e1cia bola patentovan\u00e1 ako technol\u00f3gia BioTrEM.<br \/>\nPozrime sa na pr\u00edklad z ka\u017edodenn\u00e9ho \u017eivota. Ka\u017ed\u00fd zdravotn\u00edk vie, \u017ee hoci str\u00fdko Jen\u00ed\u010dek a teta Ma\u0159enka maj\u00fa obaja vysok\u00fd krvn\u00fd tlak, jedin\u00e1 podobnos\u0165 medzi stavmi t\u00fdchto dvoch \u013eud\u00ed je v ich pr\u00edznakoch. Nemaj\u00fa ni\u010d spolo\u010dn\u00e9 ani v ich za\u010diatku, ani v \u010fal\u0161\u00edch parametroch, ako je vek, pohlavie, anamn\u00e9za, pr\u00ed\u010dina alebo priebeh ochorenia. Obaja \u013eudia v\u0161ak u\u017e\u00edvaj\u00fa rovnak\u00e9 lieky, preto\u017ee doteraz poskytovatelia rie\u0161enia nemali prostriedky na to, aby t\u00fdchto dvoch \u013eud\u00ed lie\u010dili odli\u0161ne.<\/p>\n<p>Pr\u00edstroj Triomed Universal je jedine\u010dn\u00fd v tom, \u017ee lie\u010di ka\u017ed\u00e9ho \u010dloveka inak v\u010faka pripojite\u013en\u00fdm \u017eiari\u010dom \u0161pecifick\u00fdm pre dan\u00e9 ochorenie, ako je napr\u00edklad \u0161peci\u00e1lny kardiologick\u00fd \u017eiari\u010d, ktor\u00fd je v ka\u017edom okamihu lie\u010dby koordinovan\u00fd s pacientom. Frekvencia kardiologick\u00e9ho pripojite\u013en\u00e9ho vysiela\u010da k zariadeniu Triomed Universal zodpoved\u00e1 zdravej frekvencii kardiovaskul\u00e1rneho syst\u00e9mu a pomocou t\u00fdchto jemn\u00fdch sign\u00e1lov vyla\u010fuje telo sp\u00e4\u0165 na zdrav\u00e9 fungovanie. T\u00fdm sa lie\u010dba personalizuje, prisp\u00f4sobuje sa zmen\u00e1m, ku ktor\u00fdm doch\u00e1dza v tele \u010dloveka, a v ka\u017edom okamihu sa s n\u00edm zos\u00fala\u010fuje.<\/p>\n<div class=\"su-spoiler su-spoiler-style-defoult su-spoiler-icon-caret su-spoiler-closed\" data-scroll-offset=\"0\" data-anchor-in-url=\"no\"><div class=\"su-spoiler-title\" tabindex=\"0\" role=\"button\"><span class=\"su-spoiler-icon\"><\/span>V\u0161etky<\/div><div class=\"su-spoiler-content su-u-clearfix su-u-trim\">\n<p><strong>Biofeedback v r\u00e1diovom frekven\u010dnom rozsahu!<\/strong><\/p>\n<p>Tento inovat\u00edvny vyn\u00e1lez rob\u00ed tento rad tak\u00fdm jedine\u010dn\u00fdm a \u00fa\u010dinn\u00fdm!<\/p>\n<p>Len sa nad t\u00fdm zamyslite: pozn\u00e1me zariadenie, ktor\u00e9 sleduje ka\u017ed\u00fd n\u00e1\u0161 krok, ktor\u00e9 je nami automaticky ovl\u00e1dan\u00e9, nez\u00e1visle od n\u00e1\u0161ho vedomia, ktor\u00e9 - bu\u010fme \u00faprimn\u00ed! - n\u00e1s m\u00f4\u017ee oklama\u0165?!<\/p>\n<p>TRIOMED UNIVERSAL m\u00e1 v z\u00e1kladnom balen\u00ed dva najmodernej\u0161ie \u017eiari\u010de, ktor\u00e9 mo\u017eno pou\u017ei\u0165 na lie\u010dbu aj prevenciu chor\u00f4b. Pr\u00edstroj dok\u00e1\u017ee aktivova\u0165 ve\u013ek\u00e9 mno\u017estvo programov a podprogramov - takmer tis\u00edc. Na tento \u00fa\u010del je mo\u017en\u00e9 zariadenie na po\u017eiadanie roz\u0161\u00edri\u0165 o 11 z\u00e1suvn\u00fdch hlav\u00edc, \u010d\u00edm sa z\u00e1kladn\u00e9 zariadenie roz\u0161\u00edri o nov\u00e9 funkcie a mo\u017enosti. Vynikaj\u00faci n\u00e1stroj pre lek\u00e1rov, zdravotn\u00edcke zariadenia, lie\u010dite\u013eov a ide\u00e1lny doplnok va\u0161ej dom\u00e1cej lek\u00e1rne!<\/p>\n<p><strong>Jeho pou\u017e\u00edvanie je jednoduch\u00e9, dalo by sa poveda\u0165: detsk\u00e1 hra!<\/strong><\/p>\n<p>Pr\u00edstroj je klasifikovan\u00fd ako akt\u00edvna elektromagnetick\u00e1 stimula\u010dn\u00e1 zdravotn\u00edcka pom\u00f4cka ur\u010den\u00e1 na prevenciu a lie\u010dbu patologick\u00fdch stavov aplik\u00e1ciou elektromagnetick\u00e9ho \u017eiarenia s n\u00edzkou intenzitou extr\u00e9mne vysokej frekvencie a infra\u010derven\u00e9ho \u017eiarenia (IV) cez poko\u017eku. Pom\u00e1ha ur\u00fdchli\u0165 proces hojenia, zn\u00ed\u017ei\u0165 mno\u017estvo a ved\u013eaj\u0161ie \u00fa\u010dinky liekov a dosiahnu\u0165 pozit\u00edvne klinick\u00e9 v\u00fdsledky u pacientov so zlou toleranciou liekov. Zariadenie sa m\u00f4\u017ee pou\u017e\u00edva\u0165 v zdravotn\u00edckych zariadeniach alebo v dom\u00e1cnosti.<br \/>\nPr\u00edstroj m\u00e1 protiz\u00e1palov\u00e9, analgetick\u00e9 a protied\u00e9mov\u00e9 \u00fa\u010dinky. \u010eal\u0161ie klinicko-fyziologick\u00e9 \u00fa\u010dinky sa prejavuj\u00fa v procesoch regener\u00e1cie buniek, zlep\u0161en\u00ed odolnosti organizmu, zlep\u0161en\u00ed hemodynamiky, zmiernen\u00ed stresu a normaliz\u00e1cii regul\u00e1cie auton\u00f3mneho nervov\u00e9ho syst\u00e9mu.<\/p>\n<\/div><\/div>","protected":false},"excerpt":{"rendered":"<p>TRIOMED UNIVERSAL \u2013 A BETEGS\u00c9GEK SPECIALIST\u00c1JA Mi a gy\u00f3gyul\u00e1s kulcsa? Mi lenne a megold\u00e1s a sz\u00e1mtalan eg\u00e9szs\u00e9g\u00fcgyi probl\u00e9m\u00e1ra? A v\u00e1lasz egyszer\u0171, de a megold\u00e1s csak a mai modern, informatikai tal\u00e1lm\u00e1nyokkal b\u0151velked\u0151 vil\u00e1gunkban tudott megval\u00f3sulni, mikor is siker\u00fclt l\u00e9trehozni egy olyan szupergyors f\u00e9lvezet\u0151 SiGe alap\u00fa gener\u00e1tort, mely a sejtekkel, szervezettel azonos jeleket gener\u00e1l. Ennek az innov\u00e1ci\u00f3nak [&hellip;]<\/p>\n","protected":false},"featured_media":4715,"comment_status":"open","ping_status":"closed","template":"","meta":[],"product_brand":[],"product_cat":[34,32],"product_tag":[],"class_list":{"0":"post-4716","1":"product","2":"type-product","3":"status-publish","4":"has-post-thumbnail","6":"product_cat-keszulekek","7":"product_cat-triomed","9":"first","10":"instock","11":"taxable","12":"shipping-taxable","13":"purchasable","14":"product-type-simple"},"_links":{"self":[{"href":"https:\/\/vetomshop.hu\/sk\/wp-json\/wp\/v2\/product\/4716","targetHints":{"allow":["GET"]}}],"collection":[{"href":"https:\/\/vetomshop.hu\/sk\/wp-json\/wp\/v2\/product"}],"about":[{"href":"https:\/\/vetomshop.hu\/sk\/wp-json\/wp\/v2\/types\/product"}],"replies":[{"embeddable":true,"href":"https:\/\/vetomshop.hu\/sk\/wp-json\/wp\/v2\/comments?post=4716"}],"wp:featuredmedia":[{"embeddable":true,"href":"https:\/\/vetomshop.hu\/sk\/wp-json\/wp\/v2\/media\/4715"}],"wp:attachment":[{"href":"https:\/\/vetomshop.hu\/sk\/wp-json\/wp\/v2\/media?parent=4716"}],"wp:term":[{"taxonomy":"product_brand","embeddable":true,"href":"https:\/\/vetomshop.hu\/sk\/wp-json\/wp\/v2\/product_brand?post=4716"},{"taxonomy":"product_cat","embeddable":true,"href":"https:\/\/vetomshop.hu\/sk\/wp-json\/wp\/v2\/product_cat?post=4716"},{"taxonomy":"product_tag","embeddable":true,"href":"https:\/\/vetomshop.hu\/sk\/wp-json\/wp\/v2\/product_tag?post=4716"}],"curies":[{"name":"wp","href":"https:\/\/api.w.org\/{rel}","templated":true}]}}