{"id":4718,"date":"2023-11-11T14:33:56","date_gmt":"2023-11-11T13:33:56","guid":{"rendered":"https:\/\/vetomshop.hu\/termek\/antidiabetikus-jelado\/"},"modified":"2023-11-11T14:33:56","modified_gmt":"2023-11-11T13:33:56","slug":"antidiabetikus-jelado","status":"publish","type":"product","link":"https:\/\/vetomshop.hu\/sk\/produkt\/antidiabetikus-jelado\/","title":{"rendered":"Antidiabetick\u00fd maj\u00e1k"},"content":{"rendered":"<h4>Antidiabetick\u00fd \u017eiari\u010d \u21167.<\/h4>\n<p>Prev\u00e1dzkov\u00fd \u010das: 13 min\u00fat.<\/p>\n<p>Jeho frekvencia zodpoved\u00e1 frekvencii receptorov\u00fdch pol\u00ed v bunk\u00e1ch pankreasu a tkaniv\u00e1ch z\u00e1visl\u00fdch od inzul\u00ednu.<\/p>\n<p>M\u00f4\u017ee sa pou\u017e\u00edva\u0165 v komplexn\u00fdch programoch prevencie cukrovky a lie\u010dby cukrovky I. a II. typu s cie\u013eom zabr\u00e1ni\u0165 vzniku komplik\u00e1ci\u00ed.<\/p>\n<ul>\n<li>Podporuje optimaliz\u00e1ciu metabolick\u00fdch procesov (sacharidy, lipidy, bielkoviny, miner\u00e1ly).<\/li>\n<li>Zlep\u0161uje metabolizmus (metabolick\u00e9 procesy) v bunk\u00e1ch pankreasu.<\/li>\n<li>Optimalizuje produkciu inzul\u00ednu bunkami pankreasu.<\/li>\n<li>Zvy\u0161uje citlivos\u0165 tkan\u00edv na inzul\u00edn.<\/li>\n<li>Zlep\u0161uje stav receptorov buniek v tkaniv\u00e1ch z\u00e1visl\u00fdch od inzul\u00ednu<\/li>\n<li>Zabra\u0148uje vzniku ed\u00e9mu<\/li>\n<li>Ur\u00fdch\u013euje regener\u00e1ciu a obnovu buniek pankreasu.<\/li>\n<li>M\u00e1 proz\u00e1palov\u00fd \u00fa\u010dinok.<\/li>\n<li>Zlep\u0161uje krvn\u00fd obeh.<\/li>\n<li>Zabra\u0148uje vzniku cukrovky.<\/li>\n<li>Zabra\u0148uje vzniku komplik\u00e1ci\u00ed cukrovky.<\/li>\n<\/ul>\n<div class=\"su-spoiler su-spoiler-style-defoult su-spoiler-icon-caret su-spoiler-closed\" data-scroll-offset=\"0\" data-anchor-in-url=\"no\"><div class=\"su-spoiler-title\" tabindex=\"0\" role=\"button\"><span class=\"su-spoiler-icon\"><\/span>V\u0161etky<\/div><div class=\"su-spoiler-content su-u-clearfix su-u-trim\">\nOdpor\u00fa\u010dan\u00e9 oblasti o\u0161etrenia: v biologicky akt\u00edvnych bodoch a z\u00f3nach. Odpor\u00fa\u010dan\u00e9 o\u0161etrenia sa m\u00f4\u017eu opakova\u0165 2 - 3-kr\u00e1t ro\u010dne, minim\u00e1lne po 3 mesiacoch, a\u017e do zlep\u0161enia stavu, a m\u00f4\u017eu sa doplni\u0165 \u010fal\u0161\u00edmi bioinforma\u010dn\u00fdmi o\u0161etreniami.<\/p>\n<\/div><\/div>","protected":false},"excerpt":{"rendered":"<p>Antidiabetikus sug\u00e1rz\u00f3 \u21167. M\u0171k\u00f6d\u00e9si ideje: 13 perc. Frekvenci\u00e1ja a hasny\u00e1lmirigy sejtjei \u00e9s az inzulinf\u00fcgg\u0151 sz\u00f6vetek receptormez\u0151i frekvenci\u00e1j\u00e1nak felel meg. A cukorbetegs\u00e9g megel\u0151z\u00e9s\u00e9nek, valamint az I. \u00e9s II. tipus\u00fa cukorbetegs\u00e9g kezel\u00e9s\u00e9nek komplex programjaiban, a sz\u00f6v\u0151dm\u00e9nyek kialakul\u00e1sa megel\u0151z\u00e9s\u00e9nek c\u00e9lj\u00e1b\u00f3l alkalmazhat\u00f3. Az anyagcsere folyamatok (sz\u00e9nhidr\u00e1t, lipid, feh\u00e9rje, \u00e1sv\u00e1nyi anyagok) optimaliz\u00e1ci\u00f3j\u00e1t seg\u00edti el\u0151. Jav\u00edtja a metabolizmus (anyagcsere) folyamatait a [&hellip;]<\/p>\n","protected":false},"featured_media":4717,"comment_status":"open","ping_status":"closed","template":"","meta":[],"product_brand":[],"product_cat":[35,32],"product_tag":[],"class_list":{"0":"post-4718","1":"product","2":"type-product","3":"status-publish","4":"has-post-thumbnail","6":"product_cat-csatlakoztathato-jeladok","7":"product_cat-triomed","9":"first","10":"instock","11":"taxable","12":"shipping-taxable","13":"purchasable","14":"product-type-simple"},"_links":{"self":[{"href":"https:\/\/vetomshop.hu\/sk\/wp-json\/wp\/v2\/product\/4718","targetHints":{"allow":["GET"]}}],"collection":[{"href":"https:\/\/vetomshop.hu\/sk\/wp-json\/wp\/v2\/product"}],"about":[{"href":"https:\/\/vetomshop.hu\/sk\/wp-json\/wp\/v2\/types\/product"}],"replies":[{"embeddable":true,"href":"https:\/\/vetomshop.hu\/sk\/wp-json\/wp\/v2\/comments?post=4718"}],"wp:featuredmedia":[{"embeddable":true,"href":"https:\/\/vetomshop.hu\/sk\/wp-json\/wp\/v2\/media\/4717"}],"wp:attachment":[{"href":"https:\/\/vetomshop.hu\/sk\/wp-json\/wp\/v2\/media?parent=4718"}],"wp:term":[{"taxonomy":"product_brand","embeddable":true,"href":"https:\/\/vetomshop.hu\/sk\/wp-json\/wp\/v2\/product_brand?post=4718"},{"taxonomy":"product_cat","embeddable":true,"href":"https:\/\/vetomshop.hu\/sk\/wp-json\/wp\/v2\/product_cat?post=4718"},{"taxonomy":"product_tag","embeddable":true,"href":"https:\/\/vetomshop.hu\/sk\/wp-json\/wp\/v2\/product_tag?post=4718"}],"curies":[{"name":"wp","href":"https:\/\/api.w.org\/{rel}","templated":true}]}}