{"id":4720,"date":"2023-11-11T14:33:56","date_gmt":"2023-11-11T13:33:56","guid":{"rendered":"https:\/\/vetomshop.hu\/termek\/egeszseges-maj-jelado\/"},"modified":"2024-10-29T21:36:20","modified_gmt":"2024-10-29T20:36:20","slug":"egeszseges-maj-jelado","status":"publish","type":"product","link":"https:\/\/vetomshop.hu\/sk\/produkt\/egeszseges-maj-jelado\/","title":{"rendered":"Maj\u00e1k zdravej pe\u010dene"},"content":{"rendered":"<h4>\u00abZdrav\u00e1 pe\u010de\u0148\u00bb \u017eiari\u010d \u211614<\/h4>\n<p>Jeho frekvencia zodpoved\u00e1 frekvencii pe\u010de\u0148ov\u00e9ho tkaniva a jeho prev\u00e1dzkov\u00fd \u010das je 12 min\u00fat.<\/p>\n<p>M\u00f4\u017ee sa pou\u017e\u00edva\u0165 v komplexn\u00fdch lie\u010debn\u00fdch programoch pe\u010dene, \u017el\u010de a \u017el\u010dov\u00fdch ciest.<\/p>\n<ul>\n<li>Stimuluje metabolizmus (metabolick\u00e9 procesy) v hepatocytoch (pe\u010de\u0148ov\u00fdch bunk\u00e1ch).<\/li>\n<li>Zlep\u0161uje syntetick\u00e9 a detoxika\u010dn\u00e9 funkcie pe\u010dene.<\/li>\n<li>Zni\u017euje ed\u00e9m.<\/li>\n<li>Stimuluje regener\u00e1ciu a obnovu hepatocytov.<\/li>\n<li>M\u00e1 protik\u0155\u010dov\u00fd \u00fa\u010dinok.<\/li>\n<li>Analgetick\u00fd \u00fa\u010dinok.<\/li>\n<li>Protiz\u00e1palov\u00fd \u00fa\u010dinok.<\/li>\n<li>Zlep\u0161uje krvn\u00fd obeh.<\/li>\n<li>Optimalizuje tvorbu a vylu\u010dovanie \u017el\u010de.<\/li>\n<li>Zabra\u0148uje cirhotick\u00fdm zmen\u00e1m pe\u010dene.<\/li>\n<\/ul>\n<div class=\"su-spoiler su-spoiler-style-defoult su-spoiler-icon-caret su-spoiler-closed\" data-scroll-offset=\"0\" data-anchor-in-url=\"no\"><div class=\"su-spoiler-title\" tabindex=\"0\" role=\"button\"><span class=\"su-spoiler-icon\"><\/span>V\u0161etky<\/div><div class=\"su-spoiler-content su-u-clearfix su-u-trim\">\n<p>Odpor\u00fa\u010dan\u00e9 oblasti o\u0161etrenia: biologicky akt\u00edvne body a z\u00f3ny, 12-12 min\u00fat na bod. Odpor\u00fa\u010dan\u00e9 o\u0161etrenia sa m\u00f4\u017eu opakova\u0165 2 - 3-kr\u00e1t ro\u010dne, minim\u00e1lne po 3 mesiacoch, a\u017e do zlep\u0161enia stavu, a m\u00f4\u017eu sa doplni\u0165 \u010fal\u0161\u00edmi bioinforma\u010dn\u00fdmi o\u0161etreniami.<\/p>\n<\/div><\/div>","protected":false},"excerpt":{"rendered":"<p>\u00abEg\u00e9szs\u00e9ges m\u00e1j\u00bb sug\u00e1rz\u00f3 \u211614 Frekvenci\u00e1ja megfelel a m\u00e1jsz\u00f6vet frekvenci\u00e1j\u00e1nak, m\u0171k\u00f6d\u00e9si ideje 12 perc. A m\u00e1j, az epe \u00e9s az epevezet\u00e9kek komplex kezel\u00e9si programjaiban alkalmazhat\u00f3. Serkenti a metabolizmus (anyagcsere) folyamatait a hepatocit\u00e1kban (a m\u00e1jsejtekben). Jav\u00edtja a m\u00e1j szintetikus \u00e9s dezintoxik\u00e1ci\u00f3s funkci\u00f3it. Cs\u00f6kkenti az \u00f6d\u00e9m\u00e1sod\u00e1st. Serkenti a hepatocit\u00e1k regener\u00e1ci\u00f3s \u00e9s repar\u00e1ci\u00f3s folyamatait. G\u00f6rcsold\u00f3 hat\u00e1sa van. F\u00e1jdalomcsillap\u00edt\u00f3 hat\u00e1s. [&hellip;]<\/p>\n","protected":false},"featured_media":4719,"comment_status":"open","ping_status":"closed","template":"","meta":[],"product_brand":[],"product_cat":[35,32],"product_tag":[],"class_list":{"0":"post-4720","1":"product","2":"type-product","3":"status-publish","4":"has-post-thumbnail","6":"product_cat-csatlakoztathato-jeladok","7":"product_cat-triomed","9":"first","10":"instock","11":"taxable","12":"shipping-taxable","13":"purchasable","14":"product-type-simple"},"_links":{"self":[{"href":"https:\/\/vetomshop.hu\/sk\/wp-json\/wp\/v2\/product\/4720","targetHints":{"allow":["GET"]}}],"collection":[{"href":"https:\/\/vetomshop.hu\/sk\/wp-json\/wp\/v2\/product"}],"about":[{"href":"https:\/\/vetomshop.hu\/sk\/wp-json\/wp\/v2\/types\/product"}],"replies":[{"embeddable":true,"href":"https:\/\/vetomshop.hu\/sk\/wp-json\/wp\/v2\/comments?post=4720"}],"wp:featuredmedia":[{"embeddable":true,"href":"https:\/\/vetomshop.hu\/sk\/wp-json\/wp\/v2\/media\/4719"}],"wp:attachment":[{"href":"https:\/\/vetomshop.hu\/sk\/wp-json\/wp\/v2\/media?parent=4720"}],"wp:term":[{"taxonomy":"product_brand","embeddable":true,"href":"https:\/\/vetomshop.hu\/sk\/wp-json\/wp\/v2\/product_brand?post=4720"},{"taxonomy":"product_cat","embeddable":true,"href":"https:\/\/vetomshop.hu\/sk\/wp-json\/wp\/v2\/product_cat?post=4720"},{"taxonomy":"product_tag","embeddable":true,"href":"https:\/\/vetomshop.hu\/sk\/wp-json\/wp\/v2\/product_tag?post=4720"}],"curies":[{"name":"wp","href":"https:\/\/api.w.org\/{rel}","templated":true}]}}