{"id":4722,"date":"2023-11-11T14:33:56","date_gmt":"2023-11-11T13:33:56","guid":{"rendered":"https:\/\/vetomshop.hu\/termek\/egeszseges-vese-jelado\/"},"modified":"2023-11-11T14:33:56","modified_gmt":"2023-11-11T13:33:56","slug":"egeszseges-vese-jelado","status":"publish","type":"product","link":"https:\/\/vetomshop.hu\/sk\/produkt\/egeszseges-vese-jelado\/","title":{"rendered":"Maj\u00e1k zdrav\u00fdch obli\u010diek"},"content":{"rendered":"<h4>Zdrav\u00e1 obli\u010dka vy\u017earuj\u00faca 15 s.<\/h4>\n<p>Prev\u00e1dzkov\u00fd \u010das vysiela\u010da 11 min\u00fat<br \/>\nZodpoved\u00e1 frekvencii obli\u010diek a mo\u010dov\u00fdch ciest.<\/p>\n<p>Jeho pou\u017eitie sa odpor\u00fa\u010da pri prevencii a doplnkovej lie\u010dbe ochoren\u00ed obli\u010diek a mo\u010dov\u00fdch ciest<br \/>\nZlep\u0161uje krvn\u00fd obeh a metabolizmus v nefr\u00f3noch (funk\u010dn\u00fdch jednotk\u00e1ch obli\u010diek) a mo\u010dov\u00fdch cest\u00e1ch.<\/p>\n<ul>\n<li>Zlep\u0161uje ren\u00e1lnu reabsorpciu, filtr\u00e1ciu, synt\u00e9zu, regul\u00e1ciu i\u00f3nov, detoxik\u00e1ciu a metabolick\u00e9 procesy.<\/li>\n<li>Stimuluje regener\u00e1ciu a obnovu obli\u010dkov\u00e9ho tkaniva a mo\u010dov\u00fdch ciest.<\/li>\n<li>Antispasmodick\u00fd \u00fa\u010dinok.<\/li>\n<li>Analgetick\u00fd \u00fa\u010dinok.<\/li>\n<li>Protiz\u00e1palov\u00fd \u00fa\u010dinok.<\/li>\n<li>Zabra\u0148uje vzniku sklerotick\u00fdch l\u00e9zi\u00ed.<\/li>\n<\/ul>\n<p>Odpor\u00fa\u010da sa aplik\u00e1cia na biologicky akt\u00edvne miesta a z\u00f3ny.<\/p>\n<div class=\"su-spoiler su-spoiler-style-defoult su-spoiler-icon-caret su-spoiler-closed\" data-scroll-offset=\"0\" data-anchor-in-url=\"no\"><div class=\"su-spoiler-title\" tabindex=\"0\" role=\"button\"><span class=\"su-spoiler-icon\"><\/span>V\u0161etky<\/div><div class=\"su-spoiler-content su-u-clearfix su-u-trim\">\n<p>O\u017earovanie sa odpor\u00fa\u010da na prevenciu a doplnkov\u00fa lie\u010dbu t\u00fdchto ochoren\u00ed:<\/p>\n<ul>\n<li>ak\u00fatny a chronick\u00fd z\u00e1pal obli\u010diek, z\u00e1pal mo\u010dov\u00e9ho mech\u00fara, z\u00e1palov\u00e9 ochorenia mo\u010dov\u00fdch ciest,<\/li>\n<li>metabolick\u00e9 poruchy (vr\u00e1tane tvorby obli\u010dkov\u00fdch kame\u0148ov),<\/li>\n<li>pri autoimunitn\u00fdch ochoreniach - pri postihnut\u00ed obli\u010diek a pri autoimunitnom ochoren\u00ed obli\u010diek,<\/li>\n<li>v pr\u00edpade ochorenia obli\u010diek sp\u00f4soben\u00e9ho toxick\u00fdmi l\u00e1tkami<\/li>\n<\/ul>\n<\/div><\/div>","protected":false},"excerpt":{"rendered":"<p>Eg\u00e9szs\u00e9ges vese sug\u00e1rz\u00f3 15 sz. A sug\u00e1rz\u00f3 m\u0171k\u00f6d\u00e9si ideje 11 perc Megfelel a vesesz\u00f6vet \u00e9s a h\u00fagyutak frekvenci\u00e1j\u00e1nak. Alkalmaz\u00e1sa javasolt a vesebetegs\u00e9gek \u00e9s a h\u00fagyutak megbeteged\u00e9seinek megel\u0151z\u00e9s\u00e9ben \u00e9s kieg\u00e9sz\u00edt\u0151 kezel\u00e9s\u00e9ben Jav\u00edtja a nefronok (a vese funkcion\u00e1lis egys\u00e9geinek) \u00e9s a h\u00fagyutak v\u00e9rkering\u00e9s\u00e9t \u00e9s anyagcsere folyamatait. Jav\u00edtja a vese reabszorbci\u00f3s, filtr\u00e1ci\u00f3s, szintetikus, ionszab\u00e1lyz\u00f3, m\u00e9regtelen\u00edt\u0151 \u00e9s metabolikus folyamatait. [&hellip;]<\/p>\n","protected":false},"featured_media":4721,"comment_status":"open","ping_status":"closed","template":"","meta":[],"product_brand":[],"product_cat":[35,32],"product_tag":[],"class_list":{"0":"post-4722","1":"product","2":"type-product","3":"status-publish","4":"has-post-thumbnail","6":"product_cat-csatlakoztathato-jeladok","7":"product_cat-triomed","9":"first","10":"instock","11":"taxable","12":"shipping-taxable","13":"purchasable","14":"product-type-simple"},"_links":{"self":[{"href":"https:\/\/vetomshop.hu\/sk\/wp-json\/wp\/v2\/product\/4722","targetHints":{"allow":["GET"]}}],"collection":[{"href":"https:\/\/vetomshop.hu\/sk\/wp-json\/wp\/v2\/product"}],"about":[{"href":"https:\/\/vetomshop.hu\/sk\/wp-json\/wp\/v2\/types\/product"}],"replies":[{"embeddable":true,"href":"https:\/\/vetomshop.hu\/sk\/wp-json\/wp\/v2\/comments?post=4722"}],"wp:featuredmedia":[{"embeddable":true,"href":"https:\/\/vetomshop.hu\/sk\/wp-json\/wp\/v2\/media\/4721"}],"wp:attachment":[{"href":"https:\/\/vetomshop.hu\/sk\/wp-json\/wp\/v2\/media?parent=4722"}],"wp:term":[{"taxonomy":"product_brand","embeddable":true,"href":"https:\/\/vetomshop.hu\/sk\/wp-json\/wp\/v2\/product_brand?post=4722"},{"taxonomy":"product_cat","embeddable":true,"href":"https:\/\/vetomshop.hu\/sk\/wp-json\/wp\/v2\/product_cat?post=4722"},{"taxonomy":"product_tag","embeddable":true,"href":"https:\/\/vetomshop.hu\/sk\/wp-json\/wp\/v2\/product_tag?post=4722"}],"curies":[{"name":"wp","href":"https:\/\/api.w.org\/{rel}","templated":true}]}}