{"id":4724,"date":"2023-11-11T14:33:57","date_gmt":"2023-11-11T13:33:57","guid":{"rendered":"https:\/\/vetomshop.hu\/termek\/gyulladascsokkento-jelado\/"},"modified":"2023-11-11T14:33:57","modified_gmt":"2023-11-11T13:33:57","slug":"gyulladascsokkento-jelado","status":"publish","type":"product","link":"https:\/\/vetomshop.hu\/sk\/produkt\/gyulladascsokkento-jelado\/","title":{"rendered":"Protiz\u00e1palov\u00fd maj\u00e1k"},"content":{"rendered":"<h4>Protiz\u00e1palov\u00fd \u017eiari\u010d, \u010d. 26.<\/h4>\n<p>Prev\u00e1dzkov\u00fd \u010das: 13 min\u00fat<\/p>\n<p><strong>Vplyv:<\/strong><\/p>\n<p>P\u00f4sob\u00ed na imunitn\u00fd syst\u00e9m s frekvenciou, ktor\u00e1 zodpoved\u00e1 frekvencii lymfatick\u00e9ho syst\u00e9mu a niektor\u00fdch \u0161trukt\u00far auton\u00f3mneho nervov\u00e9ho syst\u00e9mu (perif\u00e9rne, segment\u00e1lne, suprasegment\u00e1lne re\u0165azce).<\/p>\n<ul>\n<li>Zlep\u0161uje lymfatick\u00fd obeh,<\/li>\n<li>kvalitu lymfocytov,<\/li>\n<li>ur\u00fdch\u013euje vylu\u010dovanie toxick\u00fdch l\u00e1tok z medzibunkovej tekutiny,<\/li>\n<li>ur\u00fdch\u013euje hojenie r\u00e1n, regener\u00e1ciu buniek a tkan\u00edv,<\/li>\n<li>pom\u00e1ha detoxikova\u0165 organizmus,<\/li>\n<li>p\u00f4sob\u00ed proti ed\u00e9mom,<\/li>\n<li>analgetick\u00fd \u00fa\u010dinok,<\/li>\n<li>\u00fa\u010dinok na posilnenie imunitn\u00e9ho syst\u00e9mu,<\/li>\n<li>protiz\u00e1palov\u00fd \u00fa\u010dinok,<\/li>\n<li>odstra\u0148uje zjazvenie,<\/li>\n<li>aktivuje funkciu kostnej drene,<\/li>\n<li>zvy\u0161uje odolnos\u0165 organizmu,<\/li>\n<li>\u0161trukt\u00fary vody.<\/li>\n<\/ul>\n<div class=\"su-spoiler su-spoiler-style-defoult su-spoiler-icon-caret su-spoiler-closed\" data-scroll-offset=\"0\" data-anchor-in-url=\"no\"><div class=\"su-spoiler-title\" tabindex=\"0\" role=\"button\"><span class=\"su-spoiler-icon\"><\/span>V\u0161etky<\/div><div class=\"su-spoiler-content su-u-clearfix su-u-trim\">\n<p>Odpor\u00fa\u010dan\u00e9 oblasti pou\u017eitia: lymfatick\u00e9 povrchov\u00e9 z\u00f3ny, v\u00fdstupky lymfatick\u00fdch uzl\u00edn, povrch r\u00e1n, biologicky akt\u00edvne miesta (BAT).<\/p>\n<p>Vz\u0165ahuje sa na:<\/p>\n<ul>\n<li>detoxik\u00e1cia tela<\/li>\n<li>ur\u00fdchli\u0165 proces regener\u00e1cie po oper\u00e1cii alebo zlomenin\u00e1ch.<\/li>\n<li>normaliz\u00e1cia krvn\u00e9ho obrazu po chemoterapii a r\u00e1dioterapii<\/li>\n<li>vo f\u00e1ze rehabilit\u00e1cie po v\u00e1\u017enych ochoreniach a fyzickej n\u00e1mahe<\/li>\n<li>regul\u00e1cia imunitn\u00e9ho syst\u00e9mu pri ak\u00fatnych a chronick\u00fdch ochoreniach<\/li>\n<li>spomalenie lymfatick\u00e9ho obehu r\u00f4zneho p\u00f4vodu (vr\u00e1tane ed\u00e9mu), z\u00e1palov\u00e9 procesy<\/li>\n<li>v kozmetike: zlep\u0161enie lymfatick\u00e9ho obehu poko\u017eky<\/li>\n<li>odstr\u00e1nenie intoxik\u00e1cie z r\u00f4znych pr\u00ed\u010din (alkohol, narkotik\u00e1, potraviny, chemik\u00e1lie, v\u00e1\u017ene ochorenie)<\/li>\n<li>pri alergick\u00fdch reakci\u00e1ch.<\/li>\n<\/ul>\n<\/div><\/div>","protected":false},"excerpt":{"rendered":"<p>Gyullad\u00e1scs\u00f6kkent\u0151 sug\u00e1rz\u00f3, 26. sz. M\u0171k\u00f6d\u00e9s\u00e9nek ideje: 13 perc Hat\u00e1sa: Hat az immunrendszerre, rezg\u00e9se megegyezik a nyirokrendszer frekvenci\u00e1j\u00e1val, valamint a vegetat\u00edv idegrendszer n\u00e9h\u00e1ny strukt\u00far\u00e1j\u00e1val (perif\u00e9ri\u00e1s, szegment\u00e1lis, szegmens feletti l\u00e1ncok). Jav\u00edtja a nyirokkering\u00e9st, a limfocit\u00e1k min\u0151s\u00e9g\u00e9t, gyors\u00edtja a toxikus anyagok ki\u00fcr\u00edt\u00e9s\u00e9t a sejtk\u00f6zti folyad\u00e9kb\u00f3l, gyors\u00edtja a sebek begy\u00f3gyul\u00e1s\u00e1t, a sejtek \u00e9s sz\u00f6vetek regener\u00e1l\u00f3d\u00e1s\u00e1t, el\u0151seg\u00edti a szervezet m\u00e9regtelen\u00edt\u00e9s\u00e9t, [&hellip;]<\/p>\n","protected":false},"featured_media":4723,"comment_status":"open","ping_status":"closed","template":"","meta":[],"product_brand":[],"product_cat":[35,32],"product_tag":[],"class_list":{"0":"post-4724","1":"product","2":"type-product","3":"status-publish","4":"has-post-thumbnail","6":"product_cat-csatlakoztathato-jeladok","7":"product_cat-triomed","9":"first","10":"instock","11":"taxable","12":"shipping-taxable","13":"purchasable","14":"product-type-simple"},"_links":{"self":[{"href":"https:\/\/vetomshop.hu\/sk\/wp-json\/wp\/v2\/product\/4724","targetHints":{"allow":["GET"]}}],"collection":[{"href":"https:\/\/vetomshop.hu\/sk\/wp-json\/wp\/v2\/product"}],"about":[{"href":"https:\/\/vetomshop.hu\/sk\/wp-json\/wp\/v2\/types\/product"}],"replies":[{"embeddable":true,"href":"https:\/\/vetomshop.hu\/sk\/wp-json\/wp\/v2\/comments?post=4724"}],"wp:featuredmedia":[{"embeddable":true,"href":"https:\/\/vetomshop.hu\/sk\/wp-json\/wp\/v2\/media\/4723"}],"wp:attachment":[{"href":"https:\/\/vetomshop.hu\/sk\/wp-json\/wp\/v2\/media?parent=4724"}],"wp:term":[{"taxonomy":"product_brand","embeddable":true,"href":"https:\/\/vetomshop.hu\/sk\/wp-json\/wp\/v2\/product_brand?post=4724"},{"taxonomy":"product_cat","embeddable":true,"href":"https:\/\/vetomshop.hu\/sk\/wp-json\/wp\/v2\/product_cat?post=4724"},{"taxonomy":"product_tag","embeddable":true,"href":"https:\/\/vetomshop.hu\/sk\/wp-json\/wp\/v2\/product_tag?post=4724"}],"curies":[{"name":"wp","href":"https:\/\/api.w.org\/{rel}","templated":true}]}}