{"id":4726,"date":"2023-11-11T14:33:58","date_gmt":"2023-11-11T13:33:58","guid":{"rendered":"https:\/\/vetomshop.hu\/termek\/infravoros-jelado\/"},"modified":"2023-11-11T14:33:58","modified_gmt":"2023-11-11T13:33:58","slug":"infravoros-jelado","status":"publish","type":"product","link":"https:\/\/vetomshop.hu\/sk\/produkt\/infravoros-jelado\/","title":{"rendered":"Infra\u010derven\u00fd maj\u00e1k"},"content":{"rendered":"<h4>Infra\u010derven\u00fd \u017eiari\u010d IV<\/h4>\n<p>Infra\u010derven\u00e9 \u017eiarenie (IV \u017eiarenie) - elektromagnetick\u00e9 \u017eiarenie, s\u00fa\u010das\u0165 slne\u010dn\u00e9ho \u017eiarenia. IV \u017eiarenie m\u00e1 protiz\u00e1palov\u00e9, protik\u0155\u010dov\u00e9, rozpty\u013euj\u00face (absorp\u010dn\u00e9) a analgetick\u00e9 \u00fa\u010dinky.<\/p>\n<p><strong>V\u00fdhody radi\u00e1tora Triomed Universal IV:<\/strong><\/p>\n<p>V\u010faka nov\u00fdm materi\u00e1lom a technol\u00f3gi\u00e1m sa n\u00e1m podarilo vytvori\u0165 pulzn\u00fd zdroj \u017eiarenia IV s n\u00edzkou intenzitou a modulovan\u00fdm \u00fa\u010dinkom, ktor\u00fd pracuje v \u0161pecifickom programe a ktor\u00fd mo\u017eno pou\u017ei\u0165 na dosiahnutie energetick\u00e9ho informa\u010dn\u00e9ho \u00fa\u010dinku predov\u0161etk\u00fdm na bunkovej \u00farovni - a na \u00farovni zlo\u017eiek bunky.<\/p>\n<p>Dod\u00e1va bunke energiu prostredn\u00edctvom rezonancie, ktor\u00e1 aktivuje metabolick\u00e9 procesy a zvy\u0161uje hladinu energie v pr\u00edpade nedostatku kysl\u00edka.<br \/>\nTieto procesy, okrem toho, \u017ee s\u00fa samy o sebe pozit\u00edvne, pom\u00e1haj\u00fa telu pri milimetrovej terapii a v mnoh\u00fdch pr\u00edpadoch zvy\u0161uj\u00fa jej \u00fa\u010dinnos\u0165.<\/p>\n<p>Pou\u017eitie intraven\u00f3znej r\u00e1dioterapie je indikovan\u00e9 pri: chronick\u00fdch a postak\u00fatnych (preak\u00fatnych) nehnisav\u00fdch z\u00e1palov\u00fdch ochoreniach vn\u00fatorn\u00fdch org\u00e1nov, zle sa hojacich ran\u00e1ch a ran\u00e1ch sp\u00f4soben\u00fdch tromb\u00f3zou, bolestiv\u00fdch ochoreniach perif\u00e9rneho nervov\u00e9ho syst\u00e9mu, poopera\u010dnej lie\u010dbe pop\u00e1len\u00edn a omrzl\u00edn, vegetat\u00edvnych dysfunkci\u00e1ch, sympatikusoch.<\/p>\n<p>Kontraindik\u00e1cie pre pou\u017eitie IV r\u00e1dioterapie: ben\u00edgne alebo mal\u00edgne n\u00e1dory, akt\u00edvna f\u00e1za tuberkul\u00f3zy, hypertenzia III. stup\u0148a, krv\u00e1canie a poruchy krvn\u00e9ho obehu II. stup\u0148a.<\/p>\n<div class=\"su-spoiler su-spoiler-style-defoult su-spoiler-icon-caret su-spoiler-closed\" data-scroll-offset=\"0\" data-anchor-in-url=\"no\"><div class=\"su-spoiler-title\" tabindex=\"0\" role=\"button\"><span class=\"su-spoiler-icon\"><\/span>V\u0161etky<\/div><div class=\"su-spoiler-content su-u-clearfix su-u-trim\"><strong>Hlavn\u00e9 klinick\u00e9 \u00fa\u010dinky o\u017earova\u010da Triomed Universal IV:<\/strong><\/p>\n<ul>\n<li>zlep\u0161uje krvn\u00fd obeh,<\/li>\n<li>normalizuje mikrocirkul\u00e1ciu,<\/li>\n<li>optimalizuje \u010dinnos\u0165 nervov\u00e9ho, hormon\u00e1lneho a imunitn\u00e9ho syst\u00e9mu,<\/li>\n<li>pom\u00e1ha regener\u00e1cii buniek.<\/li>\n<\/ul>\n<p><strong>Ako pou\u017e\u00edva\u0165:<\/strong><\/p>\n<ul>\n<li>Infra\u010derven\u00e1 di\u00f3da sa pou\u017e\u00edva na ovplyvnenie bodov a oblast\u00ed, ktor\u00e9 je potrebn\u00e9 pred \u0161peci\u00e1lnym milimetrov\u00fdm o\u0161etren\u00edm pripravi\u0165 alebo \u201ezahria\u0165\u201d. O\u0161etrenie trv\u00e1 5 min\u00fat na jednu oblas\u0165.<\/li>\n<li>M\u00f4\u017ee sa pou\u017e\u00edva\u0165 na podporu vstreb\u00e1vania jaziev 10 min\u00fat denne po\u010das 2 t\u00fd\u017ed\u0148ov.<\/li>\n<li>Na lie\u010dbu chronick\u00fdch, pomal\u00fdch z\u00e1palov\u00fdch ochoren\u00ed (v ohnisku ochorenia). Lie\u010dba trv\u00e1 10 min\u00fat, aplikuje sa na postihnut\u00fd org\u00e1n, po\u010das 2 t\u00fd\u017ed\u0148ov.<\/li>\n<li>Pri cukrovke II. typu na podporu citlivosti na inzul\u00edn a na podporu tvorby inzul\u00ednu. O\u0161etrujte projekciu pankreasu 5 min\u00fat denne po\u010das 2 t\u00fd\u017ed\u0148ov.<\/li>\n<li>Na podporu hojenia r\u00f4znych r\u00e1n a trofick\u00fdch poranen\u00ed sa odpor\u00fa\u010da o\u0161etrova\u0165 oblas\u0165 o\u010d\u00ed a lo\u017eiska n\u00e1dorov po dobu 5 min\u00fat po\u010das 2 t\u00fd\u017ed\u0148ov pred milimetrovou terapiou.<\/li>\n<\/ul>\n<\/div><\/div>","protected":false},"excerpt":{"rendered":"<p>Infrav\u00f6r\u00f6s sug\u00e1rz\u00f3 IV Az infrav\u00f6r\u00f6s sug\u00e1rz\u00e1s (IV-sug\u00e1rz\u00e1s) \u2013 elektrom\u00e1gneses sug\u00e1rz\u00e1s, a Nap sugarainak r\u00e9sze. Az IV-sugarak gyullad\u00e1scs\u00f6kkent\u0151, g\u00f6rcsold\u00f3, sz\u00e9toszlat\u00f3 (felsz\u00edv\u00f3d\u00e1st el\u0151seg\u00edt\u0151), f\u00e1jdalomcsillap\u00edt\u00f3 hat\u00e1ssal rendelkeznek. A Triomed Universal k\u00e9sz\u00fcl\u00e9k IV-sug\u00e1rz\u00f3j\u00e1nak el\u0151nyei: Az \u00faj anyagoknak \u00e9s technol\u00f3gi\u00e1knak k\u00f6sz\u00f6nhet\u0151en siker\u00fclt l\u00e9trehozni olyan speci\u00e1lis programban m\u0171k\u00f6d\u0151 alacsony intenzit\u00e1s\u00fa pulz\u00e1l\u00f3, modul\u00e1lt hat\u00e1s\u00fa IV-sug\u00e1rz\u00f3t, mely seg\u00edts\u00e9g\u00e9vel els\u0151sorban energoinform\u00e1ci\u00f3s hat\u00e1st tudunk gyakorolni [&hellip;]<\/p>\n","protected":false},"featured_media":4725,"comment_status":"open","ping_status":"closed","template":"","meta":[],"product_brand":[],"product_cat":[35,32],"product_tag":[],"class_list":{"0":"post-4726","1":"product","2":"type-product","3":"status-publish","4":"has-post-thumbnail","6":"product_cat-csatlakoztathato-jeladok","7":"product_cat-triomed","9":"first","10":"instock","11":"taxable","12":"shipping-taxable","13":"purchasable","14":"product-type-simple"},"_links":{"self":[{"href":"https:\/\/vetomshop.hu\/sk\/wp-json\/wp\/v2\/product\/4726","targetHints":{"allow":["GET"]}}],"collection":[{"href":"https:\/\/vetomshop.hu\/sk\/wp-json\/wp\/v2\/product"}],"about":[{"href":"https:\/\/vetomshop.hu\/sk\/wp-json\/wp\/v2\/types\/product"}],"replies":[{"embeddable":true,"href":"https:\/\/vetomshop.hu\/sk\/wp-json\/wp\/v2\/comments?post=4726"}],"wp:featuredmedia":[{"embeddable":true,"href":"https:\/\/vetomshop.hu\/sk\/wp-json\/wp\/v2\/media\/4725"}],"wp:attachment":[{"href":"https:\/\/vetomshop.hu\/sk\/wp-json\/wp\/v2\/media?parent=4726"}],"wp:term":[{"taxonomy":"product_brand","embeddable":true,"href":"https:\/\/vetomshop.hu\/sk\/wp-json\/wp\/v2\/product_brand?post=4726"},{"taxonomy":"product_cat","embeddable":true,"href":"https:\/\/vetomshop.hu\/sk\/wp-json\/wp\/v2\/product_cat?post=4726"},{"taxonomy":"product_tag","embeddable":true,"href":"https:\/\/vetomshop.hu\/sk\/wp-json\/wp\/v2\/product_tag?post=4726"}],"curies":[{"name":"wp","href":"https:\/\/api.w.org\/{rel}","templated":true}]}}