{"id":4730,"date":"2023-11-11T14:33:58","date_gmt":"2023-11-11T13:33:58","guid":{"rendered":"https:\/\/vetomshop.hu\/termek\/oxigenizalo-jelado\/"},"modified":"2023-11-11T14:33:58","modified_gmt":"2023-11-11T13:33:58","slug":"oxigenizalo-jelado","status":"publish","type":"product","link":"https:\/\/vetomshop.hu\/sk\/produkt\/oxigenizalo-jelado\/","title":{"rendered":"Okysli\u010dovac\u00ed vysiela\u010d"},"content":{"rendered":"<h4>Kysl\u00edkov\u00fd \u017eiari\u010d, \u010d. 11.<\/h4>\n<p><strong>Prev\u00e1dzkov\u00fd \u010das:<\/strong> 10 min\u00fat.<\/p>\n<p>Vlnov\u00e1 d\u013a\u017eka zodpoved\u00e1 frekvenci\u00e1m d\u00fdchacieho re\u0165azca (krvn\u00fd hemoglob\u00edn, mitochondrie, fermenty), zlep\u0161uje transport a vyu\u017eitie kysl\u00edka, zvy\u0161uje synt\u00e9zu ATP, podporuje bunkov\u00e9 d\u00fdchanie v tkanive. N\u00edzka frekvencia zodpoved\u00e1 frekvencii imunitn\u00e9ho syst\u00e9mu.<\/p>\n<ul>\n<li>Zlep\u0161uje mikrocirkul\u00e1ciu,<\/li>\n<li>M\u00e1 imunomodula\u010dn\u00fd \u00fa\u010dinok,<\/li>\n<li>Zni\u017euje nedostatok kysl\u00edka v tkaniv\u00e1ch, okysli\u010duje tkaniv\u00e1, m\u00e1 dezagrega\u010dn\u00fd \u00fa\u010dinok (zabra\u0148uje zhlukovaniu erytrocytov a in\u00fdch krviniek), zni\u017euje zr\u00e1\u017eanlivos\u0165 krvi,<\/li>\n<li>Podporuje hojenie r\u00e1n,<\/li>\n<li>Pom\u00e1ha odstra\u0148ova\u0165 jazvy,<\/li>\n<li>M\u00e1 analgetick\u00fd \u00fa\u010dinok,<\/li>\n<li>Pom\u00e1ha detoxikova\u0165 organizmus,<\/li>\n<li>Antispasmodick\u00fd \u00fa\u010dinok,<\/li>\n<li>Podporuje tvorbu krvi, normalizuje krvn\u00fd obraz,<\/li>\n<li>zlep\u0161uje mikrocirkul\u00e1ciu,<\/li>\n<li>M\u00e1 imunomodula\u010dn\u00fd \u00fa\u010dinok,<\/li>\n<li>Zni\u017euje nedostatok kysl\u00edka v tkaniv\u00e1ch, obohacuje tkaniv\u00e1 kysl\u00edkom,<\/li>\n<li>M\u00e1 dezagrega\u010dn\u00fd \u00fa\u010dinok (zabra\u0148uje zhlukovaniu erytrocytov a in\u00fdch krvn\u00fdch buniek), zni\u017euje zr\u00e1\u017eanlivos\u0165 krvi,<\/li>\n<li>Podporuje hojenie r\u00e1n,<\/li>\n<li>Pom\u00e1ha odstra\u0148ova\u0165 jazvy,<\/li>\n<li>M\u00e1 analgetick\u00fd \u00fa\u010dinok,<\/li>\n<li>Pom\u00e1ha detoxikova\u0165 organizmus,<\/li>\n<li>Antispasmodick\u00fd \u00fa\u010dinok,<\/li>\n<li>Podporuje tvorbu krvi, normalizuje krvn\u00fd obraz,<\/li>\n<li>M\u00e1 omladzuj\u00faci \u00fa\u010dinok,<\/li>\n<li>\u0160trukt\u00fary vody.<\/li>\n<\/ul>\n<div class=\"su-spoiler su-spoiler-style-defoult su-spoiler-icon-caret su-spoiler-closed\" data-scroll-offset=\"0\" data-anchor-in-url=\"no\"><div class=\"su-spoiler-title\" tabindex=\"0\" role=\"button\"><span class=\"su-spoiler-icon\"><\/span>V\u0161etky<\/div><div class=\"su-spoiler-content su-u-clearfix su-u-trim\">\n<p>Odpor\u00fa\u010dan\u00e1 oblas\u0165 pou\u017eitia: ve\u013ek\u00e9 cievne z\u00f3ny - \u017eily, tepny, biologicky akt\u00edvne body.<\/p>\n<p><strong>Vz\u0165ahuje sa na:<\/strong><\/p>\n<ul>\n<li>na normaliz\u00e1ciu imunitn\u00e9ho syst\u00e9mu pri ak\u00fatnych a chronick\u00fdch ochoreniach,<\/li>\n<li>zlep\u0161uje celkov\u00fa pohodu, vytrvalos\u0165, koncentr\u00e1ciu v pr\u00edpade fyzickej a psychickej z\u00e1\u0165a\u017ee,<\/li>\n<li>prevencia srdcov\u00e9ho infarktu, m\u0155tvice,<\/li>\n<li>starostlivos\u0165 po infarkte, po mozgovej pr\u00edhode,<\/li>\n<li>ur\u00fdchli\u0165 regenera\u010dn\u00e9 procesy,<\/li>\n<li>o\u0161etrenie r\u00e1n a poopera\u010dn\u00fdch jaziev,<\/li>\n<li>mana\u017ement zlomen\u00edn,<\/li>\n<li>normaliz\u00e1cia krvn\u00e9ho obrazu,<\/li>\n<li>po r\u00e1dioterapii,<\/li>\n<li>rehabilit\u00e1cia po v\u00e1\u017enej chorobe a \u0165a\u017ekej fyzickej pr\u00e1ci,<\/li>\n<li>stimul\u00e1cia mozgov\u00e9ho obehu,2<\/li>\n<li>v kozmetike: pom\u00e1ha poko\u017eke absorbova\u0165 \u017eiviny,<\/li>\n<li>pre \u0161portovcov: zvy\u0161uje vytrvalos\u0165,<\/li>\n<li>pom\u00e1ha \u017eiakom a \u0161tudentom u\u010di\u0165 sa,<\/li>\n<li>na boj proti \u0161kodliv\u00fdm \u00fa\u010dinkom po\u010d\u00edta\u010dov,<\/li>\n<li>pri lie\u010dbe stresu a chronick\u00e9ho \u00fanavov\u00e9ho syndr\u00f3mu,<\/li>\n<li>v oblasti kozmetiky na zlep\u0161enie stavu poko\u017eky,<\/li>\n<li>lie\u010dba alebo prevencia chor\u00f4b zvierat<\/li>\n<\/ul>\n<\/div><\/div>","protected":false},"excerpt":{"rendered":"<p>Oxig\u00e9n sug\u00e1rz\u00f3, 11. sz. M\u0171k\u00f6d\u00e9si ideje: 10 perc. A hull\u00e1mhossz megfelel a l\u00e9gz\u00e9si l\u00e1nc frekvenci\u00e1inak (a v\u00e9r hemoglobinja, mitokondriumok, fermentumok), javul az oxig\u00e9n sz\u00e1ll\u00edt\u00e1sa \u00e9s hasznos\u00edt\u00e1sa, n\u00f6vekszik ATP-szint\u00e9zis, el\u0151seg\u00edti a sz\u00f6vetben a sejtek l\u00e9gz\u00e9s\u00e9t. Az alacsony frekvencia megfelel az immunrendszer frekvenci\u00e1j\u00e1nak. Jav\u00edtja a mikrokering\u00e9st, Immun-modul\u00e1ci\u00f3s hat\u00e1sa van, Cs\u00f6kkenti az oxig\u00e9nhi\u00e1nyt a sz\u00f6vetekben, oxig\u00e9nnel d\u00fas\u00edtja a [&hellip;]<\/p>\n","protected":false},"featured_media":4729,"comment_status":"open","ping_status":"closed","template":"","meta":[],"product_brand":[],"product_cat":[35,32],"product_tag":[],"class_list":{"0":"post-4730","1":"product","2":"type-product","3":"status-publish","4":"has-post-thumbnail","6":"product_cat-csatlakoztathato-jeladok","7":"product_cat-triomed","9":"first","10":"instock","11":"taxable","12":"shipping-taxable","13":"purchasable","14":"product-type-simple"},"_links":{"self":[{"href":"https:\/\/vetomshop.hu\/sk\/wp-json\/wp\/v2\/product\/4730","targetHints":{"allow":["GET"]}}],"collection":[{"href":"https:\/\/vetomshop.hu\/sk\/wp-json\/wp\/v2\/product"}],"about":[{"href":"https:\/\/vetomshop.hu\/sk\/wp-json\/wp\/v2\/types\/product"}],"replies":[{"embeddable":true,"href":"https:\/\/vetomshop.hu\/sk\/wp-json\/wp\/v2\/comments?post=4730"}],"wp:featuredmedia":[{"embeddable":true,"href":"https:\/\/vetomshop.hu\/sk\/wp-json\/wp\/v2\/media\/4729"}],"wp:attachment":[{"href":"https:\/\/vetomshop.hu\/sk\/wp-json\/wp\/v2\/media?parent=4730"}],"wp:term":[{"taxonomy":"product_brand","embeddable":true,"href":"https:\/\/vetomshop.hu\/sk\/wp-json\/wp\/v2\/product_brand?post=4730"},{"taxonomy":"product_cat","embeddable":true,"href":"https:\/\/vetomshop.hu\/sk\/wp-json\/wp\/v2\/product_cat?post=4730"},{"taxonomy":"product_tag","embeddable":true,"href":"https:\/\/vetomshop.hu\/sk\/wp-json\/wp\/v2\/product_tag?post=4730"}],"curies":[{"name":"wp","href":"https:\/\/api.w.org\/{rel}","templated":true}]}}