{"id":4732,"date":"2023-11-11T14:33:59","date_gmt":"2023-11-11T13:33:59","guid":{"rendered":"https:\/\/vetomshop.hu\/termek\/specialis-111-es-jelado\/"},"modified":"2024-07-31T10:25:20","modified_gmt":"2024-07-31T08:25:20","slug":"specialis-111-es-jelado","status":"publish","type":"product","link":"https:\/\/vetomshop.hu\/sk\/produkt\/specialis-111-es-jelado\/","title":{"rendered":"\u0160peci\u00e1lny maj\u00e1k 111"},"content":{"rendered":"<h4>\u0160peci\u00e1lny vysiela\u010d 111 inform\u00e1ci\u00ed<\/h4>\n<p><strong>Prev\u00e1dzkov\u00fd \u010das vysiela\u010da:<\/strong> 15 mp<\/p>\n<p>Jeho \u00fa\u010delom je \u201ezachyti\u0165\u201d inform\u00e1ciu (elektromagnetick\u00e9 vlnov\u00e9 spektrum dan\u00e9ho rozsahu) a \u201eprenies\u0165\u201d ju do vybran\u00e9ho nosi\u010da inform\u00e1cie (napr. vody) alebo biologicky akt\u00edvnej z\u00f3ny s cie\u013eom optimalizova\u0165 funk\u010dn\u00e9 rezervy a zv\u00fd\u0161i\u0165 adapta\u010dn\u00fa kapacitu organizmu, ktor\u00e1 mohla by\u0165 po\u0161koden\u00e1 po\u0161koden\u00edm \u017eivotn\u00e9ho prostredia, chorobou alebo in\u00fdmi pr\u00ed\u010dinami.<\/p>\n<p>Ak chcete \u201ezaznamena\u0165\u201d inform\u00e1cie, pripojte 111. vysiela\u010d k zariadeniu Triomed, pribl\u00ed\u017ete ho k objektu rovn\u00fdm povrchom a stla\u010dte tla\u010didlo \u201eStart\u201d. Spust\u00ed sa odpo\u010d\u00edtavanie - 15 sek\u00fand. A\u017e po uplynut\u00ed naprogramovan\u00e9ho \u010dasu odstr\u00e1\u0148te emitor z objektu. Po\u010das tohto \u010dasu sa na vysiela\u010di \u201eulo\u017eia\u201d inform\u00e1cie o objekte, ktor\u00e9 zostan\u00fa nezmenen\u00e9, k\u00fdm sa vysiela\u010d nepripoj\u00ed k nap\u00e1janiu (k\u00fdm sa zariadenie nespust\u00ed).<\/p>\n<div class=\"su-spoiler su-spoiler-style-defoult su-spoiler-icon-caret su-spoiler-closed\" data-scroll-offset=\"0\" data-anchor-in-url=\"no\"><div class=\"su-spoiler-title\" tabindex=\"0\" role=\"button\"><span class=\"su-spoiler-icon\"><\/span>V\u0161etky<\/div><div class=\"su-spoiler-content su-u-clearfix su-u-trim\">\nAk chcete \u201eprenies\u0165\u201d inform\u00e1cie do vody, pribl\u00ed\u017ete emitor \u010do najbli\u017e\u0161ie k vode (sklo by nemalo by\u0165 hrub\u0161ie ako 2 mm) a hladina vody by mala by\u0165 vy\u0161\u0161ie ako horn\u00fd okraj emitora. Voda by mala by\u0165 \u010dist\u00e1 a bez kyseliny uhli\u010ditej a in\u00fdch pr\u00edsad. Okam\u017eite vypite nieko\u013eko d\u00fa\u0161kov pripravenej \u201einforma\u010dnej\u201d vody - predt\u00fdm, ako ju prelejete do inej n\u00e1doby alebo uskladn\u00edte na dlh\u0161\u00ed \u010das.<\/p>\n<p>Ak chcete dlhodobo zachova\u0165 p\u00f4vodn\u00fd sign\u00e1l, aby ste zabr\u00e1nili n\u00e1hodn\u00e9mu pripojeniu k zariadeniu Triomed, ozna\u010dte vysiela\u010d v\u00fdrazn\u00fdm znakom.<br \/>\n<\/div><\/div>","protected":false},"excerpt":{"rendered":"<p>Speci\u00e1lis 111 sz. inform\u00e1ci\u00f3t r\u00f6gz\u00edt\u0151 sug\u00e1rz\u00f3 A sug\u00e1rz\u00f3 m\u0171k\u00f6d\u00e9si ideje: 15 mp Rendeltet\u00e9se: az inform\u00e1ci\u00f3 (az adott tartom\u00e1ny elektrom\u00e1gneses hull\u00e1mspektrum\u00e1nak) \u201er\u00f6gz\u00edt\u00e9se\u201d, valamint \u201e\u00e1tvitele\u201d a kiv\u00e1lasztott inform\u00e1ci\u00f3hordoz\u00f3ra (pl. v\u00edzre) vagy biol\u00f3giailag akt\u00edv z\u00f3n\u00e1ra a funkcion\u00e1lis tartal\u00e9kok optimaliz\u00e1ci\u00f3ja \u00e9s a szervezet adapt\u00e1ci\u00f3s lehet\u0151s\u00e9geinek n\u00f6vel\u00e9se c\u00e9lj\u00e1b\u00f3l, melyek a k\u00f6rnyezet k\u00e1ros hat\u00e1sai, betegs\u00e9g, vagy egy\u00e9b okok miatt s\u00e9r\u00fcltek. Az [&hellip;]<\/p>\n","protected":false},"featured_media":4731,"comment_status":"open","ping_status":"closed","template":"","meta":[],"product_brand":[],"product_cat":[35,32],"product_tag":[],"class_list":{"0":"post-4732","1":"product","2":"type-product","3":"status-publish","4":"has-post-thumbnail","6":"product_cat-csatlakoztathato-jeladok","7":"product_cat-triomed","9":"first","10":"instock","11":"taxable","12":"shipping-taxable","13":"purchasable","14":"product-type-simple"},"_links":{"self":[{"href":"https:\/\/vetomshop.hu\/sk\/wp-json\/wp\/v2\/product\/4732","targetHints":{"allow":["GET"]}}],"collection":[{"href":"https:\/\/vetomshop.hu\/sk\/wp-json\/wp\/v2\/product"}],"about":[{"href":"https:\/\/vetomshop.hu\/sk\/wp-json\/wp\/v2\/types\/product"}],"replies":[{"embeddable":true,"href":"https:\/\/vetomshop.hu\/sk\/wp-json\/wp\/v2\/comments?post=4732"}],"wp:featuredmedia":[{"embeddable":true,"href":"https:\/\/vetomshop.hu\/sk\/wp-json\/wp\/v2\/media\/4731"}],"wp:attachment":[{"href":"https:\/\/vetomshop.hu\/sk\/wp-json\/wp\/v2\/media?parent=4732"}],"wp:term":[{"taxonomy":"product_brand","embeddable":true,"href":"https:\/\/vetomshop.hu\/sk\/wp-json\/wp\/v2\/product_brand?post=4732"},{"taxonomy":"product_cat","embeddable":true,"href":"https:\/\/vetomshop.hu\/sk\/wp-json\/wp\/v2\/product_cat?post=4732"},{"taxonomy":"product_tag","embeddable":true,"href":"https:\/\/vetomshop.hu\/sk\/wp-json\/wp\/v2\/product_tag?post=4732"}],"curies":[{"name":"wp","href":"https:\/\/api.w.org\/{rel}","templated":true}]}}