{"id":4733,"date":"2023-11-11T14:33:59","date_gmt":"2023-11-11T13:33:59","guid":{"rendered":"https:\/\/vetomshop.hu\/termek\/szabad-legzes-jelado\/"},"modified":"2023-11-11T14:33:59","modified_gmt":"2023-11-11T13:33:59","slug":"szabad-legzes-jelado","status":"publish","type":"product","link":"https:\/\/vetomshop.hu\/sk\/produkt\/szabad-legzes-jelado\/","title":{"rendered":"Vo\u013ene d\u00fdchaj\u00faci vysiela\u010d"},"content":{"rendered":"<h4>\u201eVo\u013en\u00e9 d\u00fdchanie\u201d 16. stor. \u0161peci\u00e1lny vysiela\u010d<\/h4>\n<p>K zariadeniu Triomed MMW<\/p>\n<p>Pou\u017eitie \u0161peci\u00e1lnych \u017eiari\u010dov m\u00e1 cielen\u00fd vplyv na org\u00e1ny a tkaniv\u00e1 \u013eudsk\u00e9ho tela, org\u00e1nov\u00e9 syst\u00e9my a funk\u010dn\u00e9 syst\u00e9my. Bol vyvinut\u00fd na z\u00e1klade gener\u00e1tora BioTrEM \u00ae EMP EHF (medzin\u00e1rodn\u00fd patent EE 05541).<\/p>\n<p>V komplexn\u00fdch lie\u010debn\u00fdch programoch sa pou\u017e\u00edva na prevenciu, lie\u010dbu a rehabilit\u00e1ciu ochoren\u00ed priedu\u0161iek a p\u013e\u00fac (pneum\u00f3nia, bronchit\u00edda, chronick\u00e9 ochorenia bronchi\u00e1lno-p\u013e\u00facneho syst\u00e9mu, bronchi\u00e1lna astma at\u010f.).<\/p>\n<p><strong>Prev\u00e1dzkov\u00e1 doba<\/strong>12 min.<\/p>\n<div class=\"su-spoiler su-spoiler-style-defoult su-spoiler-icon-caret su-spoiler-closed\" data-scroll-offset=\"0\" data-anchor-in-url=\"no\"><div class=\"su-spoiler-title\" tabindex=\"0\" role=\"button\"><span class=\"su-spoiler-icon\"><\/span>V\u0161etky<\/div><div class=\"su-spoiler-content su-u-clearfix su-u-trim\">\n<strong>\u00da\u010dinky \u0161peci\u00e1lneho vysiela\u010da:<\/strong><\/p>\n<ul>\n<li>zlep\u0161enie metabolick\u00fdch procesov v bunk\u00e1ch a tkaniv\u00e1ch bronchi\u00e1lno-p\u013e\u00facneho syst\u00e9mu;<\/li>\n<li>aktiv\u00e1cia z\u00e1kladn\u00fdch funkci\u00ed;<\/li>\n<li>normaliz\u00e1cia imunitn\u00fdch procesov: zmiernenie autoimunitnej agresie a imulomodula\u010dn\u00fdch \u00fa\u010dinkov;<\/li>\n<li>zn\u00ed\u017eenie bronchospazmu;<\/li>\n<li>Zv\u00fd\u0161enie elasticity p\u013e\u00facneho spojivov\u00e9ho tkaniva pri emfyz\u00e9me a pneumoskler\u00f3ze;<\/li>\n<li>normaliz\u00e1cia sekr\u00e9tov a vyka\u0161liavanie.<\/li>\n<\/ul>\n<\/div><\/div>","protected":false},"excerpt":{"rendered":"<p>\u201eSzabad l\u00e9gz\u00e9s\u201d 16. sz. speci\u00e1lis jelad\u00f3 Triomed MMW k\u00e9sz\u00fcl\u00e9khez A speci\u00e1lis sug\u00e1rz\u00f3k haszn\u00e1lata ir\u00e1ny\u00edtott hat\u00e1st gyakorol az emberi test szerveire \u00e9s sz\u00f6veteire, szervrendszereire \u00e9s funkcion\u00e1lis rendszereire. A BioTrEM \u00ae EMP EHF gener\u00e1tor alapj\u00e1n fejlesztett\u00e9k ki (EE 05541 nemzetk\u00f6zi szabadalom). A komplex kezel\u00e9si programokban a h\u00f6rg\u0151k \u00e9s a t\u00fcd\u0151 betegs\u00e9geinek (t\u00fcd\u0151gyullad\u00e1s, h\u00f6rghurut, a h\u00f6rg\u0151-t\u00fcd\u0151 rendszer kr\u00f3nikus [&hellip;]<\/p>\n","protected":false},"featured_media":4729,"comment_status":"open","ping_status":"closed","template":"","meta":[],"product_brand":[],"product_cat":[35,32],"product_tag":[],"class_list":{"0":"post-4733","1":"product","2":"type-product","3":"status-publish","4":"has-post-thumbnail","6":"product_cat-csatlakoztathato-jeladok","7":"product_cat-triomed","9":"first","10":"instock","11":"taxable","12":"shipping-taxable","13":"purchasable","14":"product-type-simple"},"_links":{"self":[{"href":"https:\/\/vetomshop.hu\/sk\/wp-json\/wp\/v2\/product\/4733","targetHints":{"allow":["GET"]}}],"collection":[{"href":"https:\/\/vetomshop.hu\/sk\/wp-json\/wp\/v2\/product"}],"about":[{"href":"https:\/\/vetomshop.hu\/sk\/wp-json\/wp\/v2\/types\/product"}],"replies":[{"embeddable":true,"href":"https:\/\/vetomshop.hu\/sk\/wp-json\/wp\/v2\/comments?post=4733"}],"wp:featuredmedia":[{"embeddable":true,"href":"https:\/\/vetomshop.hu\/sk\/wp-json\/wp\/v2\/media\/4729"}],"wp:attachment":[{"href":"https:\/\/vetomshop.hu\/sk\/wp-json\/wp\/v2\/media?parent=4733"}],"wp:term":[{"taxonomy":"product_brand","embeddable":true,"href":"https:\/\/vetomshop.hu\/sk\/wp-json\/wp\/v2\/product_brand?post=4733"},{"taxonomy":"product_cat","embeddable":true,"href":"https:\/\/vetomshop.hu\/sk\/wp-json\/wp\/v2\/product_cat?post=4733"},{"taxonomy":"product_tag","embeddable":true,"href":"https:\/\/vetomshop.hu\/sk\/wp-json\/wp\/v2\/product_tag?post=4733"}],"curies":[{"name":"wp","href":"https:\/\/api.w.org\/{rel}","templated":true}]}}