{"id":4739,"date":"2023-11-11T14:34:00","date_gmt":"2023-11-11T13:34:00","guid":{"rendered":"https:\/\/vetomshop.hu\/termek\/trio-women-jelado\/"},"modified":"2023-11-11T14:34:00","modified_gmt":"2023-11-11T13:34:00","slug":"trio-women-jelado","status":"publish","type":"product","link":"https:\/\/vetomshop.hu\/sk\/produkt\/trio-women-jelado\/","title":{"rendered":"Maj\u00e1k pre tri \u017eeny"},"content":{"rendered":"<h4>\u0160peci\u00e1lny trio-\u017eensk\u00fd radi\u00e1tor<\/h4>\n<p>Pre \u017eeny, \u010d. 8.<\/p>\n<p>Odpor\u00fa\u010da sa: optimalizova\u0165 funk\u010dn\u00e9 rezervy a adapta\u010dn\u00fa schopnos\u0165 \u013eudsk\u00e9ho organizmu v d\u00f4sledku negat\u00edvnych vplyvov prostredia, \u017eivotn\u00e9ho \u0161t\u00fdlu alebo ochorenia.<\/p>\n<p><strong>Odpor\u00fa\u010dame pre: <\/strong>pre diev\u010dat\u00e1, \u017eeny.<\/p>\n<p><strong>Vplyv:<\/strong> v\u0161eobecn\u00fd \u00fa\u010dinok na podporu zdravia s oh\u013eadom na vlastnosti \u017eensk\u00e9ho organizmu (psycho-emocion\u00e1lna oblas\u0165, neurohumor\u00e1lna regul\u00e1cia).<\/p>\n<p><strong>Mechanizmus \u00fa\u010dinku:<\/strong> Program (nosn\u00e1 frekvencia, n\u00edzkofrekven\u010dn\u00e1 modul\u00e1cia a amplit\u00fadov\u00e9 parametre) bol \u0161peci\u00e1lne navrhnut\u00fd tak, aby pri pou\u017eit\u00ed v syst\u00e9me pom\u00e1hal \u017eensk\u00e9mu telu.<\/p>\n<p>Aplik\u00e1cia r\u00e1dioterapie v priebehu lie\u010dby normalizuje trofick\u00e9 a metabolick\u00e9 procesy v bunk\u00e1ch a tkaniv\u00e1ch, regeneruje ich, m\u00e1 v\u0161eobecn\u00fd harmonizuj\u00faci \u00fa\u010dinok na org\u00e1ny, org\u00e1nov\u00e9 syst\u00e9my a organizmus ako celok a zvy\u0161uje ne\u0161pecifick\u00fa odolnos\u0165 organizmu. Pozit\u00edvne v\u00fdsledky s\u00fa sp\u00f4soben\u00e9 biorezonan\u010dnou sp\u00e4tnou v\u00e4zbou z buniek, at\u00f3mov\u00e9ho fyziologick\u00e9ho syst\u00e9mu a neurogumor\u00e1lneho regula\u010dn\u00e9ho syst\u00e9mu na jednej strane a aktiv\u00e1ciou adapta\u010dn\u00e9ho mechanizmu (v\u0161eobecn\u00fd adapta\u010dn\u00fd syndr\u00f3m) na strane druhej.<\/p>\n<div class=\"su-spoiler su-spoiler-style-defoult su-spoiler-icon-caret su-spoiler-closed\" data-scroll-offset=\"0\" data-anchor-in-url=\"no\"><div class=\"su-spoiler-title\" tabindex=\"0\" role=\"button\"><span class=\"su-spoiler-icon\"><\/span>V\u0161etky<\/div><div class=\"su-spoiler-content su-u-clearfix su-u-trim\">\n<p><strong>Odpor\u00fa\u010dame pre:<\/strong><\/p>\n<ol>\n<li>Pri zn\u00ed\u017eenej pracovnej schopnosti a n\u00e1ladovosti, psycho-emocion\u00e1lnej nestabilite, nespavosti ako n\u00e1sledku chronickej \u00fanavy.<\/li>\n<li>Na lie\u010dbu a prevenciu por\u00fach \u017eensk\u00fdch pohlavn\u00fdch org\u00e1nov a nepr\u00edjemn\u00fdch pr\u00edznakov, ktor\u00e9 sprev\u00e1dzaj\u00fa menopauzu, a na posilnenie plodnosti a sexu\u00e1lneho zdravia.<\/li>\n<li>\u010cast\u00e9 pri prechladnut\u00ed.<\/li>\n<li>\u0160pecifick\u00e1 prevencia chr\u00edpky a prechladnutia.<\/li>\n<li>Oslabenie imunitn\u00e9ho syst\u00e9mu po\u010das zotavovania alebo rehabilit\u00e1cie po chorobe.<\/li>\n<\/ol>\n<\/div><\/div>","protected":false},"excerpt":{"rendered":"<p>Speci\u00e1lis Trio-Women sug\u00e1rz\u00f3 N\u0151k sz\u00e1m\u00e1ra, 8.sz. Javasolt: a funkcion\u00e1lis tartal\u00e9kok \u00e9s az emberi szervezet adapt\u00e1ci\u00f3s lehet\u0151s\u00e9geinek optimiz\u00e1l\u00e1s\u00e1hoz, melyek a negat\u00edv k\u00f6rnyezeti hat\u00e1sok, \u00e9letm\u00f3d vagy betegs\u00e9g k\u00f6vetkezt\u00e9ben l\u00e9ptek fel. Aj\u00e1nlott: l\u00e1nyok, n\u0151k sz\u00e1m\u00e1ra. Hat\u00e1sa: a n\u0151i szervezet jellemz\u0151it figyelembe vev\u0151 (pszicho-emocion\u00e1lis szf\u00e9ra, neurohumor\u00e1lis szab\u00e1lyoz\u00e1s) \u00e1ltal\u00e1nos eg\u00e9szs\u00e9gmeger\u0151s\u00edt\u0151 hat\u00e1s. Hat\u00e1smechanizmus: A program (hordoz\u00f3 frekvencia, alacsony frekvenci\u00e1j\u00fa modul\u00e1ci\u00f3 \u00e9s [&hellip;]<\/p>\n","protected":false},"featured_media":4738,"comment_status":"open","ping_status":"closed","template":"","meta":[],"product_brand":[],"product_cat":[35,32],"product_tag":[],"class_list":{"0":"post-4739","1":"product","2":"type-product","3":"status-publish","4":"has-post-thumbnail","6":"product_cat-csatlakoztathato-jeladok","7":"product_cat-triomed","9":"first","10":"instock","11":"taxable","12":"shipping-taxable","13":"purchasable","14":"product-type-simple"},"_links":{"self":[{"href":"https:\/\/vetomshop.hu\/sk\/wp-json\/wp\/v2\/product\/4739","targetHints":{"allow":["GET"]}}],"collection":[{"href":"https:\/\/vetomshop.hu\/sk\/wp-json\/wp\/v2\/product"}],"about":[{"href":"https:\/\/vetomshop.hu\/sk\/wp-json\/wp\/v2\/types\/product"}],"replies":[{"embeddable":true,"href":"https:\/\/vetomshop.hu\/sk\/wp-json\/wp\/v2\/comments?post=4739"}],"wp:featuredmedia":[{"embeddable":true,"href":"https:\/\/vetomshop.hu\/sk\/wp-json\/wp\/v2\/media\/4738"}],"wp:attachment":[{"href":"https:\/\/vetomshop.hu\/sk\/wp-json\/wp\/v2\/media?parent=4739"}],"wp:term":[{"taxonomy":"product_brand","embeddable":true,"href":"https:\/\/vetomshop.hu\/sk\/wp-json\/wp\/v2\/product_brand?post=4739"},{"taxonomy":"product_cat","embeddable":true,"href":"https:\/\/vetomshop.hu\/sk\/wp-json\/wp\/v2\/product_cat?post=4739"},{"taxonomy":"product_tag","embeddable":true,"href":"https:\/\/vetomshop.hu\/sk\/wp-json\/wp\/v2\/product_tag?post=4739"}],"curies":[{"name":"wp","href":"https:\/\/api.w.org\/{rel}","templated":true}]}}