{"id":4741,"date":"2023-11-11T14:34:00","date_gmt":"2023-11-11T13:34:00","guid":{"rendered":"https:\/\/vetomshop.hu\/termek\/sigma-medal\/"},"modified":"2023-11-11T14:34:00","modified_gmt":"2023-11-11T13:34:00","slug":"sigma-medal","status":"publish","type":"product","link":"https:\/\/vetomshop.hu\/sk\/produkt\/sigma-medal\/","title":{"rendered":"Medaila Sigma"},"content":{"rendered":"<p>A <strong>Zdravotn\u00e1 medaila SIGMA<\/strong> je obnovi\u0165 norm\u00e1lne fyziologick\u00e9 procesy vlasov\u00fdch folikulov, zv\u00fd\u0161i\u0165 ich odolnos\u0165 vo\u010di nepriazniv\u00fdm faktorom prostredia a zv\u00fd\u0161en\u00e9mu stresu, pred\u013a\u017ei\u0165 f\u00e1zu rastu vlasov a t\u00fdm zv\u00fd\u0161i\u0165 celkov\u00fa hustotu vlasov.<\/p>\n<p><strong>\u00da\u010dinky:<\/strong><\/p>\n<ul>\n<li>normalizuje krvn\u00fd obeh, imunitn\u00fd stav a metabolizmus vo vlasov\u00fdch folikuloch, \u010d\u00edm zabra\u0148uje vzniku atrofie;<\/li>\n<li>zni\u017euje intenzitu z\u00e1palov\u00fdch procesov v ko\u017ei a vlasov\u00fdch folikuloch;<\/li>\n<li>pom\u00e1ha normalizova\u0165 metabolick\u00e9 procesy v poko\u017eke a v celom tele; zabra\u0148uje vzniku alop\u00e9cie areata (nerovnomern\u00e9 vypad\u00e1vanie vlasov).<\/li>\n<\/ul>\n<p>Zdravotn\u00fd pr\u00edvesok SIGMA m\u00e1 pozit\u00edvny vplyv na stav telesn\u00fdch funkci\u00ed, m\u00f4\u017ee sa pou\u017ei\u0165 ako n\u00e1stroj na optimaliz\u00e1ciu a korekciu v kombin\u00e1cii s in\u00fdmi lie\u010debn\u00fdmi postupmi pri alop\u00e9cii areata (nerovnomern\u00e9 vypad\u00e1vanie vlasov)<br \/>\na in\u00e9 met\u00f3dy prevencie.<\/p>\n<div class=\"su-spoiler su-spoiler-style-defoult su-spoiler-icon-caret su-spoiler-closed\" data-scroll-offset=\"0\" data-anchor-in-url=\"no\"><div class=\"su-spoiler-title\" tabindex=\"0\" role=\"button\"><span class=\"su-spoiler-icon\"><\/span>V\u0161etky<\/div><div class=\"su-spoiler-content su-u-clearfix su-u-trim\">\n<p><strong>Typy nerovnomern\u00e9ho vypad\u00e1vania vlasov:<\/strong><\/p>\n<p>Pod\u013ea rozsahu vypad\u00e1vania vlasov sa nerovnomern\u00e9 vypad\u00e1vanie vlasov del\u00ed na tieto typy:<\/p>\n<ul>\n<li>Alopecia areata unilocularis: vlasy vypad\u00e1vaj\u00fa len v jednom mieste<\/li>\n<li>Alopecia areata multilocularis: viacn\u00e1sobn\u00e9 zjazvenie<\/li>\n<li>Alopecia areata subtotalis: vlasy vypad\u00e1vaj\u00fa takmer po celej poko\u017eke hlavy3<\/li>\n<li>Alopecia areata totalis: vypad\u00e1vaj\u00fa v\u0161etky vlasy z poko\u017eky hlavy Alopecia areata universalis: vypad\u00e1vanie vlasov postihuje poko\u017eku hlavy a cel\u00e9 telo<\/li>\n<li>Typ ofi\u00e1zy: \u0161pecifick\u00e1 forma alop\u00e9cie, pre ktor\u00fa je charakteristick\u00e9 vypad\u00e1vanie vlasov najm\u00e4 z vonkaj\u0161\u00edch \u010dast\u00ed poko\u017eky hlavy, zvy\u010dajne zo zadnej \u010dasti hlavy, niekedy aj z<br \/>\nzo sp\u00e1nkov alebo z \u010dela.<\/li>\n<\/ul>\n<p>Okrem vy\u0161\u0161ie uveden\u00fdch typov mo\u017eno SIGMA Medallion pou\u017ei\u0165 aj v pr\u00edpadoch vypad\u00e1vania vlasov sp\u00f4soben\u00e9ho chemoterapiou, r\u00e1dioterapiou alebo endokrinnou dysfunkciou.<\/p>\n<\/div><\/div>","protected":false},"excerpt":{"rendered":"<p>A SIGMA Eg\u00e9szs\u00e9g Med\u00e1l feladata a sz\u0151rt\u00fcsz\u0151k norm\u00e1l fiziol\u00f3giai folyamatainak helyre\u00e1ll\u00edt\u00e1sa, a kedvez\u0151tlen k\u00f6rnyezeti t\u00e9nyez\u0151kkel \u00e9s a megn\u00f6vekedett stresszterhel\u00e9ssel szembeni ellen\u00e1ll\u00f3 k\u00e9pess\u00e9g\u00fck n\u00f6vel\u00e9se, a hajn\u00f6veked\u00e9s szakasz\u00e1nak meghosszabb\u00edt\u00e1sa, ez\u00e1ltal a teljes hajs\u0171r\u0171s\u00e9g n\u00f6vel\u00e9se. Hat\u00e1sok: normaliz\u00e1lja a v\u00e9rkering\u00e9st, az immun\u00e1llapotot \u00e9s az anyagcser\u00e9t a sz\u0151rt\u00fcsz\u0151kben, megel\u0151zve az atr\u00f3fia kialakul\u00e1s\u00e1t; cs\u00f6kkenti a b\u0151r \u00e9s a sz\u0151rt\u00fcsz\u0151k gyullad\u00e1sos folyamatainak [&hellip;]<\/p>\n","protected":false},"featured_media":4740,"comment_status":"open","ping_status":"closed","template":"","meta":[],"product_brand":[],"product_cat":[33,32],"product_tag":[],"class_list":{"0":"post-4741","1":"product","2":"type-product","3":"status-publish","4":"has-post-thumbnail","6":"product_cat-egeszseg-medalok","7":"product_cat-triomed","9":"first","10":"instock","11":"taxable","12":"shipping-taxable","13":"purchasable","14":"product-type-simple"},"_links":{"self":[{"href":"https:\/\/vetomshop.hu\/sk\/wp-json\/wp\/v2\/product\/4741","targetHints":{"allow":["GET"]}}],"collection":[{"href":"https:\/\/vetomshop.hu\/sk\/wp-json\/wp\/v2\/product"}],"about":[{"href":"https:\/\/vetomshop.hu\/sk\/wp-json\/wp\/v2\/types\/product"}],"replies":[{"embeddable":true,"href":"https:\/\/vetomshop.hu\/sk\/wp-json\/wp\/v2\/comments?post=4741"}],"wp:featuredmedia":[{"embeddable":true,"href":"https:\/\/vetomshop.hu\/sk\/wp-json\/wp\/v2\/media\/4740"}],"wp:attachment":[{"href":"https:\/\/vetomshop.hu\/sk\/wp-json\/wp\/v2\/media?parent=4741"}],"wp:term":[{"taxonomy":"product_brand","embeddable":true,"href":"https:\/\/vetomshop.hu\/sk\/wp-json\/wp\/v2\/product_brand?post=4741"},{"taxonomy":"product_cat","embeddable":true,"href":"https:\/\/vetomshop.hu\/sk\/wp-json\/wp\/v2\/product_cat?post=4741"},{"taxonomy":"product_tag","embeddable":true,"href":"https:\/\/vetomshop.hu\/sk\/wp-json\/wp\/v2\/product_tag?post=4741"}],"curies":[{"name":"wp","href":"https:\/\/api.w.org\/{rel}","templated":true}]}}