{"id":4743,"date":"2023-11-11T14:34:00","date_gmt":"2023-11-11T13:34:00","guid":{"rendered":"https:\/\/vetomshop.hu\/termek\/siker-medal\/"},"modified":"2023-11-11T14:34:00","modified_gmt":"2023-11-11T13:34:00","slug":"siker-medal","status":"publish","type":"product","link":"https:\/\/vetomshop.hu\/sk\/produkt\/siker-medal\/","title":{"rendered":"Medaila za \u00faspech"},"content":{"rendered":"<h4>Medaila za \u00faspech pre deti<\/h4>\n<p><strong>\u00da\u010del:<\/strong><\/p>\n<p>Kognit\u00edvne funkcie (kognit\u00edvne procesy) -<\/p>\n<ol>\n<li>pozornos\u0165, pozorovanie<\/li>\n<li>detekcia-detekcia<\/li>\n<li>pam\u00e4\u0165<\/li>\n<li>funkcie myslenia<\/li>\n<\/ol>\n<p>- ako doplnkov\u00fd n\u00e1stroj na aktiv\u00e1ciu, proti \u00fanave z u\u010denia a na zlep\u0161enie emocion\u00e1lnej pohody.<\/p>\n<p>Podporuje zotavenie z v\u00fdrazn\u00e9ho informa\u010dn\u00e9ho pre\u0165a\u017eenia, predch\u00e1dza syndr\u00f3mu chronickej \u00fanavy a vy\u010derpania.<\/p>\n<div class=\"su-spoiler su-spoiler-style-defoult su-spoiler-icon-caret su-spoiler-closed\" data-scroll-offset=\"0\" data-anchor-in-url=\"no\"><div class=\"su-spoiler-title\" tabindex=\"0\" role=\"button\"><span class=\"su-spoiler-icon\"><\/span>V\u0161etky<\/div><div class=\"su-spoiler-content su-u-clearfix su-u-trim\">\n<h4>Kr\u00e1tky popis<\/h4>\n<p>Inform\u00e1cie zaznamenan\u00e9 na elektronickom nosi\u010di inform\u00e1ci\u00ed - medaile zdravia SIKER - zodpovedaj\u00fa spektru elektromagnetick\u00fdch vibr\u00e1ci\u00ed buniek a tkan\u00edv centr\u00e1lnej nervovej s\u00fastavy a vibr\u00e1ci\u00e1m (elektromagnetick\u00e9mu spektru) antihomotoxick\u00fdch l\u00e1tok, ktor\u00e9 zvy\u0161uj\u00fa du\u0161evn\u00fa pracovn\u00fa kapacitu, antistresov\u00fa stabilitu \u0161tudentov a du\u0161evne pracuj\u00facich a udr\u017eiavaj\u00fa optim\u00e1lne psycho-emocion\u00e1lne z\u00e1zemie. \u010cinnos\u0165 \u0161tudentov je sprev\u00e1dzan\u00e1 vysokou intenzitou du\u0161evn\u00fdch procesov v podmienkach \u010dasov\u00e9ho tlaku a vysokej hustoty inform\u00e1ci\u00ed, ktor\u00e9 maj\u00fa charakter stresu. Myslenie zah\u0155\u0148a akt\u00edvne aspekty pozn\u00e1vania: pozornos\u0165, vn\u00edmanie, asocia\u010dn\u00e9 procesy, tvorbu pojmov a hodnoten\u00ed, ktor\u00e9 s\u00fa s\u00fa\u010das\u0165ou re\u00e1lnej \u010dinnosti soci\u00e1lneho \u010dloveka.<\/p>\n<p>Myslenie s\u00favis\u00ed s \u010dinnos\u0165ou mozgu, ale schopnos\u0165 abstraktne myslie\u0165 poch\u00e1dza z osvojenia si praktickej existencie, jazykov\u00fdch pravidiel, logiky, kult\u00fary. Myslenie prebieha v r\u00f4znych form\u00e1ch intelektu\u00e1lnej a praktickej \u010dinnosti, v priebehu ktorej sa zov\u0161eobec\u0148uj\u00fa a agreguj\u00fa pozn\u00e1vacie sk\u00fasenosti \u013eud\u00ed. Myslenie sa pova\u017euje za zdroj a z\u00e1kladn\u00fd prostriedok skuto\u010dnej \u013eudskej existencie.<\/p>\n<\/div><\/div>","protected":false},"excerpt":{"rendered":"<p>Siker Med\u00e1l gyerekeknek Rendeltet\u00e9se: A kognit\u00edv funkci\u00f3k (megismer\u0151 folyamatok) &#8211; figyelem, megfigyel\u0151k\u00e9pess\u00e9g \u00e9rz\u00e9kel\u00e9s-\u00e9szlel\u00e9s eml\u00e9kezet gondolkod\u00e1si funkci\u00f3k &#8211; aktiv\u00e1l\u00e1s\u00e1t seg\u00edt\u0151, a tanul\u00e1st k\u00eds\u00e9r\u0151 f\u00e1radts\u00e1g ellens\u00falyoz\u00e1s\u00e1t \u00e9s az emocion\u00e1lis k\u00f6z\u00e9rzet jav\u00edt\u00e1s\u00e1t szolg\u00e1l\u00f3 kieg\u00e9sz\u00edt\u0151 eszk\u00f6z. T\u00e1mogatja a jelent\u0151s inform\u00e1ci\u00f3s megterhel\u00e9s ut\u00e1ni helyre\u00e1ll\u00edt\u00e1st, a kr\u00f3nikus f\u00e1radts\u00e1g \u00e9s kimer\u00fclts\u00e9g szindr\u00f3ma megel\u0151z\u00e9s\u00e9t.<\/p>","protected":false},"featured_media":4742,"comment_status":"open","ping_status":"closed","template":"","meta":[],"product_brand":[],"product_cat":[33,32],"product_tag":[],"class_list":{"0":"post-4743","1":"product","2":"type-product","3":"status-publish","4":"has-post-thumbnail","6":"product_cat-egeszseg-medalok","7":"product_cat-triomed","9":"first","10":"instock","11":"taxable","12":"shipping-taxable","13":"purchasable","14":"product-type-simple"},"_links":{"self":[{"href":"https:\/\/vetomshop.hu\/sk\/wp-json\/wp\/v2\/product\/4743","targetHints":{"allow":["GET"]}}],"collection":[{"href":"https:\/\/vetomshop.hu\/sk\/wp-json\/wp\/v2\/product"}],"about":[{"href":"https:\/\/vetomshop.hu\/sk\/wp-json\/wp\/v2\/types\/product"}],"replies":[{"embeddable":true,"href":"https:\/\/vetomshop.hu\/sk\/wp-json\/wp\/v2\/comments?post=4743"}],"wp:featuredmedia":[{"embeddable":true,"href":"https:\/\/vetomshop.hu\/sk\/wp-json\/wp\/v2\/media\/4742"}],"wp:attachment":[{"href":"https:\/\/vetomshop.hu\/sk\/wp-json\/wp\/v2\/media?parent=4743"}],"wp:term":[{"taxonomy":"product_brand","embeddable":true,"href":"https:\/\/vetomshop.hu\/sk\/wp-json\/wp\/v2\/product_brand?post=4743"},{"taxonomy":"product_cat","embeddable":true,"href":"https:\/\/vetomshop.hu\/sk\/wp-json\/wp\/v2\/product_cat?post=4743"},{"taxonomy":"product_tag","embeddable":true,"href":"https:\/\/vetomshop.hu\/sk\/wp-json\/wp\/v2\/product_tag?post=4743"}],"curies":[{"name":"wp","href":"https:\/\/api.w.org\/{rel}","templated":true}]}}