{"id":4745,"date":"2023-11-11T14:34:01","date_gmt":"2023-11-11T13:34:01","guid":{"rendered":"https:\/\/vetomshop.hu\/termek\/solo-medal\/"},"modified":"2023-11-11T14:34:01","modified_gmt":"2023-11-11T13:34:01","slug":"solo-medal","status":"publish","type":"product","link":"https:\/\/vetomshop.hu\/sk\/produkt\/solo-medal\/","title":{"rendered":"S\u00f3lo pr\u00edvesok"},"content":{"rendered":"<h4>Medaila SOLO za zdravie<\/h4>\n<p><strong>Hlavn\u00e9 funkcie:<\/strong><\/p>\n<p>Solo medaila je doplnkov\u00fdm n\u00e1strojom na podporu obrann\u00fdch mechanizmov organizmu a aktiv\u00e1ciu imunitn\u00e9ho syst\u00e9mu.<\/p>\n<p>Najviac pom\u00e1ha pri v\u00edrusov\u00fdch a bakteri\u00e1lnych infekci\u00e1ch.<\/p>\n<p><strong>Vplyv:<\/strong><\/p>\n<ul>\n<li>na podporu posilnenia imunitn\u00e9ho syst\u00e9mu, na podporu zn\u00ed\u017eenej reakcie na alerg\u00e9ny,<\/li>\n<li>podpora zotavenia z v\u00edrusov\u00fdch ochoren\u00ed,<\/li>\n<li>podpora odstra\u0148ovania toxick\u00fdch l\u00e1tok,<\/li>\n<li>podporuj\u00fa antibakteri\u00e1lne a antiv\u00edrusov\u00e9 \u00fa\u010dinky.<\/li>\n<\/ul>\n<p><strong>Kedy ho pou\u017ei\u0165?<\/strong><\/p>\n<div class=\"su-spoiler su-spoiler-style-defoult su-spoiler-icon-caret su-spoiler-closed\" data-scroll-offset=\"0\" data-anchor-in-url=\"no\"><div class=\"su-spoiler-title\" tabindex=\"0\" role=\"button\"><span class=\"su-spoiler-icon\"><\/span>V\u0161etky<\/div><div class=\"su-spoiler-content su-u-clearfix su-u-trim\">\nSolo Pendant m\u00e1 pozit\u00edvny vplyv na funk\u010dn\u00e9 fungovanie organizmu a m\u00f4\u017ee sa pou\u017ei\u0165 ako \u010fal\u0161\u00ed korek\u010dn\u00fd a optimaliza\u010dn\u00fd n\u00e1stroj pri prevencii a lie\u010dbe t\u00fdchto ochoren\u00ed:<\/p>\n<ul>\n<li>pre horn\u00e9 bakteri\u00e1lne a v\u00edrusov\u00e9 ochorenia d\u00fdchac\u00edch ciest;<\/li>\n<li>pri z\u00e1palov\u00fdch ochoreniach, pr\u00edpadoch bakteri\u00e1lno-alergickej povahy, rinit\u00edde, faryngit\u00edde, laryngit\u00edde, bronchit\u00edde;<\/li>\n<li>v po\u010diato\u010dn\u00fdch \u0161t\u00e1di\u00e1ch autoimunitn\u00fdch ochoren\u00ed (bronchi\u00e1lna astma, astmatick\u00e1 bronchit\u00edda, reumatoidn\u00e1 artrit\u00edda, pyelo- a glumerulonefrit\u00edda - z\u00e1pal obli\u010diek, autoimunitn\u00e9 ochorenie \u0161t\u00edtnej \u017e\u013eazy, chlop\u0148ov\u00e9 ochorenie srdca sp\u00f4soben\u00e9 reumou, endotelov\u00e9 cievne ochorenie, streptokokov\u00e1 a stafylokokov\u00e1 dermatit\u00edda).<\/li>\n<\/ul>\n<p>D\u00f4le\u017eit\u00e9 upozornenie: Ak sa u v\u00e1s objavia pr\u00edznaky ochorenia horn\u00fdch a doln\u00fdch d\u00fdchac\u00edch ciest, vyh\u013eadajte lek\u00e1rsku pomoc. Solo Medal pou\u017e\u00edvajte ako doplnkov\u00fd n\u00e1stroj k lie\u010debn\u00fdm met\u00f3dam odpor\u00fa\u010dan\u00fdm lek\u00e1rom na podporu v\u00e1\u0161ho uzdravenia.<\/p>\n<\/div><\/div>","protected":false},"excerpt":{"rendered":"<p>SOLO Eg\u00e9szs\u00e9g Med\u00e1l F\u0151 funkci\u00f3i: A Solo Med\u00e1l kieg\u00e9sz\u00edt\u0151 eszk\u00f6z, mely a szervezet v\u00e9dekez\u0151 mechanizmusait \u00e9s az immunrendszer aktiv\u00e1l\u00e1s\u00e1t t\u00e1mogatja. V\u00edrusos \u00e9s bakteri\u00e1lis fert\u0151z\u00e9sek eset\u00e9n ny\u00fajtja a legnagyobb seg\u00edts\u00e9get. Hat\u00e1sa: immunrendszer er\u0151s\u00edt\u00e9s\u00e9nek t\u00e1mogat\u00e1sa, az allerg\u00e9nekre val\u00f3 cs\u00f6kkent reakci\u00f3 el\u00e9r\u00e9s\u00e9nek t\u00e1mogat\u00e1sa, a v\u00edrusos megbeteged\u00e9sek gy\u00f3gyul\u00e1s\u00e1nak t\u00e1mogat\u00e1sa, a toxikus anyagok kivezet\u00e9s\u00e9nek t\u00e1mogat\u00e1sa, antibakteri\u00e1lis \u00e9s v\u00edrus\u00f6l\u0151 hat\u00e1s t\u00e1mogat\u00e1sa. [&hellip;]<\/p>\n","protected":false},"featured_media":4744,"comment_status":"open","ping_status":"closed","template":"","meta":[],"product_brand":[],"product_cat":[33,32],"product_tag":[],"class_list":{"0":"post-4745","1":"product","2":"type-product","3":"status-publish","4":"has-post-thumbnail","6":"product_cat-egeszseg-medalok","7":"product_cat-triomed","9":"first","10":"instock","11":"taxable","12":"shipping-taxable","13":"purchasable","14":"product-type-simple"},"_links":{"self":[{"href":"https:\/\/vetomshop.hu\/sk\/wp-json\/wp\/v2\/product\/4745","targetHints":{"allow":["GET"]}}],"collection":[{"href":"https:\/\/vetomshop.hu\/sk\/wp-json\/wp\/v2\/product"}],"about":[{"href":"https:\/\/vetomshop.hu\/sk\/wp-json\/wp\/v2\/types\/product"}],"replies":[{"embeddable":true,"href":"https:\/\/vetomshop.hu\/sk\/wp-json\/wp\/v2\/comments?post=4745"}],"wp:featuredmedia":[{"embeddable":true,"href":"https:\/\/vetomshop.hu\/sk\/wp-json\/wp\/v2\/media\/4744"}],"wp:attachment":[{"href":"https:\/\/vetomshop.hu\/sk\/wp-json\/wp\/v2\/media?parent=4745"}],"wp:term":[{"taxonomy":"product_brand","embeddable":true,"href":"https:\/\/vetomshop.hu\/sk\/wp-json\/wp\/v2\/product_brand?post=4745"},{"taxonomy":"product_cat","embeddable":true,"href":"https:\/\/vetomshop.hu\/sk\/wp-json\/wp\/v2\/product_cat?post=4745"},{"taxonomy":"product_tag","embeddable":true,"href":"https:\/\/vetomshop.hu\/sk\/wp-json\/wp\/v2\/product_tag?post=4745"}],"curies":[{"name":"wp","href":"https:\/\/api.w.org\/{rel}","templated":true}]}}