{"id":4747,"date":"2023-11-11T14:34:01","date_gmt":"2023-11-11T13:34:01","guid":{"rendered":"https:\/\/vetomshop.hu\/termek\/siker-plus-medal\/"},"modified":"2023-11-11T14:34:01","modified_gmt":"2023-11-11T13:34:01","slug":"siker-plus-medal","status":"publish","type":"product","link":"https:\/\/vetomshop.hu\/sk\/produkt\/siker-plus-medal\/","title":{"rendered":"Medaila Success Plus"},"content":{"rendered":"<p>A <strong>\u201eSIKER PLUS\u201d<\/strong> inform\u00e1cie ulo\u017een\u00e9 na pr\u00edvesku zodpovedaj\u00fa spektru elektromagnetick\u00fdch buniek a tkan\u00edv centr\u00e1lneho nervov\u00e9ho syst\u00e9mu, ako aj antihomotoxick\u00fdm l\u00e1tkam, ktor\u00e9 zvy\u0161uj\u00fa du\u0161evn\u00fa v\u00fdkonnos\u0165, odolnos\u0165 \u010dloveka vo\u010di stresu a udr\u017eiavaj\u00fa optim\u00e1lne emocion\u00e1lne z\u00e1zemie.<\/p>\n<p><strong>Vplyv:<\/strong><\/p>\n<ul>\n<li>pom\u00e1ha zlep\u0161ova\u0165 pam\u00e4\u0165;<\/li>\n<li>zvy\u0161uje r\u00fdchlos\u0165 myslenia;<\/li>\n<li>pom\u00e1ha s\u00fastredi\u0165 sa, zvy\u0161uje pozornos\u0165;<\/li>\n<li>zni\u017euje pocit \u00fanavy po\u010das aktivity\/pracovnej \u010dinnosti;<\/li>\n<li>zni\u017euje neurohumor\u00e1lny stres po\u010das pr\u00e1ce s po\u010d\u00edta\u010dom;<\/li>\n<li>zlep\u0161uje psychologick\u00e9 (emocion\u00e1lne) z\u00e1zemie;<\/li>\n<li>pom\u00e1ha predch\u00e1dza\u0165 vzniku chronick\u00e9ho stresu a \u00fanavy, syndr\u00f3mu vyhorenia.<\/li>\n<\/ul>\n<div class=\"su-spoiler su-spoiler-style-defoult su-spoiler-icon-caret su-spoiler-closed\" data-scroll-offset=\"0\" data-anchor-in-url=\"no\"><div class=\"su-spoiler-title\" tabindex=\"0\" role=\"button\"><span class=\"su-spoiler-icon\"><\/span>V\u0161etky<\/div><div class=\"su-spoiler-content su-u-clearfix su-u-trim\">\n<strong>Mo\u017eno pou\u017ei\u0165 pr\u00edvesok \u201eSIKER PLUS\u201d:<\/strong><\/p>\n<ul>\n<li>na zv\u00fd\u0161enie du\u0161evnej v\u00fdkonnosti,<\/li>\n<li>prisp\u00f4sobi\u0165 sa v\u00e4\u010d\u0161iemu za\u0165a\u017eeniu,<\/li>\n<li>na zlep\u0161enie pam\u00e4te, pozornosti,<\/li>\n<li>po\u010das obdobia intenz\u00edvneho pracovn\u00e9ho za\u0165a\u017eenia - \u201ebrainstorming\u201d at\u010f.<\/li>\n<\/ul>\n<\/div><\/div>","protected":false},"excerpt":{"rendered":"<p>A &#8222;SIKER PLUS&#8221; med\u00e1lon t\u00e1rolt inform\u00e1ci\u00f3 megfelel a k\u00f6zponti idegrendszer elektrom\u00e1gneses sejtjeinek \u00e9s sz\u00f6veteinek spektrum\u00e1nak, valamint az antihomotoxikus szereknek, amelyek fokozz\u00e1k a ment\u00e1lis teljes\u00edtm\u00e9nyt, az emberi ellen\u00e1ll\u00e1st a stresszre, \u00e9s megtartj\u00e1k az optim\u00e1lis \u00e9rzelmi h\u00e1tteret. Hat\u00e1sa: seg\u00edt a mem\u00f3ria jav\u00edt\u00e1s\u00e1ban; n\u00f6veli a gondolkod\u00e1s sebess\u00e9g\u00e9t; el\u0151seg\u00edti a koncentr\u00e1ci\u00f3t, n\u00f6veli a figyelmet; cs\u00f6kkenti a f\u00e1radts\u00e1g \u00e9rz\u00e9st az [&hellip;]<\/p>\n","protected":false},"featured_media":4746,"comment_status":"open","ping_status":"closed","template":"","meta":[],"product_brand":[],"product_cat":[33,32],"product_tag":[],"class_list":{"0":"post-4747","1":"product","2":"type-product","3":"status-publish","4":"has-post-thumbnail","6":"product_cat-egeszseg-medalok","7":"product_cat-triomed","9":"first","10":"instock","11":"taxable","12":"shipping-taxable","13":"purchasable","14":"product-type-simple"},"_links":{"self":[{"href":"https:\/\/vetomshop.hu\/sk\/wp-json\/wp\/v2\/product\/4747","targetHints":{"allow":["GET"]}}],"collection":[{"href":"https:\/\/vetomshop.hu\/sk\/wp-json\/wp\/v2\/product"}],"about":[{"href":"https:\/\/vetomshop.hu\/sk\/wp-json\/wp\/v2\/types\/product"}],"replies":[{"embeddable":true,"href":"https:\/\/vetomshop.hu\/sk\/wp-json\/wp\/v2\/comments?post=4747"}],"wp:featuredmedia":[{"embeddable":true,"href":"https:\/\/vetomshop.hu\/sk\/wp-json\/wp\/v2\/media\/4746"}],"wp:attachment":[{"href":"https:\/\/vetomshop.hu\/sk\/wp-json\/wp\/v2\/media?parent=4747"}],"wp:term":[{"taxonomy":"product_brand","embeddable":true,"href":"https:\/\/vetomshop.hu\/sk\/wp-json\/wp\/v2\/product_brand?post=4747"},{"taxonomy":"product_cat","embeddable":true,"href":"https:\/\/vetomshop.hu\/sk\/wp-json\/wp\/v2\/product_cat?post=4747"},{"taxonomy":"product_tag","embeddable":true,"href":"https:\/\/vetomshop.hu\/sk\/wp-json\/wp\/v2\/product_tag?post=4747"}],"curies":[{"name":"wp","href":"https:\/\/api.w.org\/{rel}","templated":true}]}}