{"id":4751,"date":"2023-11-11T14:34:02","date_gmt":"2023-11-11T13:34:02","guid":{"rendered":"https:\/\/vetomshop.hu\/termek\/vita-medal\/"},"modified":"2023-11-11T14:34:02","modified_gmt":"2023-11-11T13:34:02","slug":"vita-medal","status":"publish","type":"product","link":"https:\/\/vetomshop.hu\/sk\/produkt\/vita-medal\/","title":{"rendered":"Medaila za debatu"},"content":{"rendered":"<h4>Medaila za debatu<\/h4>\n<p><strong>Hlavn\u00e1 funkcia:\u00a0<\/strong>Je to doplnkov\u00fd n\u00e1stroj na prevenciu a doplnkov\u00fa lie\u010dbu ochoren\u00ed tr\u00e1viaceho traktu a na aktiv\u00e1ciu regenera\u010dn\u00fdch procesov po ochoreniach.<\/p>\n<p><strong>Kr\u00e1tky popis<\/strong><\/p>\n<p>Spektr\u00e1lny vzor zaznamenan\u00fd na medail\u00f3ne Vita Health zodpoved\u00e1 vibr\u00e1ci\u00e1m org\u00e1nov, tkan\u00edv a org\u00e1nov tr\u00e1viaceho traktu. Zodpoved\u00e1<br \/>\nvibr\u00e1cie antihomotoxick\u00fdch liekov, ktor\u00e9 maj\u00fa imunomodula\u010dn\u00e9, protiz\u00e1palov\u00e9, desenzibilizuj\u00face (znecitlivuj\u00face) \u00fa\u010dinky.<\/p>\n<p>Tr\u00e1viaca s\u00fastava je s\u00fabor fyzik\u00e1lnych, chemick\u00fdch a fyziologick\u00fdch procesov, ktor\u00fdmi sa skonzumovan\u00e1 potrava premie\u0148a na jednoduch\u00e9 chemick\u00e9 v\u00e4zby a asimiluje sa v bunk\u00e1ch.<\/p>\n<div class=\"su-spoiler su-spoiler-style-defoult su-spoiler-icon-caret su-spoiler-closed\" data-scroll-offset=\"0\" data-anchor-in-url=\"no\"><div class=\"su-spoiler-title\" tabindex=\"0\" role=\"button\"><span class=\"su-spoiler-icon\"><\/span>V\u0161etky<\/div><div class=\"su-spoiler-content su-u-clearfix su-u-trim\">\nTieto procesy prebiehaj\u00fa v ur\u010ditom porad\u00ed v tr\u00e1viacom trakte (\u00fastna dutina, hrdlo, pa\u017eer\u00e1k, \u017eal\u00fadok, tenk\u00e9 a hrub\u00e9 \u010drevo, pe\u010de\u0148, \u017el\u010d a pankreas). Proces prebieha pomocou regula\u010dn\u00fdch mechanizmov na r\u00f4znych \u00farovniach. Postupn\u00fd proces, pri ktorom sa potrava rozklad\u00e1 na monom\u00e9ry, ktor\u00e9 sa m\u00f4\u017eu vstreba\u0165, je podstatou fungovania tr\u00e1viacej s\u00fastavy.<br \/>\n<\/div><\/div>","protected":false},"excerpt":{"rendered":"<p>Vita Med\u00e1l F\u0151 funkci\u00f3ja:\u00a0Kieg\u00e9sz\u00edt\u0151 eszk\u00f6z a az em\u00e9szt\u0151rendszeri betegs\u00e9gek megel\u0151z\u00e9s\u00e9re \u00e9s kieg\u00e9sz\u00edt\u0151 kezel\u00e9s\u00e9re, a betegs\u00e9gek ut\u00e1ni regener\u00e1ci\u00f3s folyamatok aktiv\u00e1l\u00e1s\u00e1ra. R\u00f6vid ismertet\u0151 A spektr\u00e1lis minta, mely a Vita Eg\u00e9szs\u00e9g Med\u00e1lon van r\u00f6gz\u00edtve, megfelel az em\u00e9szt\u0151rendszer szervei, sz\u00f6vetei \u00e9s szervei rezg\u00e9s\u00e9nek. Megfelel azoknak az antihomotoxikus k\u00e9sz\u00edtm\u00e9nyek rezg\u00e9s\u00e9nek, melyek immunmodul\u00e1l\u00f3, gyullad\u00e1scs\u00f6kkent\u0151, deszenzibiliz\u00e1l\u00f3 (\u00e9rz\u00e9kenys\u00e9get cs\u00f6kkent\u0151) hat\u00e1ssal b\u00edrnak. Az em\u00e9szt\u0151rendszer [&hellip;]<\/p>\n","protected":false},"featured_media":4750,"comment_status":"open","ping_status":"closed","template":"","meta":[],"product_brand":[],"product_cat":[33,32],"product_tag":[],"class_list":{"0":"post-4751","1":"product","2":"type-product","3":"status-publish","4":"has-post-thumbnail","6":"product_cat-egeszseg-medalok","7":"product_cat-triomed","9":"first","10":"instock","11":"taxable","12":"shipping-taxable","13":"purchasable","14":"product-type-simple"},"_links":{"self":[{"href":"https:\/\/vetomshop.hu\/sk\/wp-json\/wp\/v2\/product\/4751","targetHints":{"allow":["GET"]}}],"collection":[{"href":"https:\/\/vetomshop.hu\/sk\/wp-json\/wp\/v2\/product"}],"about":[{"href":"https:\/\/vetomshop.hu\/sk\/wp-json\/wp\/v2\/types\/product"}],"replies":[{"embeddable":true,"href":"https:\/\/vetomshop.hu\/sk\/wp-json\/wp\/v2\/comments?post=4751"}],"wp:featuredmedia":[{"embeddable":true,"href":"https:\/\/vetomshop.hu\/sk\/wp-json\/wp\/v2\/media\/4750"}],"wp:attachment":[{"href":"https:\/\/vetomshop.hu\/sk\/wp-json\/wp\/v2\/media?parent=4751"}],"wp:term":[{"taxonomy":"product_brand","embeddable":true,"href":"https:\/\/vetomshop.hu\/sk\/wp-json\/wp\/v2\/product_brand?post=4751"},{"taxonomy":"product_cat","embeddable":true,"href":"https:\/\/vetomshop.hu\/sk\/wp-json\/wp\/v2\/product_cat?post=4751"},{"taxonomy":"product_tag","embeddable":true,"href":"https:\/\/vetomshop.hu\/sk\/wp-json\/wp\/v2\/product_tag?post=4751"}],"curies":[{"name":"wp","href":"https:\/\/api.w.org\/{rel}","templated":true}]}}