{"id":4753,"date":"2023-11-11T14:34:02","date_gmt":"2023-11-11T13:34:02","guid":{"rendered":"https:\/\/vetomshop.hu\/termek\/zold-dio-medal\/"},"modified":"2023-11-11T14:34:02","modified_gmt":"2023-11-11T13:34:02","slug":"zold-dio-medal","status":"publish","type":"product","link":"https:\/\/vetomshop.hu\/sk\/produkt\/zold-dio-medal\/","title":{"rendered":"Medaila Zelen\u00fd orech"},"content":{"rendered":"<h4>Nuces Virides - Zelen\u00e1 orechov\u00e1 medaila<\/h4>\n<p>Tradi\u010dn\u00e9 pou\u017eitie ako lie\u010div\u00e1 rastlina: tonizuj\u00faca, povzbudzuj\u00faca, tr\u00e1viaca a detoxika\u010dn\u00e1. Preto sa odpor\u00fa\u010da pri ang\u00edne pektoris, lymfatick\u00fdch ochoreniach, tuberkul\u00f3ze p\u013e\u00fac a kost\u00ed. V\u00fdrazne p\u00f4sob\u00ed na tr\u00e1viaci syst\u00e9m a svaly. Je \u010disti\u010dom krvi, stimuluje \u010dinnos\u0165 pe\u010dene a krvn\u00fd obeh. Jeho antibiotick\u00e9 p\u00f4sobenie je v \u013eudovom lie\u010dite\u013estve zn\u00e1me u\u017e dlho.<\/p>\n<p>Na vidieku sa pou\u017e\u00edval aj na lie\u010denie antraxu. Je \u00fa\u010dinn\u00fd pri cukrovke, preto\u017ee reguluje metabolizmus, zni\u017euje hladinu cukru v krvi, zmier\u0148uje sm\u00e4d, zni\u017euje mo\u010denie a zabra\u0148uje komplik\u00e1ci\u00e1m. Listy<br \/>\nmaj\u00fa s\u0165ahuj\u00face \u00fa\u010dinky, preto sa pou\u017e\u00edvaj\u00fa pri miernej hna\u010dke a gastrit\u00edde a pri tr\u00e1viacich probl\u00e9moch. Je tie\u017e \u00fa\u010dinn\u00fd pri zastavovan\u00ed krv\u00e1cania a zlep\u0161ovan\u00ed krvn\u00e9ho obehu v noh\u00e1ch.<\/p>\n<div class=\"su-spoiler su-spoiler-style-defoult su-spoiler-icon-caret su-spoiler-closed\" data-scroll-offset=\"0\" data-anchor-in-url=\"no\"><div class=\"su-spoiler-title\" tabindex=\"0\" role=\"button\"><span class=\"su-spoiler-icon\"><\/span>V\u0161etky<\/div><div class=\"su-spoiler-content su-u-clearfix su-u-trim\">\nT\u00ed, ktor\u00ed ho pou\u017e\u00edvali, uv\u00e1dzaj\u00fa vynikaj\u00face v\u00fdsledky pri lie\u010dbe \u017eal\u00fado\u010dn\u00fdch a nosov\u00fdch polypov.<\/p>\n<p>\u013dudov\u00e9 lie\u010dite\u013estvo ho u\u017e od staroveku vyu\u017e\u00edva na boj proti zhubn\u00fdm a nezhubn\u00fdm n\u00e1dorom.<br \/>\n<\/div><\/div>","protected":false},"excerpt":{"rendered":"<p>Nuces Virides \u2013 Z\u00f6ld Di\u00f3 Med\u00e1l Gy\u00f3gyn\u00f6v\u00e9nyk\u00e9nt val\u00f3 hagyom\u00e1nyos felhaszn\u00e1l\u00e1sa: toniz\u00e1l\u00f3, stimul\u00e1l\u00f3, em\u00e9szt\u00e9st el\u0151seg\u00edt\u0151 \u00e9s salaktalan\u00edt\u00f3. Ez\u00e9rt aj\u00e1nlj\u00e1k angolk\u00f3rra, nyirokrendszeri betegs\u00e9gekre, t\u00fcd\u0151-\u00e9s csont tbc-re. J\u00f3l megfigyelhet\u0151 hat\u00e1sa van az em\u00e9szt\u0151rendszerre \u00e9s az izomzatra. V\u00e9rtiszt\u00edt\u00f3, serkenti a m\u00e1j tev\u00e9kenys\u00e9g\u00e9t \u00e9s a v\u00e9rkering\u00e9st. Antibiotikus hat\u00e1sa r\u00e9g\u00f3ta ismert a n\u00e9pgy\u00f3gy\u00e1szatban. Vid\u00e9ken a l\u00e9pfen\u00e9t is k\u00far\u00e1lt\u00e1k vele. Cukorbetegs\u00e9gre az\u00e9rt [&hellip;]<\/p>\n","protected":false},"featured_media":4752,"comment_status":"open","ping_status":"closed","template":"","meta":[],"product_brand":[],"product_cat":[33,32],"product_tag":[],"class_list":{"0":"post-4753","1":"product","2":"type-product","3":"status-publish","4":"has-post-thumbnail","6":"product_cat-egeszseg-medalok","7":"product_cat-triomed","9":"first","10":"instock","11":"taxable","12":"shipping-taxable","13":"purchasable","14":"product-type-simple"},"_links":{"self":[{"href":"https:\/\/vetomshop.hu\/sk\/wp-json\/wp\/v2\/product\/4753","targetHints":{"allow":["GET"]}}],"collection":[{"href":"https:\/\/vetomshop.hu\/sk\/wp-json\/wp\/v2\/product"}],"about":[{"href":"https:\/\/vetomshop.hu\/sk\/wp-json\/wp\/v2\/types\/product"}],"replies":[{"embeddable":true,"href":"https:\/\/vetomshop.hu\/sk\/wp-json\/wp\/v2\/comments?post=4753"}],"wp:featuredmedia":[{"embeddable":true,"href":"https:\/\/vetomshop.hu\/sk\/wp-json\/wp\/v2\/media\/4752"}],"wp:attachment":[{"href":"https:\/\/vetomshop.hu\/sk\/wp-json\/wp\/v2\/media?parent=4753"}],"wp:term":[{"taxonomy":"product_brand","embeddable":true,"href":"https:\/\/vetomshop.hu\/sk\/wp-json\/wp\/v2\/product_brand?post=4753"},{"taxonomy":"product_cat","embeddable":true,"href":"https:\/\/vetomshop.hu\/sk\/wp-json\/wp\/v2\/product_cat?post=4753"},{"taxonomy":"product_tag","embeddable":true,"href":"https:\/\/vetomshop.hu\/sk\/wp-json\/wp\/v2\/product_tag?post=4753"}],"curies":[{"name":"wp","href":"https:\/\/api.w.org\/{rel}","templated":true}]}}