{"id":4755,"date":"2023-11-11T14:34:03","date_gmt":"2023-11-11T13:34:03","guid":{"rendered":"https:\/\/vetomshop.hu\/termek\/menedzser-kartya\/"},"modified":"2023-11-11T14:34:03","modified_gmt":"2023-11-11T13:34:03","slug":"menedzser-kartya","status":"publish","type":"product","link":"https:\/\/vetomshop.hu\/sk\/produkt\/menedzser-kartya\/","title":{"rendered":"Karta mana\u017e\u00e9ra"},"content":{"rendered":"<h4>Na \u010do sl\u00fa\u017ei MENEDZSER CARD?<\/h4>\n<p><strong>KARTA MANA\u017d\u00c9RA<\/strong> - pr\u00edstroj na prevenciu a lie\u010dbu chronickej \u00fanavy a syndr\u00f3mu prepracovanosti, na zv\u00fd\u0161enie pracovnej kapacity, aktiv\u00e1ciu regenera\u010dn\u00fdch procesov po stresovom pracovnom za\u0165a\u017een\u00ed a na zv\u00fd\u0161enie imunity.<\/p>\n<p>Fungovanie MENEDZSER CARD podporuje kognit\u00edvne procesy. Je zameran\u00e1 na aktiv\u00e1ciu pam\u00e4\u0165ov\u00fdch procesov, umo\u017e\u0148uje okam\u017eit\u00e9 zapam\u00e4tanie potrebn\u00fdch inform\u00e1ci\u00ed, zvy\u0161uje r\u00fdchlos\u0165 myslenia, obnovuje norm\u00e1lny priebeh fyziologick\u00fdch procesov v bunk\u00e1ch a tkaniv\u00e1ch centr\u00e1lneho nervov\u00e9ho syst\u00e9mu, zvy\u0161uje ich stabilitu vo\u010di \u0161kodliv\u00fdm vplyvom vonkaj\u0161ieho sveta.<\/p>\n<p><strong>\u00da\u010dinky:<\/strong><\/p>\n<ul>\n<li>podporuje krvn\u00fd obeh a metabolick\u00e9 procesy v centr\u00e1lnom nervovom syst\u00e9me a pom\u00e1ha obnovi\u0165 funkcie centr\u00e1lneho nervov\u00e9ho syst\u00e9mu;<\/li>\n<li>pom\u00e1ha zlep\u0161ova\u0165 pam\u00e4\u0165 a umo\u017e\u0148uje v\u00e1m absorbova\u0165 viac inform\u00e1ci\u00ed;<\/li>\n<li>podporuje koncentr\u00e1ciu,<\/li>\n<li>zni\u017euje \u00fanavu po\u010das aktivity;<\/li>\n<li>zni\u017euje neuro-emocion\u00e1lne nap\u00e4tie po\u010das pou\u017e\u00edvania po\u010d\u00edta\u010da;<\/li>\n<li>harmonizuje emocion\u00e1lno-psychick\u00fd postoj;<\/li>\n<li>zlep\u0161uje intu\u00edciu,<\/li>\n<li>pom\u00e1ha predch\u00e1dza\u0165 vzniku chronick\u00e9ho stresu a \u00fanavy.<\/li>\n<\/ul>\n<div class=\"su-spoiler su-spoiler-style-defoult su-spoiler-icon-caret su-spoiler-closed\" data-scroll-offset=\"0\" data-anchor-in-url=\"no\"><div class=\"su-spoiler-title\" tabindex=\"0\" role=\"button\"><span class=\"su-spoiler-icon\"><\/span>V\u0161etky<\/div><div class=\"su-spoiler-content su-u-clearfix su-u-trim\">\n<strong>S pomocou:<\/strong><\/p>\n<ul>\n<li>sa zameria na hlavn\u00e9 veci,<\/li>\n<li>podporuje pozit\u00edvny postoj k \u017eivotu a rozvoj odhodlania,<\/li>\n<li>v\u00e1m pom\u00f4\u017ee s\u00fastredi\u0165 sa na \u00faspech a cie\u013e,<\/li>\n<li>podporuje pocit \u00faspechu, sebad\u00f4veru a vieru v \u00faspech cie\u013ea!<\/li>\n<\/ul>\n<\/div><\/div>","protected":false},"excerpt":{"rendered":"<p>Mire szolg\u00e1l a MENEDZSER K\u00c1RTYA? MENEDZSER K\u00c1RTYA \u2013 a kr\u00f3nikus f\u00e1rad\u00e9konys\u00e1g \u00e9s a t\u00falhajszolts\u00e1g szindr\u00f3m\u00e1ja megel\u0151z\u00e9s\u00e9re \u00e9s kezel\u00e9s\u00e9re, a munkab\u00edr\u00e1s n\u00f6vel\u00e9s\u00e9re, az \u00e1tv\u00e9szelt stressz-megterhel\u00e9seket k\u00f6vet\u0151 regener\u00e1ci\u00f3s folyamatok aktiviz\u00e1l\u00e1s\u00e1ra, az immunit\u00e1s n\u00f6vel\u00e9s\u00e9re szolg\u00e1l\u00f3 k\u00e9sz\u00fcl\u00e9k. A MENEDZSER K\u00c1RTYA m\u0171k\u00f6d\u00e9se a kognit\u00edv folyamatok m\u0171k\u00f6d\u00e9s\u00e9t t\u00e1mogatja. Az eml\u00e9kez\u00e9s folyamatainak aktiviz\u00e1l\u00e1s\u00e1ra, a sz\u00fcks\u00e9ges inform\u00e1ci\u00f3 azonnali memoriz\u00e1l\u00e1s\u00e1nak lehet\u0151s\u00e9g\u00e9re, a gondolkod\u00e1s sebess\u00e9g\u00e9nek [&hellip;]<\/p>\n","protected":false},"featured_media":4754,"comment_status":"open","ping_status":"closed","template":"","meta":[],"product_brand":[],"product_cat":[33,32],"product_tag":[],"class_list":{"0":"post-4755","1":"product","2":"type-product","3":"status-publish","4":"has-post-thumbnail","6":"product_cat-egeszseg-medalok","7":"product_cat-triomed","9":"first","10":"instock","11":"taxable","12":"shipping-taxable","13":"purchasable","14":"product-type-simple"},"_links":{"self":[{"href":"https:\/\/vetomshop.hu\/sk\/wp-json\/wp\/v2\/product\/4755","targetHints":{"allow":["GET"]}}],"collection":[{"href":"https:\/\/vetomshop.hu\/sk\/wp-json\/wp\/v2\/product"}],"about":[{"href":"https:\/\/vetomshop.hu\/sk\/wp-json\/wp\/v2\/types\/product"}],"replies":[{"embeddable":true,"href":"https:\/\/vetomshop.hu\/sk\/wp-json\/wp\/v2\/comments?post=4755"}],"wp:featuredmedia":[{"embeddable":true,"href":"https:\/\/vetomshop.hu\/sk\/wp-json\/wp\/v2\/media\/4754"}],"wp:attachment":[{"href":"https:\/\/vetomshop.hu\/sk\/wp-json\/wp\/v2\/media?parent=4755"}],"wp:term":[{"taxonomy":"product_brand","embeddable":true,"href":"https:\/\/vetomshop.hu\/sk\/wp-json\/wp\/v2\/product_brand?post=4755"},{"taxonomy":"product_cat","embeddable":true,"href":"https:\/\/vetomshop.hu\/sk\/wp-json\/wp\/v2\/product_cat?post=4755"},{"taxonomy":"product_tag","embeddable":true,"href":"https:\/\/vetomshop.hu\/sk\/wp-json\/wp\/v2\/product_tag?post=4755"}],"curies":[{"name":"wp","href":"https:\/\/api.w.org\/{rel}","templated":true}]}}