{"id":5820,"date":"2024-06-01T18:26:31","date_gmt":"2024-06-01T16:26:31","guid":{"rendered":"https:\/\/vetomshop.hu\/?post_type=product&#038;p=5820"},"modified":"2026-04-12T08:27:56","modified_gmt":"2026-04-12T06:27:56","slug":"vetom-1-1-probiotikum-por-500-g-etrend-kiegeszito","status":"publish","type":"product","link":"https:\/\/vetomshop.hu\/sk\/produkt\/vetom-1-1-probiotikum-por-500-g-etrend-kiegeszito\/","title":{"rendered":"Vetom <span style=\"color:red\">1.1<\/span> probiotick\u00e9 <br>por <span style=\"color:red\">500 g<\/span> (doplnok stravy)"},"content":{"rendered":"<p>Priazniv\u00e9 \u00fa\u010dinky <strong>Bacillus subtilis<\/strong> prospe\u0161n\u00e9 bakt\u00e9rie, ktor\u00e9 sa mno\u017eia najm\u00e4 v hrubom \u010dreve a produkuj\u00fa: proteolytick\u00e9, amylolytick\u00e9 a celulolytick\u00e9 enz\u00fdmy; interfer\u00f3n a-2 \u013eudsk\u00fdch leukocytov; bacitrac\u00edn mg, ktor\u00fd inhibuje rast a v\u00fdvoj patog\u00e9nnej a potenci\u00e1lne patog\u00e9nnej mikrofl\u00f3ry; a \u010fal\u0161ie biologicky akt\u00edvne l\u00e1tky.<\/p>\n<p>V d\u00f4sledku toho sa bakteri\u00e1lne zlo\u017eenie \u010drevn\u00e9ho obsahu men\u00ed na spr\u00e1vnu v\u00fdvojov\u00fa normu, \u010drevn\u00e9 steny sa \u010distia od nestr\u00e1ven\u00fdch zvy\u0161kov, \u010do prispieva k akt\u00edvnemu odstra\u0148ovaniu tox\u00ednov z tela, k neru\u0161en\u00e9mu transportu biologicky akt\u00edvnych \u017eiv\u00edn.<\/p>\n<p>P\u00f4soben\u00edm lieku Vetom 1.1 sa normalizuje metabolizmus, tr\u00e1venie a vstreb\u00e1vanie biologicky akt\u00edvnych zlo\u017eiek potravy v gastrointestin\u00e1lnom trakte.<\/p>\n<p>V\u00fdrobok, ktor\u00fd miluj\u00fa deti, je lahodne sladk\u00fd a d\u00e1 sa jes\u0165 aj samostatne.<\/p>\n<p>Vetom 1.1 zvy\u0161uje \u00fa\u010dinnos\u0165 liekov a zni\u017euje ich negat\u00edvne ved\u013eaj\u0161ie \u00fa\u010dinky na \u013eudsk\u00fd organizmus.<\/p>\n<p>Nie je to liek.<\/p>\n<p><strong>Farmakologick\u00e9 \u00fa\u010dinky<\/strong>: imunomodula\u010dn\u00fd, antiv\u00edrusov\u00fd, antiprolifera\u010dn\u00fd, bakteric\u00eddny, fungic\u00eddny, antichlam\u00fddiov\u00fd.<\/p>\n<h5>Vlastnosti:<\/h5>\n<ul>\n<li>M\u00e1 vysok\u00fa antagonistick\u00fa aktivitu vo\u010di patog\u00e9nnym a podmiene\u010dne patog\u00e9nnym hub\u00e1m a bakt\u00e9ri\u00e1m, antiv\u00edrusov\u00e9, proteolytick\u00e9, amylolytick\u00e9 a celulolytick\u00e9 vlastnosti<\/li>\n<li>stimuluje bunkov\u00e9 a humor\u00e1lne faktory imunity<\/li>\n<li>zvy\u0161uje ne\u0161pecifick\u00fa odolnos\u0165 tela<\/li>\n<li>stabilizuje alergick\u00fa odolnos\u0165<\/li>\n<li>normalizuje metabolizmus<\/li>\n<\/ul>\n<p>- \u017dIADNE VED\u013dAJ\u0160IE \u00da\u010cINKY<br \/>\n- \u017dIADNE VEKOV\u00c9 OBMEDZENIE<br \/>\n- \u017dIADNE PRED\u00c1VKOVANIE<br \/>\n- NIE JE N\u00c1VYKOV\u00dd<\/p>\n<h5>Oblas\u0165 pou\u017eitia<\/h5>\n<p>Pou\u017e\u00edvanie probiotick\u00fdch mikroorganizmov ako biologicky akt\u00edvnej pr\u00eddavnej l\u00e1tky do potrav\u00edn sa odpor\u00fa\u010da na regener\u00e1ciu tr\u00e1viaceho traktu a obnovu \u010drevnej mikrofl\u00f3ry.<\/p>\n<p><em><strong>D\u00e1vkovanie:<\/strong><\/em> odpor\u00fa\u010da sa 10 dn\u00ed , 3-5 \u010dajov\u00fdch ly\u017ei\u010diek pr\u00e1\u0161ku denne pred, po\u010das alebo po jedle, samostatne ( mo\u017eno pi\u0165 aj s vodou alebo d\u017e\u00fasom). .<\/p>\n<p>Vetom 1.1 nie je n\u00e1vykov\u00fd.<\/p>\n<p>K\u00fary sa odpor\u00fa\u010da opakova\u0165 po 1-2 t\u00fd\u017ed\u0148och prest\u00e1vky a v ur\u010dit\u00fdch intervaloch sa odpor\u00fa\u010da prejs\u0165 na in\u00fd o\u010d\u00edslovan\u00fd v\u00fdrobok Vetom.<\/p>\n<h5>Kontraindik\u00e1cie<\/h5>\n<p>Precitlivenos\u0165 na niektor\u00e9 zlo\u017eky v\u00fdrobku.<\/p>\n<p>Neu\u017e\u00edvajte Vetom 1.1 s\u00fa\u010dasne s antibiotikami a in\u00fdmi probiotikami.<\/p>\n<h5>Osobitn\u00e9 pokyny<\/h5>\n<p>Pou\u017e\u00edvajte po\u010das tehotenstva a doj\u010denia len po konzult\u00e1cii s lek\u00e1rom.<\/p>\n<p>Pr\u00edpravok nem\u00e1 vplyv na schopnos\u0165 vies\u0165 vozidl\u00e1 alebo obsluhova\u0165 potenci\u00e1lne nebezpe\u010dn\u00e9 mechanizmy.<\/p>\n<h5>D\u00e1vkovanie<\/h5>\n<p><strong>Vo forme pr\u00e1\u0161ku, balen\u00e9 v polym\u00e9rov\u00fdch n\u00e1dob\u00e1ch<\/strong><\/p>\n<h5><strong>Zlo\u017eenie:<\/strong><\/h5>\n<p>Vetom 1.1. je biologicky akt\u00edvna pr\u00edsada, ktor\u00e1 sa pou\u017e\u00edva ako dodato\u010dn\u00fd zdroj probiotick\u00fdch mikroorganizmov.1 porcia doplnku stravy - 5 g, ktor\u00e1 ,<\/p>\n<p>obsahuje: kukuri\u010dn\u00fd extrakt - 2000 mg; zemiakov\u00fd \u0161krob - 1500 mg; pr\u00e1\u0161kov\u00fd cukor - 1000 mg; such\u00fa kult\u00faru probiotick\u00fdch mikroorganizmov Bacillus subtilis B-10641 (DSM 24613) kme\u0148 1\u00d7108 CFU\/g - 500 mg. Vetom 1.1 sa pod\u00e1va peror\u00e1lne.<\/p>\n<p>Obsah na 100 g v\u00fdrobku (priemern\u00e9 hodnoty): tuk - maxim\u00e1lne 0,1 g, bielkoviny - maxim\u00e1lne 1,0 g, sacharidy - minim\u00e1lne 98,9 g. Energetick\u00e1 hodnota - maxim\u00e1lne 400 Kcal.<\/p>\n<h5>Podmienky skladovania<\/h5>\n<p>M\u00f4\u017ee sa skladova\u0165 pri relat\u00edvnej vlhkosti 75 % pod 30 \u00b0C.<\/p>\n<h5>Trvanlivos\u0165<\/h5>\n<p>2 roky od d\u00e1tumu v\u00fdroby. Nespotrebov\u00e1vajte po uplynut\u00ed d\u00e1tumu spotreby.<\/p>\n<p>\u010cist\u00e1 hmotnos\u0165 - 500 g<\/p>\n<p>Hrub\u00e1 hmotnos\u0165 - 547 g<\/p>","protected":false},"excerpt":{"rendered":"<p>Priazniv\u00e9 \u00fa\u010dinky <strong>Bacillus subtilis<\/strong> prospe\u0161n\u00e9 bakt\u00e9rie, ktor\u00e9 vznikaj\u00fa najm\u00e4 mno\u017een\u00edm v hrubom \u010dreve:<\/p>\n<ul class=\"vetom-list\">\n<li>proteolytick\u00e9, amylolytick\u00e9 a celul\u00f3zolytick\u00e9 enz\u00fdmy;<\/li>\n<li>a-2 interfer\u00f3n v \u013eudsk\u00fdch leukocytoch;<\/li>\n<li>bacitrac\u00edn mg, ktor\u00fd inhibuje rast a v\u00fdvoj patog\u00e9nnej a potenci\u00e1lne patog\u00e9nnej mikrofl\u00f3ry;<\/li>\n<li>a in\u00e9 biologicky akt\u00edvne l\u00e1tky.<\/li>\n<\/ul>\n<p>V d\u00f4sledku toho sa bakteri\u00e1lne zlo\u017eenie \u010drevn\u00e9ho obsahu men\u00ed na spr\u00e1vnu v\u00fdvojov\u00fa normu, \u010drevn\u00e9 steny sa \u010distia od nestr\u00e1ven\u00fdch zvy\u0161kov, \u010do prispieva k akt\u00edvnemu odstra\u0148ovaniu tox\u00ednov z tela, k neru\u0161en\u00e9mu transportu biologicky akt\u00edvnych \u017eiv\u00edn.<\/p>\n<div class=\"plashka\">A <strong>Vetom <span style=\"color: red;\">1.1<\/span><\/strong> normalizuje metabolizmus, tr\u00e1venie a vstreb\u00e1vanie biologicky akt\u00edvnych zlo\u017eiek potravy v tr\u00e1viacom trakte.<\/div>\n<p>V\u00fdrobok vhodn\u00fd pre deti, ktor\u00fd je lahodne sladk\u00fd a m\u00f4\u017ee sa konzumova\u0165 samostatne.<\/p>\n<p>A <strong>Vetom <span style=\"color: red;\">1.1<\/span><\/strong> zvy\u0161uje \u00fa\u010dinnos\u0165 liekov a zni\u017euje ich negat\u00edvne ved\u013eaj\u0161ie \u00fa\u010dinky na \u013eudsk\u00fd organizmus.<\/p>\n<p>Nie je to liek.<\/p>\n<div class=\"plashka\"><strong>Farmakologick\u00e9 \u00fa\u010dinky<\/strong>: imunomodula\u010dn\u00fd, antiv\u00edrusov\u00fd, antiprolifera\u010dn\u00fd, bakteric\u00eddny, fungic\u00eddny, antichlam\u00fddiov\u00fd.<\/div>\n<h5>Vlastnosti:<\/h5>\n<ul class=\"vetom-list\">\n<li>M\u00e1 vysok\u00fa antagonistick\u00fa aktivitu vo\u010di patog\u00e9nnym a podmiene\u010dne patog\u00e9nnym hub\u00e1m a bakt\u00e9ri\u00e1m, antiv\u00edrusov\u00e9, proteolytick\u00e9, amylolytick\u00e9 a celulolytick\u00e9 vlastnosti<\/li>\n<li>stimuluje bunkov\u00e9 a humor\u00e1lne faktory imunity<\/li>\n<li>zvy\u0161uje ne\u0161pecifick\u00fa odolnos\u0165 tela<\/li>\n<li>stabilizuje alergick\u00fa odolnos\u0165<\/li>\n<li>normalizuje metabolizmus<\/li>\n<\/ul>","protected":false},"featured_media":5821,"comment_status":"open","ping_status":"closed","template":"","meta":[],"product_brand":[],"product_cat":[22],"product_tag":[],"class_list":{"0":"post-5820","1":"product","2":"type-product","3":"status-publish","4":"has-post-thumbnail","6":"product_cat-vetom-probiotikumok","8":"first","9":"instock","10":"featured","11":"taxable","12":"shipping-taxable","13":"purchasable","14":"product-type-simple"},"_links":{"self":[{"href":"https:\/\/vetomshop.hu\/sk\/wp-json\/wp\/v2\/product\/5820","targetHints":{"allow":["GET"]}}],"collection":[{"href":"https:\/\/vetomshop.hu\/sk\/wp-json\/wp\/v2\/product"}],"about":[{"href":"https:\/\/vetomshop.hu\/sk\/wp-json\/wp\/v2\/types\/product"}],"replies":[{"embeddable":true,"href":"https:\/\/vetomshop.hu\/sk\/wp-json\/wp\/v2\/comments?post=5820"}],"wp:featuredmedia":[{"embeddable":true,"href":"https:\/\/vetomshop.hu\/sk\/wp-json\/wp\/v2\/media\/5821"}],"wp:attachment":[{"href":"https:\/\/vetomshop.hu\/sk\/wp-json\/wp\/v2\/media?parent=5820"}],"wp:term":[{"taxonomy":"product_brand","embeddable":true,"href":"https:\/\/vetomshop.hu\/sk\/wp-json\/wp\/v2\/product_brand?post=5820"},{"taxonomy":"product_cat","embeddable":true,"href":"https:\/\/vetomshop.hu\/sk\/wp-json\/wp\/v2\/product_cat?post=5820"},{"taxonomy":"product_tag","embeddable":true,"href":"https:\/\/vetomshop.hu\/sk\/wp-json\/wp\/v2\/product_tag?post=5820"}],"curies":[{"name":"wp","href":"https:\/\/api.w.org\/{rel}","templated":true}]}}