{"id":7033,"date":"2025-08-19T14:24:55","date_gmt":"2025-08-19T12:24:55","guid":{"rendered":"https:\/\/vetomshop.hu\/?post_type=product&#038;p=7033"},"modified":"2025-10-21T17:32:52","modified_gmt":"2025-10-21T15:32:52","slug":"honey-vetom-biologiailag-aktiv-etrend-kiegeszito-60-ml","status":"publish","type":"product","link":"https:\/\/vetomshop.hu\/sk\/produkt\/honey-vetom-biologiailag-aktiv-etrend-kiegeszito-60-ml\/","title":{"rendered":"Med Vetom - Biologicky akt\u00edvny doplnok stravy <span style=\"color:red\">60<\/span> ml"},"content":{"rendered":"<p><span style=\"font-size: x-large;\"><b>Med Vetom - Biologicky akt\u00edvny doplnok stravy 60 g<\/b><\/span><\/p>\n<h5><strong>Zlo\u017eenie (1 porcia = 10 g):<\/strong><\/h5>\n<p>* Pr\u00edrodn\u00fd med: 8 g<\/p>\n<p>* Fermentovan\u00fd kukuri\u010dn\u00fd extrakt (s Bacillus subtilis VKPM B-10641): 1 g (obsahuje 1\u00d710\u2076 CFU\/g bakt\u00e9ri\u00ed)<\/p>\n<h5><strong>V\u00fd\u017eivov\u00e1 hodnota v 10 g:<\/strong><\/h5>\n<ul class=\"vetom-list\">\n<li>\u00a0 * Tuk: 0 g<\/li>\n<li>\u00a0 * Sacharidy: 8 g<\/li>\n<li>\u00a0 * Bielkoviny: 0,08 g<\/li>\n<li>\u00a0 * Energia: 31,4 kcal<\/li>\n<\/ul>\n<h5><strong>Popis: V s\u00fa\u010dasnosti sa nach\u00e1dza na \u00fazem\u00ed Slovenskej republiky:<\/strong><\/h5>\n<ul class=\"vetom-list\">\n<li>Hust\u00e1, homog\u00e9nna l\u00e1tka na b\u00e1ze medu<\/li>\n<li>Farba: m\u00f4\u017ee by\u0165 od bielej po tmavohned\u00fa<\/li>\n<li>Text\u00fara: \u010diasto\u010dne alebo \u00faplne kry\u0161talick\u00e1<\/li>\n<li>V\u00f4\u0148a: pr\u00edjemn\u00e1 medov\u00e1 v\u00f4\u0148a<\/li>\n<li>Chu\u0165: sladk\u00e1, bez cudzej chuti<\/li>\n<\/ul>\n<h5><strong>V\u00fddaj:<\/strong><\/h5>\n<ul class=\"vetom-list\">\n<li>60 ml tuba<\/li>\n<li>V kart\u00f3novej \u0161katuli s informa\u010dn\u00fdm let\u00e1kom<\/li>\n<\/ul>\n<h5><strong>Pre\u010do sa odpor\u00fa\u010da?<\/strong><\/h5>\n<ul class=\"vetom-list\">\n<li>Obohaten\u00fd o biologicky akt\u00edvne l\u00e1tky probiotick\u00fdch mikroorganizmov<\/li>\n<li>Podporuje \u010drevn\u00fa fl\u00f3ru a imunitn\u00fa funkciu<\/li>\n<li>Tie\u017e zdroj frukt\u00f3zy<\/li>\n<\/ul>\n<h5><strong>Pou\u017eitie a d\u00e1vkovanie:<\/strong><\/h5>\n<p>Nie je to liek<\/p>\n<ul class=\"vetom-list\">\n<li>Dospel\u00ed: 3-kr\u00e1t denne v rovnak\u00fdch \u010dasov\u00fdch odstupoch po\u010das 10 dn\u00ed<\/li>\n<li>Jedna porcia: 10 g (pribli\u017ene 1 \u010dajov\u00e1 ly\u017ei\u010dka)<\/li>\n<li>M\u00f4\u017ee sa u\u017e\u00edva\u0165 s jedlom alebo bez jedla (pred, po\u010das alebo po)<\/li>\n<li>Odpor\u00fa\u010da sa opakova\u0165 ka\u017ed\u00e9 3 mesiace<\/li>\n<\/ul>\n<h5><strong>Skladovanie:<\/strong><\/h5>\n<div class=\"plashka\">\n<p>* Such\u00e9, chladn\u00e9 miesto * Chr\u00e1nen\u00e9 pred slne\u010dn\u00fdm svetlom<\/p>\n<p>* Max. pri +20 \u00b0C<\/p>\n<p>* Po otvoren\u00ed: mo\u017eno pou\u017e\u00edva\u0165 12 mesiacov<\/p>\n<p>* D\u00e1tum exspir\u00e1cie: 2 roky od v\u00fdroby<\/p>\n<\/div>\n<p><strong>Upozornenia:<\/strong><\/p>\n<p><strong>Neodpor\u00fa\u010da sa:<\/strong><\/p>\n<ul>\n<li>V pr\u00edpade individu\u00e1lnej citlivosti alebo alergie<\/li>\n<li>Pre tehotn\u00e9 \u017eeny, doj\u010diace \u017eeny a osoby mlad\u0161ie ako 18 rokov<\/li>\n<li>Pre diabetikov<\/li>\n<li>V pr\u00edpade rakoviny<\/li>\n<li>Neprekra\u010dujte odpor\u00fa\u010dan\u00fa denn\u00fa d\u00e1vku!<\/li>\n<li>Pred pou\u017eit\u00edm sa pora\u010fte s lek\u00e1rom<\/li>\n<\/ul>\n<p>Obsah frukt\u00f3zy (na 30 g denne):<\/p>\n<p>12 g frukt\u00f3zy, \u010do predstavuje 68,6% odpor\u00fa\u010danej dennej d\u00e1vky (pod\u013ea stanoven\u00fdch noriem)<\/p>\n<p><strong>Marketingov\u00e9 inform\u00e1cie:<\/strong><\/p>\n<p><strong>V\u00fdrobca:<\/strong> OOO NPF Issledovatelsky Tsentr, Novosibirsk, Rusko<\/p>\n<p><strong>Distrib\u00fator:<\/strong> Cemmedic Europe Ltd., Zichy\u00fajfalu, Ma\u010farsko<\/p>\n<p>+36305573846, vetomshop.hu@gmail.com<\/p>","protected":false},"excerpt":{"rendered":"<div class=\"plashka\">\n<h5><strong>Zlo\u017eenie (1 porcia = 10 g):<\/strong><\/h5>\n<p>- Pr\u00edrodn\u00fd med: 8 g<br \/>\n- Fermentovan\u00fd kukuri\u010dn\u00fd extrakt (Bacillus subtilis VKPM B-10641): 1 g (obsahuje 1\u00d710\u2076 CFU\/g bakt\u00e9ri\u00ed)<\/p>\n<\/div>\n<h5><strong>Popis: V s\u00fa\u010dasnosti sa nach\u00e1dza na \u00fazem\u00ed Slovenskej republiky:<\/strong><\/h5>\n<ul class=\"vetom-list\">\n<li>Hust\u00e1, homog\u00e9nna l\u00e1tka na b\u00e1ze medu<\/li>\n<li>Farba: m\u00f4\u017ee by\u0165 od bielej po tmavohned\u00fa<\/li>\n<li>Text\u00fara: \u010diasto\u010dne alebo \u00faplne kry\u0161talick\u00e1<\/li>\n<li>V\u00f4\u0148a: pr\u00edjemn\u00e1 medov\u00e1 v\u00f4\u0148a<\/li>\n<li>Chu\u0165: sladk\u00e1, bez cudzej chuti<\/li>\n<\/ul>\n<div class=\"plashka\">\n<h5><strong>Pre\u010do sa odpor\u00fa\u010da?<\/strong><\/h5>\n<ul class=\"vetom-list\">\n<li>Obohaten\u00fd o biologicky akt\u00edvne l\u00e1tky probiotick\u00fdch mikroorganizmov<\/li>\n<li>Podporuje \u010drevn\u00fa fl\u00f3ru a imunitn\u00fa funkciu<\/li>\n<li>Tie\u017e zdroj frukt\u00f3zy<\/li>\n<\/ul>\n<\/div>","protected":false},"featured_media":7034,"comment_status":"open","ping_status":"closed","template":"","meta":[],"product_brand":[],"product_cat":[37,22],"product_tag":[],"class_list":{"0":"post-7033","1":"product","2":"type-product","3":"status-publish","4":"has-post-thumbnail","6":"product_cat-mezpaszta","7":"product_cat-vetom-probiotikumok","9":"first","10":"outofstock","11":"taxable","12":"shipping-taxable","13":"purchasable","14":"product-type-simple"},"_links":{"self":[{"href":"https:\/\/vetomshop.hu\/sk\/wp-json\/wp\/v2\/product\/7033","targetHints":{"allow":["GET"]}}],"collection":[{"href":"https:\/\/vetomshop.hu\/sk\/wp-json\/wp\/v2\/product"}],"about":[{"href":"https:\/\/vetomshop.hu\/sk\/wp-json\/wp\/v2\/types\/product"}],"replies":[{"embeddable":true,"href":"https:\/\/vetomshop.hu\/sk\/wp-json\/wp\/v2\/comments?post=7033"}],"wp:featuredmedia":[{"embeddable":true,"href":"https:\/\/vetomshop.hu\/sk\/wp-json\/wp\/v2\/media\/7034"}],"wp:attachment":[{"href":"https:\/\/vetomshop.hu\/sk\/wp-json\/wp\/v2\/media?parent=7033"}],"wp:term":[{"taxonomy":"product_brand","embeddable":true,"href":"https:\/\/vetomshop.hu\/sk\/wp-json\/wp\/v2\/product_brand?post=7033"},{"taxonomy":"product_cat","embeddable":true,"href":"https:\/\/vetomshop.hu\/sk\/wp-json\/wp\/v2\/product_cat?post=7033"},{"taxonomy":"product_tag","embeddable":true,"href":"https:\/\/vetomshop.hu\/sk\/wp-json\/wp\/v2\/product_tag?post=7033"}],"curies":[{"name":"wp","href":"https:\/\/api.w.org\/{rel}","templated":true}]}}