{"id":7350,"date":"2026-01-20T12:00:42","date_gmt":"2026-01-20T11:00:42","guid":{"rendered":"https:\/\/vetomshop.hu\/?post_type=product&#038;p=7350"},"modified":"2026-03-02T20:21:12","modified_gmt":"2026-03-02T19:21:12","slug":"vektor-animals-1-2-vetom-1-2-probiotikum-por-formajaban-3-bakteriumtorzzsel-allatok-szamara-belflora-es-immunitas-500-g","status":"publish","type":"product","link":"https:\/\/vetomshop.hu\/sk\/produkt\/vektor-animals-1-2-vetom-1-2-probiotikum-por-formajaban-3-bakteriumtorzzsel-allatok-szamara-belflora-es-immunitas-500-g\/","title":{"rendered":"Vektor Animals 1.2 (Vetom 1.2) - probiotikum vo forme pr\u00e1\u0161ku s 3 kme\u0148mi bakt\u00e9ri\u00ed pre zvierat\u00e1 (\u010drevn\u00e1 fl\u00f3ra a imunita) - <span style=\"color:red\">500 g<\/span>"},"content":{"rendered":"<h3>Vektor Animals 1.2 (Vetom 1.2) - \u0160irokospektr\u00e1lne probiotikum (3 kmene)<\/h3>\n<div class=\"plashka\">A <strong>Vektorov\u00e9 zvierat\u00e1 <span style=\"color: red;\">1.2<\/span><\/strong> posilnen\u00fd vzorec, ktor\u00fd <strong>tri typy akt\u00edvnych bakteri\u00e1lnych kme\u0148ov<\/strong> zah\u0155\u0148a. Je to univerz\u00e1lny pr\u00edpravok: je vhodn\u00fd pre cicavce, vt\u00e1ky, ryby, plazy a v\u010dely na obnovenie prirodzenej odolnosti.<\/div>\n<h5>Akt\u00edvne zlo\u017eky - trojit\u00e1 ochrana<\/h5>\n<p>\u00da\u010dinnos\u0165 v\u00fdrobku zabezpe\u010duje kombin\u00e1cia t\u00fdchto \u0161peci\u00e1lne vybran\u00fdch bakteri\u00e1lnych kme\u0148ov:<\/p>\n<ul class=\"vetom-list\">\n<li>Bacillus subtilis VKPM B-10641<\/li>\n<li>Bacillus amyloliquefaciens VKPM B-10642<\/li>\n<li>Bacillus amyloliquefaciens VKPM B-10643<\/li>\n<\/ul>\n<h5>Pre koho sa odpor\u00fa\u010da? (Cie\u013eov\u00e9 zvierat\u00e1)<\/h5>\n<p>V\u00fdrobok je jedine\u010dn\u00fd t\u00fdm, \u017ee sa d\u00e1 pou\u017ei\u0165 takmer pre v\u0161etky druhy zvierat:<\/p>\n<ul class=\"vetom-list\">\n<li><strong>Dom\u00e1ce zvierat\u00e1:<\/strong> Psy, ma\u010dky (ak\u00e9ko\u013evek plemeno), hlodavce (\u0161kre\u010dok, mor\u010da, kr\u00e1lik at\u010f.).<\/li>\n<li><strong>U\u017eito\u010dn\u00e9 zvierat\u00e1:<\/strong> Hov\u00e4dz\u00ed dobytok, o\u0161\u00edpan\u00e9, ovce, kozy, kone.<\/li>\n<li><strong>Vt\u00e1ky:<\/strong> Okrasn\u00e9 vt\u00e1ky (papag\u00e1j, kan\u00e1rik) a hydina.<\/li>\n<li><strong>\u0160peci\u00e1lne zvierat\u00e1:<\/strong> Plazy (korytna\u010dka, ja\u0161terica, had), oboj\u017eiveln\u00edky a akv\u00e1riov\u00e9 ryby (rozpusten\u00e9 vo vode).<\/li>\n<li><strong>V\u010dely:<\/strong> Zn\u00ed\u017eenie \u00famrtnosti na infekcie.<\/li>\n<\/ul>\n<h5>Kedy ho pou\u017ei\u0165?<\/h5>\n<p>Pr\u00edpravok sa m\u00f4\u017ee pou\u017e\u00edva\u0165 na profylaktick\u00e9 (prevent\u00edvne) a terapeutick\u00e9 \u00fa\u010dely:<\/p>\n<ul class=\"vetom-list\">\n<li><strong>Po podan\u00ed antibiot\u00edk:<\/strong> Na obnovu \u010drevnej fl\u00f3ry a lie\u010dbu dysbi\u00f3zy.<\/li>\n<li><strong>V stresov\u00fdch situ\u00e1ci\u00e1ch:<\/strong> Pri v\u00fdmene krmiva, preprave alebo strese z priemyseln\u00e9ho chovu.<\/li>\n<li><strong>Posilnenie imunity:<\/strong> Ako doplnok k o\u010dkovaniu na dosiahnutie trvalej\u0161ej imunitnej odpovede.<\/li>\n<li><strong>Zv\u00fd\u0161enie produkcie:<\/strong> Na zv\u00fd\u0161enie produkcie vajec u hydiny a na stimul\u00e1ciu pr\u00edrastku hmotnosti a rastu hospod\u00e1rskych zvierat.<\/li>\n<li><strong>Prevencia chor\u00f4b:<\/strong> Napr\u00edklad na zn\u00ed\u017eenie infekci\u00ed u v\u010diel a pop\u00f4rodn\u00fdch z\u00e1palov (endometrit\u00edda, mastit\u00edda) u kr\u00e1v.<\/li>\n<\/ul>\n<h5>Pokyny na d\u00e1vkovanie<\/h5>\n<p>Pr\u00e1\u0161ok sa m\u00f4\u017ee pod\u00e1va\u0165 jednotlivo (rozmie\u0161an\u00fd vo vode\/jedle) alebo v skupin\u00e1ch. <strong>Z\u00e1kladn\u00e1 d\u00e1vka: 50 mg\/kg \u017eivej hmotnosti.<\/strong> <\/p>\n<ul class=\"vetom-list\">\n<li><strong>Prevencia (lie\u010dba):<\/strong> 1-kr\u00e1t denne po\u010das 15-20 dn\u00ed. Opakujte ka\u017ed\u00fd \u0161tvr\u0165rok.<\/li>\n<li><strong>Terapia (v pr\u00edpade choroby):<\/strong> 2-kr\u00e1t denne (ka\u017ed\u00fdch 8-10 hod\u00edn), k\u00fdm pr\u00edznaky nevymizn\u00fa. V z\u00e1va\u017en\u00fdch pr\u00edpadoch 4-kr\u00e1t denne (ka\u017ed\u00fdch 6 hod\u00edn).<\/li>\n<li><strong>Korekcia imunitnej nedostato\u010dnosti:<\/strong> 1-2 kr\u00e1t denne po\u010das 5-10 dn\u00ed.<\/li>\n<li><strong>Skupinov\u00e9 d\u00e1vkovanie:<\/strong> 15 000 d\u00e1vok na tonu krmiva alebo vody.<\/li>\n<\/ul>\n<p><em>Pozn\u00e1mka: Pr\u00edpravok nesp\u00f4sobuje n\u00e1vyk ani rezistenciu.<\/em><\/p>","protected":false},"excerpt":{"rendered":"<div class=\"plashka\">A <strong>Vektorov\u00e9 zvierat\u00e1 <span style=\"color: red;\">1.2<\/span><\/strong> (Vetom 1.2) je probiotikum obsahuj\u00face 3 kmene bakt\u00e9ri\u00ed, ktor\u00e9 <strong>Bacillus subtilis<\/strong> a <strong>Bacillus amyloliquefaciens<\/strong> podporuje zdravie zvierat pomocou sp\u00f3r.<\/div>\n<h5>Hlavn\u00e9 v\u00fdhody:<\/h5>\n<ul class=\"vetom-list\">\n<li><strong>Univerz\u00e1lne:<\/strong> M\u00f4\u017ee sa pod\u00e1va\u0165 psom, ma\u010dk\u00e1m, hospod\u00e1rskym zvierat\u00e1m a dokonca aj ryb\u00e1m a v\u010del\u00e1m.<\/li>\n<li><strong>Trojit\u00fd efekt:<\/strong> 3 r\u00f4zne kmene bakt\u00e9ri\u00ed poskytuj\u00fa \u0161ir\u0161iu ochranu pred infekciami.<\/li>\n<li><strong>\u00da\u010dinnos\u0165:<\/strong> Zvy\u0161uje produktivitu, zlep\u0161uje rast a zni\u017euje potrebu liekov.<\/li>\n<li><strong>Bezpe\u010dnos\u0165:<\/strong> Nevznik\u00e1 na\u0148 rezistencia a odpor\u00fa\u010da sa po lie\u010dbe antibiotikami.<\/li>\n<\/ul>","protected":false},"featured_media":7346,"comment_status":"open","ping_status":"closed","template":"","meta":[],"product_brand":[],"product_cat":[38,40],"product_tag":[],"class_list":{"0":"post-7350","1":"product","2":"type-product","3":"status-publish","4":"has-post-thumbnail","6":"product_cat-vektor-animals-vetom","7":"product_cat-vektor-animals-1-2","9":"first","10":"instock","11":"featured","12":"taxable","13":"shipping-taxable","14":"purchasable","15":"product-type-simple"},"_links":{"self":[{"href":"https:\/\/vetomshop.hu\/sk\/wp-json\/wp\/v2\/product\/7350","targetHints":{"allow":["GET"]}}],"collection":[{"href":"https:\/\/vetomshop.hu\/sk\/wp-json\/wp\/v2\/product"}],"about":[{"href":"https:\/\/vetomshop.hu\/sk\/wp-json\/wp\/v2\/types\/product"}],"replies":[{"embeddable":true,"href":"https:\/\/vetomshop.hu\/sk\/wp-json\/wp\/v2\/comments?post=7350"}],"wp:featuredmedia":[{"embeddable":true,"href":"https:\/\/vetomshop.hu\/sk\/wp-json\/wp\/v2\/media\/7346"}],"wp:attachment":[{"href":"https:\/\/vetomshop.hu\/sk\/wp-json\/wp\/v2\/media?parent=7350"}],"wp:term":[{"taxonomy":"product_brand","embeddable":true,"href":"https:\/\/vetomshop.hu\/sk\/wp-json\/wp\/v2\/product_brand?post=7350"},{"taxonomy":"product_cat","embeddable":true,"href":"https:\/\/vetomshop.hu\/sk\/wp-json\/wp\/v2\/product_cat?post=7350"},{"taxonomy":"product_tag","embeddable":true,"href":"https:\/\/vetomshop.hu\/sk\/wp-json\/wp\/v2\/product_tag?post=7350"}],"curies":[{"name":"wp","href":"https:\/\/api.w.org\/{rel}","templated":true}]}}