{"id":7358,"date":"2026-01-20T16:45:04","date_gmt":"2026-01-20T15:45:04","guid":{"rendered":"https:\/\/vetomshop.hu\/?post_type=product&#038;p=7358"},"modified":"2026-03-03T07:55:22","modified_gmt":"2026-03-03T06:55:22","slug":"vektor-animals-3-vetom-3-probiotikum-por-allatoknak-bacillus-amyloliquefaciens-1x50-g","status":"publish","type":"product","link":"https:\/\/vetomshop.hu\/sk\/produkt\/vektor-animals-3-vetom-3-probiotikum-por-allatoknak-bacillus-amyloliquefaciens-1x50-g\/","title":{"rendered":"Vektor Animals 3 (Vetom 3) - Probiotick\u00fd pr\u00e1\u0161ok pre zvierat\u00e1 (Bacillus amyloliquefaciens) <span style=\"color:red\">1\u00d750 g<\/span>"},"content":{"rendered":"<h3>Vektor Animals 3 (Vetom 3) - probiotikum so \u0161peci\u00e1lnym bakteri\u00e1lnym kme\u0148om<\/h3>\n<div class=\"plashka\">\n<p>Vetom 3 je pr\u00edrodn\u00e9 probiotikum zalo\u017een\u00e9 na priazniv\u00fdch \u00fa\u010dinkoch bakteri\u00e1lneho kme\u0148a Bacillus amyloliquefaciens. T\u00e1to bakt\u00e9ria p\u00f4sob\u00ed najm\u00e4 v hrubom \u010dreve, kde produkuje enz\u00fdmy a \u00fa\u010dinn\u00e9 l\u00e1tky. S\u00fa to:<\/p>\n<p>* potl\u00e1\u010da \u0161kodliv\u00e9 (patog\u00e9nne a podmiene\u010dne patog\u00e9nne) bakt\u00e9rie a huby,<br \/>\n* pom\u00e1haj\u00fa odstra\u0148ova\u0165 nestr\u00e1ven\u00e9 l\u00e1tky z \u010drevn\u00e9ho traktu,<br \/>\n* podporuj\u00fa \u013eah\u0161ie a lep\u0161ie vstreb\u00e1vanie \u017eiv\u00edn,<br \/>\n* pom\u00e1ha detoxikova\u0165 organizmus.<\/p>\n<p>Vetom 3 pom\u00e1ha obnovi\u0165 prirodzen\u00fa rovnov\u00e1hu \u010drevnej fl\u00f3ry, zlep\u0161uje tr\u00e1venie a metabolizmus a prispieva k efekt\u00edvnej\u0161iemu vyu\u017e\u00edvaniu \u017eiv\u00edn.<\/p>\n<h2>V\u00fdhody:<\/h2>\n<p>* Antibakteri\u00e1lne a protiples\u0148ov\u00e9 vlastnosti<br \/>\n* Antiv\u00edrusov\u00e9, enz\u00fdmov\u00e9, podporuj\u00face tr\u00e1venie<br \/>\n* Posil\u0148uje bunkov\u00fa a humor\u00e1lnu imunitn\u00fa odpove\u010f<br \/>\n* Zvy\u0161uje odolnos\u0165 organizmu<br \/>\n* Pom\u00e1ha zni\u017eova\u0165 alergick\u00e9 reakcie<br \/>\n* Podporuje obnovu buniek, m\u00f4\u017ee br\u00e1ni\u0165 vzniku n\u00e1dorov\u00fdch buniek<br \/>\n* Zlep\u0161uje \u00fa\u010dinok in\u00fdch liekov a zni\u017euje ich ved\u013eaj\u0161ie \u00fa\u010dinky<br \/>\n* Chr\u00e1ni telo na bunkovej \u00farovni, pom\u00e1ha predch\u00e1dza\u0165 vzniku n\u00e1dorov<\/p>\n<h2>N\u00e1vrh na pou\u017eitie:<\/h2>\n<p><strong>Odpor\u00fa\u010dan\u00e9 d\u00e1vkovanie:<\/strong><br \/>\n* Odpor\u00fa\u010da sa 1 kapsula 2-3x denne po\u010das 10 dn\u00ed, pred jedlom, po\u010das jedla alebo po jedle, s mal\u00fdm mno\u017estvom tekutiny (voda, \u010daj alebo d\u017e\u00fas). Po\u010das lie\u010dby sledujte reakciu organizmu a v pr\u00edpade potreby d\u00e1vku postupne zvy\u0161ujte a\u017e na 5-10 kaps\u00fal denne.<\/p>\n<p>*O\u0161etrenie je mo\u017en\u00e9 kedyko\u013evek zopakova\u0165 po 1-2 t\u00fd\u017ed\u0148ovej prest\u00e1vke. Odpor\u00fa\u010da sa z \u010dasu na \u010das strieda\u0165 s in\u00fdm typom v\u00fdrobku Vetom, aby sa plne podporilo zdravie organizmu a \u010drevn\u00e9ho traktu.<\/p>\n<h2>K\u013e\u00fa\u010dov\u00e9 vlastnosti:<\/h2>\n<p>* \u017diadne ved\u013eaj\u0161ie \u00fa\u010dinky<br \/>\n*\u017diadne vekov\u00e9 obmedzenia<br \/>\n*Nem\u00e1 sa pred\u00e1vkova\u0165<br \/>\n* \u017diadna z\u00e1vislos\u0165<\/p>\n<h2>Oblas\u0165 pou\u017eitia:<\/h2>\n<p>Odpor\u00fa\u010da sa ako biologicky akt\u00edvny doplnok stravy na zlep\u0161enie stavu gastrointestin\u00e1lneho traktu a obnovenie rovnov\u00e1hy \u010drevnej fl\u00f3ry.<\/p>\n<h2>Kontraindik\u00e1cie:<\/h2>\n<p>V\u00fdrobok sa neodpor\u00fa\u010da, ak ste alergick\u00fd alebo precitliven\u00fd na niektor\u00fa z jeho zlo\u017eiek.<\/p>\n<h2>D\u00f4le\u017eit\u00e9 inform\u00e1cie:<\/h2>\n<p>* Pou\u017e\u00edvajte po\u010das tehotenstva a doj\u010denia len na odpor\u00fa\u010danie lek\u00e1ra<br \/>\n* Nem\u00e1 vplyv na vedenie vozidla alebo obsluhu nebezpe\u010dn\u00fdch strojov<\/p>\n<h2>D\u00e1vkovanie a zlo\u017eenie:<\/h2>\n<p>* 10 kaps\u00fal v blistroch, 5 balen\u00ed v kart\u00f3ne (spolu 50 kaps\u00fal)<br \/>\n* \u010cist\u00e1 hmotnos\u0165: 0,1 kg<br \/>\n* Ve\u013ekos\u0165: 4,5 \u00d7 6,5 \u00d7 8 cm<\/p>\n<h2>Obsah jednej kapsuly:<\/h2>\n<p>* extrakt z kukurice: 133 mg<br \/>\n* Zemiakov\u00fd \u0161krob: 100 mg<br \/>\n* sachar\u00f3za (pr\u00e1\u0161kov\u00fd cukor): 67 mg<br \/>\n* Bakteri\u00e1lna kult\u00fara Bacillus amyloliquefaciens* (DSM 24613) - 30 mg (1\u00d710\u2079 CFU\/g)<\/p>\n<p>Alternat\u00edvny ekvivalent vo forme kvapiek: Vetom 3.22 (10 ml)<\/p>\n<p>Krajina p\u00f4vodu: <strong>Rusko<\/strong><\/p>\n<\/div>","protected":false},"excerpt":{"rendered":"<div class=\"plashka\">A <strong>Vektorov\u00e9 zvierat\u00e1 <span style=\"color: red;\">3<\/span><\/strong> (Vetom 3) <strong>Bacillus amyloliquefaciens<\/strong> probiotikum obsahuj\u00face sp\u00f3ry, ktor\u00e9 pom\u00e1haj\u00fa udr\u017eiava\u0165 zdrav\u00fd tr\u00e1viaci syst\u00e9m a posil\u0148uj\u00fa imunitn\u00fd syst\u00e9m.<\/div>\n<h5>Hlavn\u00e9 v\u00fdhody:<\/h5>\n<ul class=\"vetom-list\">\n<li><strong>Ochrana \u010drevnej fl\u00f3ry:<\/strong> Obzvl\u00e1\u0161\u0165 \u00fa\u010dinn\u00fd po pod\u00e1van\u00ed antibiot\u00edk.<\/li>\n<li><strong>\u0160irok\u00e9 spektrum:<\/strong> M\u00f4\u017ee sa pod\u00e1va\u0165 v\u0161etk\u00fdm druhom zvierat, od r\u00fdb a\u017e po kone.<\/li>\n<li><strong>\u00dasporn\u00e9:<\/strong> Zlep\u0161uje vyu\u017eitie krmiva a zni\u017euje riziko ochoren\u00ed.<\/li>\n<li><strong>Je to bezpe\u010dn\u00e9:<\/strong> V\u0161etko pr\u00edrodn\u00e9, bez ved\u013eaj\u0161\u00edch \u00fa\u010dinkov.<\/li>\n<\/ul>","protected":false},"featured_media":7359,"comment_status":"open","ping_status":"closed","template":"","meta":[],"product_brand":[],"product_cat":[38,41],"product_tag":[],"class_list":{"0":"post-7358","1":"product","2":"type-product","3":"status-publish","4":"has-post-thumbnail","6":"product_cat-vektor-animals-vetom","7":"product_cat-vektor-animals-3","9":"first","10":"instock","11":"featured","12":"taxable","13":"shipping-taxable","14":"purchasable","15":"product-type-simple"},"_links":{"self":[{"href":"https:\/\/vetomshop.hu\/sk\/wp-json\/wp\/v2\/product\/7358","targetHints":{"allow":["GET"]}}],"collection":[{"href":"https:\/\/vetomshop.hu\/sk\/wp-json\/wp\/v2\/product"}],"about":[{"href":"https:\/\/vetomshop.hu\/sk\/wp-json\/wp\/v2\/types\/product"}],"replies":[{"embeddable":true,"href":"https:\/\/vetomshop.hu\/sk\/wp-json\/wp\/v2\/comments?post=7358"}],"wp:featuredmedia":[{"embeddable":true,"href":"https:\/\/vetomshop.hu\/sk\/wp-json\/wp\/v2\/media\/7359"}],"wp:attachment":[{"href":"https:\/\/vetomshop.hu\/sk\/wp-json\/wp\/v2\/media?parent=7358"}],"wp:term":[{"taxonomy":"product_brand","embeddable":true,"href":"https:\/\/vetomshop.hu\/sk\/wp-json\/wp\/v2\/product_brand?post=7358"},{"taxonomy":"product_cat","embeddable":true,"href":"https:\/\/vetomshop.hu\/sk\/wp-json\/wp\/v2\/product_cat?post=7358"},{"taxonomy":"product_tag","embeddable":true,"href":"https:\/\/vetomshop.hu\/sk\/wp-json\/wp\/v2\/product_tag?post=7358"}],"curies":[{"name":"wp","href":"https:\/\/api.w.org\/{rel}","templated":true}]}}