{"id":7379,"date":"2026-01-20T17:30:45","date_gmt":"2026-01-20T16:30:45","guid":{"rendered":"https:\/\/vetomshop.hu\/?post_type=product&#038;p=7379"},"modified":"2026-04-27T03:16:23","modified_gmt":"2026-04-27T01:16:23","slug":"bioseptin-probiotikus-sebkezelo-kenocs-60-g","status":"publish","type":"product","link":"https:\/\/vetomshop.hu\/sk\/produkt\/bioseptin-probiotikus-sebkezelo-kenocs-60-g\/","title":{"rendered":"Bioseptin - Probiotick\u00e1 mas\u0165 na o\u0161etrenie r\u00e1n pre zvierat\u00e1 (Bacillus amyloliquefaciens) - <span style=\"color:red\">60 g<\/span>"},"content":{"rendered":"<h3>Bioseptin - Probiotick\u00e1 mas\u0165 na o\u0161etrenie r\u00e1n pre zvierat\u00e1<\/h3>\n<div class=\"plashka\">A <strong>Biosept\u00edn<\/strong> jedine\u010dn\u00e1 probiotick\u00e1 mas\u0165 na vonkaj\u0161ie pou\u017eitie. Na\u017eivo na <strong>Bacillus amyloliquefaciens<\/strong> obsahuje bakt\u00e9rie, ktor\u00e9 prirodzene \u010distia rany, potl\u00e1\u010daj\u00fa z\u00e1paly a vytv\u00e1raj\u00fa biologick\u00fa bari\u00e9ru na po\u0161kodenej poko\u017eke.<\/div>\n<h5>\u00da\u010dinn\u00e1 l\u00e1tka a mechanizmus \u00fa\u010dinku<\/h5>\n<p>Mas\u0165 obsahuje dva \u0161peci\u00e1lne priemyseln\u00e9 kmene bakt\u00e9ri\u00ed (VKPM B-10642 a B-10643), ktor\u00e9 p\u00f4sobia prienikom do rany:<\/p>\n<ul class=\"vetom-list\">\n<li><strong>\u010cistenie r\u00e1n (l\u00fdza):<\/strong> Produkuj\u00fa proteolytick\u00e9 enz\u00fdmy, ktor\u00e9 rozp\u00fa\u0161\u0165aj\u00fa (lyzuj\u00fa) odumret\u00e9, nekrotick\u00e9 tkanivo a \u010distia ranu.<\/li>\n<li><strong>\u0160kolenie o biofilme:<\/strong> Bakt\u00e9rie vytv\u00e1raj\u00fa tenk\u00fd biofilm, ktor\u00fd zabra\u0148uje prenikaniu vonkaj\u0161\u00edch patog\u00e9nov do dutiny rany (tak\u017ee nie je potrebn\u00fd obv\u00e4z).<\/li>\n<li><strong>Antiseptick\u00fd \u00fa\u010dinok:<\/strong> Brzdia rast bakt\u00e9ri\u00ed sp\u00f4sobuj\u00facich hnisanie a in\u00fdch patog\u00e9nnych bakt\u00e9ri\u00ed.<\/li>\n<li><strong>Zn\u00ed\u017eenie z\u00e1palu:<\/strong> Ur\u00fdch\u013euj\u00fa regener\u00e1ciu a upokojuj\u00fa po\u0161koden\u00e9 miesto.<\/li>\n<\/ul>\n<h5>Oblasti pou\u017eitia<\/h5>\n<p>V\u00fdrobok sa m\u00f4\u017ee pou\u017e\u00edva\u0165 pre v\u0161etky druhy zvierat (dom\u00e1ce zvierat\u00e1, hospod\u00e1rske zvierat\u00e1, div\u00e9 zvierat\u00e1, vt\u00e1ky):<\/p>\n<ul class=\"vetom-list\">\n<li>O\u0161etrenie rezn\u00fdch a odret\u00fdch r\u00e1n.<\/li>\n<li>Na hojenie pop\u00e1len\u00edn.<\/li>\n<li>Na z\u00e1paly ko\u017ee (dermatit\u00eddu) a in\u00e9 ko\u017en\u00e9 l\u00e9zie.<\/li>\n<li>Na o\u0161etrovanie nehojacich sa vredov\u00fdch r\u00e1n.<\/li>\n<\/ul>\n<h5>N\u00e1vod na pou\u017eitie<\/h5>\n<p>Len na extern\u00e9 pou\u017eitie!<\/p>\n<ul class=\"vetom-list\">\n<li><strong>D\u00e1vkovanie:<\/strong> Nan\u00e1\u0161ajte tenk\u00fa vrstvu na po\u0161koden\u00fd povrch 1-2 kr\u00e1t denne.<\/li>\n<li><strong>Trvanie:<\/strong> V lie\u010dbe by sa malo pokra\u010dova\u0165 a\u017e do \u00fapln\u00e9ho zotavenia.<\/li>\n<li><strong>V\u00e4zba:<\/strong> Rany lie\u010den\u00e9 Biosept\u00ednom <strong>nie je potrebn\u00e1 \u017eiadna band\u00e1\u017e<\/strong>, preto\u017ee vytvoren\u00fd biofilm chr\u00e1ni dan\u00fa oblas\u0165.<\/li>\n<\/ul>\n<h5>Bezpe\u010dnos\u0165 a skladovanie<\/h5>\n<ul class=\"vetom-list\">\n<li><strong>Je to bezpe\u010dn\u00e9:<\/strong> M\u00f4\u017ee sa pou\u017e\u00edva\u0165 aj u gravidn\u00fdch a doj\u010diacich zvierat. Nie s\u00fa zn\u00e1me \u017eiadne ved\u013eaj\u0161ie \u00fa\u010dinky.<\/li>\n<li><strong>Kontraindik\u00e1cie:<\/strong> Nepou\u017e\u00edvajte s\u00fa\u010dasne s mas\u0165ami obsahuj\u00facimi antibiotik\u00e1 alebo sulfonamidy.<\/li>\n<li><strong>Skladovanie:<\/strong> Neotvoren\u00e9 uchov\u00e1vajte v chladni\u010dke (0-10 \u00b0C). <strong>Po otvoren\u00ed a skladovan\u00ed pri izbovej teplote sa m\u00f4\u017ee pou\u017e\u00edva\u0165 a\u017e 15 dn\u00ed!<\/strong><\/li>\n<\/ul>","protected":false},"excerpt":{"rendered":"<div class=\"plashka\">A <strong>Biosept\u00edn<\/strong> probiotick\u00e1 mas\u0165 hoj\u00ed rany, pop\u00e1leniny a z\u00e1paly ko\u017ee pomocou \u017eivej bakteri\u00e1lnej fl\u00f3ry. Pr\u00edrodn\u00e1 alternat\u00edva tradi\u010dn\u00fdch antisept\u00edk.<\/div>\n<h5>Hlavn\u00e9 v\u00fdhody:<\/h5>\n<ul class=\"vetom-list\">\n<li><strong>Prirodzen\u00e9 hojenie r\u00e1n:<\/strong> Odstra\u0148uje odumret\u00e9 tkanivo a regeneruje poko\u017eku.<\/li>\n<li><strong>Nevidite\u013en\u00e9 obv\u00e4zy:<\/strong> V rane vytv\u00e1ra biofilm, tak\u017ee nie je potrebn\u00fd \u017eiadny obv\u00e4z.<\/li>\n<li><strong>Univerz\u00e1lne:<\/strong> Bezpe\u010dn\u00e9 pre psy, ma\u010dky, kone a in\u00e9 zvierat\u00e1.<\/li>\n<li><strong>Jemn\u00e9:<\/strong> Ne\u0161t\u00edpe, p\u00f4sob\u00ed protiz\u00e1palovo.<\/li>\n<\/ul>","protected":false},"featured_media":7380,"comment_status":"open","ping_status":"closed","template":"","meta":[],"product_brand":[],"product_cat":[42,38],"product_tag":[],"class_list":{"0":"post-7379","1":"product","2":"type-product","3":"status-publish","4":"has-post-thumbnail","6":"product_cat-bioseptin-kenocs","7":"product_cat-vektor-animals-vetom","9":"first","10":"outofstock","11":"featured","12":"taxable","13":"shipping-taxable","14":"purchasable","15":"product-type-simple"},"_links":{"self":[{"href":"https:\/\/vetomshop.hu\/sk\/wp-json\/wp\/v2\/product\/7379","targetHints":{"allow":["GET"]}}],"collection":[{"href":"https:\/\/vetomshop.hu\/sk\/wp-json\/wp\/v2\/product"}],"about":[{"href":"https:\/\/vetomshop.hu\/sk\/wp-json\/wp\/v2\/types\/product"}],"replies":[{"embeddable":true,"href":"https:\/\/vetomshop.hu\/sk\/wp-json\/wp\/v2\/comments?post=7379"}],"wp:featuredmedia":[{"embeddable":true,"href":"https:\/\/vetomshop.hu\/sk\/wp-json\/wp\/v2\/media\/7380"}],"wp:attachment":[{"href":"https:\/\/vetomshop.hu\/sk\/wp-json\/wp\/v2\/media?parent=7379"}],"wp:term":[{"taxonomy":"product_brand","embeddable":true,"href":"https:\/\/vetomshop.hu\/sk\/wp-json\/wp\/v2\/product_brand?post=7379"},{"taxonomy":"product_cat","embeddable":true,"href":"https:\/\/vetomshop.hu\/sk\/wp-json\/wp\/v2\/product_cat?post=7379"},{"taxonomy":"product_tag","embeddable":true,"href":"https:\/\/vetomshop.hu\/sk\/wp-json\/wp\/v2\/product_tag?post=7379"}],"curies":[{"name":"wp","href":"https:\/\/api.w.org\/{rel}","templated":true}]}}