{"id":1019,"date":"2020-02-17T14:17:10","date_gmt":"2020-02-17T14:17:10","guid":{"rendered":"https:\/\/vetomshop.hu\/?page_id=1019"},"modified":"2024-05-23T10:56:21","modified_gmt":"2024-05-23T08:56:21","slug":"a-vetom-probiotikum-tortenete","status":"publish","type":"page","link":"https:\/\/vetomshop.hu\/sl\/a-vetom-probiotikum-tortenete\/","title":{"rendered":"Zgodovina probiotika Vetom"},"content":{"rendered":"<h3>A <em>Bacillus<\/em> raziskave bakterij in prvih \u201e\u017eivih\u201d pripravkov na njihovi osnovi segajo v trideseta leta prej\u0161njega stoletja.<\/h3>\n<p><img loading=\"lazy\" decoding=\"async\" class=\"wp-image-3790 alignleft\" src=\"https:\/\/vetomshop.hu\/wp-content\/uploads\/2023\/02\/bacterio.jpg\" alt=\"\" width=\"655\" height=\"326\" srcset=\"https:\/\/vetomshop.hu\/wp-content\/uploads\/2023\/02\/bacterio.jpg 1500w, https:\/\/vetomshop.hu\/wp-content\/uploads\/2023\/02\/bacterio-300x149.jpg 300w, https:\/\/vetomshop.hu\/wp-content\/uploads\/2023\/02\/bacterio-1024x509.jpg 1024w, https:\/\/vetomshop.hu\/wp-content\/uploads\/2023\/02\/bacterio-768x382.jpg 768w, https:\/\/vetomshop.hu\/wp-content\/uploads\/2023\/02\/bacterio-1320x656.jpg 1320w, https:\/\/vetomshop.hu\/wp-content\/uploads\/2023\/02\/bacterio-600x298.jpg 600w\" sizes=\"auto, (max-width: 655px) 100vw, 655px\" \/>Leta 1939 so enote Wermachta v Afriki naletele na problem dizenterije. Bolezen je prizadela vojski obeh strani. Prvi, ki so bolezen izkoreninili, so bili Arabci. Kot u\u010dinkovito zdravilo so uporabljali kamelji gnoj. Nemci niso hoteli u\u017eivati kameljega gnoja, vendar so odkrili odli\u010dno u\u010dinkovitost tega zdravila. Aktivna sestavina je\u00a0 <em>Bacillus subtilis<\/em> mikroorganizem, ki lahko zavira razvoj in razmno\u017eevanje povzro\u010diteljev driske. Na podlagi te bakterije so nem\u0161ki znanstveniki ustvarili probioti\u010dni pripravek, ki se je pozneje pogosto uporabljal v vojski za prepre\u010devanje driske. Po razpadu Hitlerjeve Nem\u010dije so tehnologijo za proizvodnjo probiotika pridobili Ameri\u010dani.<\/p>\n<h3>Vendar pa Sovjetska zveza ni ostala neaktivna.<\/h3>\n<p>Ob koncu druge svetovne vojne so bile mobilizirane velike sile za obrambo pred sodobnim oro\u017ejem, vklju\u010dno z biolo\u0161kim oro\u017ejem. Leta 1974 je bila ustanovljena velika tajna organizacija - Mikrobioprom - za razvoj priprav za za\u0161\u010dito ljudi pred biogenimi nesre\u010dami, vklju\u010dno z biolo\u0161kim oro\u017ejem. Sistem Mikrobioprom je vklju\u010deval takrat obstoje\u010de znanstvene in\u0161titute ter novoustanovljene specializirane znanstvene mikrobiolo\u0161ke centre in tovarne za proizvodnjo biolo\u0161kih izdelkov. Vodilna ustanova Mikrobioproma je bilo podjetje \u201eVektor\u201d, ki je imelo sede\u017e v vasi Kolcovo blizu Novosibirska. Velikost te ustanove je \u0161e danes impresivna. Vzporedno s podjetjem Vektor je bilo zgrajenih in razvitih \u0161e pet drugih ustanov. Tako je Sovjetska zveza v razmeroma kratkem \u010dasu postala vodilna v svetu na podro\u010dju mikrobiologije.<\/p>\n<p><img loading=\"lazy\" decoding=\"async\" class=\"alignright wp-image-5499\" src=\"https:\/\/vetomshop.hu\/wp-content\/uploads\/2024\/04\/biotechnology.jpg\" alt=\"\" width=\"660\" height=\"369\" srcset=\"https:\/\/vetomshop.hu\/wp-content\/uploads\/2024\/04\/biotechnology.jpg 1000w, https:\/\/vetomshop.hu\/wp-content\/uploads\/2024\/04\/biotechnology-300x168.jpg 300w, https:\/\/vetomshop.hu\/wp-content\/uploads\/2024\/04\/biotechnology-768x429.jpg 768w, https:\/\/vetomshop.hu\/wp-content\/uploads\/2024\/04\/biotechnology-600x335.jpg 600w\" sizes=\"auto, (max-width: 660px) 100vw, 660px\" \/>Zlasti v za\u010detku devetdesetih let prej\u0161njega stoletja je \u201evektor\u201d kot prvi v zgodovini \u010dlove\u0161tva uspe\u0161no ustvaril umetni \u017eivi predmet - \u201eplazmid\u201e -, ki generira \u010dlove\u0161ki levkocitni interferon alfa-2, osnovno beljakovino imunskega sistema, ki je bila uspe\u0161no vklju\u010dena v \u00a0<em>Bacillus subtilis<\/em> v mikrovalovni celici. Rezultat je rekombinantna razli\u010dica, ki lahko proizvaja pribli\u017eno 70 antibiotikov ter \u0161irok nabor fermentov in interferonov. Ta sev se sporulira, brez po\u0161kodb prodre skozi sluznico \u017eelodca in dvanajstnika ter se aktivira v debelem \u010drevesu.<\/p>\n<p>Ta probioti\u010dni pripravek, ki temelji na zgoraj omenjenem probiotiku, se imenuje \u201eSubalin\u201d. In kaj se je zgodilo potem, vsi vedo. Sovjetska zveza je ravnala napa\u010dno, za\u010dele so se tr\u017ene reforme in oblasti niso \u017eelele Mikrobioproma. Toda ameri\u0161ka vlada je potrebovala \u201eVektor\u201d. Tri leta so tuji strokovnjaki preu\u010devali, preverjali in zbirali podatke na obmo\u010dju \u201eVektor\u201d. Subalin seveda ni mogel prodreti na trg. Da vsaj del raziskav \u201eVektorja\u201d ni bil izgubljen, je v veliki meri zaslu\u017een njegov ustvarjalec Lev Stepanovi\u010d Sanakhchiev - eden od ustvarjalcev \u201eSubalina\u201d. Iz lo\u010denih enot podjetja Vektor je Sanhakhchiev ustvaril \u0161tevilna zasebna podjetja, ki so se nau\u010dila pre\u017eiveti na zasebni liniji. Pribli\u017eno polovici od njih je to tudi uspelo.<\/p>\n<h3>Med njimi je osrednji znanstveni - \u201eraziskovalni center\u201d, ki je med drugim znan po mikrobiologiji in genetiki, kjer je mikrobiolog in genetik Aleksander Ivanovi\u010d Lelyak registriral ve\u010d kot 50 izumov.<\/h3>\n<p>Prav to podjetje je bilo odgovorno za temo \u017eivih pripravkov, njihovo nadaljnje preu\u010devanje in organizacijo njihovega ustvarjanja. V zadnjih 20 letih je raziskovalni center, ki trenutno zaposluje ve\u010d kot 200 strokovnjakov, razvil strategijo prilagajanja trenutnim razmeram na trgu.<\/p>\n<p><img loading=\"lazy\" decoding=\"async\" class=\"wp-image-5500  alignleft\" src=\"https:\/\/vetomshop.hu\/wp-content\/uploads\/2024\/04\/probioticum.jpg\" alt=\"\" width=\"656\" height=\"378\" srcset=\"https:\/\/vetomshop.hu\/wp-content\/uploads\/2024\/04\/probioticum.jpg 1024w, https:\/\/vetomshop.hu\/wp-content\/uploads\/2024\/04\/probioticum-300x173.jpg 300w, https:\/\/vetomshop.hu\/wp-content\/uploads\/2024\/04\/probioticum-768x443.jpg 768w, https:\/\/vetomshop.hu\/wp-content\/uploads\/2024\/04\/probioticum-600x346.jpg 600w\" sizes=\"auto, (max-width: 656px) 100vw, 656px\" \/>Mikrobi predstavljajo 90 odstotkov biomase na\u0161ega planeta, pojasnjuje Aleksander Ivanovi\u010d Lelyak. - Mirno lahko re\u010demo, da je svet, v katerem \u017eivimo, pravzaprav njihov. Ve\u010dina mikroorganizmov - \u010dlove\u0161kih, \u017eivalskih in rastlinskih oku\u017eb. Mi sami smo v 2-3 odstotkih sestavljeni iz mikrobov. \u010ce pogledamo katerikoli del na\u0161ega telesa, lahko vidimo, da tam obstajajo dolo\u010deni mikroorganizmi - vsak del telesa ima svoj mikrobni ekosistem. Ti pomagajo telesu, da se brani pred \u0161kodljivimi vplivi okolja. \u010ce to kr\u0161imo - zbolimo. V optimalnem primeru, ko z nami ostanejo vsi na\u0161i lastni mikrobi, pa se lahko za\u0161\u010ditimo pred vsemi oku\u017ebami!<\/p>","protected":false},"excerpt":{"rendered":"<p>A Bacillus bakt\u00e9riumok ut\u00e1n t\u00f6rt\u00e9n\u0151 kutat\u00e1sok \u00e9s azok alapj\u00e1n l\u00e9trehozott els\u0151 \u201e\u00e9l\u0151\u201d k\u00e9sz\u00edtm\u00e9nyek az 1930-as \u00e9vekre tehet\u0151. 1939-ben a Wermacht seregei Afrik\u00e1ban tal\u00e1lkoztak a v\u00e9rhas probl\u00e9m\u00e1j\u00e1val. A megbeteged\u00e9s \u00e9rintette mindk\u00e9t f\u00e9l sereg\u00e9t. A bajt els\u0151nek az arabok sz\u00fcntett\u00e9k meg. Hat\u00e9kony gy\u00f3gy k\u00e9sz\u00edtm\u00e9nyk\u00e9nt a tev\u00e9k tr\u00e1gy\u00e1j\u00e1t alkalmazt\u00e1k. A n\u00e9metek a tevetr\u00e1gy\u00e1t nem voltak hajland\u00f3k fogyasztani, viszont [&hellip;]<\/p>\n","protected":false},"author":1,"featured_media":0,"parent":0,"menu_order":0,"comment_status":"closed","ping_status":"closed","template":"","meta":{"footnotes":""},"class_list":["post-1019","page","type-page","status-publish","hentry"],"_links":{"self":[{"href":"https:\/\/vetomshop.hu\/sl\/wp-json\/wp\/v2\/pages\/1019","targetHints":{"allow":["GET"]}}],"collection":[{"href":"https:\/\/vetomshop.hu\/sl\/wp-json\/wp\/v2\/pages"}],"about":[{"href":"https:\/\/vetomshop.hu\/sl\/wp-json\/wp\/v2\/types\/page"}],"author":[{"embeddable":true,"href":"https:\/\/vetomshop.hu\/sl\/wp-json\/wp\/v2\/users\/1"}],"replies":[{"embeddable":true,"href":"https:\/\/vetomshop.hu\/sl\/wp-json\/wp\/v2\/comments?post=1019"}],"version-history":[{"count":0,"href":"https:\/\/vetomshop.hu\/sl\/wp-json\/wp\/v2\/pages\/1019\/revisions"}],"wp:attachment":[{"href":"https:\/\/vetomshop.hu\/sl\/wp-json\/wp\/v2\/media?parent=1019"}],"curies":[{"name":"wp","href":"https:\/\/api.w.org\/{rel}","templated":true}]}}