{"id":1020,"date":"2020-02-17T14:15:30","date_gmt":"2020-02-17T14:15:30","guid":{"rendered":"https:\/\/vetomshop.hu\/?page_id=1020"},"modified":"2024-09-26T18:57:13","modified_gmt":"2024-09-26T16:57:13","slug":"gyakori-kerdesek","status":"publish","type":"page","link":"https:\/\/vetomshop.hu\/sl\/gyakori-kerdesek\/","title":{"rendered":"Pogosto zastavljena vpra\u0161anja"},"content":{"rendered":"<div class=\"wpb-content-wrapper\">\n<div  data-mk-stretch-content=\"true\" class=\"wpb_row vc_row vc_row-fluid jupiter-donut- mk-fullwidth-false  attched-false     js-master-row  mk-grid\">\n\t\t\t\t\n<div class=\"vc_col-sm-12 wpb_column column_container  jupiter-donut- _ jupiter-donut-height-full\">\n\t\n<div data-style=\"accordion-style\" data-initialindex=\"0\" id=\"mk-accordion-2\" class=\"mk-accordion mobile-false fancy-style\">\n\t<div class=\"wpb_accordion_wrapper\">\n\t\t\n<div id=\"\"class=\"mk-accordion-single\">\n\n\t<div class=\"mk-accordion-tab\">\n\t\t<i><svg  class=\"mk-svg-icon\" data-name=\"mk-icon-medkit\" data-cacheid=\"icon-69f7c53221607\" xmlns=\"http:\/\/www.w3.org\/2000\/svg\" viewbox=\"0 0 1792 1792\"><path d=\"M1280 1120v-192q0-14-9-23t-23-9h-224v-224q0-14-9-23t-23-9h-192q-14 0-23 9t-9 23v224h-224q-14 0-23 9t-9 23v192q0 14 9 23t23 9h224v224q0 14 9 23t23 9h192q14 0 23-9t9-23v-224h224q14 0 23-9t9-23zm-640-736h512v-128h-512v128zm-384 0v1280h-32q-92 0-158-66t-66-158v-832q0-92 66-158t158-66h32zm1184 0v1280h-1088v-1280h160v-160q0-40 28-68t68-28h576q40 0 68 28t28 68v160h160zm352 224v832q0 92-66 158t-158 66h-32v-1280h32q92 0 158 66t66 158z\"\/><\/svg><\/i>\t\t<span>Kaj je Vetom?<\/span>\n\t\t<svg  class=\"mk-svg-icon\" data-name=\"mk-icon-chevron-right\" data-cacheid=\"icon-69f7c53221744\" style=\" height:13px; width: 9.2857142857143px; \"  xmlns=\"http:\/\/www.w3.org\/2000\/svg\" viewbox=\"0 0 1280 1792\"><path d=\"M1107 877l-742 742q-19 19-45 19t-45-19l-166-166q-19-19-19-45t19-45l531-531-531-531q-19-19-19-45t19-45l166-166q19-19 45-19t45 19l742 742q19 19 19 45t-19 45z\"\/><\/svg>\t<\/div>\n\n\t<div class=\"mk-accordion-pane\">\n\t\t\t<div class=\"vc_custom_1716651722549\">\n\n<div id=\"text-block-3\" class=\"mk-text-block  jupiter-donut-\">\n\n\t\n\t<p><span style=\"color: #a58904;\"><strong>VETOM<\/strong><\/span>\u00a0- zelo mo\u010dan probiotik, ki obnavlja in ohranja strukturo \u010drevesne sluznice in mikrofloro \u017eelodca.<\/p>\n<p><img loading=\"lazy\" decoding=\"async\" class=\"size-full wp-image-623 aligncenter\" src=\"https:\/\/vetomshop.hu\/wp-content\/uploads\/2024\/05\/vetom-laboratorium.jpg\" alt=\"\" width=\"1464\" height=\"560\" \/><\/p>\n<p><strong><span style=\"color: #a58904;\">Kako se zdravilo Vetom bori proti virusnim in bakterijskim oku\u017ebam?<\/span><\/strong><\/p>\n<p>Aktivna snov v zdravilu Vetom je Bacillus subtilis sev VKPM B 10641. Bakterije, ki pripadajo tej vrsti, specifi\u010dno zavirajo rast in razvoj mikroflore zunaj prebavnega trakta z neposrednim antagonizmom do povzro\u010diteljev oku\u017eb in posredno z optimizacijo imunskega sistema telesa s proizvodnjo interferona \u03b1-2 iz \u010dlove\u0161kih levkocitov.<\/p>\n<p>Interferon - beljakovinska molekula, ki zagotavlja protivirusno odpornost!<\/p>\n<p>Glavni mehanizem delovanja interferona - zaviranje razvoja in delitve. Pri fiziolo\u0161kih odmerkih to delovanje uravnava razmno\u017eevanje virusov.<\/p>\n<p>Zdravo telo se na vdor virusov odzove s proizvodnjo interferonov, ki prepre\u010dijo nadaljnji razvoj oku\u017ebe.<\/p>\n<p><img loading=\"lazy\" decoding=\"async\" class=\"size-full wp-image-5647 aligncenter\" src=\"https:\/\/vetomshop.hu\/wp-content\/uploads\/2024\/05\/laborator.jpg\" alt=\"\" width=\"1000\" height=\"534\" srcset=\"https:\/\/vetomshop.hu\/wp-content\/uploads\/2024\/05\/laborator.jpg 1000w, https:\/\/vetomshop.hu\/wp-content\/uploads\/2024\/05\/laborator-300x160.jpg 300w, https:\/\/vetomshop.hu\/wp-content\/uploads\/2024\/05\/laborator-768x410.jpg 768w, https:\/\/vetomshop.hu\/wp-content\/uploads\/2024\/05\/laborator-600x320.jpg 600w\" sizes=\"auto, (max-width: 1000px) 100vw, 1000px\" \/>Ker zdravilo Vetom spodbuja nastajanje interferona, se uporablja tudi v boju proti virusom in oku\u017ebam, vklju\u010dno s koronavirusom:<\/p>\n<ul>\n<li>SARS (rinovirus, koronavirusna oku\u017eba, virusi gripe in parainfluence);<\/li>\n<li>nalezljive bolezni - razli\u010dne oblike herpeti\u010dnih sprememb (virusni keratokonjunktivitis in keratitis, keratouveitis, genitalni herpes, pasavec);<\/li>\n<li>akutni in kroni\u010dni virusni hepatitis (A, B, C, D (delta)).<\/li>\n<\/ul>\n\n\t<div class=\"clearboth\"><\/div>\n<\/div>\n\n\t<\/div>\n\n\t\t<div class=\"clearboth\"><\/div>\n\t<\/div>\n\n<\/div>\n\n<div id=\"\"class=\"mk-accordion-single\">\n\n\t<div class=\"mk-accordion-tab\">\n\t\t<i><svg  class=\"mk-svg-icon\" data-name=\"mk-icon-medkit\" data-cacheid=\"icon-69f7c53221c4d\" xmlns=\"http:\/\/www.w3.org\/2000\/svg\" viewbox=\"0 0 1792 1792\"><path d=\"M1280 1120v-192q0-14-9-23t-23-9h-224v-224q0-14-9-23t-23-9h-192q-14 0-23 9t-9 23v224h-224q-14 0-23 9t-9 23v192q0 14 9 23t23 9h224v224q0 14 9 23t23 9h192q14 0 23-9t9-23v-224h224q14 0 23-9t9-23zm-640-736h512v-128h-512v128zm-384 0v1280h-32q-92 0-158-66t-66-158v-832q0-92 66-158t158-66h32zm1184 0v1280h-1088v-1280h160v-160q0-40 28-68t68-28h576q40 0 68 28t28 68v160h160zm352 224v832q0 92-66 158t-158 66h-32v-1280h32q92 0 158 66t66 158z\"\/><\/svg><\/i>\t\t<span>Ali je zdravilo Vetom primerno za otroke?<\/span>\n\t\t<svg  class=\"mk-svg-icon\" data-name=\"mk-icon-chevron-right\" data-cacheid=\"icon-69f7c53221d21\" style=\" height:13px; width: 9.2857142857143px; \"  xmlns=\"http:\/\/www.w3.org\/2000\/svg\" viewbox=\"0 0 1280 1792\"><path d=\"M1107 877l-742 742q-19 19-45 19t-45-19l-166-166q-19-19-19-45t19-45l531-531-531-531q-19-19-19-45t19-45l166-166q19-19 45-19t45 19l742 742q19 19 19 45t-19 45z\"\/><\/svg>\t<\/div>\n\n\t<div class=\"mk-accordion-pane\">\n\t\t\t<div class=\"vc_custom_1675849573805\">\n\n<div id=\"text-block-4\" class=\"mk-text-block  jupiter-donut-\">\n\n\t\n\t<p><img loading=\"lazy\" decoding=\"async\" class=\"size-full wp-image-612 aligncenter\" src=\"\/\/vetom-egeszsegshop.hu\/wp-content\/uploads\/2023\/02\/probio-dity.jpg\" alt=\"\" width=\"1105\" height=\"600\" \/><\/p>\n<p>Probiotik nima starostne omejitve, zato ga lahko jemljejo odrasli in otroci.<\/p>\n<p>Uporabite lahko teko\u010do obliko probiotika: 1-2 kapljici 2-3-krat na dan, razred\u010deni v malo vode. Najbolje kot zdravilo za 10-14 dni.<\/p>\n<p>Ali pa ga dajemo v obliki pra\u0161ka, 1 g pra\u0161ka na 10 kg otrokove te\u017ee, 2-3-krat na dan. Pra\u0161ek se lahko razred\u010di v majhni koli\u010dini teko\u010dine.<\/p>\n<p>Za\u017eeleno je, da zdravljenje traja od 10 do 14 dni.<\/p>\n\n\t<div class=\"clearboth\"><\/div>\n<\/div>\n\n\t<\/div>\n\n\t\t<div class=\"clearboth\"><\/div>\n\t<\/div>\n\n<\/div>\n\n<div id=\"\"class=\"mk-accordion-single\">\n\n\t<div class=\"mk-accordion-tab\">\n\t\t<i><svg  class=\"mk-svg-icon\" data-name=\"mk-icon-medkit\" data-cacheid=\"icon-69f7c532220f8\" xmlns=\"http:\/\/www.w3.org\/2000\/svg\" viewbox=\"0 0 1792 1792\"><path d=\"M1280 1120v-192q0-14-9-23t-23-9h-224v-224q0-14-9-23t-23-9h-192q-14 0-23 9t-9 23v224h-224q-14 0-23 9t-9 23v192q0 14 9 23t23 9h224v224q0 14 9 23t23 9h192q14 0 23-9t9-23v-224h224q14 0 23-9t9-23zm-640-736h512v-128h-512v128zm-384 0v1280h-32q-92 0-158-66t-66-158v-832q0-92 66-158t158-66h32zm1184 0v1280h-1088v-1280h160v-160q0-40 28-68t68-28h576q40 0 68 28t28 68v160h160zm352 224v832q0 92-66 158t-158 66h-32v-1280h32q92 0 158 66t66 158z\"\/><\/svg><\/i>\t\t<span>Kako jemati izdelke Vetom?<\/span>\n\t\t<svg  class=\"mk-svg-icon\" data-name=\"mk-icon-chevron-right\" data-cacheid=\"icon-69f7c532221c5\" style=\" height:13px; width: 9.2857142857143px; \"  xmlns=\"http:\/\/www.w3.org\/2000\/svg\" viewbox=\"0 0 1280 1792\"><path d=\"M1107 877l-742 742q-19 19-45 19t-45-19l-166-166q-19-19-19-45t19-45l531-531-531-531q-19-19-19-45t19-45l166-166q19-19 45-19t45 19l742 742q19 19 19 45t-19 45z\"\/><\/svg>\t<\/div>\n\n\t<div class=\"mk-accordion-pane\">\n\t\t\t<div class=\"vc_custom_1716651401497\">\n\n<div id=\"text-block-5\" class=\"mk-text-block  jupiter-donut-\">\n\n\t\n\t<p>Za najve\u010dji u\u010dinek vzemite zdravilo Vetom eno uro pred obrokom z majhno koli\u010dino navadne vode. V \u010dasu jemanja je priporo\u010dljivo izklju\u010diti alkohol in za\u010dinjeno hrano. Pri izbiri odmerka in pogostosti jemanja je treba upo\u0161tevati, da terapevtski u\u010dinek ni neposredno odvisen od koli\u010dine izdelka, ki ga zau\u017eijete naenkrat, temve\u010d od pogostosti jemanja v zdravilni shemi - pogostej\u0161i kot je odmerek, mo\u010dnej\u0161i je u\u010dinek.<\/p>\n<p><img decoding=\"async\" class=\"alignnone size-full wp-image-5645\" src=\"https:\/\/vetomshop.hu\/wp-content\/uploads\/2024\/05\/gettyimages.jpg\" alt=\"\" width=\"100%\" srcset=\"https:\/\/vetomshop.hu\/wp-content\/uploads\/2024\/05\/gettyimages.jpg 1920w, https:\/\/vetomshop.hu\/wp-content\/uploads\/2024\/05\/gettyimages-300x171.jpg 300w, https:\/\/vetomshop.hu\/wp-content\/uploads\/2024\/05\/gettyimages-1024x585.jpg 1024w, https:\/\/vetomshop.hu\/wp-content\/uploads\/2024\/05\/gettyimages-768x438.jpg 768w, https:\/\/vetomshop.hu\/wp-content\/uploads\/2024\/05\/gettyimages-1536x877.jpg 1536w, https:\/\/vetomshop.hu\/wp-content\/uploads\/2024\/05\/gettyimages-1320x754.jpg 1320w, https:\/\/vetomshop.hu\/wp-content\/uploads\/2024\/05\/gettyimages-600x343.jpg 600w\" sizes=\"(max-width: 1920px) 100vw, 1920px\" \/><\/p>\n<p>En odmerek mora vsebovati najmanj 5 milijonov mikroorganizmov, npr. najmanj 5 g prahu (pribli\u017eno 1 \u010dajna \u017eli\u010dka), 1 vre\u010dko ali 1 kapsulo. \u010ce jemljete zdravilo Vetom v teko\u010di obliki, je 1 odmerek = 1 kapljica.<\/p>\n<p><span style=\"color: #a58904;\"><strong>Preveliko odmerjanje nima negativnih u\u010dinkov.<\/strong><\/span><\/p>\n<p>Preventivno odmerjanje za zdrave ljudi za prepre\u010devanje morebitnih bolezni<em>:\u00a0<\/em><\/p>\n<ul>\n<li>Vzemite Vetom <span style=\"color: #ff0000;\">1.1<\/span>-et ali veto <span style=\"color: #ff0000;\">1.23<\/span>(formulacijo izberete sami - pomembna je prisotnost aktivne sestavine - sev Bacillus subtilis VKPM B-10641 (DSM 24613)) 10-14 dni, v ve\u010d odmerkih 7-10-krat na dan, v pribli\u017eno enakih \u010dasovnih presledkih.Na primer, jemljete ga 2 tedna, nato naredite 3 tedne premora in ponovno ponovite zdravljenje. .<\/li>\n<li>Postopek ponovite vsaj 2-krat na leto, po mo\u017enosti v obdobju pred pogostej\u0161imi prehladi.<\/li>\n<li>Priporo\u010deno za Vetom <span style=\"color: #ff0000;\">1.1<\/span> kapsula - kaplji\u010dna oblika Vetom <span style=\"color: #ff0000;\">1.23<\/span> med zdravljenjem zau\u017eijte zdravilo Vetom <span style=\"color: #ff0000;\">3<\/span>-na in <span style=\"color: #ff0000;\">4<\/span>-(ali pa vzamem <span style=\"color: #ff0000;\">2<\/span>-t) 2-3 odmerki na dan za 10-14 dni.<\/li>\n<li>Namesto zdravila Vetom v prahu ali kapsulah lahko vzamete teko\u010di probiotik, ki ga lahko u\u017eiva vsakdo: Vetom <span style=\"color: #ff0000;\">1.23<\/span> Vetom <span style=\"color: #ff0000;\">3.22<\/span>, Vetom <span style=\"color: #ff0000;\">4.24<\/span> ali Veto <span style=\"color: #ff0000;\">2.25<\/span>, Vetom <span style=\"color: #ff0000;\">2.26<\/span>.<\/li>\n<\/ul>\n<p>\u010ce imate res dobro odpornost, potem lahko Vetom jemljete 1 -2 te\u010daja po 10-14 dni. <span style=\"color: #ff0000;\">1.1<\/span> po zdravljenju ne boste opazili posebnih u\u010dinkov.<\/p>\n<p><strong><span style=\"color: #a58904;\">Terapevtsko nabiranje:<\/span><\/strong><\/p>\n<ul>\n<li>Vzemite Vetom <span style=\"color: #ff0000;\">1.1<\/span> kapsule ali Vetom <span style=\"color: #ff0000;\">1.23<\/span> 10 kapljic na dan (10 kapsul - 10 kapljic) 10-14 dni. Nato min 14 dni odmora. .<\/li>\n<li>Re\u017eim vnosa je treba ponoviti po 1 do 2 mesecih .<\/li>\n<li>Vetom <span style=\"color: #ff0000;\">1.1<\/span> (Vetom <span style=\"color: #ff0000;\">1.23<\/span> ) med zdravljenjem poskusite Vetom <span style=\"color: #ff0000;\">3<\/span>-na in <span style=\"color: #ff0000;\">4<\/span>-(ali pa vzamem <span style=\"color: #ff0000;\">2<\/span>-) lahko u\u017eivate vsak dan od 10 do 14 dni.<\/li>\n<li>Da bi se po\u010dutili bolje, Vetom <span style=\"color: #ff0000;\">1.1<\/span> razmik med tretiranji je treba pove\u010dati na 2-3 na leto. V skladu s tem se Vetom <span style=\"color: #ff0000;\">2<\/span> Pogostost jemanja 3 in 4 lahko s\u010dasoma postopoma zmanj\u0161ate z 10 na 2-3 odmerke.<\/li>\n<\/ul>\n\n\t<div class=\"clearboth\"><\/div>\n<\/div>\n\n\t<\/div>\n\n\t\t<div class=\"clearboth\"><\/div>\n\t<\/div>\n\n<\/div>\n\n<div id=\"\"class=\"mk-accordion-single\">\n\n\t<div class=\"mk-accordion-tab\">\n\t\t<i><svg  class=\"mk-svg-icon\" data-name=\"mk-icon-medkit\" data-cacheid=\"icon-69f7c532225e7\" xmlns=\"http:\/\/www.w3.org\/2000\/svg\" viewbox=\"0 0 1792 1792\"><path d=\"M1280 1120v-192q0-14-9-23t-23-9h-224v-224q0-14-9-23t-23-9h-192q-14 0-23 9t-9 23v224h-224q-14 0-23 9t-9 23v192q0 14 9 23t23 9h224v224q0 14 9 23t23 9h192q14 0 23-9t9-23v-224h224q14 0 23-9t9-23zm-640-736h512v-128h-512v128zm-384 0v1280h-32q-92 0-158-66t-66-158v-832q0-92 66-158t158-66h32zm1184 0v1280h-1088v-1280h160v-160q0-40 28-68t68-28h576q40 0 68 28t28 68v160h160zm352 224v832q0 92-66 158t-158 66h-32v-1280h32q92 0 158 66t66 158z\"\/><\/svg><\/i>\t\t<span>Kateri Vetom je najbolj\u0161i?<\/span>\n\t\t<svg  class=\"mk-svg-icon\" data-name=\"mk-icon-chevron-right\" data-cacheid=\"icon-69f7c53222695\" style=\" height:13px; width: 9.2857142857143px; \"  xmlns=\"http:\/\/www.w3.org\/2000\/svg\" viewbox=\"0 0 1280 1792\"><path d=\"M1107 877l-742 742q-19 19-45 19t-45-19l-166-166q-19-19-19-45t19-45l531-531-531-531q-19-19-19-45t19-45l166-166q19-19 45-19t45 19l742 742q19 19 19 45t-19 45z\"\/><\/svg>\t<\/div>\n\n\t<div class=\"mk-accordion-pane\">\n\t\t\t<div class=\"vc_custom_1727369822448\">\n\n<div id=\"text-block-6\" class=\"mk-text-block  jupiter-donut-\">\n\n\t\n\t<p><img decoding=\"async\" class=\"wp-image-621 aligncenter\" src=\"https:\/\/vetomshop.hu\/wp-content\/uploads\/2024\/05\/nutrigenomics.jpg\" alt=\"\" width=\"100%\" \/><\/p>\n<p>Nemogo\u010de je dolo\u010diti, kateri od teh probiotikov je bolj\u0161i. Uporabljata se za skoraj enake bolezni, vendar ima vsak Vetom druga\u010den u\u010dinek.  Med seboj se dopolnjujejo.<\/p>\n<p>Vse je odvisno od individualnih zna\u010dilnosti in stanja telesa. Najbolj\u0161a re\u0161itev bi bila uporaba celotnega odmerka vseh izdelkov Vetom.<\/p>\n<p>\u0160tiri razli\u010dne kapsule dejansko tvorijo eno veliko celoto.<\/p>\n\n\t<div class=\"clearboth\"><\/div>\n<\/div>\n\n\t<\/div>\n\n\t\t<div class=\"clearboth\"><\/div>\n\t<\/div>\n\n<\/div>\n\n<div id=\"\"class=\"mk-accordion-single\">\n\n\t<div class=\"mk-accordion-tab\">\n\t\t<i><svg  class=\"mk-svg-icon\" data-name=\"mk-icon-medkit\" data-cacheid=\"icon-69f7c53222988\" xmlns=\"http:\/\/www.w3.org\/2000\/svg\" viewbox=\"0 0 1792 1792\"><path d=\"M1280 1120v-192q0-14-9-23t-23-9h-224v-224q0-14-9-23t-23-9h-192q-14 0-23 9t-9 23v224h-224q-14 0-23 9t-9 23v192q0 14 9 23t23 9h224v224q0 14 9 23t23 9h192q14 0 23-9t9-23v-224h224q14 0 23-9t9-23zm-640-736h512v-128h-512v128zm-384 0v1280h-32q-92 0-158-66t-66-158v-832q0-92 66-158t158-66h32zm1184 0v1280h-1088v-1280h160v-160q0-40 28-68t68-28h576q40 0 68 28t28 68v160h160zm352 224v832q0 92-66 158t-158 66h-32v-1280h32q92 0 158 66t66 158z\"\/><\/svg><\/i>\t\t<span>V kak\u0161ni embala\u017ei je na voljo zdravilo Vetom?<\/span>\n\t\t<svg  class=\"mk-svg-icon\" data-name=\"mk-icon-chevron-right\" data-cacheid=\"icon-69f7c53222a35\" style=\" height:13px; width: 9.2857142857143px; \"  xmlns=\"http:\/\/www.w3.org\/2000\/svg\" viewbox=\"0 0 1280 1792\"><path d=\"M1107 877l-742 742q-19 19-45 19t-45-19l-166-166q-19-19-19-45t19-45l531-531-531-531q-19-19-19-45t19-45l166-166q19-19 45-19t45 19l742 742q19 19 19 45t-19 45z\"\/><\/svg>\t<\/div>\n\n\t<div class=\"mk-accordion-pane\">\n\t\t\t<div class=\"vc_custom_1716650901197\">\n\n<div id=\"text-block-7\" class=\"mk-text-block  jupiter-donut-\">\n\n\t\n\t<p><strong>V kak\u0161ni embala\u017ei je na voljo zdravilo Vetom?<\/strong><\/p>\n<p>Zdravilo Vetom je na voljo v treh oblikah:<\/p>\n<ul>\n<li>Prah 5, 500 g pakiranje<\/li>\n<li>Kapsule v pakiranjih po 50 zrn<\/li>\n<li>Teko\u010dina 10 ml<\/li>\n<\/ul>\n<p><img loading=\"lazy\" decoding=\"async\" class=\"wp-image-625 aligncenter\" src=\"https:\/\/vetomshop.hu\/wp-content\/uploads\/2024\/05\/biotech-deepdive.webp\" alt=\"\" width=\"869\" height=\"365\" \/><\/p>\n\n\t<div class=\"clearboth\"><\/div>\n<\/div>\n\n\t<\/div>\n\n\t\t<div class=\"clearboth\"><\/div>\n\t<\/div>\n\n<\/div>\n\n<div id=\"\"class=\"mk-accordion-single\">\n\n\t<div class=\"mk-accordion-tab\">\n\t\t<i><svg  class=\"mk-svg-icon\" data-name=\"mk-icon-medkit\" data-cacheid=\"icon-69f7c53222d75\" xmlns=\"http:\/\/www.w3.org\/2000\/svg\" viewbox=\"0 0 1792 1792\"><path d=\"M1280 1120v-192q0-14-9-23t-23-9h-224v-224q0-14-9-23t-23-9h-192q-14 0-23 9t-9 23v224h-224q-14 0-23 9t-9 23v192q0 14 9 23t23 9h224v224q0 14 9 23t23 9h192q14 0 23-9t9-23v-224h224q14 0 23-9t9-23zm-640-736h512v-128h-512v128zm-384 0v1280h-32q-92 0-158-66t-66-158v-832q0-92 66-158t158-66h32zm1184 0v1280h-1088v-1280h160v-160q0-40 28-68t68-28h576q40 0 68 28t28 68v160h160zm352 224v832q0 92-66 158t-158 66h-32v-1280h32q92 0 158 66t66 158z\"\/><\/svg><\/i>\t\t<span>Kako se probiotiki razlikujejo od semen?<\/span>\n\t\t<svg  class=\"mk-svg-icon\" data-name=\"mk-icon-chevron-right\" data-cacheid=\"icon-69f7c53222e23\" style=\" height:13px; width: 9.2857142857143px; \"  xmlns=\"http:\/\/www.w3.org\/2000\/svg\" viewbox=\"0 0 1280 1792\"><path d=\"M1107 877l-742 742q-19 19-45 19t-45-19l-166-166q-19-19-19-45t19-45l531-531-531-531q-19-19-19-45t19-45l166-166q19-19 45-19t45 19l742 742q19 19 19 45t-19 45z\"\/><\/svg>\t<\/div>\n\n\t<div class=\"mk-accordion-pane\">\n\t\t\t<div class=\"vc_custom_1722780911439\">\n\n<div id=\"text-block-8\" class=\"mk-text-block  jupiter-donut-\">\n\n\t\n\t<h3><span style=\"color: #a58904;\">Probiotiki Vetom se lahko razlikujejo tudi po bakterijskih sestavinah in embala\u017ei.<\/span><\/h3>\n<p><span style=\"color: #a58904;\"><strong>Razlika v probioti\u010dnih mikroorganizmih v izdelkih Vetom:<\/strong><\/span><\/p>\n<p>Legendarni probiotiki VETOM so v proizvodnji \u017ee ve\u010d kot 20 let, vendar le redki vedo, zakaj je te\u010daj sestavljen iz 4 \u0161tevilk in kak\u0161na je razlika med njimi.<\/p>\n<p><img loading=\"lazy\" decoding=\"async\" class=\"size-full wp-image-623 aligncenter\" src=\"https:\/\/vetomshop.hu\/wp-content\/uploads\/2024\/05\/tech-biotechnology.webp\" alt=\"\" width=\"1464\" height=\"560\" \/><\/p>\n<p>Zato posku\u0161ajo to ugotoviti.<\/p>\n<p>\u2713 A VETOM <span style=\"color: #ff0000;\">1<\/span> v obliki kapsul in kapljic <span style=\"color: #ff0000;\">1.23<\/span> deluje kot metla v najbolj cisti\u010dnem delu debelega \u010drevesa. Spodbuja nastajanje interferona.<\/p>\n<p>Organeli v bezgavkah tankega \u010drevesa so pogosto v mirovanju zaradi stresa, antibioti\u010dne terapije, okoljskih dejavnikov itd.<\/p>\n<p>VETOM <span style=\"color: #ff0000;\">1.1<\/span> bakterije imajo v svoji sestavi vgrajene plazmide, ki prebudijo te organele in nas prisilijo k proizvodnji lastnega interferona v koli\u010dinah, primernih trenutnemu stanju telesa.<\/p>\n<p>\u2713 A VETOM <span style=\"color: #ff0000;\">2<\/span> v obliki kapsul in kapljic <span style=\"color: #ff0000;\">2.25<\/span> ali <span style=\"color: #ff0000;\">2.26<\/span> Vsebuje dva seva bakterij, enega, ki \u0161e naprej razku\u017euje debelo \u010drevo, in drugega, ki deluje v tankem \u010drevesu (odpravlja poskuse pobega patogene flore iz debelega \u010drevesa v tanko \u010drevo).<\/p>\n<p>\u2713 A VETOM <span style=\"color: #ff0000;\">3<\/span> v obliki kapsul in kapljic <span style=\"color: #ff0000;\">3.22<\/span>\u00a0 najbolj agresivna, saj \u010disti debelo \u010drevo.<\/p>\n<p>\u2713 A VETOM <span style=\"color: #ff0000;\">4<\/span> v obliki kapsul in kapljic <span style=\"color: #ff0000;\">4.24<\/span> je najhitrej\u0161i in najbolj temeljit, saj opravi tisto, \u010desar prvi trije VETOM-i niso opravili, in deluje kot \u201epopravljalni\u201d deblo.<\/p>\n<p>Tako z zaporedno uporabo vseh zdravil VETOM odpravimo gnilobne procese v \u010drevesju, saj trajno vplivamo na preostalo patogeno floro.<\/p>\n<p>Z razbremenitvijo trebu\u0161ne slinavke in jeter telesu omogo\u010dimo, da samo obnovi sistem, izbolj\u0161a presnovo in podpira splo\u0161no odpornost.<\/p>\n<p>Na zdravje!<\/p>\n<p>VETOM <span style=\"color: #ff0000;\">1.1<\/span> prah, Vetom <span style=\"color: #ff0000;\">1.1<\/span> kapsula, Vetom <span style=\"color: #ff0000;\">1.23<\/span> kapljica - vsebuje bakterijski sev Subtilis Bacilluis B-10641<\/p>\n<p>VETOM <span style=\"color: #ff0000;\">2<\/span>, Vetom <span style=\"color: #ff0000;\">2<\/span> kapsula, Vetom <span style=\"color: #ff0000;\">2.25<\/span>\u00a0 kapljica - Bacillus amyloliquefaciens sev B-10642 (Dsm 24614) in Bacillus amyloliquefaciens sev B-10643 (Dsm 24615)<\/p>\n<p>Vetom <span style=\"color: #ff0000;\">2.26<\/span>\u00a0 kapljica vsebuje Bacillus Subtilis 10641 in Bacillus amylolique faciens 10643<\/p>\n<p>VETOM <span style=\"color: #ff0000;\">3<\/span>, Vetom <span style=\"color: #ff0000;\">3<\/span> kapsula, Vetom <span style=\"color: #ff0000;\">3.22<\/span> kapljica - Bacillus amyloliquefaciens sev B-10642 (Dsm 24614)<\/p>\n<p>VETOM <span style=\"color: #ff0000;\">4<\/span>, Vetom <span style=\"color: #ff0000;\">4<\/span> kapsule ali Vetom <span style=\"color: #ff0000;\">4.24<\/span> kapljica - Bacillus amyloliquefaciens sev B-10643 (Dsm 24614)<\/p>\n<p>Embala\u017ea izdelkov: v plasti\u010dnih pakiranjih po 500 g prahu, 50 kapsulah po 50 g prahu ali v teko\u010di obliki 10 ml.<\/p>\n<p>Za bolnike z rakom, te\u017eke bolnike, sladkorne bolnike, bolnike z zelo slabimi prebavnimi te\u017eavami je priporo\u010dljivo, da ga u\u017eivajo v obliki teko\u010dine. <span style=\"color: #ff0000;\">1.23<\/span>, Vetom <span style=\"color: #ff0000;\">2.26<\/span>, Vetom <span style=\"color: #ff0000;\">3.22<\/span>, Vetom <span style=\"color: #ff0000;\">4.24<\/span>)<\/p>\n<p>Vetom <span style=\"color: #ff0000;\">1.23<\/span>, Vetom <span style=\"color: #ff0000;\">2.25<\/span>, Vetom <span style=\"color: #ff0000;\">2.26<\/span>, Vetom <span style=\"color: #ff0000;\">3.22<\/span>, Vetom <span style=\"color: #ff0000;\">4.24<\/span> pripravki so po svojih u\u010dinkih enaki. Vsebujejo razli\u010dne mikroorganizme, ki delujejo v \u010drevesnem traktu in okoli\u0161kim organom dostavljajo razli\u010dne biolo\u0161ko aktivne snovi. Zato je njihov splo\u0161ni u\u010dinek na \u010dlove\u0161ko telo razli\u010den. Za doseganje najve\u010djega pozitivnega u\u010dinka je priporo\u010dljiva izmeni\u010dna uporaba vseh izdelkov Vetom, da bi o\u010distili \u010drevesni trakt in patogene sisteme kot celoto.<\/p>\n\n\t<div class=\"clearboth\"><\/div>\n<\/div>\n\n\t<\/div>\n\n\t\t<div class=\"clearboth\"><\/div>\n\t<\/div>\n\n<\/div>\n\t<\/div>\n<\/div>\n\n\n\t<div class=\"vc_custom_1675852632641\">\n\n<div id=\"text-block-9\" class=\"mk-text-block  jupiter-donut-\">\n\n\t\n\t<hr \/>\n<h3 style=\"padding-left: 40px;\"><span style=\"color: #9c810c;\"><strong>Probiotike VETOM lahko naro\u010dite na na\u0161i spletni strani<\/strong>:<\/span><\/h3>\n<p style=\"padding-left: 80px;\"><a href=\"https:\/\/vetomshop.hu\/sl\/\">Vetomshop.hu<\/a><\/p>\n<p style=\"padding-left: 80px;\"><a href=\"https:\/\/vetom-egeszsegshop.hu\" target=\"_blank\" rel=\"noopener noreferrer nofollow\">Vetomegeszsegshop.hu<\/a><\/p>\n<p style=\"padding-left: 80px;\"><a href=\"https:\/\/www.facebook.com\/Vetomshop.hu\" target=\"_blank\" rel=\"noopener noreferrer nofollow\">Facebook (Vetom-Mad\u017earska)<\/a><\/p>\n<p style=\"padding-left: 40px;\">Emag<\/p>\n<hr \/>\n\n\t<div class=\"clearboth\"><\/div>\n<\/div>\n\n\t<\/div>\n<\/div>\n\t<\/div>\n\n<\/div>","protected":false},"excerpt":{"rendered":"Mi az a Vetom? VETOM\u00a0\u2014 egy nagyon er\u0151s probiotikum, amely helyre\u00e1ll\u00edtja \u00e9s meg\u0151rzi a b\u00e9lny\u00e1lkah\u00e1rtya szerkezet\u00e9t \u00e9s a gyomor mikrofl\u00f3r\u00e1j\u00e1t. Hogyan harcol a Vetom a v\u00edrusos \u00e9s bakteri\u00e1lis fert\u0151z\u00e9sekkel? A Vetom k\u00e9sz\u00edtm\u00e9ny hat\u00f3anyaga a Bacillus subtilis VKPM B 10641 t\u00f6rzs. Az ezen fajokhoz tartoz\u00f3 bakt\u00e9riumok kifejezetten elnyomj\u00e1k a gyomor-b\u00e9l traktuson k\u00edv\u00fcli mikrofl\u00f3ra n\u00f6veked\u00e9s\u00e9t \u00e9s fejl\u0151d\u00e9s\u00e9t [...]","protected":false},"author":1,"featured_media":0,"parent":0,"menu_order":0,"comment_status":"closed","ping_status":"closed","template":"","meta":{"footnotes":""},"class_list":["post-1020","page","type-page","status-publish","hentry"],"_links":{"self":[{"href":"https:\/\/vetomshop.hu\/sl\/wp-json\/wp\/v2\/pages\/1020","targetHints":{"allow":["GET"]}}],"collection":[{"href":"https:\/\/vetomshop.hu\/sl\/wp-json\/wp\/v2\/pages"}],"about":[{"href":"https:\/\/vetomshop.hu\/sl\/wp-json\/wp\/v2\/types\/page"}],"author":[{"embeddable":true,"href":"https:\/\/vetomshop.hu\/sl\/wp-json\/wp\/v2\/users\/1"}],"replies":[{"embeddable":true,"href":"https:\/\/vetomshop.hu\/sl\/wp-json\/wp\/v2\/comments?post=1020"}],"version-history":[{"count":0,"href":"https:\/\/vetomshop.hu\/sl\/wp-json\/wp\/v2\/pages\/1020\/revisions"}],"wp:attachment":[{"href":"https:\/\/vetomshop.hu\/sl\/wp-json\/wp\/v2\/media?parent=1020"}],"curies":[{"name":"wp","href":"https:\/\/api.w.org\/{rel}","templated":true}]}}