{"id":315,"date":"2018-03-26T06:53:43","date_gmt":"2018-03-26T06:53:43","guid":{"rendered":"https:\/\/demos.artbees.net\/jupiter\/herse\/cart\/"},"modified":"2024-03-06T15:56:20","modified_gmt":"2024-03-06T14:56:20","slug":"kosar","status":"publish","type":"page","link":"https:\/\/vetomshop.hu\/sl\/kosar\/","title":{"rendered":"Vozi\u010dek"},"content":{"rendered":"<div class=\"su-spoiler su-spoiler-style-fancy su-spoiler-icon-chevron su-spoiler-closed\" data-scroll-offset=\"0\" data-anchor-in-url=\"no\"><div class=\"su-spoiler-title\" tabindex=\"0\" role=\"button\"><span class=\"su-spoiler-icon\"><\/span> Dostava in pla\u010dilo<\/div><div class=\"su-spoiler-content su-u-clearfix su-u-trim\">\n<h2>Osebni prejemek<\/h2>\n<p style=\"padding-left: 40px;\">8112, Zichy\u00fajfalu, Kast\u00e9lykert 1<\/p>\n<p style=\"padding-left: 40px;\">\u010cas osebnega prevzema: samo po dogovoru na naslednjih kontaktnih podatkih<\/p>\n<ul>\n<li style=\"list-style-type: none;\">\n<ul>\n<li><strong>Telefon<\/strong>:\u00a0<a href=\"http:\/\/Tel:+36305573846\" target=\"_blank\" rel=\"noopener noreferrer nofollow\">+36305573846<\/a> Tam\u00e1s Pap<\/li>\n<li><strong>E-po\u0161ta-1<\/strong>: i<a href=\"mailto:infoshop.vetom.magyarorszag@gmail.com\" target=\"_blank\" rel=\"noopener\">nfoshop.vetom.magyarorszag@<wbr \/>gmail.com<\/a><\/li>\n<li><strong>E-po\u0161ta 2<\/strong>:\u00a0 <a href=\"mailto:vetomshop.hu@gmail.com\" target=\"_blank\" rel=\"noopener\">vetomshop.hu@gmail.com<\/a><\/li>\n<li>ali pri na\u0161ih partnerjih po vsej dr\u017eavi, katerih kontaktne podatke najdete na na\u0161i spletni strani.<\/li>\n<\/ul>\n<\/li>\n<\/ul>\n<h2><span style=\"color: #ff0000;\">Dostava:<\/span><\/h2>\n<p>V na\u0161i trgovini lahko izbirate med naslednjimi mo\u017enostmi dostave in pla\u010dila:<\/p>\n<p style=\"padding-left: 40px;\"><span style=\"color: #339966;\"><strong>Kurirska slu\u017eba GLS<\/strong><\/span> in . <span style=\"color: #339966;\"><strong>Stroj za pakete Foxpost<\/strong><\/span><\/p>\n<p style=\"padding-left: 40px;\"><em><strong>30.000<\/strong> Brezpla\u010dna dostava nad vrednostjo naro\u010dila HUF!<\/em><\/p>\n<h2><span style=\"color: #008000;\">Kurirska slu\u017eba GLS:<\/span><\/h2>\n<p>Naro\u010dila GLS ParcelPoint lahko na nekaterih lokacijah pla\u010date z gotovino in kreditno kartico (vnaprej preverite na ParcelPointu). <b>\u010ce zahtevate dostavo v storitev GLS ParcelService ali GLS ParcelPoint, morate v polje Naslov za dostavo vnesti naslov paketomata.<\/b><\/p>\n<ul>\n<li>Ko je po\u0161iljka odposlana, kurirski sistem GLS po e-po\u0161ti obvesti prejemnika, da bo po\u0161iljka dostavljena naslednji delovni dan. Elektronsko sporo\u010dilo bo vsebovalo \u0161tevilko po\u0161iljke in znesek morebitne nagrade za dostavo. Zjutraj na dan dostave bo prejemnik prejel obvestilo, ki bo vsebovalo telefonsko \u0161tevilko kurirja, telefonsko \u0161tevilko slu\u017ebe za pomo\u010d strankam GLS in triurno okno pri\u010dakovane dostave. V primeru neuspe\u0161nega poskusa dostave bo prejemniku poslano obvestilo po elektronski po\u0161ti.<\/li>\n<li><b>Iskanje GLS ParcelSpot:<\/b> <a href=\"https:\/\/gls-group.com\/HU\/hu\/depo-csomagpont-kereses\" target=\"_blank\" rel=\"noopener noreferrer nofollow\">https:\/\/gls-group.com\/HU\/hu\/depo-csomagpont-kereses<\/a><br \/>\n<b>\u010cas dostave:<\/b> 1-3 delovne dni<br \/>\n<b>Stro\u0161ki dostave:<\/b> 1590, - Ft,<br \/>\n<strong>Pla\u010dilo:<\/strong> Predpla\u010dilo (0,- Ft) ali naknadno pla\u010dilo, ki stane + 400,- Ft<\/li>\n<\/ul>\n<p>Te cene veljajo samo za dostavo na Mad\u017earskem. \u010ce \u017eelite po\u0161iljko poslati v tujino, nas pred oddajo naro\u010dila ali po njej neposredno kontaktirajte po elektronski po\u0161ti in se pozanimajte o stro\u0161kih po\u0161iljanja.<\/p>\n<h2><span style=\"color: #008000;\">kurirska slu\u017eba FOXPOST:<\/span><\/h2>\n<p>V na\u0161i trgovini lahko zahtevate tudi dostavo v paketomat Foxpost.<\/p>\n<p style=\"padding-left: 40px;\"><a href=\"https:\/\/foxpost.hu\/csomagautomatak\" target=\"_blank\" rel=\"noopener noreferrer nofollow\" data-saferedirecturl=\"https:\/\/www.google.com\/url?q=https:\/\/foxpost.hu\/csomagautomatak&amp;source=gmail&amp;ust=1709714712502000&amp;usg=AOvVaw1Y_RPFbUPlHU38HiM-T9Re\">https:\/\/foxpost.hu\/<wbr \/>prtlja\u017enik avtomobila<\/a><\/p>\n<p><strong>\u010ce zahtevate dostavo v paketomat Foxpost, morate v polje Naslov za dostavo vnesti naslov paketomata.<\/strong><\/p>\n<h3>Na\u010dini pla\u010dila:<\/h3>\n<p><strong>\u010cas dostave:<\/strong> 1-3 delovne dni<br \/>\n<strong>Stro\u0161ki dostave:<\/strong> 1390, - Ft,<br \/>\n<strong>Pla\u010dilo:<\/strong> Predpla\u010dilo (0,- Ft) ali naknadno pla\u010dilo, ki stane +350,- Ft<\/p>\n<h3>Na\u010dini pla\u010dila:<\/h3>\n<h4 style=\"padding-left: 40px;\">Spremljanje<\/h4>\n<p>\u010ce izberete na\u010din pla\u010dila po povzetju, se pla\u010dilo opravi na prevzemni to\u010dki (kurirska ali po\u0161tna to\u010dka\/paketna to\u010dka). Pri tem na\u010dinu pla\u010dila se zara\u010duna manipulativna pristojbina, zato poleg osnovne pristojbine za dostavo zara\u010dunamo \u0161e dodatnih 350 ali 400 HUF na paket. Pri pla\u010dilu z gotovino imejte pripravljen to\u010den znesek, saj kurir morda nima vedno dovolj drobi\u017ea.<\/p>\n<h4 style=\"padding-left: 40px;\">Ban\u010dno nakazilo vnaprej<\/h4>\n<p>\u010ce se odlo\u010dite za pla\u010dilo z ban\u010dnim nakazilom vnaprej, vam bomo po preverjanju zalog po e-po\u0161ti poslali ra\u010dun, ki bo vseboval podatke, potrebne za nakazilo, in kon\u010dni znesek. Prosimo, da kupnino na na\u0161 ban\u010dni ra\u010dun naka\u017eete v 72 urah po po\u0161iljanju ra\u010duna, sicer se bo va\u0161e naro\u010dilo \u0161telo za neveljavno. Opozarjamo vas, da ban\u010dnega nakazila ne spro\u017eite, dokler ra\u010dun ne prispe v va\u0161 po\u0161tni nabiralnik! Podatki, potrebni za nakazilo, so vklju\u010deni v izdanem ra\u010dunu.<\/p>\n<h4 style=\"padding-left: 40px;\">Upo\u0161tevajte tudi naslednje:<\/h4>\n<p>O odpremi in pri\u010dakovanem prihodu po\u0161iljke boste obve\u0161\u010deni po e-po\u0161ti, zato po oddaji naro\u010dila redno preverjajte svoj po\u0161tni predal, da se izognete morebitnim nesporazumom ali nev\u0161e\u010dnostim. \u010ce se pri naro\u010dilu pojavijo kakr\u0161ne koli nepravilnosti, se obrnite na nas na naslov <a href=\"mailto:vetomshop.hu@gmail.com\" target=\"_blank\" rel=\"noopener\">vetomshop.hu@gmail.com<\/a> na. Pri oddaji naro\u010dila se prepri\u010dajte, da ste navedli pravilno ime, naslov, e-po\u0161tni naslov in telefonsko \u0161tevilko. Oseba, ki dostavlja po\u0161iljke, morda ne pozna lokalnih posebnosti, zato navedite dodatne informacije, ki bodo po potrebi pomagale pri uspe\u0161ni dostavi. \u010ce dostava po va\u0161i krivdi ni uspe\u0161na, bomo lahko po\u0161iljko ponovno dostavili prevozniku \u0161ele, ko boste ponovno pla\u010dali pristojbino za dostavo. Pomembno je, da po\u0161iljke, ki je vidno po\u0161kodovana ali odprta, ne prevzamete in nas o tem \u010dim prej obvestite.<\/p>\n<\/div><\/div>","protected":false},"excerpt":{"rendered":"Sz\u00e1ll\u00edt\u00e1s \u00e9s fizet\u00e9s Szem\u00e9lyes \u00e1tv\u00e9tel 8112, Zichy\u00fajfalu, Kast\u00e9lykert 1 A szem\u00e9lyes \u00e1tv\u00e9tel ideje: kiz\u00e1r\u00f3lag el\u0151zetes egyeztet\u00e9ssel a k\u00f6vetkez\u0151 el\u00e9rhet\u0151s\u00e9geken Telefon:\u00a0+36305573846 Pap Tam\u00e1s Email-1: infoshop.vetom.magyarorszag@gmail.com Email-2:\u00a0 vetomshop.hu@gmail.com vagy orsz\u00e1gszerte a partnereinkt\u0151l, melyeknek el\u00e9rhet\u0151s\u00e9g\u00fck a weboldalunkon is megtal\u00e1lhat\u00f3 Kisz\u00e1ll\u00edt\u00e1s: \u00c1ruh\u00e1zunkban az al\u00e1bbi kisz\u00e1ll\u00edt\u00e1si \u00e9s fizet\u00e9si lehet\u0151s\u00e9gek k\u00f6z\u00fcl v\u00e1laszthat: GLS fut\u00e1rszolg\u00e1lat \u00e9s Foxpost csomagautomata 30.000 Forint rendel\u00e9si \u00e9rt\u00e9k [...]","protected":false},"author":3,"featured_media":0,"parent":0,"menu_order":0,"comment_status":"closed","ping_status":"closed","template":"","meta":{"footnotes":""},"class_list":["post-315","page","type-page","status-publish","hentry"],"_links":{"self":[{"href":"https:\/\/vetomshop.hu\/sl\/wp-json\/wp\/v2\/pages\/315","targetHints":{"allow":["GET"]}}],"collection":[{"href":"https:\/\/vetomshop.hu\/sl\/wp-json\/wp\/v2\/pages"}],"about":[{"href":"https:\/\/vetomshop.hu\/sl\/wp-json\/wp\/v2\/types\/page"}],"author":[{"embeddable":true,"href":"https:\/\/vetomshop.hu\/sl\/wp-json\/wp\/v2\/users\/3"}],"replies":[{"embeddable":true,"href":"https:\/\/vetomshop.hu\/sl\/wp-json\/wp\/v2\/comments?post=315"}],"version-history":[{"count":0,"href":"https:\/\/vetomshop.hu\/sl\/wp-json\/wp\/v2\/pages\/315\/revisions"}],"wp:attachment":[{"href":"https:\/\/vetomshop.hu\/sl\/wp-json\/wp\/v2\/media?parent=315"}],"curies":[{"name":"wp","href":"https:\/\/api.w.org\/{rel}","templated":true}]}}