{"id":225,"date":"2016-09-02T11:41:41","date_gmt":"2016-09-02T09:41:41","guid":{"rendered":"https:\/\/demos.artbees.net\/jupiter\/herse\/?post_type=product&#038;p=225"},"modified":"2026-04-12T08:29:44","modified_gmt":"2026-04-12T06:29:44","slug":"vetom1-1-etrend-kiegeszito","status":"publish","type":"product","link":"https:\/\/vetomshop.hu\/sl\/izdelek\/vetom1-1-etrend-kiegeszito\/","title":{"rendered":"Probiotik Vetom <span style=\"color:red\">1.1<\/span><br> kapsula <span style=\"color:red\">50 zrnc<\/span> (prehransko dopolnilo)"},"content":{"rendered":"<h2>Vetom 1.1 probioti\u010dne kapsule 50 zrn (prehransko dopolnilo)<\/h2>\n<p>Probiotike VETOM lahko uporabljate pri vseh vrstah bolezni, saj lahko re\u0161ujejo resne te\u017eave - obnavljajo mikrofloro in optimizirajo delovanje imunskega sistema.<\/p>\n<p>Blagodejni u\u010dinki zdravila Vetom 1.1 so posledica bakterij *Bacillus subtilis*, ki jih vsebuje. Te koristne bakterije se razmno\u017eujejo v debelem \u010drevesju in proizvajajo razli\u010dne encime in biolo\u0161ko aktivne snovi, ki:<\/p>\n<p>* zavirajo rast \u0161kodljivih bakterij in glivic,<br \/>\n* pomagajo pri razgradnji beljakovin, \u0161kroba in rastlinskih vlaknin,<br \/>\n* podpirajo imunski sistem,<br \/>\n* pomagajo pri razstrupljanju telesa,<br \/>\n* spodbujajo bolj\u0161o absorpcijo hranilnih snovi.<\/p>\n<h2>Redna uporaba izdelka:<\/h2>\n<p>* vzpostavlja zdravo ravnovesje \u010drevesne flore,<br \/>\n* izbolj\u0161a prebavo,<br \/>\n* laj\u0161a simptome alergije,<br \/>\n* podpira regeneracijo telesa in odstranjevanje obolelih celic,<br \/>\n* okrepi u\u010dinke drugih zdravil in zmanj\u0161a njihove ne\u017eelene u\u010dinke.<br \/>\n* \u0161\u010diti telo na celi\u010dni ravni, pomaga prepre\u010devati razvoj tumorjev<\/p>\n<h2>Lastnosti:<\/h2>\n<p>* Antibakterijski in protiglivi\u010dni<br \/>\n* protivirusni, imunsko krepitveni, protitumorski<br \/>\n* Ni stranskih u\u010dinkov<br \/>\n* Brez zasvojenosti<br \/>\n* Ne sme se predozirati<\/p>\n<h2>Uporaba:<\/h2>\n<p>Vetom 1.1 se priporo\u010da za izbolj\u0161anje stanja prebavil in vzpostavitev ravnovesja \u010drevesne flore.<\/p>\n<h2>Odmerjanje:<\/h2>\n<p>* 10 dni je priporo\u010dljivo jemati po 1 kapsulo 2-3-krat na dan, pred, med ali po jedi, z majhno koli\u010dino teko\u010dine (voda, \u010daj ali sok). Med zdravljenjem spremljajte odziv telesa in po potrebi postopoma pove\u010dujte odmerek do 5-10 kapsul na dan.<\/p>\n<p>* Zdravljenje lahko ponovite kadar koli po 1-2 tednih premora. Ob\u010dasno se priporo\u010da izmeni\u010dna uporaba z drugimi vrstami izdelkov Vetom za podporo celotnega telesa.<\/p>\n<h2>Kontraindikacije:<\/h2>\n<p>* Preob\u010dutljivost na katero koli sestavino<br \/>\n* Ne uporabljajte z antibiotiki ali drugimi probiotiki<br \/>\n* Med nose\u010dnostjo in dojenjem le z zdravni\u0161ko odobritvijo<\/p>\n<h2>Druge informacije:<\/h2>\n<p>* Ne vpliva na vo\u017enjo ali upravljanje nevarnih strojev<br \/>\n* Shranjevanje: v suhem in hladnem prostoru (najve\u010d 30 \u00b0C), izven dosega otrok<br \/>\n* Garancija: 2 leti od datuma izdelave<br \/>\n* Embala\u017ea: 10 kapsul v blistru, 5 pakiranj v \u0161katli (skupaj 50 kapsul)<\/p>\n<h2>Sestava na kapsulo:<\/h2>\n<p>* izvle\u010dek koruze: 133 mg<br \/>\n* Krompirjev \u0161krob: 100 mg<br \/>\n* Sladkor v prahu: 67 mg<br \/>\n* sev Bacillus subtilis: 0,03 mg<\/p>\n<p>Alternativni ekvivalent v obliki kapljic: Vetom 1,23 (10 ml)<\/p>\n<p>Kraj izvora: <strong>Rusija<\/strong><\/p>","protected":false},"excerpt":{"rendered":"<h5>Vetom <span style=\"color: red;\">1.1<\/span> probioti\u010dne kapsule 50 zrn (prehransko dopolnilo)<\/h5>\n<p>Njegovi koristni u\u010dinki so posledica delovanja koristnih bakterij Bacillus subtilis, ki nastajajo predvsem z razmno\u017eevanjem v debelem \u010drevesju:<\/p>\n<ul class=\"vetom-list\">\n<li>proteoliti\u010dni, amiloliti\u010dni in celulozoliti\u010dni encimi;<\/li>\n<li>interferon a-2 v \u010dlove\u0161kih levkocitih;<\/li>\n<li>mg bacitracina, ki zavirajo rast in razvoj patogene in potencialno patogene mikroflore;<\/li>\n<li>in druge biolo\u0161ko aktivne snovi.<\/li>\n<\/ul>\n<div class=\"plashka\">Posledi\u010dno se bakterijska sestava \u010drevesne vsebine spremeni v ustrezno razvojno normo, \u010drevesne stene se o\u010distijo neprebavljenih ostankov, kar prispeva k aktivnemu odstranjevanju toksinov iz telesa in neoviranemu prenosu biolo\u0161ko aktivnih hranil.<\/div>\n<p>A <strong>Vetom <span style=\"color: red;\">1.1<\/span><\/strong> normalizira presnovo, prebavo in absorpcijo biolo\u0161ko aktivnih sestavin hrane v prebavilih.<\/p>\n<p>A <strong>Vetom <span style=\"color: red;\">1.1<\/span><\/strong> pove\u010duje u\u010dinkovitost zdravil in zmanj\u0161uje njihove negativne stranske u\u010dinke na \u010dlove\u0161ko telo.<\/p>\n<div class=\"plashka\"><strong>Farmakolo\u0161ki u\u010dinki:<\/strong> imunomodulatorni, protitumorski, protivirusni, antiproliferativni, baktericidni, fungicidni, antiklamidijski.<\/div>\n<h5>Lastnosti:<\/h5>\n<ul class=\"vetom-list\">\n<li>Ima visoko antagonisti\u010dno aktivnost proti patogenim in pogojno patogenim glivam in bakterijam, protivirusne, proteoliti\u010dne, amiliti\u010dne in celuloliti\u010dne lastnosti.<\/li>\n<li>spodbuja celi\u010dne in humoralne dejavnike imunosti.<\/li>\n<li>pove\u010da nespecifi\u010dno odpornost telesa<\/li>\n<li>stabilizira odpornost proti alergijam.<\/li>\n<li>normalizira presnovo<\/li>\n<li>spodbuja procese regeneracije, napada in uni\u010duje rakave in obolele celice.<\/li>\n<\/ul>","protected":false},"featured_media":6597,"comment_status":"open","ping_status":"closed","template":"","meta":[],"product_brand":[],"product_cat":[22],"product_tag":[],"class_list":{"0":"post-225","1":"product","2":"type-product","3":"status-publish","4":"has-post-thumbnail","6":"product_cat-vetom-probiotikumok","8":"first","9":"instock","10":"featured","11":"taxable","12":"shipping-taxable","13":"purchasable","14":"product-type-simple"},"_links":{"self":[{"href":"https:\/\/vetomshop.hu\/sl\/wp-json\/wp\/v2\/product\/225","targetHints":{"allow":["GET"]}}],"collection":[{"href":"https:\/\/vetomshop.hu\/sl\/wp-json\/wp\/v2\/product"}],"about":[{"href":"https:\/\/vetomshop.hu\/sl\/wp-json\/wp\/v2\/types\/product"}],"replies":[{"embeddable":true,"href":"https:\/\/vetomshop.hu\/sl\/wp-json\/wp\/v2\/comments?post=225"}],"wp:featuredmedia":[{"embeddable":true,"href":"https:\/\/vetomshop.hu\/sl\/wp-json\/wp\/v2\/media\/6597"}],"wp:attachment":[{"href":"https:\/\/vetomshop.hu\/sl\/wp-json\/wp\/v2\/media?parent=225"}],"wp:term":[{"taxonomy":"product_brand","embeddable":true,"href":"https:\/\/vetomshop.hu\/sl\/wp-json\/wp\/v2\/product_brand?post=225"},{"taxonomy":"product_cat","embeddable":true,"href":"https:\/\/vetomshop.hu\/sl\/wp-json\/wp\/v2\/product_cat?post=225"},{"taxonomy":"product_tag","embeddable":true,"href":"https:\/\/vetomshop.hu\/sl\/wp-json\/wp\/v2\/product_tag?post=225"}],"curies":[{"name":"wp","href":"https:\/\/api.w.org\/{rel}","templated":true}]}}