{"id":2478,"date":"2020-10-20T18:54:23","date_gmt":"2020-10-20T16:54:23","guid":{"rendered":"https:\/\/vetomshop.hu\/?post_type=product&#038;p=2478"},"modified":"2026-04-12T08:28:28","modified_gmt":"2026-04-12T06:28:28","slug":"vetom-2-25-probiotikum-10-ml-csepp","status":"publish","type":"product","link":"https:\/\/vetomshop.hu\/sl\/izdelek\/vetom-2-25-probiotikum-10-ml-csepp\/","title":{"rendered":"Probiotik Vetom <span style=\"color: red\">2.25<\/span><br>drop <span style=\"color: red\">10 ml<\/span> (prehransko dopolnilo)"},"content":{"rendered":"<h3>Vetom 2,25 probioti\u010dne kapljice 10 ml (prehransko dopolnilo)<\/h3>\n<p>Dva seva Bacillus amyloliquefaciens (VKPM B-10642 in B-10643)<\/p>\n<p>Vetom 2,25 je teko\u010di probiotik na naravni osnovi, namenjen obnovi \u010drevesne flore, podpori zdravja prebave in krepitvi splo\u0161ne obrambe telesa. Njegova izjemna u\u010dinkovitost je posledica dveh sevov bakterij *Bacillus amyloliquefaciens*, ki ju vsebuje.<\/p>\n<h2>Glavni u\u010dinki in koristi:<\/h2>\n<p>*Antibakterijski, protivirusni, antimikoti\u010dni in protiglivi\u010dni u\u010dinki<br \/>\n*Pomaga pri delovanju debelega in tankega \u010drevesa, obnavlja normalno \u010drevesno floro<br \/>\n*podpira imunski sistem, tako na celi\u010dni ravni kot na ravni splo\u0161ne obrambe<br \/>\n* normalizira presnovo, zlasti ravnovesje med vodo in soljo<br \/>\n*Detoxikacijski u\u010dinek, pomaga odpraviti razgradne procese v \u010drevesju<br \/>\n* Zmanj\u0161uje slab zadah in simptome potenja<br \/>\n* Uporablja se kot dodatek pri razli\u010dnih boleznih, kot so bolezni jeter, vnetje \u010drevesja, \u017eelod\u010dne razjede, kroni\u010dni hepatitis<br \/>\n*\u010clove\u0161ki levkociti proizvajajo interferon, ki \u0161\u010diti telo pred virusnimi oku\u017ebami.<br \/>\n* Ni zasvojenosti, prevelikega odmerjanja ali stranskih u\u010dinkov<br \/>\n* tako za otroke kot odrasle<\/p>\n<h2>Kdaj se priporo\u010da njegova uporaba?<\/h2>\n<p>* po zdravljenju z antibiotiki za obnovo \u010drevesne flore<br \/>\n* Za dopolnitev zdravljenja v primeru raka<br \/>\n*Digestivne motnje, driska, zaprtje, \u017eelod\u010dne te\u017eave<br \/>\n*V stanju imunske pomanjkljivosti<br \/>\n*V primeru neprijetnega telesnega vonja ali zadaha<br \/>\n*Dodatno zdravljenje ledvi\u010dnih kamnov, bolezni jeter, te\u017eav s prebavili<\/p>\n<h2>\nPriporo\u010deno odmerjanje:<\/h2>\n<p>* Dopolnilni odmerek za odrasle in otroke: prvih nekaj dni je priporo\u010dljivo jemati 2 kapljici, nato pa odmerek postopoma pove\u010dati na 4-6 kapljic. Med jemanjem opazujte odzive telesa.<br \/>\n*za pogoste bolezni: 10 kapljic na dan 10 dni<br \/>\n* Zdravljenje lahko ponovite po 1-2 tednih<br \/>\n* Priporo\u010dljivo je, da ga uporabljate izmeni\u010dno z drugimi izdelki Vetom (npr. Vetom 1, 3, 4 itd.)<\/p>\n<p>Pomembno:<br \/>\nNe smemo ga jemati z drugimi peroralnimi probiotiki ali antibiotiki, zlasti s sulfanilamidom, protirakavimi zdravili.<\/p>\n<h2>Sestavine:<\/h2>\n<p>* Fermentiran izvle\u010dek koruze z naslednjimi bakterijskimi sevi:<br \/>\n*Bacillus amyloliquefaciens* VKPM B-10642 (DSM 24614)<br \/>\n*Bacillus amyloliquefaciens* VKPM B-10643 (DSM 24615)<br \/>\n* Viveware<\/p>\n<h2>Embala\u017ea in videz:<\/h2>\n<p>* 10 ml teko\u010dine v stekleni ali plasti\u010dni steklenici, pakirane v kartonski \u0161katli<br \/>\n* Barva: svetlo rumena do temno rjava<br \/>\n* Tipi\u010den vonj, v\u010dasih se lahko pojavi rahla usedlina (ni napaka v kakovosti)<\/p>\n<p>* Te\u017ea: 0,02 kg<br \/>\n*Mere: 3 \u00d7 3 \u00d7 7 cm<br \/>\n*Mesto zaposlitve: <strong>Rusija<\/strong><\/p>\n<h2>Pogoji skladi\u0161\u010denja in prevoza:<\/h2>\n<p>*Skladi\u0161\u010denje: 0-10 \u00b0C, najve\u010dja vla\u017enost 75%<br \/>\n*Skladi\u0161\u010dite lahko pri temperaturi 10-30 \u00b0C do 18 dni<br \/>\n*Po razstavljanju: hranite v hladilniku (0-10 \u00b0C)<\/p>","protected":false},"excerpt":{"rendered":"<h5>Sestava:<\/h5>\n<p>Bacillus amyloliquefaciens, VKPM B- 10642 <strong>(DSM 24614)<\/strong> in VKPM B- 10643 <strong>(DSM 24615)<\/strong> bakterijsko fermentiran koruzni izvle\u010dek sevov bacilov, nosilec.<br \/>\n<strong>Kako je izdelek videti: <\/strong>A <strong>Vetom<\/strong> <span style=\"color: red; font-weight: 800;\">2.25<\/span> <strong>Probioti\u010dne kapljice<\/strong> teko\u010dina s specifi\u010dnim vonjem, od svetlo rumene do temno rjave barve.<\/p>\n<p><strong>Razpakiranje:<\/strong>\u00a0 steklena ali plasti\u010dna stekleni\u010dka v \u0161katli.<\/p>\n<div class=\"plashka\">A <strong>Vetom<\/strong> <span style=\"color: red; font-weight: 800;\">2.25<\/span> pove\u010duje u\u010dinkovitost zdravil in zmanj\u0161uje njihove negativne stranske u\u010dinke na \u010dlove\u0161ko telo.<\/div>\n<h6>Lastnosti:<\/h6>\n<ul class=\"vetom-list\">\n<li>spodbuja celi\u010dne in humoralne dejavnike imunosti.<\/li>\n<li>pove\u010da nespecifi\u010dno odpornost telesa<\/li>\n<li>stabilizira odpornost proti alergijam.<\/li>\n<li>normalizira presnovo<\/li>\n<li>spodbuja procese regeneracije, napada in uni\u010duje rakave in obolele celice.<\/li>\n<\/ul>\n<div class=\"plashka\">Spremeni membrano in presnovo celi\u010dnega skeleta ter tako prepre\u010di razvoj rakavih celic.<\/div>","protected":false},"featured_media":6611,"comment_status":"open","ping_status":"closed","template":"","meta":[],"product_brand":[],"product_cat":[22],"product_tag":[],"class_list":{"0":"post-2478","1":"product","2":"type-product","3":"status-publish","4":"has-post-thumbnail","6":"product_cat-vetom-probiotikumok","8":"first","9":"instock","10":"featured","11":"taxable","12":"shipping-taxable","13":"purchasable","14":"product-type-simple"},"_links":{"self":[{"href":"https:\/\/vetomshop.hu\/sl\/wp-json\/wp\/v2\/product\/2478","targetHints":{"allow":["GET"]}}],"collection":[{"href":"https:\/\/vetomshop.hu\/sl\/wp-json\/wp\/v2\/product"}],"about":[{"href":"https:\/\/vetomshop.hu\/sl\/wp-json\/wp\/v2\/types\/product"}],"replies":[{"embeddable":true,"href":"https:\/\/vetomshop.hu\/sl\/wp-json\/wp\/v2\/comments?post=2478"}],"wp:featuredmedia":[{"embeddable":true,"href":"https:\/\/vetomshop.hu\/sl\/wp-json\/wp\/v2\/media\/6611"}],"wp:attachment":[{"href":"https:\/\/vetomshop.hu\/sl\/wp-json\/wp\/v2\/media?parent=2478"}],"wp:term":[{"taxonomy":"product_brand","embeddable":true,"href":"https:\/\/vetomshop.hu\/sl\/wp-json\/wp\/v2\/product_brand?post=2478"},{"taxonomy":"product_cat","embeddable":true,"href":"https:\/\/vetomshop.hu\/sl\/wp-json\/wp\/v2\/product_cat?post=2478"},{"taxonomy":"product_tag","embeddable":true,"href":"https:\/\/vetomshop.hu\/sl\/wp-json\/wp\/v2\/product_tag?post=2478"}],"curies":[{"name":"wp","href":"https:\/\/api.w.org\/{rel}","templated":true}]}}