{"id":2483,"date":"2020-10-20T19:35:14","date_gmt":"2020-10-20T17:35:14","guid":{"rendered":"https:\/\/vetomshop.hu\/?post_type=product&#038;p=2483"},"modified":"2026-04-12T08:28:16","modified_gmt":"2026-04-12T06:28:16","slug":"vetomgin-8-21","status":"publish","type":"product","link":"https:\/\/vetomshop.hu\/sl\/izdelek\/vetomgin-8-21\/","title":{"rendered":"Probiotik Vetomgin <span style=\"color:red\">8.21<\/span> tableta \u0161ampanjca <span style=\"color:red\">15 kosov<\/span> (prehransko dopolnilo )"},"content":{"rendered":"<h2><strong>Vetomgin 8.21 probioti\u010dne \u0161ume\u010de tablete 15 (prehransko dopolnilo)<\/strong><\/h2>\n<p><span style=\"color: #ff0000;\">Sestava<\/span><\/p>\n<p>1 odmerek (1 \u0161ume\u010da tableta) vsebuje: dodatek: (natrijev karbonat) - 1200 mg \u0415330(limonina plo\u0161\u010dica) - 750 mg ; posu\u0161ene probioti\u010dne kulture Bacillus subtilis, VKPM B - 10641(DSM 24613),Bacillus amyloliquefaciens, VKPM B - 10642(DSM 24614) , Bacillus amyloliquefaciens, VKPM B - 10643 (DSM 24615) 1\u0445106 KTJ\/g - 50 mg.<\/p>\n<p>Njegovi ugodni u\u010dinki so posledica lastnosti sestavin zdravila Vetomgin 8.21. Pod njihovim delovanjem se v \u010drevesju vsakega posameznika oblikuje posebna mikrobna sestava in aktivira se Krebsov cikel. Posledica tega procesa je optimizacija delovanja sistemov, ki \u0161\u010ditijo telo pred tujimi vsiljivci, vklju\u010dno s ku\u017enimi mikroorganizmi, in optimizacija regulacijskega sistema telesa, ki zagotavlja aktivno oskrbo celic s kisikom; tvorbo energijskih rezerv; aktivacijo sinteze za telo nujno potrebnih molekul: aminokislin, ogljikovih hidratov, ma\u0161\u010dobnih kislin itd.<\/p>\n<p>Vetomgin 8.21 pove\u010duje u\u010dinkovitost zdravil in zmanj\u0161uje njihove negativne stranske u\u010dinke na \u010dlove\u0161ko telo.<\/p>\n<h5>Lastnosti:<\/h5>\n<ul>\n<li>\u00a0BREZ STRANSKIH U\u010cINKOV<\/li>\n<li>\u00a0BREZ STAROSTNE OMEJITVE<\/li>\n<li>NE PREVZETI DOSE\u017dKA<\/li>\n<li>NI DOPOLNILNO<\/li>\n<\/ul>\n<ul class=\"vetom-list\">\n<li>Ima visoko antagonisti\u010dno aktivnost proti patogenim in pogojno patogenim glivam in bakterijam, protivirusne, proteoliti\u010dne, amiliti\u010dne in celuloliti\u010dne lastnosti.<\/li>\n<li>spodbuja celi\u010dne in humoralne dejavnike imunosti.<\/li>\n<li>pove\u010da nespecifi\u010dno odpornost telesa<\/li>\n<li>stabilizira odpornost proti alergijam.<\/li>\n<li>normalizira presnovo<\/li>\n<li>spodbuja procese regeneracije, napada in uni\u010duje rakave in obolele celice.<\/li>\n<\/ul>\n<p><span style=\"color: #ff0000;\">Obmo\u010dje uporabe<\/span><br \/>\nProbioti\u010dni mikroorganizmi so dopolnilni vir za izbolj\u0161anje kakovosti \u017eivljenja.<br \/>\n<span style=\"color: #ff0000;\">Prijavite se na<\/span><br \/>\nPriporo\u010damo 3 \u0161ume\u010de tablete na dan 10 dni v rednih \u010dasovnih presledkih.<br \/>\n1 tableta se raztopi v kozarcu vode .<br \/>\nTablete ne smete pogoltniti, \u017eve\u010diti ali sesati.<br \/>\n<span style=\"color: #ff0000;\">Kontraindikacije<\/span><br \/>\nPreob\u010dutljivost na nekatere sestavine zdravila.<br \/>\nPosebna navodila<br \/>\nUporabljajte med nose\u010dnostjo in dojenjem le po posvetu z zdravnikom. Pripravek ne vpliva na sposobnost vo\u017enje ali upravljanja potencialno nevarnih mehanizmov.<br \/>\n<span style=\"color: #ff0000;\">Doziranje<\/span><br \/>\n15 2-gramskih \u0161ampanjskih tablet, 3 na tableto, pakiranih v kartonski \u0161katli, zaviti v pergamentni papir. Prilo\u017eena so navodila za uporabo.<br \/>\n<span style=\"color: #ff0000;\">Pogoji shranjevanja<\/span><br \/>\nLahko se hrani pri 75 % relativni vla\u017enosti pod 30 \u00b0C. Hraniti zunaj dosega otrok.<br \/>\n<span style=\"color: #ff0000;\">Rok trajanja<\/span><br \/>\n4 leta od datuma izdelave. Po izteku roka uporabnosti ne porabite.<br \/>\nVetomgin 8.21 ni zdravilo.<\/p>\n<p><span style=\"color: #0000ff;\">Kupim probiotike naravnost iz tovarne po najbolj\u0161i ceni , - premium kakovost.<\/span><\/p>\n<h3><strong><span style=\"color: #ff0000;\">Cemmedic Europe Kft \u201eUradni distributer za Mad\u017earsko\u201d !<\/span><\/strong><\/h3>","protected":false},"excerpt":{"rendered":"<h5>Sestava<\/h5>\n<p>1 porcija (<strong>1 \u0161ume\u010da tableta<\/strong>) vsebuje aditiv:<\/p>\n<ul>\n<li><strong>\u0415500<\/strong> (natrijev karbonat) - 1200 mg<\/li>\n<li><strong>\u0415330<\/strong> (limonina plo\u0161\u010dica) - 750 mg;<\/li>\n<li>posu\u0161ene probioti\u010dne kulture <strong>Bacillus subtilis<\/strong>, VKPM B - 10641(DSM 24613),<\/li>\n<li><strong>Bacillus amyloliquefaciens<\/strong>, VKPM B - 10642 (DSM 24614),<\/li>\n<li><strong>Bacillus amyloliquefaciens<\/strong>, VKPM B - 10643 (DSM 24615) 1X106 KTJ\/g - 50 mg.<\/li>\n<\/ul>\n<p>Koristni u\u010dinki <strong>Vetomgin <span style=\"color:red\">8.21<\/span><\/strong> lastnosti sestavnih elementov. Pod njihovim vplivom se v \u010drevesju oblikuje posebna mikrobna sestava vsakega posameznika in aktivira se Krebsov cikel. Ta proces povzro\u010di optimizacijo sistemov, ki \u0161\u010ditijo telo pred tujimi vdori, vklju\u010dno s ku\u017enimi mikroorganizmi, in optimizira regulacijski sistem telesa, ki zagotavlja aktivno oskrbo celic s kisikom; oblikovanje energijskih rezerv; aktivacijo sinteze molekul, nujnih za telo: aminokislin, ogljikovih hidratov, ma\u0161\u010dobnih kislin itd.<\/p>\n<div class=\"plashka\">A <strong>Vetomgin <span style=\"color:red\">8.21<\/span><\/strong> pove\u010duje u\u010dinkovitost zdravil in zmanj\u0161uje njihove negativne stranske u\u010dinke na \u010dlove\u0161ko telo.<\/div>\n<h6>Lastnosti:<\/h6>\n<ul class=\"vetom-list\">\n<li>Ima visoko antagonisti\u010dno aktivnost proti patogenim in pogojno patogenim glivam in bakterijam, protivirusne, proteoliti\u010dne, amiliti\u010dne in celuloliti\u010dne lastnosti.<\/li>\n<li>spodbuja celi\u010dne in humoralne dejavnike imunosti.<\/li>\n<li>pove\u010da nespecifi\u010dno odpornost telesa<\/li>\n<li>stabilizira odpornost proti alergijam.<\/li>\n<li>normalizira presnovo<\/li>\n<li>spodbuja procese regeneracije, napada in uni\u010duje rakave in obolele celice.<\/li>\n<\/ul>\n<div class=\"plashka\"><strong>Obmo\u010dje uporabe<\/strong><br \/>\nProbioti\u010dni mikroorganizmi so dopolnilni vir za izbolj\u0161anje kakovosti \u017eivljenja.<\/div>","protected":false},"featured_media":5558,"comment_status":"open","ping_status":"closed","template":"","meta":[],"product_brand":[],"product_cat":[22],"product_tag":[],"class_list":{"0":"post-2483","1":"product","2":"type-product","3":"status-publish","4":"has-post-thumbnail","6":"product_cat-vetom-probiotikumok","8":"first","9":"instock","10":"featured","11":"taxable","12":"shipping-taxable","13":"purchasable","14":"product-type-simple"},"_links":{"self":[{"href":"https:\/\/vetomshop.hu\/sl\/wp-json\/wp\/v2\/product\/2483","targetHints":{"allow":["GET"]}}],"collection":[{"href":"https:\/\/vetomshop.hu\/sl\/wp-json\/wp\/v2\/product"}],"about":[{"href":"https:\/\/vetomshop.hu\/sl\/wp-json\/wp\/v2\/types\/product"}],"replies":[{"embeddable":true,"href":"https:\/\/vetomshop.hu\/sl\/wp-json\/wp\/v2\/comments?post=2483"}],"wp:featuredmedia":[{"embeddable":true,"href":"https:\/\/vetomshop.hu\/sl\/wp-json\/wp\/v2\/media\/5558"}],"wp:attachment":[{"href":"https:\/\/vetomshop.hu\/sl\/wp-json\/wp\/v2\/media?parent=2483"}],"wp:term":[{"taxonomy":"product_brand","embeddable":true,"href":"https:\/\/vetomshop.hu\/sl\/wp-json\/wp\/v2\/product_brand?post=2483"},{"taxonomy":"product_cat","embeddable":true,"href":"https:\/\/vetomshop.hu\/sl\/wp-json\/wp\/v2\/product_cat?post=2483"},{"taxonomy":"product_tag","embeddable":true,"href":"https:\/\/vetomshop.hu\/sl\/wp-json\/wp\/v2\/product_tag?post=2483"}],"curies":[{"name":"wp","href":"https:\/\/api.w.org\/{rel}","templated":true}]}}