{"id":2704,"date":"2021-05-05T21:50:09","date_gmt":"2021-05-05T19:50:09","guid":{"rendered":"https:\/\/vetomshop.hu\/?post_type=product&#038;p=2704"},"modified":"2026-02-28T11:46:57","modified_gmt":"2026-02-28T10:46:57","slug":"21-napos-kura-4-tubus-225-gramm","status":"publish","type":"product","link":"https:\/\/vetomshop.hu\/sl\/izdelek\/21-napos-kura-4-tubus-225-gramm\/","title":{"rendered":"Enterosgel: 21-dnevno zdravljenje 4 tube (225 gramov)"},"content":{"rendered":"<p>S spletne strani\u00a0<strong>Enterosgel\u00a0<\/strong>odstrani telesu \u0161kodljive snovi, ne absorbira pa sestavin, ki so telesu koristne. Dezinfekcijski, za\u0161\u010ditni in razstrupljevalni izdelek. Je organska snov s fizikalnimi in kemi\u010dnimi lastnostmi, podobnimi lastnostim premoga, zato je telesu prijazna.<\/p>\n<p>Pomaga razstrupljati in celo odstranjevati viruse, bakterije, glivice in parazite, katerih ostanki se skrivajo in povzro\u010dajo simptome, ki jih je morda zelo te\u017eko odkriti.<\/p>\n<p>Enostavna uporaba, lahko se me\u0161a z vodo ali drugimi teko\u010dinami \/ 1-2 dl\/<br \/>\nZa odrasle po eno \u017elico \/15 gr\/ trikrat na dan, uro in pol do dve uri pred ali po obroku.<br \/>\nZa otroke po eno \u010dajno \u017eli\u010dko \/5-10 gr\/ 1-3-krat na dan.<br \/>\nPriporo\u010dena uporaba: 7-14 dni.<\/p>","protected":false},"excerpt":{"rendered":"<p>S spletne strani\u00a0<strong>Enterosgel\u00a0<\/strong>odstrani telesu \u0161kodljive snovi, ne absorbira pa sestavin, ki so telesu koristne. Dezinfekcijski, za\u0161\u010ditni in razstrupljevalni izdelek. Je organska snov s fizikalnimi in kemi\u010dnimi lastnostmi, podobnimi lastnostim premoga, zato je telesu prijazna.<\/p>\n<p>Pomaga razstrupljati in celo odstranjevati viruse, bakterije, glivice in parazite, katerih ostanki se skrivajo in povzro\u010dajo simptome, ki jih je morda zelo te\u017eko odkriti.<\/p>","protected":false},"featured_media":2705,"comment_status":"open","ping_status":"closed","template":"","meta":[],"product_brand":[],"product_cat":[28],"product_tag":[],"class_list":{"0":"post-2704","1":"product","2":"type-product","3":"status-publish","4":"has-post-thumbnail","6":"product_cat-enterosgel","8":"first","9":"instock","10":"sale","11":"taxable","12":"shipping-taxable","13":"purchasable","14":"product-type-simple"},"_links":{"self":[{"href":"https:\/\/vetomshop.hu\/sl\/wp-json\/wp\/v2\/product\/2704","targetHints":{"allow":["GET"]}}],"collection":[{"href":"https:\/\/vetomshop.hu\/sl\/wp-json\/wp\/v2\/product"}],"about":[{"href":"https:\/\/vetomshop.hu\/sl\/wp-json\/wp\/v2\/types\/product"}],"replies":[{"embeddable":true,"href":"https:\/\/vetomshop.hu\/sl\/wp-json\/wp\/v2\/comments?post=2704"}],"wp:featuredmedia":[{"embeddable":true,"href":"https:\/\/vetomshop.hu\/sl\/wp-json\/wp\/v2\/media\/2705"}],"wp:attachment":[{"href":"https:\/\/vetomshop.hu\/sl\/wp-json\/wp\/v2\/media?parent=2704"}],"wp:term":[{"taxonomy":"product_brand","embeddable":true,"href":"https:\/\/vetomshop.hu\/sl\/wp-json\/wp\/v2\/product_brand?post=2704"},{"taxonomy":"product_cat","embeddable":true,"href":"https:\/\/vetomshop.hu\/sl\/wp-json\/wp\/v2\/product_cat?post=2704"},{"taxonomy":"product_tag","embeddable":true,"href":"https:\/\/vetomshop.hu\/sl\/wp-json\/wp\/v2\/product_tag?post=2704"}],"curies":[{"name":"wp","href":"https:\/\/api.w.org\/{rel}","templated":true}]}}