{"id":4392,"date":"2023-08-06T13:27:56","date_gmt":"2023-08-06T11:27:56","guid":{"rendered":"https:\/\/vetomshop.hu\/?post_type=product&#038;p=4392"},"modified":"2026-04-12T08:28:06","modified_gmt":"2026-04-12T06:28:06","slug":"komarov-por-etrend-kiegeszito-40-tasak","status":"publish","type":"product","link":"https:\/\/vetomshop.hu\/sl\/izdelek\/komarov-por-etrend-kiegeszito-40-tasak\/","title":{"rendered":"Probiotik Komarov v prahu <span style=\"color: red\">40 tassaq<\/span> (prehransko dopolnilo )"},"content":{"rendered":"<h2><strong>Komarov v prahu - 40 vre\u010dk (prehransko dopolnilo)<\/strong><\/h2>\n<p>Naravni probiotik z vitamini in spirulino - za podporo prebavnemu in imunskemu sistemu<\/p>\n<p>Komarov v prahu je kompleksno prehransko dopolnilo, ki vsebuje probiotike, prehranske vlaknine, vitamine, minerale in spirulino. Njegove aktivne sestavine podpirajo ravnovesje \u010drevesne flore, razstrupljanje, presnovo in krepijo obrambne sposobnosti telesa.<\/p>\n<p>&nbsp;<\/p>\n<h2><strong>Glavne sestavine:<\/strong><\/h2>\n<p>*Bacillus subtilis VKPM V-10641 (DSM 24613) - koristne \u010drevesne bakterije<\/p>\n<p>*Spirulina (modrozelene alge) - naravni vir vitaminov in beljakovin<\/p>\n<p>*P\u0161eni\u010dni otrobi - vir prehranskih vlaknin<\/p>\n<p>*citronska kislina, natrijev klorid - naravni nosilci<\/p>\n<p>&nbsp;<\/p>\n<h2><strong>Izdelek vklju\u010duje tudi:<\/strong><\/h2>\n<p>*Vitamini: A, B1, B2, B6, B12, B5, B9, biotin<\/p>\n<p>*Minerali: kalcij, kalij, magnezij, fosfor, \u017eelezo, cink, baker, mangan, selen, molibden<\/p>\n<p>*nenasi\u010dene ma\u0161\u010dobne kisline: linolna kislina, linolenska kislina, arahidonska kislina<\/p>\n<p>&nbsp;<\/p>\n<h2><strong>Koristni u\u010dinki:<\/strong><\/h2>\n<p>\u2705 Pomaga pri prebavi in bolj\u0161i absorpciji hranilnih snovi<\/p>\n<p>\u2705 Podpira ravnovesje \u010drevesne flore, deluje razstrupljevalno<\/p>\n<p>\u2705 Krepi imunski sistem, pove\u010duje odpornost telesa<\/p>\n<p>\u2705 normalizira presnovo<\/p>\n<p>\u2705 Pomaga pri regeneraciji in lahko prispeva k boju proti \u0161kodljivim celicam<\/p>\n<p>\u2705 Aktivira Krebsov cikel (proizvodnja celi\u010dne energije)<\/p>\n<p>\u2705 Antibakterijske, protivirusne in protiglivi\u010dne lastnosti<\/p>\n<p>&nbsp;<\/p>\n<h2><strong>Priporo\u010deno odmerjanje:<\/strong><\/h2>\n<p>*Za zdravo telo: najmanj 2-3 vre\u010dke na dan 10-14 dni Spremljajte odzive telesa med jemanjem in po potrebi postopoma pove\u010dajte odmerek.<\/p>\n<p>* Pri dolo\u010denih boleznih: 7-10 vre\u010dk na dan za 10 dni<\/p>\n<p>* 1 porcija = 1 vre\u010dka<\/p>\n<p>* Pra\u0161ek je treba jemati peroralno, priporo\u010dljivo med obroki ali po njih. Primerneje ga je jemati na \u017elico, zme\u0161anega z jogurtom, kislo smetano ali kefirjem.<\/p>\n<p>&nbsp;<\/p>\n<h2><strong>Pomembne informacije:<\/strong><\/h2>\n<p>* Brez stranskih u\u010dinkov, brez prevelikega odmerjanja, brez zasvojenosti<\/p>\n<p>* Brez starostnih omejitev<\/p>\n<p>*Ne jemljete z antibiotiki ali drugimi probiotiki<\/p>\n<p>*Ne priporo\u010damo v primeru preob\u010dutljivosti na katero koli sestavino<\/p>\n<p>&nbsp;<\/p>\n<h2><strong>Izdaja:<\/strong><\/h2>\n<p>40 vre\u010dk po 2,5 g prahu v laminirani embala\u017ei<\/p>\n<p>Te\u017ea: 0,17 kg<\/p>\n<p>Velikost: 18 \u00d7 7 \u00d7 7 cm<\/p>\n<p>Kraj porekla: Rusija<\/p>\n<p>&nbsp;<\/p>\n<h2><strong>Shranjevanje:<\/strong><\/h2>\n<p>Shranjujte v suhem in hladnem prostoru pri temperaturi od 0 do 30 \u00b0C, z najve\u010djo vla\u017enostjo 75%.<\/p>\n<p>Garancija: 4<strong> leta od datuma izdelave<\/strong>.<\/p>\n<p>Kraj izvora : <strong>Rusija<\/strong><\/p>","protected":false},"excerpt":{"rendered":"<h5>Bacilus subtilis sev VKPM V 10 641 (DSM 24613)<\/h5>\n<div class=\"plashka\"><strong>\u017divi material:<\/strong> p\u0161eni\u010dni otrobi, natrijev klorid, modrozelena alga spirulina, citronska kislina.<br \/>\nPra\u0161ek je pakiran v 2,5 g laminirani papirnati vre\u010dki.<\/div>\n<h5>Uporaba:<\/h5>\n<p>Komarov prah je biolo\u0161ko aktivna snov, ki vsebuje probioti\u010dne mikroorganizme, prehranske vlaknine, vitamine (<strong>A, B1, B2, B6, B12, B5, B9, biotin<\/strong>), makro- (kalcij, magnezij, fosfor, kalij) in mikrohranila (\u017eelezo, mangan, baker, cink, molibden, selen), nenasi\u010dene ma\u0161\u010dobne kisline (linolna kislina, linolenska kislina, arahidonska kislina).<\/p>\n<h6>Lastnosti:<\/h6>\n<ul class=\"vetom-list\">\n<li>Ima visoko antagonisti\u010dno aktivnost proti patogenim in pogojno patogenim glivam in bakterijam, protivirusne, proteoliti\u010dne, amiliti\u010dne in celuloliti\u010dne lastnosti.<\/li>\n<li>spodbuja celi\u010dne in humoralne dejavnike imunosti.<\/li>\n<li>pove\u010da nespecifi\u010dno odpornost telesa<\/li>\n<li>stabilizira odpornost proti alergijam.<\/li>\n<li>normalizira presnovo<\/li>\n<li>spodbuja procese regeneracije, napada in uni\u010duje rakave in obolele celice.<\/li>\n<\/ul>","protected":false},"featured_media":5557,"comment_status":"open","ping_status":"closed","template":"","meta":[],"product_brand":[],"product_cat":[22],"product_tag":[],"class_list":{"0":"post-4392","1":"product","2":"type-product","3":"status-publish","4":"has-post-thumbnail","6":"product_cat-vetom-probiotikumok","8":"first","9":"instock","10":"featured","11":"taxable","12":"shipping-taxable","13":"purchasable","14":"product-type-simple"},"_links":{"self":[{"href":"https:\/\/vetomshop.hu\/sl\/wp-json\/wp\/v2\/product\/4392","targetHints":{"allow":["GET"]}}],"collection":[{"href":"https:\/\/vetomshop.hu\/sl\/wp-json\/wp\/v2\/product"}],"about":[{"href":"https:\/\/vetomshop.hu\/sl\/wp-json\/wp\/v2\/types\/product"}],"replies":[{"embeddable":true,"href":"https:\/\/vetomshop.hu\/sl\/wp-json\/wp\/v2\/comments?post=4392"}],"wp:featuredmedia":[{"embeddable":true,"href":"https:\/\/vetomshop.hu\/sl\/wp-json\/wp\/v2\/media\/5557"}],"wp:attachment":[{"href":"https:\/\/vetomshop.hu\/sl\/wp-json\/wp\/v2\/media?parent=4392"}],"wp:term":[{"taxonomy":"product_brand","embeddable":true,"href":"https:\/\/vetomshop.hu\/sl\/wp-json\/wp\/v2\/product_brand?post=4392"},{"taxonomy":"product_cat","embeddable":true,"href":"https:\/\/vetomshop.hu\/sl\/wp-json\/wp\/v2\/product_cat?post=4392"},{"taxonomy":"product_tag","embeddable":true,"href":"https:\/\/vetomshop.hu\/sl\/wp-json\/wp\/v2\/product_tag?post=4392"}],"curies":[{"name":"wp","href":"https:\/\/api.w.org\/{rel}","templated":true}]}}