{"id":443,"date":"2019-11-12T14:57:08","date_gmt":"2019-11-12T13:57:08","guid":{"rendered":"https:\/\/vetomshop.hu\/?post_type=product&#038;p=443"},"modified":"2026-04-12T08:29:34","modified_gmt":"2026-04-12T06:29:34","slug":"vetom-2-etrend-kiegeszito","status":"publish","type":"product","link":"https:\/\/vetomshop.hu\/sl\/izdelek\/vetom-2-etrend-kiegeszito\/","title":{"rendered":"Probiotik Vetom <span style=\"color:red\">2<\/span><br> kapsula <span style=\"color:red\">50 zrnc<\/span> (prehransko dopolnilo)"},"content":{"rendered":"<h2>Vetom 2 probioti\u010dne kapsule 50 zrn (prehransko dopolnilo)<\/h2>\n<p>Dve glavni u\u010dinkovini v zdravilu Vetom sta koristna bakterijska seva *Bacillus amyloliquefaciens* , ki delujeta predvsem v debelem \u010drevesju, kjer se razmno\u017eujeta in proizvajata razli\u010dne encime (encime za razgradnjo beljakovin, \u0161kroba in vlaknin) ter aktivne spojine, ki:<\/p>\n<p>* zatiranje \u0161kodljivih bakterij in glivic,<br \/>\n* o\u010disti \u010drevesno steno neprebavljenih ostankov,<br \/>\n* podpira bolj\u0161o absorpcijo hranilnih snovi,<br \/>\n* pomagajo pri razstrupljanju telesa.<\/p>\n<p>Redna uporaba zdravila Vetom 2 pomaga vzpostaviti zdravo ravnovesje \u010drevesne flore, spodbuja prebavo in izbolj\u0161uje delovanje imunskega sistema. Probiotik podpira procese regeneracije, pomaga pri obnovi celic in lahko celo prepre\u010duje razvoj rakavih celic.<\/p>\n<p>Prav tako pove\u010duje u\u010dinke zdravil in zmanj\u0161uje njihove ne\u017eelene u\u010dinke.<\/p>\n<h2>Prednosti:<\/h2>\n<p>* Mo\u010dno protibakterijsko in protiglivi\u010dno delovanje<br \/>\n* protivirusni, prebavni, imunski spodbujevalec<br \/>\n* Za\u0161\u010dita celic in prepre\u010devanje tumorjev<br \/>\n* normalizira presnovo<br \/>\n* Krepi odpornost na alergije<br \/>\n* Regenerira telo na celi\u010dni ravni<br \/>\n* Ne povzro\u010da ne\u017eelenih u\u010dinkov, prevelikega odmerka ali odvisnosti<br \/>\n* \u0161\u010diti telo na celi\u010dni ravni, pomaga prepre\u010devati razvoj tumorjev<\/p>\n<h2>Predlagana uporaba:<\/h2>\n<p>Vetom 2 se priporo\u010da za ponovno vzpostavitev ravnovesja \u010drevesne flore, podporo zdravja \u010drevesja in krepitev odpornosti.<\/p>\n<h2>Odmerjanje:<\/h2>\n<p>* 10 dni je priporo\u010dljivo jemati po 1 kapsulo 2-3-krat na dan, pred, med ali po jedi, z majhno koli\u010dino teko\u010dine (voda, \u010daj ali sok). Med zdravljenjem spremljajte odziv telesa in po potrebi postopoma pove\u010dujte odmerek do 5-10 kapsul na dan.<\/p>\n<p>* Zdravljenje lahko ponovite po 1-2 tednih premora. Ob\u010dasno je priporo\u010dljivo, da za splo\u0161no podporo telesa preidete na drugo \u0161tevilko izdelka Vetom.<\/p>\n<h2>Kontraindikacije:<\/h2>\n<p>* Ni priporo\u010dljivo v primeru ob\u010dutljivosti na katero koli sestavino.<br \/>\n* Med nose\u010dnostjo in dojenjem uporabljajte le po nasvetu zdravnika.<br \/>\n* Ne vpliva na vo\u017enjo ali upravljanje nevarnih strojev.<\/p>\n<h2>Odmerjanje in sestavine:<\/h2>\n<p>* 10 kapsul v blistru, 5 pakiranj v \u0161katli (skupaj 50 kapsul)<br \/>\n* Vsebina 1 kapsule:<\/p>\n<p>* izvle\u010dek koruze - 133 mg<br \/>\n* Krompirjev \u0161krob - 100 mg<br \/>\n* saharoza (sladkor v prahu) - 67 mg<br \/>\n* bakterijska kultura Bacillus amyloliquefaciens (DSM 24614) in sevi DSM 24615 - 30 mg (1\u00d710\u2079 CFU\/g)<\/p>\n<h2>Ve\u010d informacij:<\/h2>\n<p>* Neto te\u017ea: 0,1 kg<br \/>\n* Velikost: 4,5 \u00d7 6,5 \u00d7 8 cm<br \/>\n* Dr\u017eava porekla: Rusija<br \/>\n* Shranjevanje: v hladnem in suhem prostoru (najve\u010d 30 \u00b0C), izven dosega otrok<br \/>\n* Rok trajanja: 2 leti od datuma izdelave<\/p>\n<p>Alternativni ekvivalent v obliki kapljic: Vetom 2,25 (10 ml)<\/p>\n<p>Kraj izvora : <strong>Rusija<\/strong><\/p>","protected":false},"excerpt":{"rendered":"<h5><strong>Vetom <span style=\"color: red;\">2<\/span><\/strong> probioti\u010dne kapsule 50 zrn (prehransko dopolnilo)<\/h5>\n<div class=\"plashka\">\n<p>A <strong>Vetom <span style=\"color: red;\">2<\/span><\/strong> normalizira presnovo, prebavo in absorpcijo biolo\u0161ko aktivnih sestavin hrane v prebavilih.<\/p>\n<p>A <strong>Vetom <span style=\"color: red;\">2<\/span><\/strong> prpbiotiki pove\u010dujejo u\u010dinkovitost zdravil in zmanj\u0161ujejo njihove negativne stranske u\u010dinke na \u010dlove\u0161ko telo.<\/p>\n<\/div>\n<p>Blagodejni u\u010dinek na <strong>Bacillus amyloliquefaciens<\/strong> ki nastajajo predvsem z razmno\u017eevanjem v debelem \u010drevesu:<\/p>\n<ul class=\"vetom-list\">\n<li>proteoliti\u010dni, amiloliti\u010dni in celulozoliti\u010dni encimi,<\/li>\n<li>biolo\u0161ko aktivna snov, ki zavira rast in razvoj patogene in potencialno patogene mikroflore.<\/li>\n<\/ul>\n<p>Posledi\u010dno se bakterijska sestava \u010drevesne vsebine spremeni v ustrezno razvojno normo, \u010drevesne stene se o\u010distijo neprebavljenih ostankov, kar prispeva k aktivnemu odstranjevanju toksinov iz telesa in neoviranemu prenosu biolo\u0161ko aktivnih hranil.<\/p>","protected":false},"featured_media":6598,"comment_status":"open","ping_status":"closed","template":"","meta":[],"product_brand":[],"product_cat":[22],"product_tag":[],"class_list":{"0":"post-443","1":"product","2":"type-product","3":"status-publish","4":"has-post-thumbnail","6":"product_cat-vetom-probiotikumok","8":"first","9":"instock","10":"featured","11":"taxable","12":"shipping-taxable","13":"purchasable","14":"product-type-simple"},"_links":{"self":[{"href":"https:\/\/vetomshop.hu\/sl\/wp-json\/wp\/v2\/product\/443","targetHints":{"allow":["GET"]}}],"collection":[{"href":"https:\/\/vetomshop.hu\/sl\/wp-json\/wp\/v2\/product"}],"about":[{"href":"https:\/\/vetomshop.hu\/sl\/wp-json\/wp\/v2\/types\/product"}],"replies":[{"embeddable":true,"href":"https:\/\/vetomshop.hu\/sl\/wp-json\/wp\/v2\/comments?post=443"}],"wp:featuredmedia":[{"embeddable":true,"href":"https:\/\/vetomshop.hu\/sl\/wp-json\/wp\/v2\/media\/6598"}],"wp:attachment":[{"href":"https:\/\/vetomshop.hu\/sl\/wp-json\/wp\/v2\/media?parent=443"}],"wp:term":[{"taxonomy":"product_brand","embeddable":true,"href":"https:\/\/vetomshop.hu\/sl\/wp-json\/wp\/v2\/product_brand?post=443"},{"taxonomy":"product_cat","embeddable":true,"href":"https:\/\/vetomshop.hu\/sl\/wp-json\/wp\/v2\/product_cat?post=443"},{"taxonomy":"product_tag","embeddable":true,"href":"https:\/\/vetomshop.hu\/sl\/wp-json\/wp\/v2\/product_tag?post=443"}],"curies":[{"name":"wp","href":"https:\/\/api.w.org\/{rel}","templated":true}]}}