{"id":445,"date":"2019-11-12T15:06:44","date_gmt":"2019-11-12T14:06:44","guid":{"rendered":"https:\/\/vetomshop.hu\/?post_type=product&#038;p=445"},"modified":"2026-04-12T08:29:25","modified_gmt":"2026-04-12T06:29:25","slug":"vetom-3-etrend-kiegeszito","status":"publish","type":"product","link":"https:\/\/vetomshop.hu\/sl\/izdelek\/vetom-3-etrend-kiegeszito\/","title":{"rendered":"Probiotik Vetom <span style=\"color:red\">3<\/span><br> kapsula <span style=\"color:red\">50 zrnc<\/span> (prehransko dopolnilo)"},"content":{"rendered":"<p>Vetom 3 probioti\u010dne kapsule 50 zrn (prehransko dopolnilo)<\/p>\n<p>Njegovi ugodni u\u010dinki so posledica delovanja bakterije Bacillus amyloliquefaciens, ki predvsem z razmno\u017eevanjem v debelem \u010drevesu proizvaja: proteoliti\u010dne, amiloliti\u010dne in celuloliti\u010dne encime ter biolo\u0161ko aktivne snovi, ki zavirajo rast in razvoj patogene in potencialno patogene mikroflore. Posledi\u010dno se bakterijska sestava \u010drevesne vsebine spremeni v ustrezno razvojno normo, \u010drevesne stene se o\u010distijo neprebavljenih ostankov, kar prispeva k aktivnemu odstranjevanju toksinov iz telesa, nemotenemu prenosu biolo\u0161ko aktivnih hranil.<br \/>\nPod vplivom zdravila Vetom 3 se normalizirajo presnova, prebava in absorpcija biolo\u0161ko aktivnih sestavin hrane v prebavilih.<br \/>\nVetom 3 pove\u010duje u\u010dinkovitost zdravil in zmanj\u0161uje njihove negativne stranske u\u010dinke na \u010dlove\u0161ko telo.<br \/>\nPriporo\u010deni odmerek: 1 kapsula (2*3) na dan 10 dni, zau\u017eijte med jedjo ali po njej, z majhno koli\u010dino vode, soka ali \u010daja.<br \/>\nVetom 3 ne povzro\u010da zasvojenosti.<br \/>\nPriporo\u010da se ponovitev zdravljenja po 1-2 tednih premora, pri \u010demer je priporo\u010dljivo, da v dolo\u010denih \u010dasovnih presledkih preidete na izdelek Vetom z drugo \u0161tevilko. .<br \/>\nNa ta na\u010din lahko podpremo celotno telo in tudi \u010drevesni trakt. .<br \/>\nLastnosti:<br \/>\n- Ima visoko antagonisti\u010dno aktivnost proti patogenim in pogojno patogenim glivam in bakterijam, protivirusne, proteoliti\u010dne, amiliti\u010dne in celuloliti\u010dne lastnosti.<br \/>\n- spodbuja celi\u010dne in humoralne dejavnike imunosti.<br \/>\n- pove\u010da nespecifi\u010dno odpornost telesa<br \/>\n- stabilizira odpornost proti alergijam.<br \/>\n- normalizira presnovo<br \/>\n- spodbuja procese regeneracije, napada in uni\u010duje rakave in obolele celice.<br \/>\nSpremeni membrano in presnovo celi\u010dnega skeleta ter tako prepre\u010di razvoj rakavih celic.<\/p>\n<ul>\n<li>BREZ STRANSKIH U\u010cINKOV<\/li>\n<li>BREZ STAROSTNE OMEJITVE<\/li>\n<li>NE PREVZETI DOSE\u017dKA<\/li>\n<li>NI DOPOLNILNO<\/li>\n<\/ul>\n<p>Obmo\u010dje uporabe<br \/>\nUporaba probioti\u010dnih mikroorganizmov kot biolo\u0161ko aktivnega aditiva za \u017eivila je priporo\u010dljiva za obnovo prebavil in \u010drevesne mikroflore.<br \/>\nKontraindikacije<br \/>\nPreob\u010dutljivost na nekatere sestavine izdelka.<br \/>\nPosebna navodila<br \/>\nMed nose\u010dnostjo in dojenjem uporabljajte le po nasvetu zdravnika. Pripravek ne vpliva na sposobnost vo\u017enje ali upravljanja potencialno nevarnih mehanizmov.<br \/>\nDoziranje<br \/>\n10 kapsul po 0,33 g v posameznih pakiranjih v listi\u010dih, 5 listi\u010dev v \u0161katli. Oviti v valovit papir, neto te\u017ea: 5 gr, 50 kapsul v kartonski \u0161katli.<br \/>\nSestava<br \/>\n1 kapsula vsebuje: izvle\u010dek koruze - 133 mg; krompirjev \u0161krob - 100 mg; saharozo (sladkor v prahu) - 67 mg, probioti\u010dno posu\u0161eno kulturo bakterijskega seva Bacillus amyloliquefaciens VKPM B - 10641 (DSM 24613), 1\u00d7109 KTJ\/g - 30 mg enote, ki tvori kolonije.<\/p>\n<p>Te\u017ea :0,1 kg<br \/>\nDimenzije: 4,5 x 6,5 x 8 cm<br \/>\nKraj izvora: Rusija<\/p>\n<p>Kupim probiotike naravnost iz tovarne po najbolj\u0161i ceni , - premium kakovost.<br \/>\n\u201eCemmedic Europe Kft\u201d je uradni distributer probiotikov Vetom na Mad\u017earskem!<\/p>","protected":false},"excerpt":{"rendered":"<h5><strong>Vetom <span style=\"color: red;\">3<\/span><\/strong> probioti\u010dne kapsule 50 zrn (prehransko dopolnilo)<\/h5>\n<div class=\"plashka\">\n<p>A <strong>Vetom <span style=\"color: red;\">3<\/span><\/strong> normalizira presnovo, prebavo in absorpcijo biolo\u0161ko aktivnih sestavin hrane v prebavilih.<\/p>\n<p>A <strong>Vetom <span style=\"color: red;\">3<\/span><\/strong> pove\u010duje u\u010dinkovitost zdravil in zmanj\u0161uje njihove negativne stranske u\u010dinke na \u010dlove\u0161ko telo.<\/p>\n<\/div>\n<p>Blagodejni u\u010dinek na <strong>Bacillus amyloliquefaciens<\/strong> ki nastajajo predvsem z razmno\u017eevanjem v debelem \u010drevesu:<\/p>\n<ul class=\"vetom-list\">\n<li>proteoliti\u010dni, amiloliti\u010dni in celulozoliti\u010dni encimi,<\/li>\n<li>biolo\u0161ko aktivne snovi, ki zavirajo rast in razvoj patogene in potencialno patogene mikroflore.<\/li>\n<\/ul>\n<p>Posledi\u010dno se bakterijska sestava \u010drevesne vsebine spremeni v ustrezno razvojno normo, \u010drevesne stene se o\u010distijo neprebavljenih ostankov, kar prispeva k aktivnemu odstranjevanju toksinov iz telesa in neoviranemu prenosu biolo\u0161ko aktivnih hranil.<\/p>\n<p><strong>Odmerjanje<\/strong>: priporo\u010dljivo je jemati 1 kapsulo (2*3) dnevno 10 dni z obrokom ali po njem, z majhno koli\u010dino vode, soka ali \u010daja.<\/p>\n<p>Zdravljenje je priporo\u010dljivo ponoviti po 1-2 tednih premora in v dolo\u010denih \u010dasovnih presledkih zamenjati izdelek Vetom z drugo \u0161tevilko.<br \/>\nNa ta na\u010din lahko podpremo celotno telo, na\u0161 \u010drevesni sistem.<\/p>\n<p>A <strong>Vetom <span style=\"color: red;\">3<\/span><\/strong> ne povzro\u010da zasvojenosti.<\/p>\n<h5>Lastnosti:<\/h5>\n<ul class=\"vetom-list\">\n<li>Ima visoko antagonisti\u010dno aktivnost proti patogenim in pogojno patogenim glivam in bakterijam, protivirusne, proteoliti\u010dne, amiliti\u010dne in celuloliti\u010dne lastnosti.<\/li>\n<li>spodbuja celi\u010dne in humoralne dejavnike imunosti.<\/li>\n<li>pove\u010da nespecifi\u010dno odpornost telesa<\/li>\n<li>stabilizira odpornost proti alergijam.<\/li>\n<li>normalizira presnovo<\/li>\n<li>spodbuja procese regeneracije, napada in uni\u010duje rakave in obolele celice.<\/li>\n<\/ul>\n<div class=\"plashka\">Spremeni membrano in presnovo celi\u010dnega skeleta ter tako prepre\u010di razvoj rakavih celic.<\/div>","protected":false},"featured_media":6599,"comment_status":"open","ping_status":"closed","template":"","meta":[],"product_brand":[],"product_cat":[22],"product_tag":[],"class_list":{"0":"post-445","1":"product","2":"type-product","3":"status-publish","4":"has-post-thumbnail","6":"product_cat-vetom-probiotikumok","8":"first","9":"instock","10":"featured","11":"taxable","12":"shipping-taxable","13":"purchasable","14":"product-type-simple"},"_links":{"self":[{"href":"https:\/\/vetomshop.hu\/sl\/wp-json\/wp\/v2\/product\/445","targetHints":{"allow":["GET"]}}],"collection":[{"href":"https:\/\/vetomshop.hu\/sl\/wp-json\/wp\/v2\/product"}],"about":[{"href":"https:\/\/vetomshop.hu\/sl\/wp-json\/wp\/v2\/types\/product"}],"replies":[{"embeddable":true,"href":"https:\/\/vetomshop.hu\/sl\/wp-json\/wp\/v2\/comments?post=445"}],"wp:featuredmedia":[{"embeddable":true,"href":"https:\/\/vetomshop.hu\/sl\/wp-json\/wp\/v2\/media\/6599"}],"wp:attachment":[{"href":"https:\/\/vetomshop.hu\/sl\/wp-json\/wp\/v2\/media?parent=445"}],"wp:term":[{"taxonomy":"product_brand","embeddable":true,"href":"https:\/\/vetomshop.hu\/sl\/wp-json\/wp\/v2\/product_brand?post=445"},{"taxonomy":"product_cat","embeddable":true,"href":"https:\/\/vetomshop.hu\/sl\/wp-json\/wp\/v2\/product_cat?post=445"},{"taxonomy":"product_tag","embeddable":true,"href":"https:\/\/vetomshop.hu\/sl\/wp-json\/wp\/v2\/product_tag?post=445"}],"curies":[{"name":"wp","href":"https:\/\/api.w.org\/{rel}","templated":true}]}}