{"id":447,"date":"2019-11-12T15:10:57","date_gmt":"2019-11-12T14:10:57","guid":{"rendered":"https:\/\/vetomshop.hu\/?post_type=product&#038;p=447"},"modified":"2026-04-12T08:29:15","modified_gmt":"2026-04-12T06:29:15","slug":"vetom-4-etrend-kiegeszito","status":"publish","type":"product","link":"https:\/\/vetomshop.hu\/sl\/izdelek\/vetom-4-etrend-kiegeszito\/","title":{"rendered":"Probiotik Vetom <span style=\"color:red\">4<\/span><br> kapsula <span style=\"color:red\">50 zrnc<\/span> (prehransko dopolnilo)"},"content":{"rendered":"<p>Vetom 4 probioti\u010dne kapsule 50 zrn (prehransko dopolnilo z Bacillus amyloliquefaciens)<\/p>\n<p>Njegovi koristni u\u010dinki so posledica delovanja bakterije Bacillus amyloliquefaciens, ki z razmno\u017eevanjem v tankem \u010drevesju proizvaja predvsem proteoliti\u010dne, amiloliti\u010dne in celuloliti\u010dne encime ter biolo\u0161ko aktivne snovi, ki zavirajo rast in razvoj patogene in potencialno patogene mikroflore. Posledi\u010dno se bakterijska sestava \u010drevesne vsebine spremeni v ustrezno razvojno normo, \u010drevesne stene se o\u010distijo neprebavljenih ostankov, kar prispeva k aktivnemu odstranjevanju toksinov iz telesa, nemotenemu prenosu biolo\u0161ko aktivnih hranil.<br \/>\nPod vplivom zdravila Vetom 4 se normalizirajo presnova, prebava in absorpcija biolo\u0161ko aktivnih sestavin hrane v prebavilih.<br \/>\nVetom 1.1 pove\u010duje u\u010dinkovitost zdravil in zmanj\u0161uje njihove negativne stranske u\u010dinke na \u010dlove\u0161ko telo.<br \/>\nPriporo\u010deni odmerek: 1 kapsula (2*3) na dan 10 dni, zau\u017eijte med jedjo ali po njej, z majhno koli\u010dino vode, soka ali \u010daja.<br \/>\nVetom 4 ne povzro\u010da zasvojenosti.<br \/>\nPriporo\u010da se ponovitev zdravljenja po 1-2 tednih premora, pri \u010demer je priporo\u010dljivo, da v dolo\u010denih \u010dasovnih presledkih preidete na izdelek Vetom z drugo \u0161tevilko. .<br \/>\nNa ta na\u010din lahko podpremo celotno telo in tudi \u010drevesni trakt. .<br \/>\nLastnosti:<br \/>\n- Ima visoko antagonisti\u010dno aktivnost proti patogenim in pogojno patogenim glivam in bakterijam, protivirusne, proteoliti\u010dne, amiliti\u010dne in celuloliti\u010dne lastnosti.<br \/>\n- spodbuja celi\u010dne in humoralne dejavnike imunosti.<br \/>\n- pove\u010da nespecifi\u010dno odpornost telesa<br \/>\n- stabilizira odpornost proti alergijam.<br \/>\n- normalizira presnovo<br \/>\n- spodbuja procese regeneracije, napada in uni\u010duje rakave in obolele celice.<br \/>\nSpremeni membrano in presnovo celi\u010dnega skeleta ter tako prepre\u010di razvoj rakavih celic.<\/p>\n<p>- BREZ STRANSKIH U\u010cINKOV<br \/>\n- BREZ STAROSTNE OMEJITVE<br \/>\n- NE PREVZETI DOSE\u017dKA<br \/>\n- NE POVZRO\u010cA ZASVOJENOSTI<\/p>\n<p>Obmo\u010dje uporabe<br \/>\nUporaba probioti\u010dnih mikroorganizmov kot biolo\u0161ko aktivnega aditiva za \u017eivila je priporo\u010dljiva za obnovo prebavil in \u010drevesne mikroflore.<\/p>\n<p>Kontraindikacije<br \/>\nPreob\u010dutljivost na nekatere sestavine izdelka.<\/p>\n<p>Posebna navodila<br \/>\nMed nose\u010dnostjo in dojenjem uporabljajte le po nasvetu zdravnika. Pripravek ne vpliva na sposobnost vo\u017enje ali upravljanja potencialno nevarnih mehanizmov.<br \/>\nDoziranje<br \/>\n10 kapsul po 0,33 g v posameznih pakiranjih v listi\u010dih, 5 listi\u010dev v \u0161katli. Plasti\u010dna \u0161katla, neto te\u017ea: 500 g. Zavito v valovit karton, neto te\u017ea: 5 gr, 50 kapsul v kartonski \u0161katli.<br \/>\nPogoji shranjevanja<br \/>\nLahko se hrani pri 75 % relativni vla\u017enosti pod 30 \u00b0C. Hraniti zunaj dosega otrok.<br \/>\nRok trajanja<br \/>\n2 leti od datuma izdelave. Po izteku roka uporabnosti ne u\u017eivajte.<br \/>\nSestava<br \/>\n1 kapsula vsebuje: izvle\u010dek koruze - 133 mg; krompirjev \u0161krob - 100 mg; saharozo (sladkor v prahu) - 67 mg: probioti\u010dno posu\u0161eno kulturo bakterijskega seva Bacillus amyloliquefaciens VKPM B - 10643 (DSM 24615), 1\u00d7109 KTJ\/g - 30 mg enote, ki tvori kolonije.<br \/>\nKupim probiotike naravnost iz tovarne po najbolj\u0161i ceni , - premium kakovost.<br \/>\n\u201eCemmedic Europe Kft\u201d je uradni distributer probiotikov Vetom na Mad\u017earskem!<\/p>","protected":false},"excerpt":{"rendered":"<h5><strong>Vetom <span style=\"color:red\">4<\/span><\/strong> probioti\u010dne kapsule 50 zrn (prehransko dopolnilo <strong>Bacillus amyloliquefaciens<\/strong> bakterije)<\/h5>\n<div class=\"plashka\">\n<p>A <strong>Vetom <span style=\"color:red\">4<\/span><\/strong> normalizira presnovo, prebavo in absorpcijo biolo\u0161ko aktivnih sestavin hrane v prebavilih.<\/p>\n<p>A <strong>Vetom <span style=\"color:red\">4<\/span><\/strong> pove\u010duje u\u010dinkovitost zdravil in zmanj\u0161uje njihove negativne stranske u\u010dinke na \u010dlove\u0161ko telo.<\/p>\n<\/div>\n<p>Koristni u\u010dinki <strong>Bacillus amyloliquefaciens<\/strong> ki nastajajo predvsem z razmno\u017eevanjem v tankem \u010drevesu:<\/p>\n<ul class=\"vetom-list\">\n<li>proteoliti\u010dni, amiloliti\u010dni in celulozoliti\u010dni encimi,<\/li>\n<li>biolo\u0161ko aktivne snovi, ki zavirajo rast in razvoj patogene in potencialno patogene mikroflore.<\/li>\n<\/ul>\n<p>Posledi\u010dno se bakterijska sestava \u010drevesne vsebine spremeni v ustrezno razvojno normo, \u010drevesne stene se o\u010distijo neprebavljenih ostankov, kar prispeva k aktivnemu odstranjevanju toksinov iz telesa in neoviranemu prenosu biolo\u0161ko aktivnih hranil.<\/p>\n<p><strong>Odmerjanje:<\/strong> priporo\u010dljivo je jemati 1 kapsulo (2*3) dnevno 10 dni z obrokom ali po njem, z majhno koli\u010dino vode, soka ali \u010daja.<\/p>\n<div class=\"plashka\">Zdravljenje je priporo\u010dljivo ponoviti po 1-2 tednih premora in v dolo\u010denih \u010dasovnih presledkih zamenjati izdelek Vetom z drugo \u0161tevilko. Na ta na\u010din lahko enakovredno podpremo celotno telo in \u010drevesni sistem.<\/div>\n<p>A <strong>Vetom <span style=\"color:red\">4<\/span><\/strong> ne povzro\u010da zasvojenosti.<\/p>","protected":false},"featured_media":6596,"comment_status":"open","ping_status":"closed","template":"","meta":[],"product_brand":[],"product_cat":[22],"product_tag":[],"class_list":{"0":"post-447","1":"product","2":"type-product","3":"status-publish","4":"has-post-thumbnail","6":"product_cat-vetom-probiotikumok","8":"first","9":"instock","10":"featured","11":"taxable","12":"shipping-taxable","13":"purchasable","14":"product-type-simple"},"_links":{"self":[{"href":"https:\/\/vetomshop.hu\/sl\/wp-json\/wp\/v2\/product\/447","targetHints":{"allow":["GET"]}}],"collection":[{"href":"https:\/\/vetomshop.hu\/sl\/wp-json\/wp\/v2\/product"}],"about":[{"href":"https:\/\/vetomshop.hu\/sl\/wp-json\/wp\/v2\/types\/product"}],"replies":[{"embeddable":true,"href":"https:\/\/vetomshop.hu\/sl\/wp-json\/wp\/v2\/comments?post=447"}],"wp:featuredmedia":[{"embeddable":true,"href":"https:\/\/vetomshop.hu\/sl\/wp-json\/wp\/v2\/media\/6596"}],"wp:attachment":[{"href":"https:\/\/vetomshop.hu\/sl\/wp-json\/wp\/v2\/media?parent=447"}],"wp:term":[{"taxonomy":"product_brand","embeddable":true,"href":"https:\/\/vetomshop.hu\/sl\/wp-json\/wp\/v2\/product_brand?post=447"},{"taxonomy":"product_cat","embeddable":true,"href":"https:\/\/vetomshop.hu\/sl\/wp-json\/wp\/v2\/product_cat?post=447"},{"taxonomy":"product_tag","embeddable":true,"href":"https:\/\/vetomshop.hu\/sl\/wp-json\/wp\/v2\/product_tag?post=447"}],"curies":[{"name":"wp","href":"https:\/\/api.w.org\/{rel}","templated":true}]}}