{"id":449,"date":"2019-11-12T15:17:02","date_gmt":"2019-11-12T14:17:02","guid":{"rendered":"https:\/\/vetomshop.hu\/?post_type=product&#038;p=449"},"modified":"2026-04-12T08:29:02","modified_gmt":"2026-04-12T06:29:02","slug":"vetom-1-23-probiotikum-csepp","status":"publish","type":"product","link":"https:\/\/vetomshop.hu\/sl\/izdelek\/vetom-1-23-probiotikum-csepp\/","title":{"rendered":"Probiotik Vetom <span style=\"color: red\">1.23<\/span><br>drop <span style=\"color: red\">10 ml<\/span> (prehransko dopolnilo)"},"content":{"rendered":"<h3>Vetom Probiotik 1,23 kapljic 10 ml (prehransko dopolnilo)<\/h3>\n<p><strong>Bacillus subtilis s koristnimi bakterijskimi sevi<\/strong><\/p>\n<p>Vetom 1.23 je teko\u010di probiotik, ki temelji na koristnih u\u010dinkih Bacillus subtilis VKPM V 10641, seva bakterij, ki deluje predvsem v debelem \u010drevesju, kjer se aktivno razmno\u017euje in proizvaja \u0161tevilne prebavne encime in biolo\u0161ko aktivne snovi.<\/p>\n<p>&nbsp;<\/p>\n<h2><strong>To so materiali:<\/strong><\/h2>\n<p>* zavirajo rast \u0161kodljivih bakterij in glivic,<\/p>\n<p>* pomagajo o\u010distiti \u010drevesne stene neprebavljenih ostankov,<\/p>\n<p>* podpira odstranjevanje toksinov,<\/p>\n<p>* spodbujajo u\u010dinkovito absorpcijo hranilnih snovi, vitaminov in mineralov.<\/p>\n<p>&nbsp;<\/p>\n<p>Vetom 1.23 izbolj\u0161uje kislinsko-bazi\u010dno ravnovesje prebavnega sistema in optimizira presnovo \u017eeleza, kalcija, beljakovin, ma\u0161\u010dob, ogljikovih hidratov in drugih hranil. Tako se telo naravno krepi in obnavlja.<\/p>\n<p>&nbsp;<\/p>\n<h2><strong>Glavne prednosti:<\/strong><\/h2>\n<p>* Protibakterijsko in protiglivi\u010dno delovanje<\/p>\n<p>* Protivirusna lastnost<\/p>\n<p>* Krepitev imunskega sistema, celi\u010dna za\u0161\u010dita<\/p>\n<p>* Spodbuja regeneracijo celic<\/p>\n<p>* zavira nastanek nenormalnih celic, vklju\u010dno s tumorskimi celicami<\/p>\n<p>* Ne povzro\u010da ne\u017eelenih u\u010dinkov, zasvojenosti ali prevelikega odmerka<\/p>\n<p>* Varno za uporabo v vseh starostnih obdobjih<\/p>\n<p>&nbsp;<\/p>\n<p>&nbsp;<\/p>\n<h2><strong>Odmerjanje in na\u010din uporabe:<\/strong><\/h2>\n<p>*za peroralno uporabo<\/p>\n<p>* Dopolnilni odmerek za odrasle in otroke: prvih nekaj dni je priporo\u010dljivo jemati 2 kapljici, nato pa odmerek postopoma pove\u010dati na 4-6 kapljic. Med jemanjem opazujte odzive telesa.<\/p>\n<p>*za pogoste bolezni: 10 kapljic na dan 10 dni<\/p>\n<p>*Ponovno zdravljenje: priporo\u010dljivo po 1-2 tednih premora<\/p>\n<p>*Predlagamo, da se ob\u010dasno izmenjujejo z drugimi izdelki Vetom, da se pridobi \u0161ir\u0161a podpora za organizacijo<\/p>\n<p>&nbsp;<\/p>\n<h2><strong>Kdaj se priporo\u010da njegova uporaba?<\/strong><\/h2>\n<p>* po zdravljenju z antibiotiki za obnovo \u010drevesne flore<\/p>\n<p>* Za dopolnitev zdravljenja v primeru raka<\/p>\n<p>*Digestivne motnje, driska, zaprtje, \u017eelod\u010dne te\u017eave<\/p>\n<p>*V stanju imunske pomanjkljivosti<\/p>\n<p>*V primeru neprijetnega telesnega vonja ali zadaha<\/p>\n<p>*Dodatno zdravljenje ledvi\u010dnih kamnov, bolezni jeter, te\u017eav s prebavili<\/p>\n<p>Pozornost:<\/p>\n<p>Ne uporabljajte skupaj s peroralnimi antibiotiki ali drugimi probiotiki. Lahko se kombinira z lokalnimi antibiotiki.<\/p>\n<p>&nbsp;<\/p>\n<h2><strong>Pomembno:<\/strong><\/h2>\n<p>Ne smemo ga jemati z drugimi peroralnimi probiotiki ali antibiotiki, zlasti s sulfanilamidom, protirakavimi zdravili.<\/p>\n<p>&nbsp;<\/p>\n<h2><strong>Sestavine:<\/strong><\/h2>\n<p>* Koruzni ekstrakt, fermentiran s sevom *Bacillus subtilis* (VKPM V 10641 \/ DSM 24613)<\/p>\n<p>* Natrijev klorid<\/p>\n<p>* Viveware<\/p>\n<p><strong>\u00a0<\/strong><\/p>\n<h2><strong>Izdaja:<\/strong><\/h2>\n<p>* 10 ml steklena ali plasti\u010dna stekleni\u010dka s kapalko<\/p>\n<p>* Lahko vsebuje naravne usedline, kar ni napaka v kakovosti<\/p>\n<p>&nbsp;<\/p>\n<h2><strong>K\u00fcllem:<\/strong><\/h2>\n<p>Svetlo rumenkasto rjava teko\u010dina z zna\u010dilnim vonjem<\/p>\n<p>* Te\u017ea: 0,02 kg<\/p>\n<p>*Mere: 3 \u00d7 3 \u00d7 7 cm<\/p>\n<p>*Dostava: Rusija<\/p>\n<p>&nbsp;<\/p>\n<h2>Podatki o shranjevanju:<\/h2>\n<p>*Skladi\u0161\u010denje: 0-10 \u00b0C pri relativni vla\u017enosti do 75%<\/p>\n<p>*Transport in za\u010dasno skladi\u0161\u010denje: 10-30 \u00b0C za najve\u010d 18 dni<\/p>\n<p>*Po razstavljanju: shranite v hladilniku (0-10 \u00b0C)<\/p>","protected":false},"excerpt":{"rendered":"<h5>Prijavite se na<\/h5>\n<p>A <strong>Vetom 1.23<\/strong> se uporablja kot dodatni vir probioti\u010dnih mikroorganizmov za izbolj\u0161anje zdravja \u010dlove\u0161kega telesa. Mo\u010dan u\u010dinek <strong>Bacillus subtilis<\/strong> ki ga ve\u010dinoma proizvaja debelo \u010drevo:<\/p>\n<ul class=\"vetom-list\">\n<li>proteoliti\u010dni, amiloliti\u010dni in celuloliti\u010dni encimi;<\/li>\n<li>a-2 interferon \u010dlove\u0161kih belih krvnih celic;<\/li>\n<li>bacitracin in druge biolo\u0161ko aktivne snovi, ki prepre\u010dujejo znatno rast patogene ali relativno patogene mikroflore.<\/li>\n<\/ul>\n<p>Posledica tega procesa je, da se bakterijska populacija \u010drevesnega trakta spremeni, dokler ni enaka evolucijski normi, da se \u010drevesne stene o\u010distijo neprebavljivih ostankov hrane, kar olaj\u0161a aktivno izlo\u010danje strupenih snovi iz telesa in neoviran prenos biolo\u0161ko aktivnih snovi in hranil.<\/p>\n<div class=\"plashka\">A <strong>Vetom 1.23<\/strong> normalizira prebavo, absorpcijo in presnovo \u017eeleza, kalcija, ma\u0161\u010dob, beljakovin, ogljikovih hidratov, trigliceridov, aminokislin, dipeptidov, \u017eol\u010dnih soli, normalizira kislo okolje prebavnega trakta. Uporaba zdravila Vetom 1.23 pomaga telesu ohranjati zdravje.<\/div>\n<p>A <strong>Vetom 1.23<\/strong> pove\u010duje u\u010dinkovitost zdravil in zmanj\u0161uje njihove negativne stranske u\u010dinke na \u010dlove\u0161ko telo.<\/p>\n<h6>Lastnosti:<\/h6>\n<ul class=\"vetom-list\">\n<li>Ima visoko antagonisti\u010dno aktivnost proti patogenim in pogojno patogenim glivam in bakterijam, protivirusne, proteoliti\u010dne, amiliti\u010dne in celuloliti\u010dne lastnosti.<\/li>\n<li>spodbuja celi\u010dne in humoralne dejavnike imunosti.<\/li>\n<li>pove\u010da nespecifi\u010dno odpornost telesa<\/li>\n<li>stabilizira odpornost proti alergijam.<\/li>\n<li>normalizira presnovo<\/li>\n<li>spodbuja procese regeneracije, napada in uni\u010duje rakave in obolele celice.<\/li>\n<\/ul>\n<div class=\"plashka\">Spremeni membrano in presnovo celi\u010dnega skeleta ter tako prepre\u010di razvoj rakavih celic.<\/div>","protected":false},"featured_media":6615,"comment_status":"open","ping_status":"closed","template":"","meta":[],"product_brand":[],"product_cat":[22],"product_tag":[],"class_list":{"0":"post-449","1":"product","2":"type-product","3":"status-publish","4":"has-post-thumbnail","6":"product_cat-vetom-probiotikumok","8":"first","9":"instock","10":"featured","11":"taxable","12":"shipping-taxable","13":"purchasable","14":"product-type-simple"},"_links":{"self":[{"href":"https:\/\/vetomshop.hu\/sl\/wp-json\/wp\/v2\/product\/449","targetHints":{"allow":["GET"]}}],"collection":[{"href":"https:\/\/vetomshop.hu\/sl\/wp-json\/wp\/v2\/product"}],"about":[{"href":"https:\/\/vetomshop.hu\/sl\/wp-json\/wp\/v2\/types\/product"}],"replies":[{"embeddable":true,"href":"https:\/\/vetomshop.hu\/sl\/wp-json\/wp\/v2\/comments?post=449"}],"wp:featuredmedia":[{"embeddable":true,"href":"https:\/\/vetomshop.hu\/sl\/wp-json\/wp\/v2\/media\/6615"}],"wp:attachment":[{"href":"https:\/\/vetomshop.hu\/sl\/wp-json\/wp\/v2\/media?parent=449"}],"wp:term":[{"taxonomy":"product_brand","embeddable":true,"href":"https:\/\/vetomshop.hu\/sl\/wp-json\/wp\/v2\/product_brand?post=449"},{"taxonomy":"product_cat","embeddable":true,"href":"https:\/\/vetomshop.hu\/sl\/wp-json\/wp\/v2\/product_cat?post=449"},{"taxonomy":"product_tag","embeddable":true,"href":"https:\/\/vetomshop.hu\/sl\/wp-json\/wp\/v2\/product_tag?post=449"}],"curies":[{"name":"wp","href":"https:\/\/api.w.org\/{rel}","templated":true}]}}