{"id":453,"date":"2019-11-12T15:33:21","date_gmt":"2019-11-12T14:33:21","guid":{"rendered":"https:\/\/vetomshop.hu\/?post_type=product&#038;p=453"},"modified":"2026-04-12T08:28:47","modified_gmt":"2026-04-12T06:28:47","slug":"vetom-3-22-probiotikum-csepp","status":"publish","type":"product","link":"https:\/\/vetomshop.hu\/sl\/izdelek\/vetom-3-22-probiotikum-csepp\/","title":{"rendered":"Probiotik Vetom <span style=\"color: red\">3.22<\/span><br>drop <span style=\"color: red\">10 ml<\/span> (prehransko dopolnilo)"},"content":{"rendered":"<h3>Vetom 3.22 probioti\u010dne kapljice (prehransko dopolnilo)<\/h3>\n<p>Vetom 4 je naravni probiotik, ki temelji na koristnih u\u010dinkih bakterije *Bacillus amyloliquefaciens*, ki se razmno\u017euje predvsem v debelem in tankem \u010drevesju, kjer proizvaja razli\u010dne encime (beljakovine, \u0161krob in vlaknine) in biolo\u0161ko aktivne snovi.<\/p>\n<h2>To so:<\/h2>\n<p>* zavirajo rast \u0161kodljivih bakterij in glivic,<br \/>\n* pomagajo o\u010distiti \u010drevesno steno neprebavljenih snovi,<br \/>\n* podpira absorpcijo hranilnih snovi,<br \/>\n* pomagajo pri razstrupljanju telesa.<\/p>\n<p>Redna uporaba zdravila Vetom 4 prispeva k zdravi \u010drevesni flori, izbolj\u0161a prebavo ter pomaga telesu pri uporabi hranil in energije.<\/p>\n<h2>Vetom 4<\/h2>\n<p>* Podpira naravno ravnovesje \u010drevesnega trakta<br \/>\n* normalizira prebavo in presnovo<br \/>\n* Izbolj\u0161a delovanje imunskega sistema<br \/>\n* Zmanj\u0161uje ne\u017eelene u\u010dinke zdravil<br \/>\n* \u0161\u010diti telo na celi\u010dni ravni, pomaga prepre\u010devati razvoj tumorjev<\/p>\n<h2>Prednosti:<\/h2>\n<p>* Protibakterijsko in protiglivi\u010dno delovanje<br \/>\n* protivirusno in imunsko krepi<br \/>\n* Podpira prebavo s svojimi lastnostmi, ki proizvajajo encime<br \/>\n* Pomaga pri regeneraciji celic<br \/>\n* zavira nastajanje in razmno\u017eevanje bolnih in rakavih celic<br \/>\n* Ni zasvojenosti, prevelikega odmerjanja ali stranskih u\u010dinkov<br \/>\n* velja za vse odrasle osebe (starej\u0161e od 14 let)<\/p>\n<h2>Podro\u010dje uporabe:<\/h2>\n<p>Priporo\u010da se kot biolo\u0161ko aktivno prehransko dopolnilo za podporo delovanja prebavil in obnovo \u010drevesne flore.<\/p>\n<h2>Odmerjanje:<\/h2>\n<p>* 10 dni je priporo\u010dljivo jemati po 1 kapsulo 2-3-krat na dan, pred, med ali po jedi, z majhno koli\u010dino teko\u010dine (voda, \u010daj ali sok). Med zdravljenjem spremljajte odziv telesa in po potrebi postopoma pove\u010dujte odmerek do 5-10 kapsul na dan.<\/p>\n<p>* Zdravljenje lahko ponovite kadar koli po 1-2 tednih premora. Ob\u010dasno se priporo\u010da izmeni\u010dna uporaba z drugimi vrstami izdelkov Vetom za podporo celotnega telesa.<\/p>\n<h2>Predlog:<\/h2>\n<p>Zdravljenje je treba ponoviti po 1-2 tednih premora. Ob\u010dasno je priporo\u010dljivo preiti na drugo vrsto izdelka Vetom, da se zagotovi \u0161ir\u0161a podpora telesu.<\/p>\n<h2>Pomembne informacije:<\/h2>\n<p>* Kontraindikacije: preob\u010dutljivost na nekatere sestavine<br \/>\n*Nose\u010dnost\/dojenje: samo po posvetu z zdravnikom<br \/>\n*Ne vpliva na vo\u017enjo ali uporabo nevarnih strojev<\/p>\n<h2>Druge informacije:<\/h2>\n<p>* Ne vpliva na vo\u017enjo ali upravljanje nevarnih strojev<br \/>\n* Shranjevanje: v suhem in hladnem prostoru (najve\u010d 30 \u00b0C), izven dosega otrok<br \/>\n* Garancija: 2 leti od datuma izdelave<br \/>\n* Embala\u017ea: 10 kapsul v blistru, 5 pakiranj v \u0161katli (skupaj 50 kapsul)<\/p>\n<h2>Pogoji shranjevanja:<\/h2>\n<p>* Hladen, suh prostor (najve\u010d 30 \u00b0C, najve\u010d 75% vla\u017enost)<br \/>\n* Hranite zunaj dosega otrok<br \/>\n*Garancijski rok:** 2 leti od datuma izdelave<br \/>\nDr\u017eava porekla: Rusija<\/p>\n<h2>Vsebina ene kapsule:<\/h2>\n<p>* izvle\u010dek koruze - 133 mg<br \/>\n* Krompirjev \u0161krob - 100 mg<br \/>\n* saharoza (sladkor v prahu) - 67 mg<br \/>\n* **Bacillus amyloliquefaciens VKPM B-10643** probioti\u010dni bakterijski sev (DSM 24615) - 30 mg (1\u00d710\u2079 CFU\/g)<\/p>\n<p>Alternativni ekvivalent v obliki kapljic: Vetom 4,24 (10 ml)<\/p>\n<p>Kraj izvora : <strong>Rusija<\/strong><\/p>","protected":false},"excerpt":{"rendered":"<h5>Prijavite se na<\/h5>\n<p>S spletne strani <strong>Vetom<\/strong> <span style=\"color: red; font-weight: 800;\">3.22<\/span> se uporablja kot dodatni vir probioti\u010dnih mikroorganizmov za izbolj\u0161anje zdravja \u010dlove\u0161kega telesa. Mo\u010dan u\u010dinek <strong>Bacillus myloliquefaciens<\/strong>, ki se razmno\u017euje predvsem v debelem \u010drevesu in proizvaja proteoliti\u010dne, amiloliti\u010dne in celuloliti\u010dne encime ter druge biolo\u0161ko aktivne snovi.<\/p>\n<div class=\"plashka\">Posledica tega procesa je, da se bakterijska populacija \u010drevesnega trakta spremeni, dokler ni enaka evolucijski normi, da se \u010drevesne stene o\u010distijo neprebavljivih ostankov hrane, kar olaj\u0161a aktivno izlo\u010danje strupenih snovi iz telesa in neoviran prenos biolo\u0161ko aktivnih snovi in hranil.<\/div>\n<p>A <strong>Vetom<\/strong> <span style=\"color: red; font-weight: 800;\">3.22<\/span> pove\u010duje u\u010dinkovitost zdravil in zmanj\u0161uje njihove negativne stranske u\u010dinke na \u010dlove\u0161ko telo.<\/p>\n<h6>Lastnosti:<\/h6>\n<ul class=\"vetom-list\">\n<li>Ima visoko antagonisti\u010dno aktivnost proti patogenim in pogojno patogenim glivam in bakterijam, protivirusne, proteoliti\u010dne, amiliti\u010dne in celuloliti\u010dne lastnosti.<\/li>\n<li>spodbuja celi\u010dne in humoralne dejavnike imunosti.<\/li>\n<li>pove\u010da nespecifi\u010dno odpornost telesa<\/li>\n<li>stabilizira odpornost proti alergijam.<\/li>\n<li>normalizira presnovo<\/li>\n<li>spodbuja procese regeneracije, napada in uni\u010duje rakave in obolele celice.<\/li>\n<\/ul>\n<div class=\"plashka\">A <strong>Vetom<\/strong> <span style=\"color: red; font-weight: 800;\">3.22<\/span> normalizira prebavo, absorpcijo in presnovo \u017eeleza, kalcija, ma\u0161\u010dob, beljakovin, ogljikovih hidratov, trigliceridov, aminokislin, dipeptidov, \u017eol\u010dnih soli ter normalizira kislo okolje prebavnega trakta.<\/div>","protected":false},"featured_media":6613,"comment_status":"open","ping_status":"closed","template":"","meta":[],"product_brand":[],"product_cat":[22],"product_tag":[],"class_list":{"0":"post-453","1":"product","2":"type-product","3":"status-publish","4":"has-post-thumbnail","6":"product_cat-vetom-probiotikumok","8":"first","9":"instock","10":"featured","11":"taxable","12":"shipping-taxable","13":"purchasable","14":"product-type-simple"},"_links":{"self":[{"href":"https:\/\/vetomshop.hu\/sl\/wp-json\/wp\/v2\/product\/453","targetHints":{"allow":["GET"]}}],"collection":[{"href":"https:\/\/vetomshop.hu\/sl\/wp-json\/wp\/v2\/product"}],"about":[{"href":"https:\/\/vetomshop.hu\/sl\/wp-json\/wp\/v2\/types\/product"}],"replies":[{"embeddable":true,"href":"https:\/\/vetomshop.hu\/sl\/wp-json\/wp\/v2\/comments?post=453"}],"wp:featuredmedia":[{"embeddable":true,"href":"https:\/\/vetomshop.hu\/sl\/wp-json\/wp\/v2\/media\/6613"}],"wp:attachment":[{"href":"https:\/\/vetomshop.hu\/sl\/wp-json\/wp\/v2\/media?parent=453"}],"wp:term":[{"taxonomy":"product_brand","embeddable":true,"href":"https:\/\/vetomshop.hu\/sl\/wp-json\/wp\/v2\/product_brand?post=453"},{"taxonomy":"product_cat","embeddable":true,"href":"https:\/\/vetomshop.hu\/sl\/wp-json\/wp\/v2\/product_cat?post=453"},{"taxonomy":"product_tag","embeddable":true,"href":"https:\/\/vetomshop.hu\/sl\/wp-json\/wp\/v2\/product_tag?post=453"}],"curies":[{"name":"wp","href":"https:\/\/api.w.org\/{rel}","templated":true}]}}