{"id":455,"date":"2019-11-12T15:37:52","date_gmt":"2019-11-12T14:37:52","guid":{"rendered":"https:\/\/vetomshop.hu\/?post_type=product&#038;p=455"},"modified":"2026-04-12T08:28:38","modified_gmt":"2026-04-12T06:28:38","slug":"vetom-4-24-probiotikum-csepp","status":"publish","type":"product","link":"https:\/\/vetomshop.hu\/sl\/izdelek\/vetom-4-24-probiotikum-csepp\/","title":{"rendered":"Probiotik Vetom <span style=\"color: red\">4.24<\/span><br>drop <span style=\"color: red\">10 ml<\/span> (prehransko dopolnilo)"},"content":{"rendered":"<h3>Vetom 4.24 probioti\u010dne kapljice 10 ml (prehransko dopolnilo)<\/h3>\n<p>S sevom Bacillus amyloliquefaciens VKPM B-10643 (DSM 24615)<\/p>\n<p>Vetom 4.24 je napreden naravni probiotik, ki podpira ravnovesje \u010drevesne flore, izbolj\u0161uje prebavo in krepi imunski sistem. Glavna u\u010dinkovina je bakterija *Bacillus amyloliquefaciens*, ki je koristna predvsem v tankem \u010drevesju.<\/p>\n<h2>Kako pomaga?<\/h2>\n<p>* Podpira razvoj zdrave \u010drevesne flore<br \/>\n* Spodbuja absorpcijo hranilnih snovi (npr. \u017eeleza, kalcija, beljakovin, ma\u0161\u010dob, ogljikovih hidratov)<br \/>\n* Pomaga **izlo\u010diti toksine iz telesa<br \/>\n* Krepi imunski sistem, deluje protivirusno, protibakterijsko in protiglivi\u010dno<br \/>\n* Spodbuja regeneracijo celic, lahko zmanj\u0161a razmno\u017eevanje \u0161kodljivih celic<br \/>\n* Stabilizira presnovo in kislinsko ravnovesje prebavnega sistema<br \/>\n* Izbolj\u0161a u\u010dinek drugih zdravil in zmanj\u0161a njihove ne\u017eelene u\u010dinke<\/p>\n<h2>Prednosti:<\/h2>\n<p>\u2705 Brez stranskih u\u010dinkov<br \/>\n\u2705 Uporablja se lahko v vseh starostnih obdobjih<br \/>\n\u2705 Ne povzro\u010da navajenosti<br \/>\n\u2705 Predoziranje ni mogo\u010de<\/p>\n<h2>Priporo\u010deno odmerjanje:<\/h2>\n<p>* Dopolnilni odmerek za odrasle in otroke: prvih nekaj dni je priporo\u010dljivo jemati 2 kapljici, nato pa odmerek postopoma pove\u010dati na 4-6 kapljic. Med jemanjem opazujte odzive telesa.<br \/>\n*Za obi\u010dajne bolezni: 10 kapljic dnevno 10 dni<br \/>\n* Zdravljenje lahko ponovite po 1-2 tednih<br \/>\n* Za zagotovitev popolne \u010drevesne podpore je priporo\u010dljivo ob\u010dasno zamenjati z drugimi vrstami izdelkov Vetom (npr. Vetom 1.23, 2.25, 3.22).<\/p>\n<h2>\nPomembno:<\/h2>\n<p>Ne smemo ga jemati z drugimi peroralnimi probiotiki ali antibiotiki, zlasti s sulfanilamidom, protirakavimi zdravili.<\/p>\n<h2>Sestavine:<\/h2>\n<p>* Fermentiran koruzni ekstrakt Bacillus amyloliquefaciens (VKPM B-10643 \/ DSM 24615)<br \/>\n* Natrijev klorid<br \/>\n* Viveware<\/p>\n<h2>Izdaja:<\/h2>\n<p>* 10 ml steklena ali plasti\u010dna stekleni\u010dka s kapalko<br \/>\n* Lahko vsebuje naravne usedline, kar ni napaka v kakovosti<\/p>\n<h2>K\u00fcllem:<\/h2>\n<p>Svetlo rumenkasto rjava teko\u010dina z zna\u010dilnim vonjem<\/p>\n<p>* Te\u017ea: 0,02 kg<br \/>\n*Mere: 3 \u00d7 3 \u00d7 7 cm<br \/>\n*Dostava: Rusija<\/p>\n<h2>Podatki o shranjevanju:<\/h2>\n<p>*Skladi\u0161\u010denje: 0-10 \u00b0C pri relativni vla\u017enosti do 75%<br \/>\n*Skladi\u0161\u010denje in za\u010dasno shranjevanje: 10-30 \u00b0C<br \/>\n*Po razstavljanju: shranite v hladilniku (0-10 \u00b0C)<\/p>","protected":false},"excerpt":{"rendered":"<h5>Prijavite se na<\/h5>\n<p>A <strong>Vetom<\/strong> <span style=\"color: red; font-weight: 800;\">4.24<\/span> se uporablja kot dodatni vir probioti\u010dnih mikroorganizmov za izbolj\u0161anje zdravja \u010dlove\u0161kega telesa. Mo\u010dan u\u010dinek <strong>Bacillus myloliquefaciens<\/strong>, ki proizvaja proteoliti\u010dne, amiloliti\u010dne in celuloliti\u010dne encime ter druge biolo\u0161ko aktivne snovi, predvsem z razmno\u017eevanjem v tankem \u010drevesu.<\/p>\n<div class=\"plashka\">Posledica tega procesa je, da se bakterijska populacija \u010drevesnega trakta spremeni, dokler ni enaka evolucijski normi, da se \u010drevesne stene o\u010distijo neprebavljivih ostankov hrane, kar olaj\u0161a aktivno izlo\u010danje strupenih snovi iz telesa in neoviran prenos biolo\u0161ko aktivnih snovi in hranil.<\/div>\n<p>A <strong>Vetom<\/strong> <span style=\"color: red; font-weight: 800;\">4.24<\/span> normalizira prebavo, absorpcijo in presnovo \u017eeleza, kalcija, ma\u0161\u010dob, beljakovin, ogljikovih hidratov, trigliceridov, aminokislin, dipeptidov, \u017eol\u010dnih soli ter normalizira kislo okolje prebavnega trakta.<\/p>\n<div class=\"plashka\">A <strong>Vetom<\/strong> <span style=\"color: red; font-weight: 800;\">4.24<\/span> uporaba pomaga telesu, da ostane zdravo.<\/div>\n<p>A <strong>Vetom<\/strong> <span style=\"color: red; font-weight: 800;\">4.24<\/span> pove\u010duje u\u010dinkovitost zdravil in zmanj\u0161uje njihove negativne stranske u\u010dinke na \u010dlove\u0161ko telo.<\/p>\n<h6>Lastnosti:<\/h6>\n<ul class=\"vetom-list\">\n<li>Ima visoko antagonisti\u010dno aktivnost proti patogenim in pogojno patogenim glivam in bakterijam, protivirusne, proteoliti\u010dne, amiliti\u010dne in celuloliti\u010dne lastnosti.<\/li>\n<li>spodbuja celi\u010dne in humoralne dejavnike imunosti.<\/li>\n<li>pove\u010da nespecifi\u010dno odpornost telesa<\/li>\n<li>stabilizira odpornost proti alergijam.<\/li>\n<li>normalizira presnovo<\/li>\n<li>spodbuja procese regeneracije, napada in uni\u010duje rakave in obolele celice.<\/li>\n<\/ul>","protected":false},"featured_media":6614,"comment_status":"open","ping_status":"closed","template":"","meta":[],"product_brand":[],"product_cat":[22],"product_tag":[],"class_list":{"0":"post-455","1":"product","2":"type-product","3":"status-publish","4":"has-post-thumbnail","6":"product_cat-vetom-probiotikumok","8":"first","9":"instock","10":"featured","11":"taxable","12":"shipping-taxable","13":"purchasable","14":"product-type-simple"},"_links":{"self":[{"href":"https:\/\/vetomshop.hu\/sl\/wp-json\/wp\/v2\/product\/455","targetHints":{"allow":["GET"]}}],"collection":[{"href":"https:\/\/vetomshop.hu\/sl\/wp-json\/wp\/v2\/product"}],"about":[{"href":"https:\/\/vetomshop.hu\/sl\/wp-json\/wp\/v2\/types\/product"}],"replies":[{"embeddable":true,"href":"https:\/\/vetomshop.hu\/sl\/wp-json\/wp\/v2\/comments?post=455"}],"wp:featuredmedia":[{"embeddable":true,"href":"https:\/\/vetomshop.hu\/sl\/wp-json\/wp\/v2\/media\/6614"}],"wp:attachment":[{"href":"https:\/\/vetomshop.hu\/sl\/wp-json\/wp\/v2\/media?parent=455"}],"wp:term":[{"taxonomy":"product_brand","embeddable":true,"href":"https:\/\/vetomshop.hu\/sl\/wp-json\/wp\/v2\/product_brand?post=455"},{"taxonomy":"product_cat","embeddable":true,"href":"https:\/\/vetomshop.hu\/sl\/wp-json\/wp\/v2\/product_cat?post=455"},{"taxonomy":"product_tag","embeddable":true,"href":"https:\/\/vetomshop.hu\/sl\/wp-json\/wp\/v2\/product_tag?post=455"}],"curies":[{"name":"wp","href":"https:\/\/api.w.org\/{rel}","templated":true}]}}