{"id":4664,"date":"2023-11-11T14:33:45","date_gmt":"2023-11-11T13:33:45","guid":{"rendered":"https:\/\/vetomshop.hu\/termek\/aphrodita-medal\/"},"modified":"2023-11-11T14:33:45","modified_gmt":"2023-11-11T13:33:45","slug":"aphrodita-medal","status":"publish","type":"product","link":"https:\/\/vetomshop.hu\/sl\/izdelek\/aphrodita-medal\/","title":{"rendered":"Afrodita obesek"},"content":{"rendered":"<p><strong>Afrodita obesek<\/strong><\/p>\n<p>Zahvaljujo\u010d tehnologiji BioTrEM je zdaj mogo\u010de na posebnem kristalu ustvariti spektralni vzorec posebne narave. Ko poljubni energijski kvanti - tudi toplota - pridejo v stik s povr\u0161ino kristala, generator odda izjemno \u0161ibke signale spektralnega vzorca, zapisanega na njem.<br \/>\nElektromagnetno sevanje obeska medtem deluje na \u017eivi organizem.<\/p>\n<div class=\"su-spoiler su-spoiler-style-defoult su-spoiler-icon-caret su-spoiler-closed\" data-scroll-offset=\"0\" data-anchor-in-url=\"no\"><div class=\"su-spoiler-title\" tabindex=\"0\" role=\"button\"><span class=\"su-spoiler-icon\"><\/span>Vse<\/div><div class=\"su-spoiler-content su-u-clearfix su-u-trim\">\n<p>Izjemno \u0161ibki znaki obeska APHRODITE spodbujajo sintezo \u017eenskih feromonov, posebne \u017eleze \u017eenskega telesa pa intenzivneje proizvajajo feromone, androstenol in kopulin. Ve\u010d feromonov kot se proizvaja v \u017eenski, bolj je spolno privla\u010dna za mo\u0161ke. Androstenol spodbuja druge h komunikaciji in povzro\u010da, da vas drugi vidijo kot mlaj\u0161ega.<\/p>\n<p>Kopulin je \u017eenski hormon, odgovoren za spolno privla\u010dnost.<\/p>\n<p>Ob uporabi obeska APHRODITE se pove\u010da proizvodnja \u017eenskih feromonov (androstenol in kopulin), kar posledi\u010dno pove\u010da proizvodnjo feromonov:<\/p>\n<ul>\n<li>pritegne pozornost mo\u0161kih,<\/li>\n<li>vzbuditi so\u010dutje,<\/li>\n<li>la\u017eje spoznati,<\/li>\n<li>dosegate ve\u010dje poslovne uspehe, pridobivate ve\u010d samozavesti,<\/li>\n<li>za svojega partnerja ustvarijo \u201eedino in nepremagljivo osebo\u201d.<\/li>\n<\/ul>\n<p>Androstenol pospe\u0161uje razvoj simpatije, v sogovorniku vzbuja ob\u010dutek prijateljstva, ustvarja romanti\u010dne ob\u010dutke, ustvarja avro mladosti in veselja, ne glede na to, koliko ste stari!<\/p>\n<\/div><\/div>","protected":false},"excerpt":{"rendered":"<p>Aphrodita med\u00e1l A BioTrEM-technol\u00f3gi\u00e1nak k\u00f6sz\u00f6nhet\u0151en lehets\u00e9gess\u00e9 v\u00e1lt l\u00e9trehozni a speci\u00e1lis krist\u00e1lyon egy adott term\u00e9szet\u0171 spektr\u00e1lis mint\u00e1t. Amikor tetsz\u0151leges energiakvantumok \u2013 ak\u00e1r h\u0151 &#8211; \u00e9rintkezik a krist\u00e1ly fel\u00fclet\u00e9vel, a gener\u00e1tor a rajta r\u00f6gz\u00edtett spektr\u00e1lis minta extr\u00e9m gyenge jeleit bocs\u00e1jtja ki. Ek\u00f6zben a med\u00e1l elektrom\u00e1gneses sug\u00e1rz\u00e1sa k\u00f6lcs\u00f6nhat\u00e1sba ker\u00fcl az \u00e9l\u0151 szervezettel.<\/p>","protected":false},"featured_media":4663,"comment_status":"open","ping_status":"closed","template":"","meta":[],"product_brand":[],"product_cat":[33,32],"product_tag":[],"class_list":{"0":"post-4664","1":"product","2":"type-product","3":"status-publish","4":"has-post-thumbnail","6":"product_cat-egeszseg-medalok","7":"product_cat-triomed","9":"first","10":"instock","11":"taxable","12":"shipping-taxable","13":"purchasable","14":"product-type-simple"},"_links":{"self":[{"href":"https:\/\/vetomshop.hu\/sl\/wp-json\/wp\/v2\/product\/4664","targetHints":{"allow":["GET"]}}],"collection":[{"href":"https:\/\/vetomshop.hu\/sl\/wp-json\/wp\/v2\/product"}],"about":[{"href":"https:\/\/vetomshop.hu\/sl\/wp-json\/wp\/v2\/types\/product"}],"replies":[{"embeddable":true,"href":"https:\/\/vetomshop.hu\/sl\/wp-json\/wp\/v2\/comments?post=4664"}],"wp:featuredmedia":[{"embeddable":true,"href":"https:\/\/vetomshop.hu\/sl\/wp-json\/wp\/v2\/media\/4663"}],"wp:attachment":[{"href":"https:\/\/vetomshop.hu\/sl\/wp-json\/wp\/v2\/media?parent=4664"}],"wp:term":[{"taxonomy":"product_brand","embeddable":true,"href":"https:\/\/vetomshop.hu\/sl\/wp-json\/wp\/v2\/product_brand?post=4664"},{"taxonomy":"product_cat","embeddable":true,"href":"https:\/\/vetomshop.hu\/sl\/wp-json\/wp\/v2\/product_cat?post=4664"},{"taxonomy":"product_tag","embeddable":true,"href":"https:\/\/vetomshop.hu\/sl\/wp-json\/wp\/v2\/product_tag?post=4664"}],"curies":[{"name":"wp","href":"https:\/\/api.w.org\/{rel}","templated":true}]}}