{"id":4666,"date":"2023-11-11T14:33:45","date_gmt":"2023-11-11T13:33:45","guid":{"rendered":"https:\/\/vetomshop.hu\/termek\/alfa-medal\/"},"modified":"2023-11-11T14:33:45","modified_gmt":"2023-11-11T13:33:45","slug":"alfa-medal","status":"publish","type":"product","link":"https:\/\/vetomshop.hu\/sl\/izdelek\/alfa-medal\/","title":{"rendered":"Alfa medalja"},"content":{"rendered":"<h4>Medalja za zdravje ALFA<\/h4>\n<p><strong>Glavne funkcije:<\/strong><\/p>\n<p>Je dopolnilno orodje za normalizacijo delovanja psihi\u010dne in \u010dustvene sfere, izbolj\u0161uje razpolo\u017eenje, motivacijo in sposobnost delovanja, zmanj\u0161uje \u0161kodljive u\u010dinke psihi\u010dnega in \u010dustvenega stresa.<\/p>\n<p><strong>Kratek opis:<\/strong><\/p>\n<p>Informacijski signal, zapisan na medaljonu zdravja ALFA, ustreza elektromagnetnim vibracijam centra, ki uravnava psihi\u010dno in \u010dustveno sfero.<br \/>\nZnano je, da \u010dlovekovo \u010dustveno stanje, ki je odvisno od ve\u010d zunanjih in notranjih dejavnikov, uravnava osrednji \u017eiv\u010dni sistem.<\/p>\n<div class=\"su-spoiler su-spoiler-style-defoult su-spoiler-icon-caret su-spoiler-closed\" data-scroll-offset=\"0\" data-anchor-in-url=\"no\"><div class=\"su-spoiler-title\" tabindex=\"0\" role=\"button\"><span class=\"su-spoiler-icon\"><\/span>Vse<\/div><div class=\"su-spoiler-content su-u-clearfix su-u-trim\">\nPrvi znaki stresa so \u010dustvena napetost, strahovi, tesnoba, vznemirjenost in pove\u010dana razdra\u017eljivost. To lahko privede do motenj spanja, ki povzro\u010dijo utrujenost, splo\u0161no slabo razpolo\u017eenje in oslabljene kognitivne funkcije (spomin, pozornost, mi\u0161ljenje).<\/p>\n<p>Dolgotrajne psihi\u010dne in \u010dustvene motnje negativno vplivajo na splo\u0161no stanje in odzivnost telesa. Ljudje, ki do\u017eivljajo kroni\u010dni psihi\u010dni in \u010dustveni stres, pogosteje zbolevajo za prehladnimi obolenji, ponovnimi obolenji \u017ee obstoje\u010dih kroni\u010dnih bolezni (ishemi\u010dna bolezen srca, bolezni trebu\u0161ne slinavke, cistitis, pielonefritis, adneksitis, prostatitis itd.).<\/p>\n<p>Stresni dejavniki so vzrok za klasi\u010dne psihosomatske bolezni, kot so hipertenzija, bronhialna astma, razjede na \u017eelodcu in dvanajstniku, alergijske ko\u017ene bolezni (ekcem, nevrodermitis) in druge, vklju\u010dno z okvarami vida in sluha.<\/p>\n<p><strong>Kdaj uporabiti medaljo zdravja ALFA?<\/strong><\/p>\n<p>Naprava pozitivno vpliva na funkcionalno delovanje telesa. Uporablja se lahko kot naprava za optimizacijo in korekcijo v kombinaciji z drugimi metodami za prepre\u010devanje in zdravljenje bolezni:<\/p>\n<ul>\n<li>vznemirjenost, neurastenija, te\u017eave s prilagajanjem, ki jih spremlja neharmoni\u010dno \u010dustveno stanje,<\/li>\n<li>funkcionalna motnja \u017eiv\u010dnega sistema, ki jo spremljajo du\u0161evna utrujenost, razdra\u017eljivost, upo\u010dasnjenost in izguba kakovosti mi\u0161ljenja,<\/li>\n<li>nespe\u010dnost zaradi napadov panike,<\/li>\n<li>v za\u010detni in recidivni fazi psihosomatskih bolezni (bronhialna astma, sindrom ob\u010dutljivega \u010drevesja - IBS, ishemi\u010dna bolezen srca, hipertenzija, ko\u017ene in druge bolezni),<\/li>\n<li>simptomi kroni\u010dnega psiholo\u0161kega in \u010dustvenega stresa.<\/li>\n<\/ul>\n<p>Pozor, pomembno!<\/p>\n<p>Z zdravnikom se posvetujte, \u010de imate izrazito slab\u0161e razpolo\u017eenje, \u010dustveno nestabilnost in razdra\u017eljivost, trdovratno nespe\u010dnost, ki ne izgine. Poleg predpisanega zdravljenja vzporedno uporabljajte tudi zdravilo ALFA Health Medal, da okrepite u\u010dinkovitost zdravljenja in rehabilitacijske sposobnosti telesa.<br \/>\n<\/div><\/div>","protected":false},"excerpt":{"rendered":"<p>ALFA Eg\u00e9szs\u00e9g Med\u00e1l F\u0151 funkci\u00f3i: Kieg\u00e9sz\u00edt\u0151 eszk\u00f6z a pszich\u00e9s \u00e9s \u00e9rzelmi szf\u00e9ra m\u0171k\u00f6d\u00e9s\u00e9nek normaliz\u00e1l\u00e1s\u00e1ra, hangulatjav\u00edt\u00f3, motiv\u00e1ci\u00f3 \u00e9s cselekv\u0151k\u00e9pess\u00e9g n\u00f6vel\u0151, cs\u00f6kkenti a pszich\u00e9s \u00e9s \u00e9rzelmi stressz \u00e1ldatlan hat\u00e1sait. R\u00f6vid ismertet\u0151: Az inform\u00e1ci\u00f3s jel, mely az ALFA Eg\u00e9szs\u00e9g Med\u00e1lra r\u00f6gz\u00edt\u00e9sre ker\u00fclt, megfelel a pszich\u00e9s \u00e9s \u00e9rzelmi szf\u00e9r\u00e1kat szab\u00e1lyoz\u00f3 k\u00f6zpont elektrom\u00e1gneses rezg\u00e9s\u00e9nek. K\u00f6ztudott, hogy az ember \u00e9rzelmi \u00e1llapota, [&hellip;]<\/p>\n","protected":false},"featured_media":4665,"comment_status":"open","ping_status":"closed","template":"","meta":[],"product_brand":[],"product_cat":[33,32],"product_tag":[],"class_list":{"0":"post-4666","1":"product","2":"type-product","3":"status-publish","4":"has-post-thumbnail","6":"product_cat-egeszseg-medalok","7":"product_cat-triomed","9":"first","10":"instock","11":"taxable","12":"shipping-taxable","13":"purchasable","14":"product-type-simple"},"_links":{"self":[{"href":"https:\/\/vetomshop.hu\/sl\/wp-json\/wp\/v2\/product\/4666","targetHints":{"allow":["GET"]}}],"collection":[{"href":"https:\/\/vetomshop.hu\/sl\/wp-json\/wp\/v2\/product"}],"about":[{"href":"https:\/\/vetomshop.hu\/sl\/wp-json\/wp\/v2\/types\/product"}],"replies":[{"embeddable":true,"href":"https:\/\/vetomshop.hu\/sl\/wp-json\/wp\/v2\/comments?post=4666"}],"wp:featuredmedia":[{"embeddable":true,"href":"https:\/\/vetomshop.hu\/sl\/wp-json\/wp\/v2\/media\/4665"}],"wp:attachment":[{"href":"https:\/\/vetomshop.hu\/sl\/wp-json\/wp\/v2\/media?parent=4666"}],"wp:term":[{"taxonomy":"product_brand","embeddable":true,"href":"https:\/\/vetomshop.hu\/sl\/wp-json\/wp\/v2\/product_brand?post=4666"},{"taxonomy":"product_cat","embeddable":true,"href":"https:\/\/vetomshop.hu\/sl\/wp-json\/wp\/v2\/product_cat?post=4666"},{"taxonomy":"product_tag","embeddable":true,"href":"https:\/\/vetomshop.hu\/sl\/wp-json\/wp\/v2\/product_tag?post=4666"}],"curies":[{"name":"wp","href":"https:\/\/api.w.org\/{rel}","templated":true}]}}