{"id":4670,"date":"2023-11-11T14:33:46","date_gmt":"2023-11-11T13:33:46","guid":{"rendered":"https:\/\/vetomshop.hu\/termek\/antivir-medal\/"},"modified":"2023-11-11T14:33:46","modified_gmt":"2023-11-11T13:33:46","slug":"antivir-medal","status":"publish","type":"product","link":"https:\/\/vetomshop.hu\/sl\/izdelek\/antivir-medal\/","title":{"rendered":"Medalja Antivir"},"content":{"rendered":"<h4>Medalja Antivir<\/h4>\n<p>Gripa je bolezen, ki jo povzro\u010da virus gripe, ki ga vedno povzro\u010da vrsta virusa gripe. Virusa gripe A in B sta dve vrsti virusov gripe, zaradi katerih lahko ljudje zbolijo v velikem \u0161tevilu. Viruse A lahko na podlagi beljakovin na njihovi povr\u0161ini (hemaglutinin - H in nevraminidaza - N) razdelimo na podtipe, med katerimi sta od leta 1977 najpogostej\u0161a virusa H1N1 in H3N2. Pri virusih B je manj verjetno, da bodo povzro\u010dili hudo bolezen. Virusi gripe se hitro spreminjajo in mutirajo ter povzro\u010dajo nastanek novih podtipov. Za\u0161\u010dita pred enim podtipom zagotavlja majhno za\u0161\u010dito pred drugim podtipom ali pa je sploh ne zagotavlja, kar pojasnjuje sezonske epidemije, ki se pojavljajo vsako leto, obi\u010dajno pozimi.<\/p>\n<div class=\"su-spoiler su-spoiler-style-defoult su-spoiler-icon-caret su-spoiler-closed\" data-scroll-offset=\"0\" data-anchor-in-url=\"no\"><div class=\"su-spoiler-title\" tabindex=\"0\" role=\"button\"><span class=\"su-spoiler-icon\"><\/span>Vse<\/div><div class=\"su-spoiler-content su-u-clearfix su-u-trim\">\n<p>Simptomi gripe so podobni simptomom prehlada, vendar je bolezen huj\u0161a. Obi\u010dajno je povezana z visoko vro\u010dino, glavobolom, bole\u010dinami v mi\u0161icah, suhim ka\u0161ljem, letargijo in \u0161ibkostjo. Bole\u010dine v grlu so redke in le v 30-50% primerih se pojavijo izcedek iz nosu, zama\u0161en nos. Zapleti so \u0161e posebej nevarni pri majhnih otrocih, starej\u0161ih in ljudeh s kroni\u010dnimi boleznimi.<\/p>\n<p>Zato je pomembno pove\u010dati odpornost telesa.<\/p>\n<p><strong>Za koga se priporo\u010da?<\/strong><\/p>\n<ul>\n<li>Za vse, ki \u017eelijo izbolj\u0161ati svojo odpornost,<\/li>\n<li>ki spadajo v skupino, izpostavljeno tveganju za virus gripe,<\/li>\n<li>ki veliko potujejo po svetu ali uporabljajo javni prevoz,<\/li>\n<li>nenehno so v skupnosti in delajo z ljudmi.<\/li>\n<\/ul>\n<p><strong>Pozor, pomembno!<\/strong><\/p>\n<p>\u010ce ste oku\u017eeni z virusom gripe, imate bolezen, vro\u010dino ali se slabo po\u010dutite, poi\u0161\u010dite zdravni\u0161ko pomo\u010d. Zdravilo Triomed Antiviral Medal uporabljajte skupaj s predpisanim zdravljenjem.<br \/>\nOtroci, mlaj\u0161i od 6 let, lahko uporabljajo le pod nadzorom star\u0161ev!<\/p>\n<\/div><\/div>","protected":false},"excerpt":{"rendered":"<p>Antivir Med\u00e1l Az influenza v\u00edrus okozta betegs\u00e9g, k\u00f3rokoz\u00f3ja mindig az influenza v\u00edrus valamelyik fajt\u00e1ja. Az influenza A \u00e9s B az a k\u00e9t t\u00edpusa az influenza v\u00edrusoknak, amely nagysz\u00e1mbanbeteg\u00edthet meg embereket. Az A v\u00edrusokat a fel\u00fclet\u00fck\u00f6n elhelyezked\u0151 feh\u00e9rj\u00e9k (a haemaglutinin -H \u00e9s a neuraminidase \u2013 N) alapj\u00e1n alt\u00edpusokra lehet bontani, ezek k\u00f6z\u00fcl 1977 \u00f3ta t\u00f6bbnyire a [&hellip;]<\/p>\n","protected":false},"featured_media":4669,"comment_status":"open","ping_status":"closed","template":"","meta":[],"product_brand":[],"product_cat":[33,32],"product_tag":[],"class_list":{"0":"post-4670","1":"product","2":"type-product","3":"status-publish","4":"has-post-thumbnail","6":"product_cat-egeszseg-medalok","7":"product_cat-triomed","9":"first","10":"instock","11":"taxable","12":"shipping-taxable","13":"purchasable","14":"product-type-simple"},"_links":{"self":[{"href":"https:\/\/vetomshop.hu\/sl\/wp-json\/wp\/v2\/product\/4670","targetHints":{"allow":["GET"]}}],"collection":[{"href":"https:\/\/vetomshop.hu\/sl\/wp-json\/wp\/v2\/product"}],"about":[{"href":"https:\/\/vetomshop.hu\/sl\/wp-json\/wp\/v2\/types\/product"}],"replies":[{"embeddable":true,"href":"https:\/\/vetomshop.hu\/sl\/wp-json\/wp\/v2\/comments?post=4670"}],"wp:featuredmedia":[{"embeddable":true,"href":"https:\/\/vetomshop.hu\/sl\/wp-json\/wp\/v2\/media\/4669"}],"wp:attachment":[{"href":"https:\/\/vetomshop.hu\/sl\/wp-json\/wp\/v2\/media?parent=4670"}],"wp:term":[{"taxonomy":"product_brand","embeddable":true,"href":"https:\/\/vetomshop.hu\/sl\/wp-json\/wp\/v2\/product_brand?post=4670"},{"taxonomy":"product_cat","embeddable":true,"href":"https:\/\/vetomshop.hu\/sl\/wp-json\/wp\/v2\/product_cat?post=4670"},{"taxonomy":"product_tag","embeddable":true,"href":"https:\/\/vetomshop.hu\/sl\/wp-json\/wp\/v2\/product_tag?post=4670"}],"curies":[{"name":"wp","href":"https:\/\/api.w.org\/{rel}","templated":true}]}}