{"id":4672,"date":"2023-11-11T14:33:46","date_gmt":"2023-11-11T13:33:46","guid":{"rendered":"https:\/\/vetomshop.hu\/termek\/aqua-medal\/"},"modified":"2023-11-11T14:33:46","modified_gmt":"2023-11-11T13:33:46","slug":"aqua-medal","status":"publish","type":"product","link":"https:\/\/vetomshop.hu\/sl\/izdelek\/aqua-medal\/","title":{"rendered":"Aqua Medal"},"content":{"rendered":"<p><strong>Aqua Medal<\/strong> - voda, ki daje \u017eivljenje, je po\u017eivljajo\u010da, po\u017eivljajo\u010da, ohranja \u017eivljenje in aktivira \u017eivljenje ter obnavlja \u017eivljenjsko energijo.<\/p>\n<p>Prav to je namen samostojnega nosilca informacij AQUA -BioTrEM. Zahvaljujo\u010d ekskluzivni tehnologiji BioTrEM polprevodnik naprave vsebuje zakodirane informacije dinami\u010dne narave, ki omogo\u010dajo doseganje navedenega u\u010dinka. Podobno lastnost imajo viri, ki so na Zemlji \u017eal vse redkej\u0161i in \u010dude\u017eno ohranjajo svojo \u010distost.<\/p>\n<div class=\"su-spoiler su-spoiler-style-defoult su-spoiler-icon-caret su-spoiler-closed\" data-scroll-offset=\"0\" data-anchor-in-url=\"no\"><div class=\"su-spoiler-title\" tabindex=\"0\" role=\"button\"><span class=\"su-spoiler-icon\"><\/span>Vse<\/div><div class=\"su-spoiler-content su-u-clearfix su-u-trim\">\n<p>Razvoj naprave je bil potreben zaradi spreminjajo\u010dih se razmer na\u0161ega \u010dasa. V zadnjih letih je zdravstveni sektor zaskrbljen zaradi pove\u010danja obolevnosti in umrljivosti, ne le med otroki in starej\u0161imi, temve\u010d tudi med delovno aktivnim prebivalstvom. \u017dal smo pri\u010da slabljenju imunskega sistema in izgubi \u017eivljenjske energije, ki je bistvena za boj proti boleznim in za rehabilitacijo. Z drugimi besedami, programi, potrebni za prilagajanje na spremenjeno okolje in za samoobnovo, so bili po\u0161kodovani ali preoblikovani. Vse ve\u010dje kozmofizikalne spremembe zahtevajo hitro regeneracijo in obnovitveno sposobnost po\u0161kodovanih genetskih programov za prilagajanje in samozdravljenje. V nasprotnem primeru je lahko ogro\u017eeno pre\u017eivetje posameznika in celo celotnega \u010dlove\u0161tva.<\/p>\n<p>Voda - zibelka \u017eivljenja, ki \u017ee dolgo ohranja primarno matrico \u017eivljenja in usmeritev njegovih sprememb kot odziv na vplive okolja. Voda se hitreje prilagaja in preoblikuje kot odziv na vplive in zahteve okolja kot biolo\u0161ki organizmi, biolo\u0161ko okolje. Zemljina vodna ovojnica \u017ee od nekdaj ohranja prvotne samoregenerativne programe in njihov potencial za uresni\u010ditev, ki so v interakciji z vodnim okoljem organizmov postali operativni. Hkrati pa so ekologi opazili, da so strukturno-informacijske lastnosti naravnih voda, ki so napajale vodno ovojnico Zemlje, ogro\u017eene. Ta \u0161koda ni bila le posledica kozmofizikalnih sprememb, temve\u010d tudi uni\u010dujo\u010dih dejanj \u010dlove\u0161ke vrste. To je tisto, kar onemogo\u010da izvedbo klju\u010dnih evolucijskih sprememb in nadaljevanje \u017eivljenja na Zemlji.<\/p>\n<p>Kompleksno ve\u010dplastno polje nosilca informacij AQUA je zasnovano kot referenca za prilagajanje novim visokofrekven\u010dnim spremembam v okolju in spro\u017eanje potrebnih programov za prehod skozi vodo. Naprava strukturira vodno polje in voda, ki resonira z vodnim medijem telesa (kri, limfa, limfa, medceli\u010dna teko\u010dina, teko\u010dina v celicah), ga strukturira \u201epo svoji podobi\u201d. Takoj ko se notranja rednost vode dvigne nad 60%, se spro\u017ei samoregeneracijski genetski program telesa.<br \/>\n<\/div><\/div>","protected":false},"excerpt":{"rendered":"<p>Aqua Med\u00e1l \u2013 az \u00e9letalkot\u00f3 v\u00edz \u00e9letet ad, \u00e9l\u00e9nk\u00edt, \u00e9letmeg\u00f3v\u00f3, valamint aktiv\u00e1l\u00f3, \u00e9letenergi\u00e1t vissza\u00e1ll\u00edt\u00f3 hat\u00e1ssal b\u00edr. \u00c9ppen ezt a c\u00e9lt szolg\u00e1lja az AQUA \u2013BioTrEM \u00f6n\u00e1ll\u00f3 inform\u00e1ci\u00f3hordoz\u00f3 alkalmaz\u00e1sa. Az exkluz\u00edv BioTrEM-technol\u00f3gi\u00e1nak k\u00f6sz\u00f6nhet\u0151en a k\u00e9sz\u00fcl\u00e9k f\u00e9lvezet\u0151je olyan k\u00f3dolt inform\u00e1ci\u00f3t tartalmaz, mely dinamikus term\u00e9szettel b\u00edr \u00e9s seg\u00edts\u00e9g\u00e9vel a felsorolt hat\u00e1s el\u00e9rhet\u0151v\u00e9 v\u00e1lik. Hasonl\u00f3 tulajdons\u00e1ggal rendelkeznek a F\u00f6ld\u00f6n sajnos [&hellip;]<\/p>\n","protected":false},"featured_media":4671,"comment_status":"open","ping_status":"closed","template":"","meta":[],"product_brand":[],"product_cat":[33,32],"product_tag":[],"class_list":{"0":"post-4672","1":"product","2":"type-product","3":"status-publish","4":"has-post-thumbnail","6":"product_cat-egeszseg-medalok","7":"product_cat-triomed","9":"first","10":"instock","11":"taxable","12":"shipping-taxable","13":"purchasable","14":"product-type-simple"},"_links":{"self":[{"href":"https:\/\/vetomshop.hu\/sl\/wp-json\/wp\/v2\/product\/4672","targetHints":{"allow":["GET"]}}],"collection":[{"href":"https:\/\/vetomshop.hu\/sl\/wp-json\/wp\/v2\/product"}],"about":[{"href":"https:\/\/vetomshop.hu\/sl\/wp-json\/wp\/v2\/types\/product"}],"replies":[{"embeddable":true,"href":"https:\/\/vetomshop.hu\/sl\/wp-json\/wp\/v2\/comments?post=4672"}],"wp:featuredmedia":[{"embeddable":true,"href":"https:\/\/vetomshop.hu\/sl\/wp-json\/wp\/v2\/media\/4671"}],"wp:attachment":[{"href":"https:\/\/vetomshop.hu\/sl\/wp-json\/wp\/v2\/media?parent=4672"}],"wp:term":[{"taxonomy":"product_brand","embeddable":true,"href":"https:\/\/vetomshop.hu\/sl\/wp-json\/wp\/v2\/product_brand?post=4672"},{"taxonomy":"product_cat","embeddable":true,"href":"https:\/\/vetomshop.hu\/sl\/wp-json\/wp\/v2\/product_cat?post=4672"},{"taxonomy":"product_tag","embeddable":true,"href":"https:\/\/vetomshop.hu\/sl\/wp-json\/wp\/v2\/product_tag?post=4672"}],"curies":[{"name":"wp","href":"https:\/\/api.w.org\/{rel}","templated":true}]}}