{"id":4676,"date":"2023-11-11T14:33:47","date_gmt":"2023-11-11T13:33:47","guid":{"rendered":"https:\/\/vetomshop.hu\/termek\/beauty-medal\/"},"modified":"2023-11-11T14:33:47","modified_gmt":"2023-11-11T13:33:47","slug":"beauty-medal","status":"publish","type":"product","link":"https:\/\/vetomshop.hu\/sl\/izdelek\/beauty-medal\/","title":{"rendered":"Lepotni obesek"},"content":{"rendered":"<h4>Lepotni obesek<\/h4>\n<p>Zahvaljujo\u010d tehnologiji BioTrEM je zdaj mogo\u010de na posebnem kristalu ustvariti spektralni vzorec posebne narave. Ko poljubni energijski kvanti - tudi toplota - pridejo v stik s povr\u0161ino kristala, generator odda izjemno \u0161ibke signale spektralnega vzorca, zapisanega na njem. Elektromagnetno sevanje iz obeska medtem deluje na \u017eivi organizem.<\/p>\n<p>Glavni namen medalje \u201eBEAUTY\u201d je obnoviti normalne fiziolo\u0161ke procese v ko\u017enih celicah in tkivih ter pove\u010dati odpornost na \u0161kodljive okoljske dejavnike.<\/p>\n<p>To orodje pozitivno vpliva na ko\u017eo obraza in telesa, lase in nohte.<\/p>\n<div class=\"su-spoiler su-spoiler-style-defoult su-spoiler-icon-caret su-spoiler-closed\" data-scroll-offset=\"0\" data-anchor-in-url=\"no\"><div class=\"su-spoiler-title\" tabindex=\"0\" role=\"button\"><span class=\"su-spoiler-icon\"><\/span>Vse<\/div><div class=\"su-spoiler-content su-u-clearfix su-u-trim\">\nU\u010dinki:<\/p>\n<ul>\n<li>Pomaga obnoviti po\u0161kodovano znotrajceli\u010dno presnovo ko\u017ee.<\/li>\n<li>Spodbuja naravno proizvodnjo kolagena in elastina.<\/li>\n<li>Prepre\u010duje oslabitev ko\u017enih tkiv.<\/li>\n<li>Izbolj\u0161a mikrocirkulacijo in pove\u010da elasti\u010dnost ko\u017ee.<\/li>\n<li>Izbolj\u0161uje in krepi ko\u017eno tkivo.<\/li>\n<li>Upo\u010dasnjuje staranje in pomlajuje ko\u017eo.<\/li>\n<li>Izbolj\u0161a polt in tonus ko\u017ee.<\/li>\n<li>Pomaga krepiti lase in nohte.<\/li>\n<\/ul>\n<\/div><\/div>","protected":false},"excerpt":{"rendered":"<p>Beauty Med\u00e1l A BioTrEM-technol\u00f3gi\u00e1nak k\u00f6sz\u00f6nhet\u0151en lehets\u00e9gess\u00e9 v\u00e1lt l\u00e9trehozni a speci\u00e1lis krist\u00e1lyon egy adott term\u00e9szet\u0171 spektr\u00e1lis mint\u00e1t. Amikor tetsz\u0151leges energiakvantumok \u2013 ak\u00e1r h\u0151 &#8211; \u00e9rintkezik a krist\u00e1ly fel\u00fclet\u00e9vel, a gener\u00e1tor a rajta r\u00f6gz\u00edtett spektr\u00e1lis minta extr\u00e9m gyenge jeleit bocs\u00e1jtja ki. Ek\u00f6zben a med\u00e1l elektrom\u00e1gneses sug\u00e1rz\u00e1sa k\u00f6lcs\u00f6nhat\u00e1sba ker\u00fcl az \u00e9l\u0151 szervezettel. A &#8222;BEAUTY&#8221; Med\u00e1l f\u0151 c\u00e9lja a [&hellip;]<\/p>\n","protected":false},"featured_media":4675,"comment_status":"open","ping_status":"closed","template":"","meta":[],"product_brand":[],"product_cat":[33,32],"product_tag":[],"class_list":{"0":"post-4676","1":"product","2":"type-product","3":"status-publish","4":"has-post-thumbnail","6":"product_cat-egeszseg-medalok","7":"product_cat-triomed","9":"first","10":"instock","11":"taxable","12":"shipping-taxable","13":"purchasable","14":"product-type-simple"},"_links":{"self":[{"href":"https:\/\/vetomshop.hu\/sl\/wp-json\/wp\/v2\/product\/4676","targetHints":{"allow":["GET"]}}],"collection":[{"href":"https:\/\/vetomshop.hu\/sl\/wp-json\/wp\/v2\/product"}],"about":[{"href":"https:\/\/vetomshop.hu\/sl\/wp-json\/wp\/v2\/types\/product"}],"replies":[{"embeddable":true,"href":"https:\/\/vetomshop.hu\/sl\/wp-json\/wp\/v2\/comments?post=4676"}],"wp:featuredmedia":[{"embeddable":true,"href":"https:\/\/vetomshop.hu\/sl\/wp-json\/wp\/v2\/media\/4675"}],"wp:attachment":[{"href":"https:\/\/vetomshop.hu\/sl\/wp-json\/wp\/v2\/media?parent=4676"}],"wp:term":[{"taxonomy":"product_brand","embeddable":true,"href":"https:\/\/vetomshop.hu\/sl\/wp-json\/wp\/v2\/product_brand?post=4676"},{"taxonomy":"product_cat","embeddable":true,"href":"https:\/\/vetomshop.hu\/sl\/wp-json\/wp\/v2\/product_cat?post=4676"},{"taxonomy":"product_tag","embeddable":true,"href":"https:\/\/vetomshop.hu\/sl\/wp-json\/wp\/v2\/product_tag?post=4676"}],"curies":[{"name":"wp","href":"https:\/\/api.w.org\/{rel}","templated":true}]}}