{"id":4684,"date":"2023-11-11T14:33:48","date_gmt":"2023-11-11T13:33:48","guid":{"rendered":"https:\/\/vetomshop.hu\/termek\/detox-medal\/"},"modified":"2023-11-11T14:33:48","modified_gmt":"2023-11-11T13:33:48","slug":"detox-medal","status":"publish","type":"product","link":"https:\/\/vetomshop.hu\/sl\/izdelek\/detox-medal\/","title":{"rendered":"Medaljon za razstrupljanje"},"content":{"rendered":"<h4>Detox Medal je namenjen vsem, ki \u017eelijo ne\u017eno harmonizirati svoje telo.<\/p>\n<p>Spektralni signal, zabele\u017een na medaljonu Detox, podpira bioenergetsko delovanje organov in organskih sistemov.<\/h4>\n<p>Najve\u010dji sovra\u017enik mladosti in zdravja je telo, polno odpadnih snovi. Na\u0161e telo je samoregulativen biolo\u0161ki sistem, katerega ena od najpomembnej\u0161ih funkcij je razstrupljanje - izlo\u010danje snovi, ki jih telo ne potrebuje. Vendar narava ni pripravljena na tak\u0161no civilizacijo, tako velike koli\u010dine umetnih kemikalij v hrani, vodi in zraku. \u017divali hranimo z rastnimi hormoni in antibiotiki, ki vstopajo tudi v na\u0161a telesa. V tkivih in celicah se kopi\u010dijo te\u017eke kovine, nitriti, nitrati, radioaktivne snovi, dioksini, ostanki zdravil.<\/p>\n<div class=\"su-spoiler su-spoiler-style-defoult su-spoiler-icon-caret su-spoiler-closed\" data-scroll-offset=\"0\" data-anchor-in-url=\"no\"><div class=\"su-spoiler-title\" tabindex=\"0\" role=\"button\"><span class=\"su-spoiler-icon\"><\/span>Vse<\/div><div class=\"su-spoiler-content su-u-clearfix su-u-trim\">\n<p>Strupene snovi lahko izvirajo iz zunanjega vira, lahko pa so tudi toksini, ki nastanejo pri notranjih razgradnih procesih zaradi presnovnih te\u017eav. \u010ce se k temu pridru\u017ei \u0161e sede\u010di na\u010din \u017eivljenja, se procesi v telesu \u0161e bolj upo\u010dasnijo.<\/p>\n<p>Visoka raven stresa lahko iz\u010drpa tudi organe, ki sodelujejo pri razstrupljanju. Sprva je znak te\u017eave le nelagodje, pozneje pa se lahko stanje poslab\u0161a. Razvijejo se lahko kroni\u010dne bolezni, ki lahko mo\u010dno vplivajo na kakovost na\u0161ega \u017eivljenja.<br \/>\n<\/div><\/div>","protected":false},"excerpt":{"rendered":"<p>Detox Med\u00e1l azok sz\u00e1m\u00e1ra k\u00e9sz\u00fclt, akik l\u00e1gyan szeretn\u00e9k a szervezet\u00fcket harmoniz\u00e1lni. A spektr\u00e1lis jel, mely a Detox Med\u00e1lon r\u00f6gz\u00edt\u00e9sre ker\u00fclt, t\u00e1mogatja a szervek \u00e9s szervrendszerek bioenergetikai m\u0171k\u00f6d\u00e9s\u00e9t. A fiatals\u00e1g \u00e9s az eg\u00e9szs\u00e9g legnagyobb ellens\u00e9ge a salakanyagokkal tel\u00edtett szervezet. Szervezet\u00fcnk egy \u00f6nszab\u00e1lyoz\u00f3 biol\u00f3giai rendszer, melynek egyik legfontosabb funkci\u00f3ja a m\u00e9regtelen\u00edt\u00e9s \u2013 kivezet\u00e9se azoknak az anyagoknak, melyekre [&hellip;]<\/p>\n","protected":false},"featured_media":4683,"comment_status":"open","ping_status":"closed","template":"","meta":[],"product_brand":[],"product_cat":[33,32],"product_tag":[],"class_list":{"0":"post-4684","1":"product","2":"type-product","3":"status-publish","4":"has-post-thumbnail","6":"product_cat-egeszseg-medalok","7":"product_cat-triomed","9":"first","10":"instock","11":"taxable","12":"shipping-taxable","13":"purchasable","14":"product-type-simple"},"_links":{"self":[{"href":"https:\/\/vetomshop.hu\/sl\/wp-json\/wp\/v2\/product\/4684","targetHints":{"allow":["GET"]}}],"collection":[{"href":"https:\/\/vetomshop.hu\/sl\/wp-json\/wp\/v2\/product"}],"about":[{"href":"https:\/\/vetomshop.hu\/sl\/wp-json\/wp\/v2\/types\/product"}],"replies":[{"embeddable":true,"href":"https:\/\/vetomshop.hu\/sl\/wp-json\/wp\/v2\/comments?post=4684"}],"wp:featuredmedia":[{"embeddable":true,"href":"https:\/\/vetomshop.hu\/sl\/wp-json\/wp\/v2\/media\/4683"}],"wp:attachment":[{"href":"https:\/\/vetomshop.hu\/sl\/wp-json\/wp\/v2\/media?parent=4684"}],"wp:term":[{"taxonomy":"product_brand","embeddable":true,"href":"https:\/\/vetomshop.hu\/sl\/wp-json\/wp\/v2\/product_brand?post=4684"},{"taxonomy":"product_cat","embeddable":true,"href":"https:\/\/vetomshop.hu\/sl\/wp-json\/wp\/v2\/product_cat?post=4684"},{"taxonomy":"product_tag","embeddable":true,"href":"https:\/\/vetomshop.hu\/sl\/wp-json\/wp\/v2\/product_tag?post=4684"}],"curies":[{"name":"wp","href":"https:\/\/api.w.org\/{rel}","templated":true}]}}