{"id":4686,"date":"2023-11-11T14:33:48","date_gmt":"2023-11-11T13:33:48","guid":{"rendered":"https:\/\/vetomshop.hu\/termek\/ekuples-medal\/"},"modified":"2023-11-11T14:33:48","modified_gmt":"2023-11-11T13:33:48","slug":"ekuples-medal","status":"publish","type":"product","link":"https:\/\/vetomshop.hu\/sl\/izdelek\/ekuples-medal\/","title":{"rendered":"Medalja Ecuples"},"content":{"rendered":"<p><strong>Glavna funkcija:<\/strong><\/p>\n<p>Pri boleznih, ki jih povzro\u010dajo glivi\u010dne oku\u017ebe, je optimizacija imunskega sistema in harmoni\u010dna<br \/>\norodje, ki vam pomaga pri opravljanju va\u0161ega dela.<\/p>\n<p><strong>Podpirajo ga:<\/strong><\/p>\n<ul>\n<li>normalizacija imunskega sistema,<\/li>\n<li>regeneracija po po\u0161kodbah (zlasti po\u0161kodbah sluznice),<\/li>\n<li>v boju proti glivicam na laseh in nohtih,<\/li>\n<li>proces nevtralizacije in odstranjevanja strupenih snovi iz telesa.<\/li>\n<\/ul>\n<div class=\"su-spoiler su-spoiler-style-defoult su-spoiler-icon-caret su-spoiler-closed\" data-scroll-offset=\"0\" data-anchor-in-url=\"no\"><div class=\"su-spoiler-title\" tabindex=\"0\" role=\"button\"><span class=\"su-spoiler-icon\"><\/span>Vse<\/div><div class=\"su-spoiler-content su-u-clearfix su-u-trim\">\n<p><strong>Kdaj lahko uporabite obesek Ekuples Health?<\/strong><\/p>\n<p>Zdravstveni obesek pozitivno vpliva na funkcionalno delovanje telesa in se lahko uporablja kot dopolnilno zdravljenje - kot splo\u0161no optimizacijsko in korektivno orodje za prepre\u010devanje in obnovo zdravja:<\/p>\n<ul>\n<li>ko\u017ene bolezni, ki jih povzro\u010dajo glivi\u010dne oku\u017ebe, vnetja, oku\u017ebe ustne votline - stomatitis,<\/li>\n<li>Kandidoza,<\/li>\n<li>bronhitis alergijskega izvora,<\/li>\n<li>druge bolezni, ki jih povzro\u010dajo glivi\u010dne oku\u017ebe.<\/li>\n<\/ul>\n<p><strong>Pomembno opozorilo!<\/strong><\/p>\n<p>\u010ce sumite na glivi\u010dno oku\u017ebo, se posvetujte z zdravnikom! Zdravstveni obesek Ekuples uporabljajte skupaj z zdravljenjem, ki vam ga je priporo\u010dil zdravnik, da pove\u010date njegovo u\u010dinkovitost.<\/p>\n<\/div><\/div>","protected":false},"excerpt":{"rendered":"<p>F\u0151 funkci\u00f3ja: A gomb\u00e1s megbeteged\u00e9sek k\u00f6vetkezt\u00e9ben kialakult \u00e1llapotok eset\u00e9n az immunrendszer munk\u00e1j\u00e1nak optimaliz\u00e1ci\u00f3j\u00e1t \u00e9s a szervezet harmonikus munk\u00e1j\u00e1t seg\u00edt\u0151 eszk\u00f6z. T\u00e1mogatja: az immunrendszer m\u0171k\u00f6d\u00e9s\u00e9nek normaliz\u00e1l\u00e1s\u00e1t, a s\u00e9r\u00fcl\u00e9sek ut\u00e1ni regener\u00e1ci\u00f3t (k\u00fcl\u00f6n\u00f6s tekintettel a ny\u00e1lkah\u00e1rtya s\u00e9r\u00fcl\u00e9seire), a haj- \u00e9s k\u00f6r\u00f6mgomba elleni harcot, a toxikus anyagok semleges\u00edt\u00e9s\u00e9nek \u00e9s kivezet\u00e9s\u00e9nek folyamat\u00e1t a szervezetb\u0151l.<\/p>","protected":false},"featured_media":4685,"comment_status":"open","ping_status":"closed","template":"","meta":[],"product_brand":[],"product_cat":[33,32],"product_tag":[],"class_list":{"0":"post-4686","1":"product","2":"type-product","3":"status-publish","4":"has-post-thumbnail","6":"product_cat-egeszseg-medalok","7":"product_cat-triomed","9":"first","10":"instock","11":"taxable","12":"shipping-taxable","13":"purchasable","14":"product-type-simple"},"_links":{"self":[{"href":"https:\/\/vetomshop.hu\/sl\/wp-json\/wp\/v2\/product\/4686","targetHints":{"allow":["GET"]}}],"collection":[{"href":"https:\/\/vetomshop.hu\/sl\/wp-json\/wp\/v2\/product"}],"about":[{"href":"https:\/\/vetomshop.hu\/sl\/wp-json\/wp\/v2\/types\/product"}],"replies":[{"embeddable":true,"href":"https:\/\/vetomshop.hu\/sl\/wp-json\/wp\/v2\/comments?post=4686"}],"wp:featuredmedia":[{"embeddable":true,"href":"https:\/\/vetomshop.hu\/sl\/wp-json\/wp\/v2\/media\/4685"}],"wp:attachment":[{"href":"https:\/\/vetomshop.hu\/sl\/wp-json\/wp\/v2\/media?parent=4686"}],"wp:term":[{"taxonomy":"product_brand","embeddable":true,"href":"https:\/\/vetomshop.hu\/sl\/wp-json\/wp\/v2\/product_brand?post=4686"},{"taxonomy":"product_cat","embeddable":true,"href":"https:\/\/vetomshop.hu\/sl\/wp-json\/wp\/v2\/product_cat?post=4686"},{"taxonomy":"product_tag","embeddable":true,"href":"https:\/\/vetomshop.hu\/sl\/wp-json\/wp\/v2\/product_tag?post=4686"}],"curies":[{"name":"wp","href":"https:\/\/api.w.org\/{rel}","templated":true}]}}