{"id":4688,"date":"2023-11-11T14:33:49","date_gmt":"2023-11-11T13:33:49","guid":{"rendered":"https:\/\/vetomshop.hu\/termek\/eros-medal-feriaknak\/"},"modified":"2023-11-11T14:33:49","modified_gmt":"2023-11-11T13:33:49","slug":"eros-medal-feriaknak","status":"publish","type":"product","link":"https:\/\/vetomshop.hu\/sl\/izdelek\/eros-medal-feriaknak\/","title":{"rendered":"Eros obesek za mo\u0161ke"},"content":{"rendered":"<p><strong>Glavna funkcija:<\/strong><\/p>\n<p>Dopolnilno sredstvo za prepre\u010devanje in zdravljenje motenj kopulacije, dopolnilno zdravljenje izgube spolne sle, \u010dustveno-psiholo\u0161kih motenj, povezanih s spolnim odnosom, sredstvo za aktiviranje regenerativnih procesov pri dopolnilnem zdravljenju bolezni, ki prizadenejo genitalno podro\u010dje. Priporo\u010da se uporaba v povezavi s terapijo, ki jo priporo\u010da specialist (androlog, seksolog, endokrinolog).<\/p>\n<p><strong>Podpirajo ga:<\/strong><\/p>\n<ul>\n<li>krvni obtok, imunski sistem in presnovo ter tako prepre\u010duje razvoj bolezni.<\/li>\n<li>podpira kakovostno izbolj\u0161anje spolnih izku\u0161enj,<\/li>\n<li>podpira procese regeneracije.<\/li>\n<\/ul>\n<div class=\"su-spoiler su-spoiler-style-defoult su-spoiler-icon-caret su-spoiler-closed\" data-scroll-offset=\"0\" data-anchor-in-url=\"no\"><div class=\"su-spoiler-title\" tabindex=\"0\" role=\"button\"><span class=\"su-spoiler-icon\"><\/span>Vse<\/div><div class=\"su-spoiler-content su-u-clearfix su-u-trim\">\n<p><strong>Kdaj uporabiti obesek Eros Health?<\/strong><\/p>\n<p>Naprava pozitivno vpliva na funkcionalno delovanje telesa in se lahko uporablja kot splo\u0161na dopolnilna metoda za krepitev zdravja, optimizacijo in korekcijo v kombinaciji z drugimi metodami za dopolnilno zdravljenje in prepre\u010devanje naslednjih te\u017eav:<\/p>\n<ul>\n<li>te\u017eave z erekcijo,<\/li>\n<li>endokrine motnje, ki vplivajo na spolnost (sladkorna bolezen, hipotalami\u010dne insuficience, gonadne insuficience)<\/li>\n<li>sindrom kroni\u010dne utrujenosti (CFS)<\/li>\n<li>presnovni sindrom<\/li>\n<li>zmanj\u0161anje \u010dustvene ravni in razpolo\u017eenja.<\/li>\n<\/ul>\n<\/div><\/div>","protected":false},"excerpt":{"rendered":"<p>F\u0151 funkci\u00f3ja: Kieg\u00e9sz\u00edt\u0151 eszk\u00f6z a kopul\u00e1ci\u00f3s rendelleness\u00e9gek megel\u0151z\u00e9s\u00e9re \u00e9s kezel\u00e9s\u00e9re, a nemi v\u00e1gy cs\u00f6kken\u00e9s\u00e9nek, a szexu\u00e1lis aktussal kapcsolatos \u00e9rzelmi-pszich\u00e9s rendelleness\u00e9gek kieg\u00e9sz\u00edt\u0151 kezel\u00e9s\u00e9re, a regener\u00e1ci\u00f3s folyamatok aktiv\u00e1l\u00e1s\u00e1t seg\u00edt\u0151 eszk\u00f6z a nemi szf\u00e9r\u00e1t \u00e9rint\u0151 betegs\u00e9gek kieg\u00e9sz\u00edt\u0151 kezel\u00e9s\u00e9ben. Aj\u00e1nlott a szakorvos (androl\u00f3gus, szexol\u00f3gus, endokrinol\u00f3gus) \u00e1ltal javasolt ter\u00e1pia melletti alkalmaz\u00e1sa. T\u00e1mogatja: a v\u00e9rkering\u00e9st, az immunrendszer munk\u00e1j\u00e1t, az anyagcser\u00e9t, megel\u0151zve [&hellip;]<\/p>\n","protected":false},"featured_media":4687,"comment_status":"open","ping_status":"closed","template":"","meta":[],"product_brand":[],"product_cat":[33,32],"product_tag":[],"class_list":{"0":"post-4688","1":"product","2":"type-product","3":"status-publish","4":"has-post-thumbnail","6":"product_cat-egeszseg-medalok","7":"product_cat-triomed","9":"first","10":"instock","11":"taxable","12":"shipping-taxable","13":"purchasable","14":"product-type-simple"},"_links":{"self":[{"href":"https:\/\/vetomshop.hu\/sl\/wp-json\/wp\/v2\/product\/4688","targetHints":{"allow":["GET"]}}],"collection":[{"href":"https:\/\/vetomshop.hu\/sl\/wp-json\/wp\/v2\/product"}],"about":[{"href":"https:\/\/vetomshop.hu\/sl\/wp-json\/wp\/v2\/types\/product"}],"replies":[{"embeddable":true,"href":"https:\/\/vetomshop.hu\/sl\/wp-json\/wp\/v2\/comments?post=4688"}],"wp:featuredmedia":[{"embeddable":true,"href":"https:\/\/vetomshop.hu\/sl\/wp-json\/wp\/v2\/media\/4687"}],"wp:attachment":[{"href":"https:\/\/vetomshop.hu\/sl\/wp-json\/wp\/v2\/media?parent=4688"}],"wp:term":[{"taxonomy":"product_brand","embeddable":true,"href":"https:\/\/vetomshop.hu\/sl\/wp-json\/wp\/v2\/product_brand?post=4688"},{"taxonomy":"product_cat","embeddable":true,"href":"https:\/\/vetomshop.hu\/sl\/wp-json\/wp\/v2\/product_cat?post=4688"},{"taxonomy":"product_tag","embeddable":true,"href":"https:\/\/vetomshop.hu\/sl\/wp-json\/wp\/v2\/product_tag?post=4688"}],"curies":[{"name":"wp","href":"https:\/\/api.w.org\/{rel}","templated":true}]}}