{"id":4690,"date":"2023-11-11T14:33:49","date_gmt":"2023-11-11T13:33:49","guid":{"rendered":"https:\/\/vetomshop.hu\/termek\/elast-medal\/"},"modified":"2023-11-11T14:33:49","modified_gmt":"2023-11-11T13:33:49","slug":"elast-medal","status":"publish","type":"product","link":"https:\/\/vetomshop.hu\/sl\/izdelek\/elast-medal\/","title":{"rendered":"Elasti\u010dna medalja"},"content":{"rendered":"<p>Dopolnilni pripomo\u010dek za prepre\u010devanje in zdravljenje bolezni vezi, aktiviranje procesov regeneracije in dopolnilno zdravljenje kroni\u010dnih bolezni vezi.<\/p>\n<p>U\u010dinek zdravila \u201eELAST\u201d Medal je namenjen obnovitvi normalnih presnovnih procesov v celicah in tkivih vezi, kar upo\u010dasnjuje proces staranja.<\/p>\n<p>To orodje pozitivno vpliva na stanje telesnih funkcij in se lahko v kombinaciji z drugimi metodami uporablja kot orodje za optimizacijo in korekcijo:<\/p>\n<ul>\n<li>pove\u010duje pro\u017enost vezi in pove\u010duje amplitudo gibanja sklepov kot odziv na starostne spremembe<\/li>\n<li>zmanj\u0161uje verjetnost po\u0161kodb kit in vezi.<\/li>\n<li>skraj\u0161anje \u010dasa celjenja po po\u0161kodbah vezi (zvini, raztrganine).<\/li>\n<li>upo\u010dasnitev starostnih sprememb v sklepih.<\/li>\n<li>krepitev vezi notranjih organov in prepre\u010devanje njihovega izpadanja (maternica, \u010drevo, ledvica, \u017eelodec).<\/li>\n<\/ul>\n<div class=\"su-spoiler su-spoiler-style-defoult su-spoiler-icon-caret su-spoiler-closed\" data-scroll-offset=\"0\" data-anchor-in-url=\"no\"><div class=\"su-spoiler-title\" tabindex=\"0\" role=\"button\"><span class=\"su-spoiler-icon\"><\/span>Vse<\/div><div class=\"su-spoiler-content su-u-clearfix su-u-trim\">\n<strong>U\u010dinki:<\/strong><\/p>\n<ul>\n<li>popravilo presnovnih procesov v vezivnih tkivih sklepov in notranjih organov, vklju\u010dno z Dupuytrenovo kontrakturo (kontraktura: skraj\u0161anje kit in\/ali mi\u0161ic, kr\u010denje, ki povzro\u010da deformacijo in\/ali omejitev)<\/li>\n<li>upo\u010dasnitev \u201estarostnih\u201d sprememb v mi\u0161i\u010dno-skeletnem sistemu.<\/li>\n<li>izbolj\u0161a pro\u017enost mi\u0161ic in vezi.<\/li>\n<li>pospe\u0161uje okrevanje po po\u0161kodbah in kirur\u0161kih posegih ter prepre\u010duje nastanek grobih brazgotin.<\/li>\n<\/ul>\n<\/div><\/div>","protected":false},"excerpt":{"rendered":"<p>Kieg\u00e9sz\u00edt\u0151 eszk\u00f6z a ligamentum betegs\u00e9geinek megel\u0151z\u00e9s\u00e9re \u00e9s kezel\u00e9s\u00e9re, regener\u00e1ci\u00f3s folyamatok aktiv\u00e1l\u00e1s\u00e1ra \u00e9s a ligamentum kr\u00f3nikus betegs\u00e9geinek kieg\u00e9sz\u00edt\u0151 kezel\u00e9s\u00e9re. A &#8222;ELAST&#8221; Med\u00e1l hat\u00e1sa a norm\u00e1lis anyagcsere-folyamatok helyre\u00e1ll\u00edt\u00e1s\u00e1ra ir\u00e1nyul a ligamentumok sejtjeiben \u00e9s sz\u00f6veteiben, lass\u00edtva az \u00f6reged\u00e9si folyamatokat is. Ez az eszk\u00f6z pozit\u00edv hat\u00e1ssal van a testfunkci\u00f3k \u00e1llapot\u00e1ra, az optimaliz\u00e1l\u00e1s \u00e9s korrekci\u00f3 eszk\u00f6zek\u00e9nt haszn\u00e1lhat\u00f3 egy\u00e9b m\u00f3dszerekkel is [&hellip;]<\/p>\n","protected":false},"featured_media":4689,"comment_status":"open","ping_status":"closed","template":"","meta":[],"product_brand":[],"product_cat":[33,32],"product_tag":[],"class_list":{"0":"post-4690","1":"product","2":"type-product","3":"status-publish","4":"has-post-thumbnail","6":"product_cat-egeszseg-medalok","7":"product_cat-triomed","9":"first","10":"instock","11":"taxable","12":"shipping-taxable","13":"purchasable","14":"product-type-simple"},"_links":{"self":[{"href":"https:\/\/vetomshop.hu\/sl\/wp-json\/wp\/v2\/product\/4690","targetHints":{"allow":["GET"]}}],"collection":[{"href":"https:\/\/vetomshop.hu\/sl\/wp-json\/wp\/v2\/product"}],"about":[{"href":"https:\/\/vetomshop.hu\/sl\/wp-json\/wp\/v2\/types\/product"}],"replies":[{"embeddable":true,"href":"https:\/\/vetomshop.hu\/sl\/wp-json\/wp\/v2\/comments?post=4690"}],"wp:featuredmedia":[{"embeddable":true,"href":"https:\/\/vetomshop.hu\/sl\/wp-json\/wp\/v2\/media\/4689"}],"wp:attachment":[{"href":"https:\/\/vetomshop.hu\/sl\/wp-json\/wp\/v2\/media?parent=4690"}],"wp:term":[{"taxonomy":"product_brand","embeddable":true,"href":"https:\/\/vetomshop.hu\/sl\/wp-json\/wp\/v2\/product_brand?post=4690"},{"taxonomy":"product_cat","embeddable":true,"href":"https:\/\/vetomshop.hu\/sl\/wp-json\/wp\/v2\/product_cat?post=4690"},{"taxonomy":"product_tag","embeddable":true,"href":"https:\/\/vetomshop.hu\/sl\/wp-json\/wp\/v2\/product_tag?post=4690"}],"curies":[{"name":"wp","href":"https:\/\/api.w.org\/{rel}","templated":true}]}}